{"id":103,"date":"2019-05-19T22:41:15","date_gmt":"2019-05-19T20:41:15","guid":{"rendered":"http:\/\/nadprirozeno.cz\/?page_id=103"},"modified":"2019-09-26T17:24:07","modified_gmt":"2019-09-26T15:24:07","slug":"dum-demonu","status":"publish","type":"page","link":"https:\/\/nadprirozeno.cz\/index.php\/dum-demonu\/","title":{"rendered":"D\u016fm d\u00e9mon\u016f"},"content":{"rendered":"\n<h1>D\u016fm d\u00e9mon\u016f \/ Demon house<\/h1>\n\n\n\n<figure class=\"wp-block-image\"><img src=\"https:\/\/nadprirozeno.cz\/wp-content\/uploads\/2019\/05\/demon-house.png\" alt=\"\" class=\"wp-image-104\"\/><figcaption>D\u016fm su\u017eovan\u00fd d\u00e9monick\u00fdmi silami<\/figcaption><\/figure>\n\n\n\n<p>Tento p\u0159\u00edb\u011bh nen\u00ed pouze zalo\u017een na skute\u010dn\u00fdch ud\u00e1lostech, proto\u017ee je opravdu skute\u010dn\u00fd. Je to dokument o d\u00e9monick\u00fdch sil\u00e1ch su\u017euj\u00edc\u00edch d\u016fm v m\u011bste\u010dku Gary ve st\u00e1t\u011b Indiana.<br>Utla\u010dov\u00e1n\u00ed za\u010dalo v roce 2011. Z po\u010d\u00e1tku byly sly\u0161et ze suter\u00e9nu kroky, pozd\u011bji se za\u010dala objevovat postava mu\u017ee, kter\u00fd se proch\u00e1zel ob\u00fdvac\u00edm pokojem. Matka Latoya Ammons Rosa Campbell tvrdila \u017ee j\u00ed n\u011bco opakovan\u011b dus\u00ed. Jej\u00ed 12-ti let\u00e1 dcera popisovala stav kdy ve sp\u00e1nku levitovala nad sv\u00fdm l\u016f\u017ekem. Star\u0161\u00edho syna nezn\u00e1m\u00e1 s\u00edla hodila p\u0159es celou m\u00edstnost. Mlad\u0161\u00ed syn byl na tolik ovlivn\u011bn, \u017ee oto\u010dil o\u010di v sloup tak, \u017ee mu nebyly vid\u011bt panenky a vr\u010div\u00fdm hlasem \u0159ekl: &#8222;Je \u010das zem\u0159\u00edt a zabiju t\u011b&#8220;. Report\u00e9\u0159i m\u00edstn\u00edch novin byli sv\u011bdky toho jak chlapec po z\u00e1dech lezl po zdi.<br>22. dubna 2012 si rodina pozvala do domu otce Michaela Maginota aby provedl vym\u00edt\u00e1n\u00ed. Otec Maginot prohl\u00e1sil \u017ee d\u016fm je p\u0159\u00edmo p\u0159esycen d\u00e9monick\u00fdmi silami a d\u00e1le prohl\u00e1sil \u017ee v dom\u011b bude v\u00edce ne\u017e 200 temn\u00fdch d\u00e9monick\u00fdch sil.<br>Provedl celkem 3 vym\u00edt\u00e1n\u00ed. Dv\u011b v angli\u010dtin\u011b a jedno v latin\u011b.<br>V tom sam\u00e9m roce se rodina odst\u011bhovala, proto\u017ee se situace moc nelep\u0161ila.<\/p>\n\n\n\n<figure class=\"wp-block-image\"><img loading=\"lazy\" width=\"680\" height=\"510\" src=\"https:\/\/nadprirozeno.cz\/wp-content\/uploads\/2019\/05\/latoya-ammons-1.jpg\" alt=\"\" class=\"wp-image-105\" srcset=\"https:\/\/nadprirozeno.cz\/wp-content\/uploads\/2019\/05\/latoya-ammons-1.jpg 680w, https:\/\/nadprirozeno.cz\/wp-content\/uploads\/2019\/05\/latoya-ammons-1-300x225.jpg 300w, https:\/\/nadprirozeno.cz\/wp-content\/uploads\/2019\/05\/latoya-ammons-1-210x158.jpg 210w\" sizes=\"(max-width: 680px) 100vw, 680px\" \/><figcaption>Latoya Ammons &#8211; matka od su\u017eovan\u00e9 rodiny<\/figcaption><\/figure>\n\n\n\n<p>V roce 2014 zakoupil tento d\u016fm vy\u0161et\u0159ovatel paranorm\u00e1ln\u00edch jev\u016f Zak Bagans za 35000 dolar\u016f. V tomto dom\u011b provedl s\u00e9rii vy\u0161et\u0159ov\u00e1n\u00ed a v roce 2016 d\u016fm nechal srovnat se zem\u00ed, proto\u017ee se neda\u0159ilo d\u00e9monick\u00e9 s\u00edly vypudit.<\/p>\n\n\n\n<figure class=\"wp-block-image\"><img loading=\"lazy\" width=\"1024\" height=\"576\" src=\"https:\/\/nadprirozeno.cz\/wp-content\/uploads\/2019\/05\/demon-house-demolice-1024x576.jpg\" alt=\"\" class=\"wp-image-106\" srcset=\"https:\/\/nadprirozeno.cz\/wp-content\/uploads\/2019\/05\/demon-house-demolice-1024x576.jpg 1024w, https:\/\/nadprirozeno.cz\/wp-content\/uploads\/2019\/05\/demon-house-demolice-300x169.jpg 300w, https:\/\/nadprirozeno.cz\/wp-content\/uploads\/2019\/05\/demon-house-demolice-768x432.jpg 768w, https:\/\/nadprirozeno.cz\/wp-content\/uploads\/2019\/05\/demon-house-demolice-210x118.jpg 210w, https:\/\/nadprirozeno.cz\/wp-content\/uploads\/2019\/05\/demon-house-demolice.jpg 1080w\" sizes=\"(max-width: 980px) 100vw, 980px\" \/><figcaption>Demolice domu<\/figcaption><\/figure>\n\n\n\n<p>Vy\u0161et\u0159ovatel Zak Bagans o tomto nato\u010dil dokument, kter\u00fd je br\u00e1n jako nejp\u0159esv\u011bd\u010div\u011bj\u0161\u00ed dokument zachycuj\u00edc\u00ed paranorm\u00e1ln\u00ed jevy.<\/p>\n\n\n\n<p>N\u00e1sleduj\u00edc\u00ed video zobrazuje nezve\u0159ejn\u011bn\u00e9 z\u00e1b\u011bry z vy\u0161et\u0159ov\u00e1n\u00ed a filmu.<\/p>\n\n\n\n<figure class=\"wp-block-embed-youtube wp-block-embed is-type-video is-provider-youtube wp-embed-aspect-16-9 wp-has-aspect-ratio\"><div class=\"wp-block-embed__wrapper\">\n<iframe loading=\"lazy\" width=\"980\" height=\"551\" src=\"https:\/\/www.youtube.com\/embed\/HwiDfXXSkq4?feature=oembed\" frameborder=\"0\" allow=\"accelerometer; autoplay; encrypted-media; gyroscope; picture-in-picture\" allowfullscreen><\/iframe>\n<\/div><\/figure>\n\n\n\n<p>Kompletn\u00ed film Demon house:<\/p>\n\n\n\n<figure class=\"wp-block-embed-youtube wp-block-embed is-type-video is-provider-youtube wp-embed-aspect-16-9 wp-has-aspect-ratio\"><div class=\"wp-block-embed__wrapper\">\nhttps:\/\/www.youtube.com\/watch?v=UTOz1-nQkdw\n<\/div><\/figure>\n","protected":false},"excerpt":{"rendered":"<p>D\u016fm d\u00e9mon\u016f \/ Demon house Tento p\u0159\u00edb\u011bh nen\u00ed pouze zalo\u017een na skute\u010dn\u00fdch ud\u00e1lostech, proto\u017ee je opravdu skute\u010dn\u00fd. Je to dokument o d\u00e9monick\u00fdch sil\u00e1ch su\u017euj\u00edc\u00edch d\u016fm v m\u011bste\u010dku Gary ve st\u00e1t\u011b Indiana.Utla\u010dov\u00e1n\u00ed za\u010dalo v roce 2011. Z po\u010d\u00e1tku byly sly\u0161et ze suter\u00e9nu kroky, pozd\u011bji se za\u010dala objevovat postava mu\u017ee, kter\u00fd se proch\u00e1zel ob\u00fdvac\u00edm pokojem. Matka Latoya [&hellip;]<\/p>\n","protected":false},"author":1,"featured_media":0,"parent":0,"menu_order":0,"comment_status":"closed","ping_status":"closed","template":"","meta":{"_monsterinsights_skip_tracking":false,"_monsterinsights_sitenote_active":false,"_monsterinsights_sitenote_note":"","_monsterinsights_sitenote_category":0},"_links":{"self":[{"href":"https:\/\/nadprirozeno.cz\/index.php\/wp-json\/wp\/v2\/pages\/103"}],"collection":[{"href":"https:\/\/nadprirozeno.cz\/index.php\/wp-json\/wp\/v2\/pages"}],"about":[{"href":"https:\/\/nadprirozeno.cz\/index.php\/wp-json\/wp\/v2\/types\/page"}],"author":[{"embeddable":true,"href":"https:\/\/nadprirozeno.cz\/index.php\/wp-json\/wp\/v2\/users\/1"}],"replies":[{"embeddable":true,"href":"https:\/\/nadprirozeno.cz\/index.php\/wp-json\/wp\/v2\/comments?post=103"}],"version-history":[{"count":3,"href":"https:\/\/nadprirozeno.cz\/index.php\/wp-json\/wp\/v2\/pages\/103\/revisions"}],"predecessor-version":[{"id":546,"href":"https:\/\/nadprirozeno.cz\/index.php\/wp-json\/wp\/v2\/pages\/103\/revisions\/546"}],"wp:attachment":[{"href":"https:\/\/nadprirozeno.cz\/index.php\/wp-json\/wp\/v2\/media?parent=103"}],"curies":[{"name":"wp","href":"https:\/\/api.w.org\/{rel}","templated":true}]}}