{"id":112,"date":"2019-05-20T09:34:48","date_gmt":"2019-05-20T07:34:48","guid":{"rendered":"http:\/\/nadprirozeno.cz\/?page_id=112"},"modified":"2020-07-06T20:10:30","modified_gmt":"2020-07-06T18:10:30","slug":"o-nas","status":"publish","type":"page","link":"https:\/\/nadprirozeno.cz\/index.php\/o-nas\/","title":{"rendered":"O n\u00e1s"},"content":{"rendered":"\n<h1>O n\u00e1s<\/h1>\n\n\n\n<p>Dobr\u00fd den,<br>tato str\u00e1nka byla zalo\u017eena za \u00fa\u010delem odhalov\u00e1n\u00ed pravdy o nadp\u0159irozen\u00fdch jevech. Zab\u00fdv\u00e1me se zde \u00fakazy, kter\u00e9 se vymykaj\u00ed fyzik\u00e1ln\u00edm z\u00e1kon\u016fm a terorizuj\u00ed sv\u00e9 okol\u00ed. U\u017e spoustu let p\u016fsob\u00edme v oblasti objas\u0148ov\u00e1n\u00ed paranorm\u00e1ln\u00edch jev\u016f. Za dobu na\u0161\u00ed existence jsme spolupracovali s mnoha skupinami a badatelsk\u00fdmi spolky za \u00fa\u010delem objasn\u011bn\u00ed a vy\u0159e\u0161en\u00ed v\u00fdskytu paranorm\u00e1ln\u00edch \u00fakaz\u016f.<br><br>Na\u0161e vy\u0161et\u0159ov\u00e1n\u00ed a dokumenty jsme nezve\u0159ej\u0148ovali, proto\u017ee n\u00e1m to p\u0159ipadalo v\u017edy jako zviditel\u0148ov\u00e1n\u00ed se na \u00fakor ciz\u00edho ne\u0161t\u011bst\u00ed, jeliko\u017e pom\u00e1h\u00e1me hlavn\u011b rodin\u00e1m, kter\u00e9 by se po zve\u0159ejn\u011bn\u00ed jejich p\u0159\u00edpad\u016f mohli st\u00e1t ter\u010dem posm\u011bchu okol\u00ed. Proto zde z na\u0161eho archivu naleznete pouze ve\u0159ejn\u00e1 vy\u0161et\u0159ov\u00e1n\u00ed a videa kde nebude uve\u0159ejn\u011bna toto\u017enost napadan\u00fdch osob. Jedn\u00e1me tak v z\u00e1jmu jejich soci\u00e1ln\u00edho pohodl\u00ed, proto\u017ee doba je zl\u00e1 a posm\u011bch okol\u00ed velmi tr\u00fdzniv\u00fd. I kdy\u017e se n\u00e1m u\u017e tolikr\u00e1t stalo \u017ee napadan\u00e1 osoba p\u0159ed t\u011bmito z\u00e1\u017eitky byla sama t\u00edm &#8222;posm\u011bv\u00e1\u010dkem&#8220;.<br><br>Jsme p\u00e1r v soukrom\u00ed i ve vy\u0161et\u0159ov\u00e1n\u00ed a tady m\u00e1te p\u00e1r \u0159\u00e1dk\u016f o n\u00e1s.<br><\/p>\n\n\n\n<figure class=\"wp-block-image\"><img loading=\"lazy\" width=\"960\" height=\"736\" src=\"https:\/\/nadprirozeno.cz\/wp-content\/uploads\/2019\/05\/profil-e1558359640977.jpg\" alt=\"\" class=\"wp-image-135\" srcset=\"https:\/\/nadprirozeno.cz\/wp-content\/uploads\/2019\/05\/profil-e1558359640977.jpg 960w, https:\/\/nadprirozeno.cz\/wp-content\/uploads\/2019\/05\/profil-e1558359640977-300x230.jpg 300w, https:\/\/nadprirozeno.cz\/wp-content\/uploads\/2019\/05\/profil-e1558359640977-768x589.jpg 768w, https:\/\/nadprirozeno.cz\/wp-content\/uploads\/2019\/05\/profil-e1558359640977-210x161.jpg 210w\" sizes=\"(max-width: 960px) 100vw, 960px\" \/><figcaption>Lenka a Pavel &#8211; osobn\u011b \ud83d\ude42<\/figcaption><\/figure>\n\n\n\n<p>Vy\u0161et\u0159ov\u00e1n\u00ed paranorm\u00e1ln\u00edch jev\u016f n\u00e1s v\u017edy fascinovalo. Dokonce i my sami jsme museli ob\u010das \u0159e\u0161it probl\u00e9my s ne\u017e\u00e1douc\u00edmi entitami p\u0159\u00edmo u n\u00e1s doma. Ono se tak\u00e9 nen\u00ed \u010demu divit. Vy si tak\u00e9 ob\u010das p\u0159inesete necht\u011bn\u011b kousek pr\u00e1ce dom\u016f. V\u00fdjimkou nen\u00ed ani n\u00e1\u0161 kon\u00ed\u010dek (mo\u017en\u00e1 by se dalo \u0159\u00edci posl\u00e1n\u00ed).<br><br>Nechceme aby to vypadalo, \u017ee ka\u017ed\u00fd p\u0159\u00edpad mus\u00ed nutn\u011b b\u00fdt paranorm\u00e1ln\u00edho charakteru. V\u011bt\u0161ina jev\u016f m\u00e1 sv\u00e9 re\u00e1ln\u00e9 z\u00e1klady a je vysv\u011btliteln\u00e1. To se ale ned\u00e1 \u0159\u00edci o na\u0161\u00ed p\u0159edstavivosti, ta z\u0159ejm\u011b hranice nezn\u00e1. Ob\u010das lid\u00e9 p\u0159isuzuj\u00ed paranorm\u00e1ln\u00ed p\u0159\u00ed\u010diny t\u0159eba star\u00e9 vrzaj\u00edc\u00ed podlaze, nebo schodi\u0161ti a v zim\u011b dok\u00e1\u017e\u00ed po\u0159\u00e1dn\u011b potr\u00e1pit p\u0159edstavivost i trubky od topen\u00ed v d\u0159evostavb\u00e1ch.<br><br>To ale nem\u011bn\u00ed nic na tom, \u017ee ne v\u0161e se d\u00e1 racion\u00e1ln\u011b vysv\u011btlit a tam u\u017e za\u010d\u00edn\u00e1 na\u0161e pr\u00e1ce. Tyto \u00fakazy nejsou a\u017e tak \u010dast\u00e9, ale p\u0159ipad\u00e1 n\u00e1m, \u017ee se jejich \u010detnost zvy\u0161uje. V t\u011bchto p\u0159\u00edpadech je nutn\u00e9 v\u010dasn\u00e9 \u0159e\u0161en\u00ed, proto\u017ee se m\u016f\u017ee s klidem st\u00e1t, \u017ee napaden\u00fd skon\u010d\u00ed v p\u00e9\u010di psycholog\u016f i kdy\u017e je v po\u0159\u00e1dku a p\u0159\u00ed\u010dina je p\u0159itom jin\u00e9ho p\u016fvodu. P\u00e1r takov\u00fdch p\u0159\u00edpad\u016f jsme u\u017e tak\u00e9 za\u017eili.<br><br>M\u00e1me za sebou mnoho p\u0159\u00edpad\u016f utla\u010dov\u00e1n\u00ed du\u0161emi, nebo d\u00e9monick\u00fdmi silami. Zat\u00edm v\u0161echny p\u0159\u00edpady jsme byli schopni vy\u0159e\u0161it, nebo doporu\u010dit postupy, kter\u00e9 vedli ke zd\u00e1rn\u00e9mu odstran\u011bn\u00ed \u00fatlaku neviditeln\u00fdch sil. Ne\u0159e\u0161\u00edme v\u0161e sami, ale mnoho p\u0159\u00edpad\u016f konzultujeme s exorcisty, nebo (pokud je to nutn\u00e9) s nimi spolupracujeme p\u0159\u00edmo na m\u00edst\u011b.<br><br>Pokud m\u00e1te ot\u00e1zky, nebo pot\u0159ebujete pomoci, obra\u0165te se na n\u00e1s pomoc\u00ed emailu:<br><a href=\"mailto:poradna@nadprirozeno.cz\">poradna@nadprirozeno.cz<\/a> <br><\/p>\n","protected":false},"excerpt":{"rendered":"<p>O n\u00e1s Dobr\u00fd den,tato str\u00e1nka byla zalo\u017eena za \u00fa\u010delem odhalov\u00e1n\u00ed pravdy o nadp\u0159irozen\u00fdch jevech. Zab\u00fdv\u00e1me se zde \u00fakazy, kter\u00e9 se vymykaj\u00ed fyzik\u00e1ln\u00edm z\u00e1kon\u016fm a terorizuj\u00ed sv\u00e9 okol\u00ed. U\u017e spoustu let p\u016fsob\u00edme v oblasti objas\u0148ov\u00e1n\u00ed paranorm\u00e1ln\u00edch jev\u016f. Za dobu na\u0161\u00ed existence jsme spolupracovali s mnoha skupinami a badatelsk\u00fdmi spolky za \u00fa\u010delem objasn\u011bn\u00ed a vy\u0159e\u0161en\u00ed v\u00fdskytu paranorm\u00e1ln\u00edch [&hellip;]<\/p>\n","protected":false},"author":1,"featured_media":0,"parent":0,"menu_order":0,"comment_status":"closed","ping_status":"closed","template":"","meta":{"_monsterinsights_skip_tracking":false,"_monsterinsights_sitenote_active":false,"_monsterinsights_sitenote_note":"","_monsterinsights_sitenote_category":0},"_links":{"self":[{"href":"https:\/\/nadprirozeno.cz\/index.php\/wp-json\/wp\/v2\/pages\/112"}],"collection":[{"href":"https:\/\/nadprirozeno.cz\/index.php\/wp-json\/wp\/v2\/pages"}],"about":[{"href":"https:\/\/nadprirozeno.cz\/index.php\/wp-json\/wp\/v2\/types\/page"}],"author":[{"embeddable":true,"href":"https:\/\/nadprirozeno.cz\/index.php\/wp-json\/wp\/v2\/users\/1"}],"replies":[{"embeddable":true,"href":"https:\/\/nadprirozeno.cz\/index.php\/wp-json\/wp\/v2\/comments?post=112"}],"version-history":[{"count":6,"href":"https:\/\/nadprirozeno.cz\/index.php\/wp-json\/wp\/v2\/pages\/112\/revisions"}],"predecessor-version":[{"id":712,"href":"https:\/\/nadprirozeno.cz\/index.php\/wp-json\/wp\/v2\/pages\/112\/revisions\/712"}],"wp:attachment":[{"href":"https:\/\/nadprirozeno.cz\/index.php\/wp-json\/wp\/v2\/media?parent=112"}],"curies":[{"name":"wp","href":"https:\/\/api.w.org\/{rel}","templated":true}]}}