{"id":139,"date":"2019-05-20T18:35:03","date_gmt":"2019-05-20T16:35:03","guid":{"rendered":"http:\/\/nadprirozeno.cz\/?page_id=139"},"modified":"2019-06-03T12:32:55","modified_gmt":"2019-06-03T10:32:55","slug":"anneliese-michel","status":"publish","type":"page","link":"https:\/\/nadprirozeno.cz\/index.php\/anneliese-michel\/","title":{"rendered":"Anneliese Michel"},"content":{"rendered":"\n<h1>Anneliese Michel<\/h1>\n\n\n\n<p>Jeden asi z nejzn\u00e1m\u011bj\u0161\u00edch p\u0159\u00edpad\u016f posednut\u00ed \u010f\u00e1blem, kter\u00fd oblet\u011bl cel\u00ed sv\u011bt. Anneliese Michel byla bavorsk\u00e1 studentka z katolick\u00e9 rodiny, pom\u00e1hala ostatn\u00edm student\u016fm s u\u010divem,nemluvila sprost\u011b a byla obl\u00edben\u00e1 mezi vrstevn\u00edky.<br>Prvn\u00ed z\u00e1chvaty nastaly v roce 1969, zni\u010dehonic upadala do bezv\u011bdom\u00ed. P\u0159i jednom z\u00e1chvatu si v k\u0159e\u010d\u00edch prokousla jazyk. V roce 1969 je l\u00e9ka\u0159 poslal na vy\u0161et\u0159en\u00ed k neurologovi s podez\u0159en\u00edm na epilepsii,kde ve\u0161ker\u00e9 testy v\u010detn\u011b EEG skon\u010dili negativn\u011b. I p\u0159es v\u00fdsledky byla a\u017e do konce sv\u00e9 smrti l\u00e9\u010dena na epilepsii a brala antiepileptika .<br> <br>Anneliese stav se nelep\u0161il a v dob\u011b, kdy byla na ozdravn\u00e9m botytu v Mittelbergu se u n\u00ed objevila prvn\u00ed vize, kdy se j\u00ed zjevovala obrovsk\u00e1 \u0161kleb\u00edc\u00ed se tlama \u010f\u00e1bla. <br>Tato vize se j\u00ed vracela a ona postupn\u011b propadala depres\u00edm a apatii. Posledn\u00ed a nejt\u011b\u017e\u0161\u00ed z\u00e1chvaty prod\u011blala v roce 1972&#8230;&#8230;.vy\u0161et\u0159en\u00ed dopadlo op\u011bt negativn\u011b. Annelise se za\u010dala obracet je\u0161t\u011b v\u00edce k bohu a prosila ho o pomoc. \u010c\u00edm v\u00edce se sna\u017eila modlit a z\u00edskat pomoc u boha, t\u00edm se v\u0161echno jen zhor\u0161ovalo. Za\u010dala c\u00edtit po dom\u011b odporn\u00fd z\u00e1pach, ale nikdo jin\u00fd ho nec\u00edtil, \u010d\u00edm d\u00e1l \u010dast\u011bji vid\u011bla vize s obrazem \u010f\u00e1bla. Dokonce odm\u00edtla pohl\u00e9dnou na obraz  Krista,  ani vstoupit do kaple v San Damiano v It\u00e1lii.<br><\/p>\n\n\n\n<div class=\"wp-block-image\"><figure class=\"aligncenter\"><img loading=\"lazy\" width=\"600\" height=\"315\" src=\"https:\/\/nadprirozeno.cz\/wp-content\/uploads\/2019\/05\/AnnaleiseMichelChristmas.jpg\" alt=\"\" class=\"wp-image-151\" srcset=\"https:\/\/nadprirozeno.cz\/wp-content\/uploads\/2019\/05\/AnnaleiseMichelChristmas.jpg 600w, https:\/\/nadprirozeno.cz\/wp-content\/uploads\/2019\/05\/AnnaleiseMichelChristmas-300x158.jpg 300w, https:\/\/nadprirozeno.cz\/wp-content\/uploads\/2019\/05\/AnnaleiseMichelChristmas-210x110.jpg 210w\" sizes=\"(max-width: 600px) 100vw, 600px\" \/><figcaption><strong>Anneliese Mitchel<\/strong><\/figcaption><\/figure><\/div>\n\n\n\n<p>Specialista na exorcismus a posedlost Adolf Rodewyk se navzdory l\u00e9ka\u0159sk\u00fdm p\u0159esv\u011bd\u010den\u00edm o jej\u00ed epilepsii domn\u00edv\u00e1, \u017ee se d\u00edvka opravdu nach\u00e1z\u00ed ve f\u00e1zi posednut\u00ed. V t\u00e9to dob\u011b se s n\u00ed seznamuje kn\u011bz Ernst Alt a za\u010d\u00ednaj\u00ed se s Anneliese modlit spole\u010dn\u011b. D\u00edvka podstupuje na \u017e\u00e1dost l\u00e9ka\u0159\u016f dal\u0161\u00ed vy\u0161et\u0159en\u00ed, kter\u00e9 je op\u011bt negativn\u00ed. Jej\u00ed stav se za\u010d\u00edn\u00e1 rychle zhor\u0161ovat. B\u011bhem z\u00e1chvat\u016f napadala v zu\u0159ivosti osoby a v\u011bci kolem n\u00ed. T\u00e9m\u011b\u0159 nespala. Trp\u011bla z\u00e1chvaty hyperaktivity, p\u0159i nich\u017e se vrhala do vzduchu i na zem, ubli\u017eovala si. Dok\u00e1zala n\u011bkolik hodin nep\u0159etr\u017eit\u011b \u0159v\u00e1t a vz\u00fdvat Je\u017e\u00ed\u0161e aby j\u00ed pomohl. V n\u00e1valech horka ze sebe strh\u00e1vala oble\u010den\u00ed nebo se m\u00e1\u010dela v z\u00e1chodov\u00e9 m\u00edse.<\/p>\n\n\n\n<ul class=\"wp-container-2 wp-block-gallery-1 wp-block-gallery columns-3 is-cropped\"><li class=\"blocks-gallery-item\"><figure><img src=\"https:\/\/nadprirozeno.cz\/wp-content\/uploads\/2019\/05\/35148_ver.jpg\" alt=\"\" data-id=\"149\" data-link=\"https:\/\/nadprirozeno.cz\/?attachment_id=149\" class=\"wp-image-149\"\/><\/figure><\/li><li class=\"blocks-gallery-item\"><figure><img loading=\"lazy\" width=\"400\" height=\"300\" src=\"https:\/\/nadprirozeno.cz\/wp-content\/uploads\/2019\/05\/anneliese_18.jpg\" alt=\"\" data-id=\"152\" data-link=\"https:\/\/nadprirozeno.cz\/?attachment_id=152\" class=\"wp-image-152\" srcset=\"https:\/\/nadprirozeno.cz\/wp-content\/uploads\/2019\/05\/anneliese_18.jpg 400w, https:\/\/nadprirozeno.cz\/wp-content\/uploads\/2019\/05\/anneliese_18-300x225.jpg 300w, https:\/\/nadprirozeno.cz\/wp-content\/uploads\/2019\/05\/anneliese_18-210x158.jpg 210w\" sizes=\"(max-width: 400px) 100vw, 400px\" \/><\/figure><\/li><li class=\"blocks-gallery-item\"><figure><img loading=\"lazy\" width=\"582\" height=\"440\" src=\"https:\/\/nadprirozeno.cz\/wp-content\/uploads\/2019\/05\/8693718097094495.jpg\" alt=\"\" data-id=\"150\" data-link=\"https:\/\/nadprirozeno.cz\/?attachment_id=150\" class=\"wp-image-150\" srcset=\"https:\/\/nadprirozeno.cz\/wp-content\/uploads\/2019\/05\/8693718097094495.jpg 582w, https:\/\/nadprirozeno.cz\/wp-content\/uploads\/2019\/05\/8693718097094495-300x227.jpg 300w, https:\/\/nadprirozeno.cz\/wp-content\/uploads\/2019\/05\/8693718097094495-210x159.jpg 210w\" sizes=\"(max-width: 582px) 100vw, 582px\" \/><\/figure><\/li><li class=\"blocks-gallery-item\"><figure><img loading=\"lazy\" width=\"600\" height=\"336\" src=\"https:\/\/nadprirozeno.cz\/wp-content\/uploads\/2019\/05\/anneliese-michel-post-mortem.jpg\" alt=\"\" data-id=\"153\" data-link=\"https:\/\/nadprirozeno.cz\/?attachment_id=153\" class=\"wp-image-153\" srcset=\"https:\/\/nadprirozeno.cz\/wp-content\/uploads\/2019\/05\/anneliese-michel-post-mortem.jpg 600w, https:\/\/nadprirozeno.cz\/wp-content\/uploads\/2019\/05\/anneliese-michel-post-mortem-300x168.jpg 300w, https:\/\/nadprirozeno.cz\/wp-content\/uploads\/2019\/05\/anneliese-michel-post-mortem-210x118.jpg 210w\" sizes=\"(max-width: 600px) 100vw, 600px\" \/><\/figure><\/li><\/ul>\n\n\n\n<p>Prvn\u00ed exorcismus se vykonal v roce 1975 a to Ernstem Altem a Arnoldem Renzem. B\u011bhem exorcismu se u Anneliese objevilo \u0161est d\u00e9mon\u016f. Nero, Jid\u00e1\u0161, Lucifer, Kain, Hitler<\/p>\n\n\n\n<figure class=\"wp-block-embed-youtube wp-block-embed is-type-video is-provider-youtube wp-embed-aspect-16-9 wp-has-aspect-ratio\"><div class=\"wp-block-embed__wrapper\">\n<iframe loading=\"lazy\" width=\"980\" height=\"551\" src=\"https:\/\/www.youtube.com\/embed\/-4xiT67GrbY?feature=oembed\" frameborder=\"0\" allow=\"accelerometer; autoplay; encrypted-media; gyroscope; picture-in-picture\" allowfullscreen><\/iframe>\n<\/div><\/figure>\n\n\n\n<p>V z\u00e1\u0159\u00ed se za\u010dal jej\u00ed stav zlep\u0161ovat, d\u00edvka m\u011bla i pozitivn\u00ed vize a p\u0159estala upadat do transu. Fyzick\u00fd stav se ale nelep\u0161il. Anneliese st\u00e1le ztr\u00e1cela  na v\u00e1ze, p\u0159estala \u00fapln\u011b j\u00edst a odm\u00edtala ve\u0161ker\u00e9 l\u00e9ka\u0159sk\u00e9 vy\u0161et\u0159en\u00ed a pomoc. T\u011bsn\u011b p\u0159ed smrt\u00ed ( 1. \u010dervence 1976 ) se j\u00ed \u00fadajn\u011b zjevila Panna Marie. Podle pitevn\u00ed zpr\u00e1vy zem\u0159ela na podv\u00fd\u017eivu a dehydrataci<br><br>Film, kter\u00fd velice dob\u0159e vystihuje \u017eivot a boj o \u017eivot Anneliese Michel se jmenuje &#8211; <a href=\"http:\/\/www.onlinefilmykeshlednuti.cz\/krimi-filmy\/v-moci-dabla-the-exorcism-of-emily-rose-2005-ke-shlednuti-online\">V moci \u010f\u00e1bla<\/a><\/p>\n\n\n\n<script async src=\"\/\/pagead2.googlesyndication.com\/pagead\/js\/adsbygoogle.js\"><\/script>\n<!-- obsah -->\n<ins class=\"adsbygoogle\"\n     style=\"display:block\"\n     data-ad-client=\"ca-pub-4760036259786278\"\n     data-ad-slot=\"5014785355\"\n     data-ad-format=\"auto\"\n     data-full-width-responsive=\"true\"><\/ins>\n<script>\n     (adsbygoogle = window.adsbygoogle || []).push({});\n<\/script>\n","protected":false},"excerpt":{"rendered":"<p>Anneliese Michel Jeden asi z nejzn\u00e1m\u011bj\u0161\u00edch p\u0159\u00edpad\u016f posednut\u00ed \u010f\u00e1blem, kter\u00fd oblet\u011bl cel\u00ed sv\u011bt. Anneliese Michel byla bavorsk\u00e1 studentka z katolick\u00e9 rodiny, pom\u00e1hala ostatn\u00edm student\u016fm s u\u010divem,nemluvila sprost\u011b a byla obl\u00edben\u00e1 mezi vrstevn\u00edky.Prvn\u00ed z\u00e1chvaty nastaly v roce 1969, zni\u010dehonic upadala do bezv\u011bdom\u00ed. P\u0159i jednom z\u00e1chvatu si v k\u0159e\u010d\u00edch prokousla jazyk. V roce 1969 je l\u00e9ka\u0159 poslal [&hellip;]<\/p>\n","protected":false},"author":1,"featured_media":0,"parent":0,"menu_order":0,"comment_status":"closed","ping_status":"closed","template":"","meta":{"_monsterinsights_skip_tracking":false,"_monsterinsights_sitenote_active":false,"_monsterinsights_sitenote_note":"","_monsterinsights_sitenote_category":0},"_links":{"self":[{"href":"https:\/\/nadprirozeno.cz\/index.php\/wp-json\/wp\/v2\/pages\/139"}],"collection":[{"href":"https:\/\/nadprirozeno.cz\/index.php\/wp-json\/wp\/v2\/pages"}],"about":[{"href":"https:\/\/nadprirozeno.cz\/index.php\/wp-json\/wp\/v2\/types\/page"}],"author":[{"embeddable":true,"href":"https:\/\/nadprirozeno.cz\/index.php\/wp-json\/wp\/v2\/users\/1"}],"replies":[{"embeddable":true,"href":"https:\/\/nadprirozeno.cz\/index.php\/wp-json\/wp\/v2\/comments?post=139"}],"version-history":[{"count":4,"href":"https:\/\/nadprirozeno.cz\/index.php\/wp-json\/wp\/v2\/pages\/139\/revisions"}],"predecessor-version":[{"id":347,"href":"https:\/\/nadprirozeno.cz\/index.php\/wp-json\/wp\/v2\/pages\/139\/revisions\/347"}],"wp:attachment":[{"href":"https:\/\/nadprirozeno.cz\/index.php\/wp-json\/wp\/v2\/media?parent=139"}],"curies":[{"name":"wp","href":"https:\/\/api.w.org\/{rel}","templated":true}]}}