{"id":141,"date":"2019-05-20T17:37:18","date_gmt":"2019-05-20T15:37:18","guid":{"rendered":"http:\/\/nadprirozeno.cz\/?page_id=141"},"modified":"2019-05-20T17:37:18","modified_gmt":"2019-05-20T15:37:18","slug":"ralph-sarchie-chran-nas-od-zleho","status":"publish","type":"page","link":"https:\/\/nadprirozeno.cz\/index.php\/ralph-sarchie-chran-nas-od-zleho\/","title":{"rendered":"Ralph Sarchie &#8211; Chra\u0148 n\u00e1s od zl\u00e9ho"},"content":{"rendered":"\n<h1>Ralph Sarchie &#8211; Chra\u0148 n\u00e1s od zl\u00e9ho<\/h1>\n\n\n\n<p>\u017divotn\u00ed p\u0159\u00edb\u011bh tohoto vyslou\u017eil\u00e9ho NewYorksk\u00e9ho policisty se stal z\u00e1kladem filmu &#8222;Chra\u0148 n\u00e1s od zl\u00e9ho \/ Deliver Us from Evil&#8220; z roku 2014. <\/p>\n\n\n\n<div class=\"wp-block-image\"><figure class=\"aligncenter\"><img loading=\"lazy\" width=\"400\" height=\"400\" src=\"https:\/\/nadprirozeno.cz\/wp-content\/uploads\/2019\/05\/UYjWerpq_400x400.jpg\" alt=\"\" class=\"wp-image-142\" srcset=\"https:\/\/nadprirozeno.cz\/wp-content\/uploads\/2019\/05\/UYjWerpq_400x400.jpg 400w, https:\/\/nadprirozeno.cz\/wp-content\/uploads\/2019\/05\/UYjWerpq_400x400-150x150.jpg 150w, https:\/\/nadprirozeno.cz\/wp-content\/uploads\/2019\/05\/UYjWerpq_400x400-300x300.jpg 300w, https:\/\/nadprirozeno.cz\/wp-content\/uploads\/2019\/05\/UYjWerpq_400x400-210x210.jpg 210w\" sizes=\"(max-width: 400px) 100vw, 400px\" \/><figcaption>Ralph Sarchie<\/figcaption><\/figure><\/div>\n\n\n\n<p>Sarchie slou\u017eil jako ser\u017eant NYPD v ji\u017en\u00ed \u010d\u00e1sti Bronxu v jednotce, kter\u00e1 m\u011bla za \u00fakol vy\u0161et\u0159ov\u00e1n\u00ed a prevenci z\u00e1va\u017en\u00fdch trestn\u00fdch \u010din\u016f. A\u010dkoli vyr\u016fstal v katolick\u00e9 rodin\u011b, jeho v\u00edra se postupn\u011b vytr\u00e1cela. Bylo tomu do chv\u00edle, kdy se p\u0159ipletl k p\u0159\u00edpadu posedl\u00e9ho mu\u017ee, kter\u00fd m\u011bl na sv\u011bdom\u00ed n\u011bkolik vra\u017ed. Tento p\u0159\u00edpad mu od z\u00e1kladu zm\u011bnil cel\u00fd \u017eivot a pohled na sv\u011bt. Jeho pro\u017eitek a \u00fa\u010dast na vym\u00edt\u00e1n\u00ed mu (jak on tvrd\u00ed) otev\u0159ela o\u010di a on uz\u0159el pravdu. Za\u010dal se v\u011bnovat studiu d\u00e9monologie a asistovat p\u0159i exorcismech. <br><br>Jeho pr\u00e1ce a znalosti v oblasti d\u00e9monologie byly po \u010dase tak rozs\u00e1hl\u00e9, \u017ee na n\u011bkter\u00fdch p\u0159\u00edpadech doprov\u00e1zel Eda a Loraine Warrenovi p\u0159i \u0159e\u0161en\u00ed zamo\u0159en\u00ed d\u00e9monick\u00fdmi entitami. Jako jeden z m\u00e1la d\u00e9monolog\u016f je majitelem takzvan\u00e9ho &#8222;Prav\u00e9ho k\u0159\u00ed\u017ee&#8220;. To je k\u0159\u00ed\u017e vy\u0159ezan\u00fd ze d\u0159eva k\u0159\u00ed\u017ee na kter\u00e9m byl uk\u0159i\u017eov\u00e1n samotn\u00fd Kristus. \u0158\u00edk\u00e1, \u017ee jeho posl\u00e1n\u00edm se stal boj proti d\u00e9monick\u00fdm sil\u00e1m a nikdy si za pomoc nevzal ani hal\u00e9\u0159.<br><br>Filmov\u00e9 zpracov\u00e1n\u00ed jeho prvn\u00edho p\u0159\u00edpadu, kter\u00fd mu otev\u0159el o\u010di najdete pod n\u00e1sleduj\u00edc\u00edm odkazem: <a href=\"http:\/\/www.onlinefilmykeshlednuti.cz\/krimi-filmy\/chran-nas-od-zleho-deliver-us-from-evil-2014-ke-shlednuti-online\">Chra\u0148 n\u00e1s od zl\u00e9ho \/ Deliver Us from Evil (2014)<\/a><br><\/p>\n","protected":false},"excerpt":{"rendered":"<p>Ralph Sarchie &#8211; Chra\u0148 n\u00e1s od zl\u00e9ho \u017divotn\u00ed p\u0159\u00edb\u011bh tohoto vyslou\u017eil\u00e9ho NewYorksk\u00e9ho policisty se stal z\u00e1kladem filmu &#8222;Chra\u0148 n\u00e1s od zl\u00e9ho \/ Deliver Us from Evil&#8220; z roku 2014. Sarchie slou\u017eil jako ser\u017eant NYPD v ji\u017en\u00ed \u010d\u00e1sti Bronxu v jednotce, kter\u00e1 m\u011bla za \u00fakol vy\u0161et\u0159ov\u00e1n\u00ed a prevenci z\u00e1va\u017en\u00fdch trestn\u00fdch \u010din\u016f. A\u010dkoli vyr\u016fstal v katolick\u00e9 rodin\u011b, [&hellip;]<\/p>\n","protected":false},"author":1,"featured_media":0,"parent":0,"menu_order":0,"comment_status":"closed","ping_status":"closed","template":"","meta":{"_monsterinsights_skip_tracking":false,"_monsterinsights_sitenote_active":false,"_monsterinsights_sitenote_note":"","_monsterinsights_sitenote_category":0},"_links":{"self":[{"href":"https:\/\/nadprirozeno.cz\/index.php\/wp-json\/wp\/v2\/pages\/141"}],"collection":[{"href":"https:\/\/nadprirozeno.cz\/index.php\/wp-json\/wp\/v2\/pages"}],"about":[{"href":"https:\/\/nadprirozeno.cz\/index.php\/wp-json\/wp\/v2\/types\/page"}],"author":[{"embeddable":true,"href":"https:\/\/nadprirozeno.cz\/index.php\/wp-json\/wp\/v2\/users\/1"}],"replies":[{"embeddable":true,"href":"https:\/\/nadprirozeno.cz\/index.php\/wp-json\/wp\/v2\/comments?post=141"}],"version-history":[{"count":1,"href":"https:\/\/nadprirozeno.cz\/index.php\/wp-json\/wp\/v2\/pages\/141\/revisions"}],"predecessor-version":[{"id":143,"href":"https:\/\/nadprirozeno.cz\/index.php\/wp-json\/wp\/v2\/pages\/141\/revisions\/143"}],"wp:attachment":[{"href":"https:\/\/nadprirozeno.cz\/index.php\/wp-json\/wp\/v2\/media?parent=141"}],"curies":[{"name":"wp","href":"https:\/\/api.w.org\/{rel}","templated":true}]}}