{"id":16,"date":"2019-05-18T23:19:07","date_gmt":"2019-05-18T21:19:07","guid":{"rendered":"http:\/\/nadprirozeno.cz\/?page_id=16"},"modified":"2022-08-16T14:42:57","modified_gmt":"2022-08-16T12:42:57","slug":"uvod","status":"publish","type":"page","link":"https:\/\/nadprirozeno.cz\/","title":{"rendered":"\u00davod"},"content":{"rendered":"\n<h1>Ka\u017ed\u00fd t\u00fdden nov\u00e9 \u010dl\u00e1nky a zaj\u00edmavosti cel\u00e9ho sv\u011bta !<\/h1><br>\n\n\n\n<h2>P\u0159\u00edpad pan\u00ed Martiny<\/h2>\n\n\n\n<p>Pomoc rodin\u011b, kterou su\u017euj\u00ed paranorm\u00e1ln\u00ed jevy.<\/p>\n\n\n\n<figure class=\"wp-block-embed is-type-video is-provider-youtube wp-block-embed-youtube wp-embed-aspect-16-9 wp-has-aspect-ratio\"><div class=\"wp-block-embed__wrapper\">\n<iframe loading=\"lazy\" title=\"Nadp\u0159irozeno.cz - P\u0159\u00edpad pan\u00ed Martiny\" width=\"980\" height=\"551\" src=\"https:\/\/www.youtube.com\/embed\/WnoNlGPZcBo?feature=oembed\" frameborder=\"0\" allow=\"accelerometer; autoplay; clipboard-write; encrypted-media; gyroscope; picture-in-picture\" allowfullscreen><\/iframe>\n<\/div><\/figure>\n\n\n\n<h2>Zeptali jsme se p\u0159i vy\u0161et\u0159ov\u00e1n\u00ed na Eda a Lorraine Warrenovi<\/h2>\n\n\n\n<p>P\u0159i vy\u0161et\u0159ov\u00e1n\u00ed parnorm\u00e1ln\u00edch jev\u016f jsme se mimo jin\u00e9 zeptali na osud slavn\u00fdch vy\u0161et\u0159ovatel\u016f Eda a Lorraine Worenovi, dostali jsme \u0161okuj\u00edc\u00ed odpov\u011b\u010f. Posu\u010fte sami.<\/p>\n\n\n\n<figure class=\"wp-block-embed is-type-video is-provider-youtube wp-block-embed-youtube wp-embed-aspect-16-9 wp-has-aspect-ratio\"><div class=\"wp-block-embed__wrapper\">\n<iframe loading=\"lazy\" title=\"Nadp\u0159irozeno.cz - EVP Ed and Lorraine Warrens\" width=\"980\" height=\"551\" src=\"https:\/\/www.youtube.com\/embed\/c9ALcU3u-Ec?feature=oembed\" frameborder=\"0\" allow=\"accelerometer; autoplay; clipboard-write; encrypted-media; gyroscope; picture-in-picture\" allowfullscreen><\/iframe>\n<\/div><\/figure>\n\n\n\n<h2>1. d\u00edl vy\u0161et\u0159ov\u00e1n\u00ed v dom\u011b su\u017eovan\u00e9m minulost\u00ed i n\u011bkolika port\u00e1ly TV Nadp\u0159irozeno.cz<\/h2>\n\n\n\n<p>Port\u00e1ly zde s nejv\u011bt\u0161\u00ed pravd\u011bpodobnost\u00ed otev\u0159ela samozvan\u00e1 Reiki l\u00e9\u010ditelka. Tento d\u00edl je v\u011bnovan\u00fd v\u00fdherc\u016fm sout\u011b\u017ee, kter\u00e1 byla vyhl\u00e1\u0161ena v na\u0161\u00ed FB skupin\u011b. Aktivita tohoto m\u00edsta velmi v\u00fdrazn\u011b p\u0159ekra\u010duje v\u0161echnu n\u00e1mi dosud zaznamenanou.<\/p>\n\n\n\n<figure class=\"wp-block-embed is-type-video is-provider-youtube wp-block-embed-youtube wp-embed-aspect-16-9 wp-has-aspect-ratio\"><div class=\"wp-block-embed__wrapper\">\n<iframe loading=\"lazy\" title=\"Nadp\u0159irozeno.cz - Zamo\u0159en\u00fd d\u016fm 1.d\u00edl\" width=\"980\" height=\"551\" src=\"https:\/\/www.youtube.com\/embed\/P9sOv-v8Vb0?feature=oembed\" frameborder=\"0\" allow=\"accelerometer; autoplay; clipboard-write; encrypted-media; gyroscope; picture-in-picture\" allowfullscreen><\/iframe>\n<\/div><\/figure>\n\n\n\n<h2>Nechte se zav\u00e9st do tajemn\u00e9ho domu s minulost\u00ed, kter\u00e1 nechce b\u00fdt zapomenuta<br>TV Nadp\u0159irozeno.cz (upout\u00e1vka)<\/h2>\n\n\n\n<p>D\u00e1v\u00e1me dohromady d\u016fkazy p\u016fsoben\u00ed paranorm\u00e1ln\u00edch sil, kter\u00e9 zat\u00edm u n\u00e1s nemaj\u00ed obdoby. Poj\u010fte se trochu b\u00e1t&#8230;.<br><\/p>\n\n\n\n<figure class=\"wp-block-embed is-type-video is-provider-youtube wp-block-embed-youtube wp-embed-aspect-16-9 wp-has-aspect-ratio\"><div class=\"wp-block-embed__wrapper\">\n<iframe loading=\"lazy\" title=\"Nadp\u0159irozeno.cz - Zamo\u0159en\u00fd d\u016fm (upout\u00e1vka)\" width=\"980\" height=\"551\" src=\"https:\/\/www.youtube.com\/embed\/wd_p-JSHCKc?feature=oembed\" frameborder=\"0\" allow=\"accelerometer; autoplay; clipboard-write; encrypted-media; gyroscope; picture-in-picture\" allowfullscreen><\/iframe>\n<\/div><\/figure>\n\n\n\n<h2>Aktivita p\u0159i vy\u0161et\u0159ov\u00e1n\u00ed paranorm\u00e1ln\u00edch jev\u016f &#8211; TV Nadp\u0159irozeno.cz<\/h2>\n\n\n\n<p>Vy\u0161et\u0159ov\u00e1n\u00ed v naprost\u00e9 tm\u011b. M\u00e1te pouze sluch, hmat a \u010dich, kdy\u017e v tom se na V\u00e1s vy\u0159\u00edt\u00ed z vedlej\u0161\u00ed m\u00edstnosti gymnastick\u00fd m\u00ed\u010d a Vy mus\u00edte zjistit proti \u010demu stoj\u00edte, abyste mohli pomoci. Pro n\u011bkter\u00e9 horor, pro n\u00e1s posl\u00e1n\u00ed. Nejste v tom sami.<\/p>\n\n\n\n<figure class=\"wp-block-embed is-type-video is-provider-youtube wp-block-embed-youtube wp-embed-aspect-16-9 wp-has-aspect-ratio\"><div class=\"wp-block-embed__wrapper\">\n<iframe loading=\"lazy\" title=\"Nadp\u0159irozeno.cz - Aktivita p\u0159i vy\u0161et\u0159ov\u00e1n\u00ed paranorm\u00e1ln\u00edch jev\u016f\" width=\"980\" height=\"551\" src=\"https:\/\/www.youtube.com\/embed\/4M0SEiAulTY?feature=oembed\" frameborder=\"0\" allow=\"accelerometer; autoplay; clipboard-write; encrypted-media; gyroscope; picture-in-picture\" allowfullscreen><\/iframe>\n<\/div><\/figure>\n\n\n\n<h2>Rodinn\u00fd d\u016fm su\u017eovan\u00fd entitami &#8211; TV Nadp\u0159irozeno.cz (upout\u00e1vka)<\/h2>\n\n\n\n<figure class=\"wp-block-embed is-type-video is-provider-youtube wp-block-embed-youtube wp-embed-aspect-16-9 wp-has-aspect-ratio\"><div class=\"wp-block-embed__wrapper\">\n<iframe loading=\"lazy\" title=\"Nadp\u0159irozeno.cz - Rodinn\u00fd d\u016fm su\u017eovan\u00fd entitami (upout\u00e1vka)\" width=\"980\" height=\"551\" src=\"https:\/\/www.youtube.com\/embed\/Mt_ysUgK7Ng?feature=oembed\" frameborder=\"0\" allow=\"accelerometer; autoplay; clipboard-write; encrypted-media; gyroscope; picture-in-picture\" allowfullscreen><\/iframe>\n<\/div><\/figure>\n\n\n\n<h2>B\u00fdval\u00fd lihovar &#8211; TV Nadp\u0159irozeno.cz (upout\u00e1vka)<\/h2>\n\n\n\n<figure class=\"wp-block-embed is-type-video is-provider-youtube wp-block-embed-youtube wp-embed-aspect-16-9 wp-has-aspect-ratio\"><div class=\"wp-block-embed__wrapper\">\n<iframe loading=\"lazy\" title=\"Nadp\u0159irozeno.cz - B\u00fdval\u00fd lihovar (upout\u00e1vka)\" width=\"980\" height=\"551\" src=\"https:\/\/www.youtube.com\/embed\/6_xknMm_2uQ?feature=oembed\" frameborder=\"0\" allow=\"accelerometer; autoplay; clipboard-write; encrypted-media; gyroscope; picture-in-picture\" allowfullscreen><\/iframe>\n<\/div><\/figure>\n\n\n\n<h2>Pou\u0161\u0165 svat\u00e9ho Marka &#8211; TV Nadp\u0159irozeno.cz (cel\u00e1 epizoda)<\/h2>\n\n\n\n<figure class=\"wp-block-embed is-type-video is-provider-youtube wp-block-embed-youtube wp-embed-aspect-16-9 wp-has-aspect-ratio\"><div class=\"wp-block-embed__wrapper\">\n<iframe loading=\"lazy\" title=\"Nadp\u0159irozeno.cz - Poustevna sv. Marka (cel\u00e1 epizoda)\" width=\"980\" height=\"551\" src=\"https:\/\/www.youtube.com\/embed\/eobaxTGwO3M?feature=oembed\" frameborder=\"0\" allow=\"accelerometer; autoplay; clipboard-write; encrypted-media; gyroscope; picture-in-picture\" allowfullscreen><\/iframe>\n<\/div><\/figure>\n\n\n\n<h2><a href=\"https:\/\/nadprirozeno.cz\/index.php\/pripad-u-pani-petry\/\">P\u0159\u00edpad u pan\u00ed Petry<\/a><\/h2>\n\n\n\n<div class=\"wp-container-3 wp-block-columns has-2-columns\">\n<div class=\"wp-container-1 wp-block-column\">\n<figure class=\"wp-block-image\"><img loading=\"lazy\" width=\"320\" height=\"202\" src=\"https:\/\/nadprirozeno.cz\/wp-content\/uploads\/2019\/05\/pa3.jpg\" alt=\"\" class=\"wp-image-227\" srcset=\"https:\/\/nadprirozeno.cz\/wp-content\/uploads\/2019\/05\/pa3.jpg 320w, https:\/\/nadprirozeno.cz\/wp-content\/uploads\/2019\/05\/pa3-300x189.jpg 300w, https:\/\/nadprirozeno.cz\/wp-content\/uploads\/2019\/05\/pa3-210x133.jpg 210w\" sizes=\"(max-width: 320px) 100vw, 320px\" \/><\/figure>\n<\/div>\n\n\n\n<div class=\"wp-container-2 wp-block-column\">\n<p> <br>Petra n\u00e1s kontaktovala po p\u0159e\u010dten\u00ed \u010dl\u00e1nku na P\u0159\u00edbram.cz. U\u017e del\u0161\u00ed dobu se rodina pot\u00fdkala s probl\u00e9my, kter\u00e9 se vyskytovaly hlavn\u011b kolem pan\u00ed Petry.  <a href=\"https:\/\/nadprirozeno.cz\/index.php\/pripad-u-pani-petry\/\">V\u00edce ZDE<\/a><\/p>\n<\/div>\n<\/div>\n\n\n\n<h2><a href=\"https:\/\/nadprirozeno.cz\/index.php\/proklete-predmety\/\">Proklet\u00e9 p\u0159edm\u011bty<\/a><\/h2>\n\n\n\n<div class=\"wp-container-6 wp-block-columns has-2-columns\">\n<div class=\"wp-container-4 wp-block-column\">\n<figure class=\"wp-block-image\"><img loading=\"lazy\" width=\"600\" height=\"530\" src=\"https:\/\/nadprirozeno.cz\/wp-content\/uploads\/2019\/11\/rlabl.jpg\" alt=\"\" class=\"wp-image-588\" srcset=\"https:\/\/nadprirozeno.cz\/wp-content\/uploads\/2019\/11\/rlabl.jpg 600w, https:\/\/nadprirozeno.cz\/wp-content\/uploads\/2019\/11\/rlabl-300x265.jpg 300w, https:\/\/nadprirozeno.cz\/wp-content\/uploads\/2019\/11\/rlabl-210x186.jpg 210w\" sizes=\"(max-width: 600px) 100vw, 600px\" \/><\/figure>\n<\/div>\n\n\n\n<div class=\"wp-container-5 wp-block-column\">\n<p><br>Po cel\u00e1 stalet\u00ed se objevuj\u00ed na cel\u00e9 na\u0161\u00ed planet\u011b r\u016fzn\u00e9 p\u0159edm\u011bty, kter\u00e9 jsou proklet\u00e9.<br>Sta\u010d\u00ed je m\u00edt doma, nebo se n\u011bkter\u00fdch jen dotknout a o mal\u00e9r m\u00e1te postar\u00e1no. <a href=\"https:\/\/nadprirozeno.cz\/index.php\/proklete-predmety\/\">V\u00edce ZDE<\/a> <\/p>\n<\/div>\n<\/div>\n\n\n\n<h2><a href=\"https:\/\/nadprirozeno.cz\/index.php\/lucidni-sneni\/\">Lucidn\u00ed sn\u011bn\u00ed<\/a><\/h2>\n\n\n\n<div class=\"wp-container-9 wp-block-columns has-2-columns\">\n<div class=\"wp-container-7 wp-block-column\">\n<figure class=\"wp-block-image is-resized\"><img loading=\"lazy\" src=\"https:\/\/nadprirozeno.cz\/wp-content\/uploads\/2019\/10\/images-2.jpg\" alt=\"\" class=\"wp-image-570\" width=\"327\" height=\"244\" srcset=\"https:\/\/nadprirozeno.cz\/wp-content\/uploads\/2019\/10\/images-2.jpg 259w, https:\/\/nadprirozeno.cz\/wp-content\/uploads\/2019\/10\/images-2-210x157.jpg 210w\" sizes=\"(max-width: 327px) 100vw, 327px\" \/><\/figure>\n<\/div>\n\n\n\n<div class=\"wp-container-8 wp-block-column\">\n<p><br>U\u017e u Aristotela m\u016f\u017eeme naj\u00edt prvn\u00ed zapsan\u00e9 zm\u00ednky o lucidn\u00edm sn\u011bn\u00ed a to roku 415.<br>D\u00e1le 8.st v Tibetu a to formou jogy buddhistick\u00fdmi mnichy, kte\u0159\u00ed se zam\u011b\u0159ovali na bd\u011bn\u00ed b\u011bhem sp\u00e1nku. <a href=\"https:\/\/nadprirozeno.cz\/index.php\/lucidni-sneni\/\">V\u00edce ZDE<\/a><\/p>\n<\/div>\n<\/div>\n\n\n\n<h2>Anal\u00fdza videa pro dal\u0161\u00ed d\u00edl s\u00e9rie: Pro\u010d jsou opu\u0161t\u011bn\u00e9?<\/h2>\n\n\n\n<figure class=\"wp-block-embed is-type-video is-provider-youtube wp-block-embed-youtube wp-embed-aspect-16-9 wp-has-aspect-ratio\"><div class=\"wp-block-embed__wrapper\">\n<iframe loading=\"lazy\" title=\"Nadprirozeno.cz - \u010cern\u00e1 masa s EVP odpov\u011bd\u00ed\" width=\"980\" height=\"551\" src=\"https:\/\/www.youtube.com\/embed\/YUoOoiQtpJ0?feature=oembed\" frameborder=\"0\" allow=\"accelerometer; autoplay; clipboard-write; encrypted-media; gyroscope; picture-in-picture\" allowfullscreen><\/iframe>\n<\/div><figcaption>Nalezeno p\u0159i anal\u00fdze z\u00e1b\u011br\u016f, kter\u00e9 ani nem\u011bly b\u00fdt za\u0159azeny.<\/figcaption><\/figure>\n\n\n\n<h2><a href=\"https:\/\/nadprirozeno.cz\/index.php\/automaticke-psani\/\">Automatick\u00e9 psan\u00ed<\/a><\/h2>\n\n\n\n<div class=\"wp-container-12 wp-block-columns has-2-columns\">\n<div class=\"wp-container-10 wp-block-column\">\n<figure class=\"wp-block-image\"><img loading=\"lazy\" width=\"510\" height=\"340\" src=\"https:\/\/nadprirozeno.cz\/wp-content\/uploads\/2019\/05\/bird-feather-2505306__340.jpg\" alt=\"\" class=\"wp-image-298\" srcset=\"https:\/\/nadprirozeno.cz\/wp-content\/uploads\/2019\/05\/bird-feather-2505306__340.jpg 510w, https:\/\/nadprirozeno.cz\/wp-content\/uploads\/2019\/05\/bird-feather-2505306__340-300x200.jpg 300w, https:\/\/nadprirozeno.cz\/wp-content\/uploads\/2019\/05\/bird-feather-2505306__340-210x140.jpg 210w\" sizes=\"(max-width: 510px) 100vw, 510px\" \/><\/figure>\n<\/div>\n\n\n\n<div class=\"wp-container-11 wp-block-column\">\n<p><br>Zp\u016fsob, kdy se m\u016f\u017eete napojit a dostat odpov\u011bdi od zem\u0159el\u00e9ho. Bohu\u017eel i tu plat\u00ed pravidlo, nikdy nem\u016f\u017eete m\u00edt stoprocentn\u00ed jistotu, \u017ee budete komunikovat zrovna s t\u00edm s k\u00fdm chcete. A na stupni nebezpe\u010dnosti je to podobn\u011b jako tabulka Ouja. <a href=\"https:\/\/nadprirozeno.cz\/index.php\/automaticke-psani\/\">V\u00edce ZDE<\/a><\/p>\n<\/div>\n<\/div>\n\n\n\n<h2><a href=\"https:\/\/nadprirozeno.cz\/index.php\/co-je-deja-vu\/\">Co je \u201ed\u00e9ja vu\u201c?<\/a><\/h2>\n\n\n\n<div class=\"wp-container-15 wp-block-columns has-2-columns\">\n<div class=\"wp-container-13 wp-block-column\">\n<figure class=\"wp-block-image\"><img loading=\"lazy\" width=\"900\" height=\"900\" src=\"https:\/\/nadprirozeno.cz\/wp-content\/uploads\/2019\/05\/Deja_Vutwenty20_39.jpg\" alt=\"\" class=\"wp-image-318\" srcset=\"https:\/\/nadprirozeno.cz\/wp-content\/uploads\/2019\/05\/Deja_Vutwenty20_39.jpg 900w, https:\/\/nadprirozeno.cz\/wp-content\/uploads\/2019\/05\/Deja_Vutwenty20_39-150x150.jpg 150w, https:\/\/nadprirozeno.cz\/wp-content\/uploads\/2019\/05\/Deja_Vutwenty20_39-300x300.jpg 300w, https:\/\/nadprirozeno.cz\/wp-content\/uploads\/2019\/05\/Deja_Vutwenty20_39-768x768.jpg 768w, https:\/\/nadprirozeno.cz\/wp-content\/uploads\/2019\/05\/Deja_Vutwenty20_39-210x210.jpg 210w\" sizes=\"(max-width: 900px) 100vw, 900px\" \/><\/figure>\n<\/div>\n\n\n\n<div class=\"wp-container-14 wp-block-column\">\n<p><br>D\u00e9ja vu je zvl\u00e1\u0161tn\u00ed pocit, \u017ee dan\u00e1 situace u\u017e se stala. Takov\u00fd ten pocit: \u201eSakra, tohle u\u017e jsem jednou pro\u017eil!\u201c. Pokud se nad t\u00edm zamysl\u00edte a zkus\u00edte v tomto pocitu naj\u00edt logiku, pravd\u011bpodobn\u011b V\u00e1s rozbol\u00ed hlava a \u017e\u00e1dn\u00e9ho logick\u00e9ho z\u00e1v\u011bru se stejn\u011b nedoberete. <a href=\"https:\/\/nadprirozeno.cz\/index.php\/co-je-deja-vu\/\">V\u00edce ZDE<\/a> <br><\/p>\n<\/div>\n<\/div>\n\n\n\n<h2><a href=\"https:\/\/nadprirozeno.cz\/index.php\/jak-poznat-nadprirozenou-aktivitu-v-dome\/\">Jak poznat nadp\u0159irozenou aktivitu v dom\u011b<\/a><\/h2>\n\n\n\n<div class=\"wp-container-18 wp-block-columns has-2-columns\">\n<div class=\"wp-container-16 wp-block-column\">\n<figure class=\"wp-block-image\"><img src=\"https:\/\/nadprirozeno.cz\/wp-content\/uploads\/2019\/05\/e5e6b153e8_10342762_o2.jpg\" alt=\"\"\/><\/figure>\n<\/div>\n\n\n\n<div class=\"wp-container-17 wp-block-column\">\n<p><br>V\u011bt\u0161ina z n\u00e1s u\u017e se s t\u00edm setkala, n\u011bkdo si toho je v\u011bdom, n\u011bkdo to ani nezaznamenal. Projevy entit mohou b\u00fdt inteligentn\u00ed nebo rezidu\u00e1ln\u00ed (neinteligentn\u00ed). <a href=\"https:\/\/nadprirozeno.cz\/index.php\/jak-poznat-nadprirozenou-aktivitu-v-dome\/\">V\u00edce ZDE<\/a><\/p>\n<\/div>\n<\/div>\n\n\n\n<h2><a href=\"https:\/\/nadprirozeno.cz\/index.php\/ralph-sarchie-chran-nas-od-zleho\/\">Ralph Sarchie \u2013 Chra\u0148 n\u00e1s od zl\u00e9ho<\/a><\/h2>\n\n\n\n<div class=\"wp-container-21 wp-block-columns has-2-columns\">\n<div class=\"wp-container-19 wp-block-column\">\n<figure class=\"wp-block-image\"><img src=\"https:\/\/nadprirozeno.cz\/wp-content\/uploads\/2019\/05\/UYjWerpq_400x400.jpg\" alt=\"\"\/><\/figure>\n<\/div>\n\n\n\n<div class=\"wp-container-20 wp-block-column\">\n<p><br>Dodnes \u017eij\u00edc\u00ed p\u0159\u00edslu\u0161n\u00edk NewYorksk\u00e9 policejn\u00ed jednotky, kter\u00fd se zab\u00fdv\u00e1 d\u00e9monologi\u00ed a posednut\u00edm lid\u00ed a m\u00edst. P\u0159i sv\u00e9 pr\u00e1ci \u00fazce spolupracoval s man\u017eeli Warrenov\u00fdmi. Podle jeho prvn\u00edho p\u0159\u00edpadu byl nato\u010den film &#8222;Chra\u0148 n\u00e1s od zl\u00e9ho \/ Deliver Us from Evil (2014). <a href=\"https:\/\/nadprirozeno.cz\/index.php\/ralph-sarchie-chran-nas-od-zleho\/\">V\u00edce ZDE<\/a><\/p>\n<\/div>\n<\/div>\n\n\n\n<h2><a href=\"https:\/\/nadprirozeno.cz\/index.php\/dum-demonu\/\">D\u016fm d\u00e9mon\u016f<\/a><\/h2>\n\n\n\n<div class=\"wp-container-24 wp-block-columns has-2-columns\">\n<div class=\"wp-container-22 wp-block-column\">\n<figure class=\"wp-block-image\"><img src=\"https:\/\/nadprirozeno.cz\/wp-content\/uploads\/2019\/05\/demon-house.png\" alt=\"\"\/><\/figure>\n<\/div>\n\n\n\n<div class=\"wp-container-23 wp-block-column\">\n<p><br>Tento p\u0159\u00edb\u011bh se opravdu stal a je jedn\u00edm s prvn\u00edch opravdu potvrzen\u00fdch a pln\u011b zdokumentovan\u00fdch p\u0159\u00edpad\u016f napaden\u00ed d\u00e9monick\u00fdmi silami. <a href=\"https:\/\/nadprirozeno.cz\/index.php\/dum-demonu\/\">V\u00edce ZDE<\/a><br><\/p>\n<\/div>\n<\/div>\n\n\n\n<h2><a href=\"https:\/\/nadprirozeno.cz\/index.php\/the-black-monk-of-pontefract\/\">Black monk of Pontefract<\/a><\/h2>\n\n\n\n<div class=\"wp-container-27 wp-block-columns has-2-columns\">\n<div class=\"wp-container-25 wp-block-column\">\n<figure class=\"wp-block-image\"><img src=\"https:\/\/nadprirozeno.cz\/wp-content\/uploads\/2019\/05\/east-drive-house-1024x565.jpg\" alt=\"\"\/><\/figure>\n<\/div>\n\n\n\n<div class=\"wp-container-26 wp-block-column\">\n<p><br>Tento p\u0159\u00edpad se zapsal do d\u011bjin Anglie jako nejn\u00e1siln\u011bj\u0161\u00ed p\u0159\u00edpad v stra\u0161en\u00ed v historii. P\u0159\u00edzraky, st\u011bhov\u00e1n\u00ed n\u00e1bytku a trh\u00e1n\u00ed fotografi\u00ed bylo na denn\u00edm po\u0159\u00e1dku. <a href=\"https:\/\/nadprirozeno.cz\/index.php\/the-black-monk-of-pontefract\/\">V\u00edce ZDE<\/a><br><\/p>\n<\/div>\n<\/div>\n\n\n\n<h2><a href=\"https:\/\/nadprirozeno.cz\/index.php\/duchove-hradu-svojanov\/\">Duchov\u00e9 hradu Svojanov<\/a><\/h2>\n\n\n\n<div class=\"wp-container-30 wp-block-columns has-2-columns\">\n<div class=\"wp-container-28 wp-block-column\">\n<figure class=\"wp-block-image\"><img src=\"https:\/\/nadprirozeno.cz\/wp-content\/uploads\/2019\/05\/svojanov.jpeg\" alt=\"\"\/><\/figure>\n<\/div>\n\n\n\n<div class=\"wp-container-29 wp-block-column\">\n<p><br>Toto je pro n\u00e1s velmi zaj\u00edmav\u00fd p\u0159\u00edpad proto\u017ee jsme byli p\u0159\u00edmo u toho a po\u0159\u00eddili na vlastn\u00ed o\u010di, u\u0161i a k\u016f\u017ei z\u00e1znam temn\u00e9 minulosti hradu. <a href=\"https:\/\/nadprirozeno.cz\/index.php\/duchove-hradu-svojanov\/\">V\u00edce ZDE<\/a><br><\/p>\n<\/div>\n<\/div>\n\n\n\n<h2><a href=\"https:\/\/nadprirozeno.cz\/index.php\/ed-and-lorraine-warrenovi\/\">Ed a Lorraine Warrenovi<\/a><\/h2>\n\n\n\n<div class=\"wp-container-33 wp-block-columns has-2-columns\">\n<div class=\"wp-container-31 wp-block-column\">\n<figure class=\"wp-block-image\"><img src=\"https:\/\/nadprirozeno.cz\/wp-content\/uploads\/2019\/05\/warrnes.jpg\" alt=\"\"\/><\/figure>\n<\/div>\n\n\n\n<div class=\"wp-container-32 wp-block-column\">\n<p><br>Ed a Lorraine Warrenovi jsou bez nejmen\u0161\u00edch pochyb historicky nejzn\u00e1m\u011bj\u0161\u00ed vy\u0161et\u0159ovatel\u00e9 paranorm\u00e1ln\u00edch jev\u016f zde je kr\u00e1tk\u00fd p\u0159ehled jejich nejzv\u00e1m\u011bj\u0161\u00edch p\u0159\u00edpad\u016f. <a href=\"https:\/\/nadprirozeno.cz\/index.php\/ed-and-lorraine-warrenovi\/\">V\u00edce ZDE<\/a><br><\/p>\n<\/div>\n<\/div>\n\n\n\n<h2><a href=\"https:\/\/nadprirozeno.cz\/index.php\/terezinky-lazaret\/\">Terez\u00ednsk\u00fd lazaret<\/a><\/h2>\n\n\n\n<div class=\"wp-container-36 wp-block-columns has-2-columns\">\n<div class=\"wp-container-34 wp-block-column\">\n<figure class=\"wp-block-image\"><img src=\"https:\/\/nadprirozeno.cz\/wp-content\/uploads\/2019\/05\/SUNP0026-1-e1558289634448.jpg\" alt=\"\"\/><\/figure>\n<\/div>\n\n\n\n<div class=\"wp-container-35 wp-block-column\">\n<p><br>Jedno z na\u0161ich vy\u0161et\u0159ov\u00e1n\u00ed v b\u00fdval\u00e9m terez\u00ednsk\u00e9m lazaretu na kter\u00e9m jsme se osobn\u011b pod\u00edleli s t\u00fdmem &#8222;URBEX a paranormal HK&#8220; a Jaroslavem Mare\u0161em z po\u0159adu Tajemno na stream.cz. <a href=\"https:\/\/nadprirozeno.cz\/index.php\/terezinky-lazaret\/\">V\u00edce ZDE<\/a><br><\/p>\n<\/div>\n<\/div>\n\n\n\n<h2><br><\/h2>\n\n\n\n<p><\/p>\n","protected":false},"excerpt":{"rendered":"<p>Ka\u017ed\u00fd t\u00fdden nov\u00e9 \u010dl\u00e1nky a zaj\u00edmavosti cel\u00e9ho sv\u011bta ! P\u0159\u00edpad pan\u00ed Martiny Pomoc rodin\u011b, kterou su\u017euj\u00ed paranorm\u00e1ln\u00ed jevy. Zeptali jsme se p\u0159i vy\u0161et\u0159ov\u00e1n\u00ed na Eda a Lorraine Warrenovi P\u0159i vy\u0161et\u0159ov\u00e1n\u00ed parnorm\u00e1ln\u00edch jev\u016f jsme se mimo jin\u00e9 zeptali na osud slavn\u00fdch vy\u0161et\u0159ovatel\u016f Eda a Lorraine Worenovi, dostali jsme \u0161okuj\u00edc\u00ed odpov\u011b\u010f. Posu\u010fte sami. 1. d\u00edl vy\u0161et\u0159ov\u00e1n\u00ed v [&hellip;]<\/p>\n","protected":false},"author":1,"featured_media":0,"parent":0,"menu_order":0,"comment_status":"closed","ping_status":"closed","template":"","meta":{"_monsterinsights_skip_tracking":false,"_monsterinsights_sitenote_active":false,"_monsterinsights_sitenote_note":"","_monsterinsights_sitenote_category":0},"_links":{"self":[{"href":"https:\/\/nadprirozeno.cz\/index.php\/wp-json\/wp\/v2\/pages\/16"}],"collection":[{"href":"https:\/\/nadprirozeno.cz\/index.php\/wp-json\/wp\/v2\/pages"}],"about":[{"href":"https:\/\/nadprirozeno.cz\/index.php\/wp-json\/wp\/v2\/types\/page"}],"author":[{"embeddable":true,"href":"https:\/\/nadprirozeno.cz\/index.php\/wp-json\/wp\/v2\/users\/1"}],"replies":[{"embeddable":true,"href":"https:\/\/nadprirozeno.cz\/index.php\/wp-json\/wp\/v2\/comments?post=16"}],"version-history":[{"count":73,"href":"https:\/\/nadprirozeno.cz\/index.php\/wp-json\/wp\/v2\/pages\/16\/revisions"}],"predecessor-version":[{"id":810,"href":"https:\/\/nadprirozeno.cz\/index.php\/wp-json\/wp\/v2\/pages\/16\/revisions\/810"}],"wp:attachment":[{"href":"https:\/\/nadprirozeno.cz\/index.php\/wp-json\/wp\/v2\/media?parent=16"}],"curies":[{"name":"wp","href":"https:\/\/api.w.org\/{rel}","templated":true}]}}