{"id":187,"date":"2019-05-21T20:28:21","date_gmt":"2019-05-21T18:28:21","guid":{"rendered":"http:\/\/nadprirozeno.cz\/?page_id=187"},"modified":"2019-05-22T16:01:47","modified_gmt":"2019-05-22T14:01:47","slug":"ouija","status":"publish","type":"page","link":"https:\/\/nadprirozeno.cz\/index.php\/ouija\/","title":{"rendered":"Ouija"},"content":{"rendered":"\n<h1>Ouija<\/h1>\n\n\n\n<p>N\u011bkdo tomu v\u011b\u0159\u00ed, n\u011bkdo ne, nic se V\u00e1m nem\u016f\u017ee st\u00e1t, nebo je extr\u00e9mn\u011b nebezpe\u010dn\u00e1?  jak je to vlastn\u011b s Ouija tabulkou?<br><br><\/p>\n\n\n\n<div class=\"wp-block-image\"><figure class=\"aligncenter\"><img loading=\"lazy\" width=\"300\" height=\"200\" src=\"https:\/\/nadprirozeno.cz\/wp-content\/uploads\/2019\/05\/ouija-deska-jak-pouzit-vyvolavani-300x200.jpg\" alt=\"\" class=\"wp-image-188\" srcset=\"https:\/\/nadprirozeno.cz\/wp-content\/uploads\/2019\/05\/ouija-deska-jak-pouzit-vyvolavani-300x200.jpg 300w, https:\/\/nadprirozeno.cz\/wp-content\/uploads\/2019\/05\/ouija-deska-jak-pouzit-vyvolavani-300x200-210x140.jpg 210w\" sizes=\"(max-width: 300px) 100vw, 300px\" \/><figcaption>Ouija <\/figcaption><\/figure><\/div>\n\n\n\n<p>Za\u010dala se pou\u017e\u00edvat po Americk\u00e9 ob\u010dansk\u00e9 v\u00e1lce (1861-1865) pot\u00e9 , co lidi ztratili sv\u00e9 bl\u00edzk\u00e9 a tak\u00e9 se za\u010dal ve v\u011bt\u0161\u00ed m\u00ed\u0159e rozv\u00edjet spiritismus. Nejstar\u0161\u00ed zpr\u00e1va o tabulce je z roku 1886. Byla u\u017e\u00edv\u00e1na spiritisty z Ohia. Ouia si za\u010dala z\u00edsk\u00e1vat oblibu mezi v\u0161emi vrstvami spole\u010dnosti, prod\u00e1vala se jako mystick\u00e9 or\u00e1kulum. Brzy ale za\u010dala z\u00edsk\u00e1vat kritiku p\u0159edev\u0161\u00edm u spiritist\u016f, podle nich nebyla bezpe\u010dn\u00e1 a \u010dasto na to poukazovali. I p\u0159es v\u0161echna varov\u00e1n\u00ed Ouija i v dob\u00e1ch krize po Prvn\u00ed sv\u011btov\u00e9 v\u00e1lce a  po pandemii \u0161pan\u011blsk\u00e9 ch\u0159ipky vyd\u011blala The Kennard Novelty Company v\u00edce jak jeden milion dolar\u016f a st\u00e1le se vystavovaly tov\u00e1rny na tuto tabulku. Lid\u00e9 j\u00ed byli doslova posedl\u00ed. V roce 1927 u\u017e bylo prod\u00e1no kolem dvou milion\u016f tabulek. Spisovatelka Pearl Curannov\u00e1 pr\u00fd napsala b\u00e1sn\u011b a p\u0159\u00edb\u011bhy podle mrtv\u00e9 \u017eeny ze 17.stolet\u00ed, kter\u00e1 j\u00ed je \u00fadajn\u011b sd\u011blila p\u0159es Ouiju roku 1916.<\/p>\n\n\n\n<div class=\"wp-block-image\"><figure class=\"aligncenter\"><img loading=\"lazy\" width=\"309\" height=\"163\" src=\"https:\/\/nadprirozeno.cz\/wp-content\/uploads\/2019\/05\/images-10.jpg\" alt=\"\" class=\"wp-image-189\" srcset=\"https:\/\/nadprirozeno.cz\/wp-content\/uploads\/2019\/05\/images-10.jpg 309w, https:\/\/nadprirozeno.cz\/wp-content\/uploads\/2019\/05\/images-10-300x158.jpg 300w, https:\/\/nadprirozeno.cz\/wp-content\/uploads\/2019\/05\/images-10-210x111.jpg 210w\" sizes=\"(max-width: 309px) 100vw, 309px\" \/><figcaption>komunikace p\u0159es Ouiju<\/figcaption><\/figure><\/div>\n\n\n\n<p>C\u00edrkev se za\u010dala o tabulku zaj\u00edmat a\u017e po vyd\u00e1n\u00ed hororov\u00e9ho filmu Vym\u00edta\u010d \u010f\u00e1bla v roce 1973. Ozna\u010dili tabulku za n\u00e1stroj \u010f\u00e1bla a pom\u016fcku pro satanisty.<br>Odborn\u00edci p\u0159ed pou\u017eit\u00edm tabulky varuj\u00ed: nen\u00ed t\u011b\u017ek\u00e9 se otev\u0159\u00edt zlu, ale potom se ho zbavit je \u010dasto nad na\u0161e s\u00edly. Pokud si mysl\u00edte, \u017ee vyvol\u00e1te t\u0159eba rodinn\u00e9ho p\u0159\u00edslu\u0161n\u00edka a tud\u00ed\u017e jste v naprost\u00e9m bezpe\u010d\u00ed, opak m\u016f\u017ee b\u00fdt pravdou. N\u011bkter\u00e9 zl\u00e9 du\u0161e \u010di d\u00e9moni, se dok\u00e1\u017eou za Va\u0161eho p\u0159\u00edbuzn\u00e9ho dob\u0159e vyd\u00e1vat a Vy nemus\u00edte m\u00edt \u017e\u00e1dn\u00e9 podez\u0159en\u00ed, \u017ee je tomu jinak .Kdy\u017e u\u017e budete cht\u00edt Ouiju vyzkou\u0161et, v\u017edycky m\u011bjte u sebe osobu, kter\u00e1 m\u00e1 nemal\u00e9 zku\u0161enosti. \u010cast\u00fdm probl\u00e9mem je i nedodr\u017een\u00ed ur\u010dit\u00fdch pravidel. Nejd\u016fle\u017eit\u011bj\u0161\u00ed je se um\u011bt s du\u0161\u00ed rozlou\u010dit, poslat j\u00ed zp\u011bt na  m\u00edsto, kam pat\u0159\u00ed.<br><br>N\u00e1sleduj\u00edc\u00ed odkaz vede na film, kter\u00fd byl nato\u010den podle zdokumentovan\u00fdch skute\u010dn\u00fdch ud\u00e1lost\u00ed : <br><a href=\"http:\/\/www.onlinefilmykeshlednuti.cz\/horor-filmy\/veronica-veronica-2017-ke-shlednuti-online\">http:\/\/www.onlinefilmykeshlednuti.cz\/horor-filmy\/veronica-veronica-2017-ke-shlednuti-online<\/a> <\/p>\n","protected":false},"excerpt":{"rendered":"<p>Ouija N\u011bkdo tomu v\u011b\u0159\u00ed, n\u011bkdo ne, nic se V\u00e1m nem\u016f\u017ee st\u00e1t, nebo je extr\u00e9mn\u011b nebezpe\u010dn\u00e1? jak je to vlastn\u011b s Ouija tabulkou? Za\u010dala se pou\u017e\u00edvat po Americk\u00e9 ob\u010dansk\u00e9 v\u00e1lce (1861-1865) pot\u00e9 , co lidi ztratili sv\u00e9 bl\u00edzk\u00e9 a tak\u00e9 se za\u010dal ve v\u011bt\u0161\u00ed m\u00ed\u0159e rozv\u00edjet spiritismus. Nejstar\u0161\u00ed zpr\u00e1va o tabulce je z roku 1886. Byla [&hellip;]<\/p>\n","protected":false},"author":1,"featured_media":0,"parent":0,"menu_order":0,"comment_status":"closed","ping_status":"closed","template":"","meta":{"_monsterinsights_skip_tracking":false,"_monsterinsights_sitenote_active":false,"_monsterinsights_sitenote_note":"","_monsterinsights_sitenote_category":0},"_links":{"self":[{"href":"https:\/\/nadprirozeno.cz\/index.php\/wp-json\/wp\/v2\/pages\/187"}],"collection":[{"href":"https:\/\/nadprirozeno.cz\/index.php\/wp-json\/wp\/v2\/pages"}],"about":[{"href":"https:\/\/nadprirozeno.cz\/index.php\/wp-json\/wp\/v2\/types\/page"}],"author":[{"embeddable":true,"href":"https:\/\/nadprirozeno.cz\/index.php\/wp-json\/wp\/v2\/users\/1"}],"replies":[{"embeddable":true,"href":"https:\/\/nadprirozeno.cz\/index.php\/wp-json\/wp\/v2\/comments?post=187"}],"version-history":[{"count":2,"href":"https:\/\/nadprirozeno.cz\/index.php\/wp-json\/wp\/v2\/pages\/187\/revisions"}],"predecessor-version":[{"id":200,"href":"https:\/\/nadprirozeno.cz\/index.php\/wp-json\/wp\/v2\/pages\/187\/revisions\/200"}],"wp:attachment":[{"href":"https:\/\/nadprirozeno.cz\/index.php\/wp-json\/wp\/v2\/media?parent=187"}],"curies":[{"name":"wp","href":"https:\/\/api.w.org\/{rel}","templated":true}]}}