{"id":199,"date":"2019-05-22T21:56:30","date_gmt":"2019-05-22T19:56:30","guid":{"rendered":"http:\/\/nadprirozeno.cz\/?page_id=199"},"modified":"2019-05-22T22:19:44","modified_gmt":"2019-05-22T20:19:44","slug":"co-je-to-duse","status":"publish","type":"page","link":"https:\/\/nadprirozeno.cz\/index.php\/co-je-to-duse\/","title":{"rendered":"Co je to du\u0161e"},"content":{"rendered":"\n<h1>Co je to du\u0161e?<\/h1>\n\n\n\n<p>Du\u0161e &#8230;. je odvozena od slova d\u00fdchat nebo dech. V podstat\u011b to znamen\u00e1 &#8230; princip \u017eivota. Br\u00e1no je to v p\u0159ekladu asi tak, \u017ee se d\u00fdch\u00e1n\u00edm \u017eiv\u00e9 bytosti li\u0161\u00ed od mrtv\u00fdch.<br>V k\u0159es\u0165anstv\u00ed je du\u0161e br\u00e1na jako nesmrteln\u00e1.<br><br>Aristoteles hl\u00e1sal, \u017ee du\u0161i m\u00e1 v\u0161e \u017eiv\u00e9. Rozd\u011blujeme ji na t\u0159i druhy: <br>1) vegetativn\u00ed ( rostliny )<br>2) vn\u00edmav\u00e1 ( zv\u00ed\u0159ectvo )<br>3) rozumn\u00e1 ( \u010dlov\u011bk )<br>Jen du\u0161e rozumn\u00e1 se podle Aristotela \u00fadajn\u011b m\u016f\u017ee reinkarnovat.<br><br>Plat\u00f3n ch\u00e1pe du\u0161i jako zdroj pohybu se schopnost\u00ed nahl\u00ed\u017eet do v\u0161eobecn\u00e9 ideje.<br>Du\u0161e smrt\u00ed nezanik\u00e1, ale m\u00e1 mo\u017enost dostat se z t\u011blesn\u00e9ho v\u011bzen\u00ed. Du\u0161e m\u00e1 rozum, v\u016fli a emoce.<br><\/p>\n\n\n\n<div class=\"wp-block-image\"><figure class=\"aligncenter\"><img loading=\"lazy\" width=\"295\" height=\"171\" src=\"https:\/\/nadprirozeno.cz\/wp-content\/uploads\/2019\/05\/sta\u017een\u00fd-soubor-1.jpg\" alt=\"\" class=\"wp-image-201\" srcset=\"https:\/\/nadprirozeno.cz\/wp-content\/uploads\/2019\/05\/sta\u017een\u00fd-soubor-1.jpg 295w, https:\/\/nadprirozeno.cz\/wp-content\/uploads\/2019\/05\/sta\u017een\u00fd-soubor-1-210x122.jpg 210w\" sizes=\"(max-width: 295px) 100vw, 295px\" \/><figcaption>zdroj Google<\/figcaption><\/figure><\/div>\n\n\n\n<p>Jakmile zem\u0159eme, z\u016fst\u00e1v\u00e1 du\u0161e n\u011bjakou dobu nabl\u00edzku sv\u00e9 b\u00fdval\u00e9 t\u011blesn\u00e9 schr\u00e1nce a m\u016f\u017ee tak\u00e9 b\u00fdt nebezpe\u010dn\u00e1 lidem v dosahu. Nebezpe\u010d\u00ed zpravidla zanik\u00e1 poh\u0159bem, ale v\u00edme, \u017ee tomu nemus\u00ed b\u00fdt v\u017edy tak. Pokud \u010dlov\u011bk nap\u00e1chal za \u017eivota zl\u00e9 skutky, nastupuje doba o\u010distce a du\u0161e m\u016f\u017ee ze strachu z \u010delen\u00ed n\u00e1sledk\u016fm sv\u00fdch \u010din\u016f setrv\u00e1vat a \u0161kodit nad\u00e1le sv\u00e9mu okol\u00ed. <br>Ne v\u017edy zde z\u016fst\u00e1vaj\u00ed du\u0161e ze strachu, nebo zl\u00fdch \u00famysl\u016f, ale z d\u016fvod\u016f nevy\u0159\u010den\u00ed posledn\u00edch slov, nebo ochrany bli\u017en\u00edch. Z pravidla ne ka\u017ed\u00e1 du\u0161e z\u016fst\u00e1vaj\u00edc\u00ed, zde setrv\u00e1vaj\u00edc\u00ed, mus\u00ed b\u00fdt zl\u00e1.<br><br><\/p>\n\n\n\n<div class=\"wp-block-image\"><figure class=\"aligncenter\"><img loading=\"lazy\" width=\"277\" height=\"182\" src=\"https:\/\/nadprirozeno.cz\/wp-content\/uploads\/2019\/05\/sta\u017een\u00fd-soubor.jpg\" alt=\"\" class=\"wp-image-202\" srcset=\"https:\/\/nadprirozeno.cz\/wp-content\/uploads\/2019\/05\/sta\u017een\u00fd-soubor.jpg 277w, https:\/\/nadprirozeno.cz\/wp-content\/uploads\/2019\/05\/sta\u017een\u00fd-soubor-210x138.jpg 210w\" sizes=\"(max-width: 277px) 100vw, 277px\" \/><figcaption>Michelangelo: Ch\u00e1ron -zdroj Google<\/figcaption><\/figure><\/div>\n\n\n\n<p>Ch\u00e1ron: syn boha v\u011b\u010dn\u00e9 tmy Ereba a bohyn\u011b noci Nykty. P\u0159evozn\u00edk mrtv\u00fdch p\u0159es \u0159eku Styx. P\u0159ev\u00e1\u017eet mohl jen \u0159\u00e1dn\u011b poh\u0159ben\u00e9.<\/p>\n","protected":false},"excerpt":{"rendered":"<p>Co je to du\u0161e? Du\u0161e &#8230;. je odvozena od slova d\u00fdchat nebo dech. V podstat\u011b to znamen\u00e1 &#8230; princip \u017eivota. Br\u00e1no je to v p\u0159ekladu asi tak, \u017ee se d\u00fdch\u00e1n\u00edm \u017eiv\u00e9 bytosti li\u0161\u00ed od mrtv\u00fdch.V k\u0159es\u0165anstv\u00ed je du\u0161e br\u00e1na jako nesmrteln\u00e1. Aristoteles hl\u00e1sal, \u017ee du\u0161i m\u00e1 v\u0161e \u017eiv\u00e9. Rozd\u011blujeme ji na t\u0159i druhy: 1) vegetativn\u00ed [&hellip;]<\/p>\n","protected":false},"author":1,"featured_media":0,"parent":0,"menu_order":0,"comment_status":"closed","ping_status":"closed","template":"","meta":{"_monsterinsights_skip_tracking":false,"_monsterinsights_sitenote_active":false,"_monsterinsights_sitenote_note":"","_monsterinsights_sitenote_category":0},"_links":{"self":[{"href":"https:\/\/nadprirozeno.cz\/index.php\/wp-json\/wp\/v2\/pages\/199"}],"collection":[{"href":"https:\/\/nadprirozeno.cz\/index.php\/wp-json\/wp\/v2\/pages"}],"about":[{"href":"https:\/\/nadprirozeno.cz\/index.php\/wp-json\/wp\/v2\/types\/page"}],"author":[{"embeddable":true,"href":"https:\/\/nadprirozeno.cz\/index.php\/wp-json\/wp\/v2\/users\/1"}],"replies":[{"embeddable":true,"href":"https:\/\/nadprirozeno.cz\/index.php\/wp-json\/wp\/v2\/comments?post=199"}],"version-history":[{"count":3,"href":"https:\/\/nadprirozeno.cz\/index.php\/wp-json\/wp\/v2\/pages\/199\/revisions"}],"predecessor-version":[{"id":209,"href":"https:\/\/nadprirozeno.cz\/index.php\/wp-json\/wp\/v2\/pages\/199\/revisions\/209"}],"wp:attachment":[{"href":"https:\/\/nadprirozeno.cz\/index.php\/wp-json\/wp\/v2\/media?parent=199"}],"curies":[{"name":"wp","href":"https:\/\/api.w.org\/{rel}","templated":true}]}}