{"id":212,"date":"2019-05-23T15:16:19","date_gmt":"2019-05-23T13:16:19","guid":{"rendered":"http:\/\/nadprirozeno.cz\/?page_id=212"},"modified":"2019-05-23T15:16:19","modified_gmt":"2019-05-23T13:16:19","slug":"pozor-na-sarlatany","status":"publish","type":"page","link":"https:\/\/nadprirozeno.cz\/index.php\/pozor-na-sarlatany\/","title":{"rendered":"Pozor na \u0161arlat\u00e1ny"},"content":{"rendered":"\n<h1>Pozor na \u0161arlat\u00e1ny<\/h1>\n\n\n\n<p>Z nez\u00e1visl\u00fdch pr\u016fzkum\u016f vypl\u00fdv\u00e1 \u017ee kolem 62% dot\u00e1zan\u00fdch lid\u00ed n\u011bkdy ve sv\u00e9m \u017eivot\u011b kontaktovalo, nebo uva\u017eovalo o kontaktu v\u011bdmy, kart\u00e1\u0159e\/ky, nebo jin\u00e9ho spiritualisty. Av\u0161ak n\u00e1zory na jejich pomoc se diametr\u00e1ln\u011b li\u0161\u00ed. Jedni jsou nad\u0161eni a berou tyto m\u00e9dia jako dar z nebes, zat\u00edm co druz\u00ed si \u0159\u00edkaj\u00ed \u017ee z nich jen vyt\u00e1hli pen\u00edze a krom\u011b nich V\u00e1m od ni\u010deho nepomohli.<\/p>\n\n\n\n<h2>Ale jak nenalet\u011bt podvodn\u00edk\u016fm?  <\/h2>\n\n\n\n<p>D\u016fle\u017eit\u00e9 je si zachovat tro\u0161i\u010dku zdrav\u00e9ho rozumu. Nekoukat na velkolep\u00e9 reklamy a honosn\u00e9 pouta\u010de. Za dobr\u00e9ho spiritualistu mluv\u00ed jeho skutky, minulost a vy\u0159e\u0161en\u00e9 p\u0159\u00edpady. Pracuje (jak se \u0159\u00edk\u00e1) na doporu\u010den\u00ed.<br><br>Existuje mnoho zp\u016fsob\u016f pomoci a ka\u017ed\u00fd m\u00e1 sv\u00e9 vlastn\u00ed metody. Dobr\u00fd spiritualista naslouch\u00e1 a dok\u00e1\u017ee p\u0159ijmout osv\u011bd\u010den\u00e9 metody a postupy od jin\u00fdch. Zkr\u00e1tka je otev\u0159en\u00fd u\u010den\u00ed a zdokonalov\u00e1n\u00ed sama sebe. Nikdy v\u00e1s nebude zaryt\u011b p\u0159esv\u011bd\u010dovat o sv\u00e9 pravd\u011b, ale naopak v\u00e1m v\u017edy d\u00e1 mo\u017enost volby. <\/p>\n\n\n\n<h2>Geopatogenn\u00ed z\u00f3ny ( GPZ ): <\/h2>\n\n\n\n<div class=\"wp-block-image\"><figure class=\"aligncenter\"><img loading=\"lazy\" width=\"380\" height=\"276\" src=\"https:\/\/nadprirozeno.cz\/wp-content\/uploads\/2019\/05\/gpz-eko-pusobeni380x253.jpg\" alt=\"\" class=\"wp-image-213\" srcset=\"https:\/\/nadprirozeno.cz\/wp-content\/uploads\/2019\/05\/gpz-eko-pusobeni380x253.jpg 380w, https:\/\/nadprirozeno.cz\/wp-content\/uploads\/2019\/05\/gpz-eko-pusobeni380x253-300x218.jpg 300w, https:\/\/nadprirozeno.cz\/wp-content\/uploads\/2019\/05\/gpz-eko-pusobeni380x253-210x153.jpg 210w\" sizes=\"(max-width: 380px) 100vw, 380px\" \/><figcaption>Geopatogenn\u00ed z\u00f3ny<br><\/figcaption><\/figure><\/div>\n\n\n\n<p>Tyto z\u00f3ny vystupuj\u00ed ze zemsk\u00e9ho povrchu. Jsou zp\u016fsobeny r\u016fznou skladbou podlo\u017e\u00ed a pohyby podzemn\u00edch vodn\u00edch tok\u016f (spodn\u00edch vod). Mnoho lid\u00ed si p\u0159edstavuje z\u00f3nu jako sloup sahaj\u00edc\u00ed a\u017e do nebe. GPZ jsou m\u011b\u0159iteln\u00e9 maxim\u00e1ln\u011b do 8 m nad povrchem zem\u011b (prakticky 2 &#8211; 3 nadzemn\u00ed podla\u017e\u00ed). Proto \u0159e\u0161it ve vy\u0161\u0161\u00edch patrech GPZ je bezp\u0159edm\u011btn\u00e9 ale p\u0159esto V\u00e1s bude mnoho podvodn\u00edk\u016f p\u0159esv\u011bd\u010dovat \u017ee v 10. pat\u0159e panelov\u00e9ho domu m\u00e1te postel p\u0159\u00edmo nad GPZ a \u017ee se div\u00ed \u017ee jste se je\u0161t\u011b z toho nezbl\u00e1znili. Ve vy\u0161\u0161\u00edm patrech mohou b\u00fdt lid\u00e9 ovlivn\u011bni t\u0159eba f\u00e1zemi m\u011bs\u00edce, nebo zemsk\u00fdmi p\u00f3ly, ale ne GPZ.<br><br>Mnoho lid\u00ed ale \u0159ekne, \u017ee jim ke klidn\u00e9mu sp\u00e1nku pomohlo t\u0159eba p\u0159eto\u010den\u00ed postele o 90\u00b0 a m\u011bli klid. Toto je zp\u016fsobeno nikoli GPZ, ale citlivost\u00ed na zemsk\u00fd magnetismus. Jako v\u011bt\u0161ina zv\u00ed\u0159at v p\u0159\u00edrod\u011b, tak i my lid\u00e9 jsme vybaveni senzory magnetick\u00e9ho pole zem\u011b. Tyto senzory u n\u00e1s, narozd\u00edl od zv\u00ed\u0159at, zakrn\u011bli z d\u016fvodu nepot\u0159eby. Zakrn\u011bli, ale nezmizely. Mnoho lid\u00ed je citliv\u00fdch na magnetick\u00e9 pole zem\u011b ani\u017e by si to uv\u011bdomovali. Proto jim pom\u016f\u017ee oto\u010den\u00ed postele.<\/p>\n\n\n\n<h2>Kosmick\u00e9 z\u00e1\u0159en\u00ed:<\/h2>\n\n\n\n<figure class=\"wp-block-image\"><img loading=\"lazy\" width=\"1000\" height=\"667\" src=\"https:\/\/nadprirozeno.cz\/wp-content\/uploads\/2019\/05\/shutterstock_337364102.jpg\" alt=\"\" class=\"wp-image-215\" srcset=\"https:\/\/nadprirozeno.cz\/wp-content\/uploads\/2019\/05\/shutterstock_337364102.jpg 1000w, https:\/\/nadprirozeno.cz\/wp-content\/uploads\/2019\/05\/shutterstock_337364102-300x200.jpg 300w, https:\/\/nadprirozeno.cz\/wp-content\/uploads\/2019\/05\/shutterstock_337364102-768x512.jpg 768w, https:\/\/nadprirozeno.cz\/wp-content\/uploads\/2019\/05\/shutterstock_337364102-210x140.jpg 210w\" sizes=\"(max-width: 980px) 100vw, 980px\" \/><\/figure>\n\n\n\n<p>Jedna maminka se na n\u00e1s obr\u00e1tila s t\u00edm, \u017ee jej\u00ed mal\u00fd syn trp\u00ed \u010dast\u00fdmi z\u00e1cpami. Kontaktovala proto l\u00e9\u010ditelku, kter\u00e1 se pod\u00edvala na fotku syna a prohl\u00e1sila: &#8222;V\u00e1\u0161 syn vyza\u0159uje kosmick\u00e9 z\u00e1\u0159en\u00ed, d\u00edky tomu m\u00e1 \u010dasto z\u00e1cpu a mus\u00edte p\u0159estav\u011bt cel\u00fd pokoj\u00ed\u010dek syna aby mohlo z\u00e1\u0159en\u00ed proudit pry\u010d&#8220;.<br><br>N\u00e1zev Kosmick\u00e9 z\u00e1\u0159en\u00ed je od toho, \u017ee se jedn\u00e1 o z\u00e1\u0159en\u00ed p\u0159ich\u00e1zej\u00edc\u00ed z kosmu, \u017e\u00e1dn\u00fd objekt na Zemi nem\u016f\u017ee vyza\u0159ovat \u017e\u00e1dn\u00e9 kosmick\u00e9 z\u00e1\u0159en\u00ed. Syn ve zkute\u010dnosti byl citliv\u00fd na f\u00e1ze m\u011bs\u00edce, jako spousta lid\u00ed a z\u00e1cpa se mu projevovala pravideln\u011b podle m\u011bs\u00ed\u010dn\u00edch cykl\u016f. Probl\u00e9m se vy\u0159e\u0161il upraven\u00edm stravy v tyto dny.<br><br>Ne v\u017edy se mus\u00ed jednat o nadp\u0159irozen\u00e9 \u00fakazy, ob\u010das sta\u010d\u00ed pouze zapojit zdrav\u00fd rozum. T\u00edm ov\u0161em ne\u0159\u00edk\u00e1m \u017ee se v\u017edy jedn\u00e1 o vysv\u011btliteln\u00e9 jevy. <br><br>Setk\u00e1v\u00e1me se mnohdy opravdu s paranorm\u00e1ln\u00edmi jevy, ale nen\u00ed to tak \u010dasto jak si lid\u00e9 mysl\u00ed.<\/p>\n","protected":false},"excerpt":{"rendered":"<p>Pozor na \u0161arlat\u00e1ny Z nez\u00e1visl\u00fdch pr\u016fzkum\u016f vypl\u00fdv\u00e1 \u017ee kolem 62% dot\u00e1zan\u00fdch lid\u00ed n\u011bkdy ve sv\u00e9m \u017eivot\u011b kontaktovalo, nebo uva\u017eovalo o kontaktu v\u011bdmy, kart\u00e1\u0159e\/ky, nebo jin\u00e9ho spiritualisty. Av\u0161ak n\u00e1zory na jejich pomoc se diametr\u00e1ln\u011b li\u0161\u00ed. Jedni jsou nad\u0161eni a berou tyto m\u00e9dia jako dar z nebes, zat\u00edm co druz\u00ed si \u0159\u00edkaj\u00ed \u017ee z nich jen vyt\u00e1hli [&hellip;]<\/p>\n","protected":false},"author":1,"featured_media":0,"parent":0,"menu_order":0,"comment_status":"closed","ping_status":"closed","template":"","meta":{"_monsterinsights_skip_tracking":false,"_monsterinsights_sitenote_active":false,"_monsterinsights_sitenote_note":"","_monsterinsights_sitenote_category":0},"_links":{"self":[{"href":"https:\/\/nadprirozeno.cz\/index.php\/wp-json\/wp\/v2\/pages\/212"}],"collection":[{"href":"https:\/\/nadprirozeno.cz\/index.php\/wp-json\/wp\/v2\/pages"}],"about":[{"href":"https:\/\/nadprirozeno.cz\/index.php\/wp-json\/wp\/v2\/types\/page"}],"author":[{"embeddable":true,"href":"https:\/\/nadprirozeno.cz\/index.php\/wp-json\/wp\/v2\/users\/1"}],"replies":[{"embeddable":true,"href":"https:\/\/nadprirozeno.cz\/index.php\/wp-json\/wp\/v2\/comments?post=212"}],"version-history":[{"count":3,"href":"https:\/\/nadprirozeno.cz\/index.php\/wp-json\/wp\/v2\/pages\/212\/revisions"}],"predecessor-version":[{"id":217,"href":"https:\/\/nadprirozeno.cz\/index.php\/wp-json\/wp\/v2\/pages\/212\/revisions\/217"}],"wp:attachment":[{"href":"https:\/\/nadprirozeno.cz\/index.php\/wp-json\/wp\/v2\/media?parent=212"}],"curies":[{"name":"wp","href":"https:\/\/api.w.org\/{rel}","templated":true}]}}