{"id":226,"date":"2019-05-23T20:24:23","date_gmt":"2019-05-23T18:24:23","guid":{"rendered":"http:\/\/nadprirozeno.cz\/?page_id=226"},"modified":"2019-05-23T20:24:23","modified_gmt":"2019-05-23T18:24:23","slug":"jak-poznat-nadprirozenou-aktivitu-v-dome","status":"publish","type":"page","link":"https:\/\/nadprirozeno.cz\/index.php\/jak-poznat-nadprirozenou-aktivitu-v-dome\/","title":{"rendered":"Jak poznat nadp\u0159irozenou aktivitu v dom\u011b"},"content":{"rendered":"\n<h1>Jak poznat nadp\u0159irozenou aktivitu v dom\u011b<\/h1>\n\n\n\n<p>V\u011bt\u0161ina z n\u00e1s u\u017e se s t\u00edm setkala, n\u011bkdo si toho je v\u011bdom, n\u011bkdo to ani nezaznamenal. Projevy entit mohou b\u00fdt inteligentn\u00ed nebo rezidu\u00e1ln\u00ed (neinteligentn\u00ed).<br>Neinteligentn\u00ed&#8230;.tady jde v\u011bt\u0161inou o ozv\u011bnu minulosti, se kterou nejde t\u00e9m\u011b\u0159 nic d\u011blat. Ozv\u011bna minulosti,je \u010dasov\u00e1 smy\u010dka, kdy se entita objevuje v ur\u010dit\u00fdch intervalech, nebo p\u0159i n\u011bjak\u00e9 p\u0159\u00edle\u017eitosti. U n\u00e1s doma se entita objevovala na b\u00fdval\u00e9 chodb\u011b, byla vid\u011bt za star\u00fdmi prosklen\u00fdmi dve\u0159mi. V ur\u010dit\u00fdch \u010dasov\u00fdch intervalech proch\u00e1zela sm\u011brem ke schodi\u0161ti na p\u016fdu. I kdy\u017e jsme na n\u00ed mluvili, nebo se sna\u017eili nahr\u00e1t EVP, nikdy nebyl \u017e\u00e1dn\u00fd ohlas. Tento druh stra\u0161en\u00ed si p\u0159edstavte jako film, kter\u00fd se neust\u00e1le opakuje bez jak\u00fdkoliv zm\u011bn. U n\u00e1s do\u0161lo k p\u0159estavb\u011b, chodba se propojila s kuchyn\u00ed, dve\u0159e se daly pry\u010d a smy\u010dka se t\u00edm p\u0159eru\u0161ila a u\u017e neopakovala.<br><\/p>\n\n\n\n<div class=\"wp-block-image\"><figure class=\"aligncenter\"><img loading=\"lazy\" width=\"390\" height=\"237\" src=\"https:\/\/nadprirozeno.cz\/wp-content\/uploads\/2019\/05\/e5e6b153e8_10342762_o2.jpg\" alt=\"\" class=\"wp-image-228\" srcset=\"https:\/\/nadprirozeno.cz\/wp-content\/uploads\/2019\/05\/e5e6b153e8_10342762_o2.jpg 390w, https:\/\/nadprirozeno.cz\/wp-content\/uploads\/2019\/05\/e5e6b153e8_10342762_o2-300x182.jpg 300w, https:\/\/nadprirozeno.cz\/wp-content\/uploads\/2019\/05\/e5e6b153e8_10342762_o2-210x128.jpg 210w\" sizes=\"(max-width: 390px) 100vw, 390px\" \/><\/figure><\/div>\n\n\n\n<p>Inteligentn\u00ed projevy u\u017e jsou n\u011bco hor\u0161\u00edho a mohou b\u00fdt i nebezpe\u010dn\u00e9. Inteligentn\u00ed entitu si s klidem p\u0159ivedete dom\u016f i Vy sami t\u0159eba z pr\u00e1ce nebo obchodu. Sta\u010d\u00ed kdy\u017e jste osoba citliv\u011bj\u0161\u00ed, nebo nejste v kondici po psychick\u00e9 str\u00e1nce a hned jste pro n\u011b zdrojem energie, kterou pot\u0159ebuj\u00ed. <br>Tato entita se m\u016f\u017ee u V\u00e1s doma projevit mnoha zp\u016fsoby. N\u00e1hl\u00e1 zm\u011bna teploty bez  jak\u00e9koliv p\u0159\u00ed\u010diny (okna a dve\u0159e zav\u0159en\u00e9), zap\u00edn\u00e1n\u00ed i vyp\u00edn\u00e1n\u00ed elektroniky, r\u016fzn\u00e9 neidentifikovateln\u00e9 zvuky ( klepnut\u00ed, bouchnut\u00ed, sly\u0161iteln\u00e9 kroky, ne\u010dekan\u00e9 r\u00e1ny), pad\u00e1n\u00ed p\u0159edm\u011bt\u016f.<br><br>Plat\u00ed tu jedna v\u011bc, je-li entita siln\u011bj\u0161\u00ed, jej\u00ed projevy jsou \u010dast\u011bj\u0161\u00ed a hor\u0161\u00ed. M\u016f\u017eete c\u00edtit odporn\u00fd z\u00e1pach, p\u0159edm\u011bty se pohybuj\u00ed, dokonce j\u00ed zahl\u00e9dnete ( t\u0159eba jen proch\u00e1zej\u00edc\u00ed st\u00edn), m\u016f\u017eete c\u00edtit jej\u00ed negativn\u00ed energii ( pocit, \u017ee V\u00e1s n\u011bco sleduje, n\u00e1hl\u00e1 panick\u00e1 hr\u016fza bez p\u0159\u00ed\u010diny, znateln\u00fd tlak na Va\u0161\u00ed osobu, \u00fanava,\u010dast\u00e9 vracej\u00edc\u00ed se onemocn\u011bn\u00ed).<br><br>Entita svou energii \u010derp\u00e1 nej\u010dast\u011bji z nejslab\u0161\u00edho \u010dlena rodiny. Ten se \u010dasem za\u010dne m\u011bnit. Je podr\u00e1\u017ed\u011bn\u00fd, bez n\u00e1lady, nic ho nezaj\u00edm\u00e1, je v\u00fdbu\u0161n\u00fd. \u010c\u00edm v\u00edce se doma za\u010dnete h\u00e1dat, t\u00edm je entita siln\u011bj\u0161\u00ed. <br><\/p>\n\n\n\n<figure class=\"wp-block-image\"><img loading=\"lazy\" width=\"1024\" height=\"576\" src=\"https:\/\/nadprirozeno.cz\/wp-content\/uploads\/2019\/05\/ff0uu0nwjhyj7iijrasj-1024x576.jpg\" alt=\"\" class=\"wp-image-229\" srcset=\"https:\/\/nadprirozeno.cz\/wp-content\/uploads\/2019\/05\/ff0uu0nwjhyj7iijrasj-1024x576.jpg 1024w, https:\/\/nadprirozeno.cz\/wp-content\/uploads\/2019\/05\/ff0uu0nwjhyj7iijrasj-300x169.jpg 300w, https:\/\/nadprirozeno.cz\/wp-content\/uploads\/2019\/05\/ff0uu0nwjhyj7iijrasj-768x432.jpg 768w, https:\/\/nadprirozeno.cz\/wp-content\/uploads\/2019\/05\/ff0uu0nwjhyj7iijrasj-210x118.jpg 210w, https:\/\/nadprirozeno.cz\/wp-content\/uploads\/2019\/05\/ff0uu0nwjhyj7iijrasj-1536x864.jpg 1536w, https:\/\/nadprirozeno.cz\/wp-content\/uploads\/2019\/05\/ff0uu0nwjhyj7iijrasj.jpg 1600w\" sizes=\"(max-width: 980px) 100vw, 980px\" \/><\/figure>\n\n\n\n<p>V extr\u00e9mn\u00edch p\u0159\u00edpadech V\u00e1s napadne i fyzicky ( m\u016f\u017ee V\u00e1s str\u010dit ze schod\u016f, ve sp\u00e1nku po\u0161kr\u00e1bat atd.) Jedin\u00e9 co nedok\u00e1\u017ee je V\u00e1s zab\u00edt, nebo V\u00e1m smrteln\u011b ubl\u00ed\u017eit. M\u016f\u017ee zp\u016fsobit bolest, ale ne trvale.<br>Zbavit se entity m\u016f\u017eete n\u011bkolika zp\u016fsoby, z\u00e1le\u017e\u00ed na Va\u0161ich schopnostech, ale tak\u00e9 na s\u00edle entity. Nejlep\u0161\u00ed, ale tak\u00e9 nejt\u011b\u017e\u0161\u00ed je zm\u011bnit sv\u016fj postoj, jakoby p\u0159eprogramovat si mysl. H\u00e1d\u00e1te-li se doma s partnerem, zkuste to \u0159e\u0161it jinak, v klidu a bez emoc\u00ed (nesm\u00edte vyd\u00e1vat svou energii napospas entit\u011b), pokud v\u011b\u0159\u00edte na s\u00edlu and\u011bl\u016f, tak poproste o pomoc p\u0159\u00edmo Archand\u011bla Michaela, aby z V\u00e1s i Va\u0161eho domu odejmul jak\u00e9koli negativn\u00ed energie a entity poutan\u00e9 k zemi. <br>Ducha m\u016f\u017eete i oslabovat, uv\u011bdomte si,\u017ee jste v\u017edy siln\u011bj\u0161\u00ed ne\u017e entita (tomu ale nesta\u010d\u00ed jen si to myslet, Vy tomu mus\u00edte v\u011b\u0159it uvnit\u0159 sebe jinak to nepom\u00e1h\u00e1).<br>Udr\u017eujte sv\u016fj domov v \u010distot\u011b a harmonii, stejn\u011b tak i vztahy doma.<br>Dobr\u00fdm pomocn\u00edkem m\u016f\u017ee b\u00fdt i s\u016fl. Nasypejte j\u00ed do v\u0161ech m\u00edstnost\u00ed do v\u0161ech roh\u016f a co p\u00e1r dn\u00ed j\u00ed vym\u011b\u0148te (nas\u00e1kne do sebe negativn\u00ed energii). Zde ale plat\u00ed, \u017ee to zabere jen na slab\u00e9 entity. D\u00e9monologov\u00e9 rad\u00ed, d\u00e1t si pod postel rozev\u0159en\u00e9 n\u016f\u017eky (toto plat\u00ed na entity zl\u00e9 a napadaj\u00edc\u00ed,&#8230;.zajist\u00ed V\u00e1m to ochranu ve sp\u00e1nku). Ochrann\u00e9 sv\u011btlo je dal\u0161\u00ed mo\u017enost\u00ed, toto ale vy\u017eaduje cvik a zku\u0161enosti a ne ka\u017ed\u00fd to um\u00ed.<br><\/p>\n\n\n\n<div class=\"wp-block-image\"><figure class=\"aligncenter\"><img loading=\"lazy\" width=\"320\" height=\"202\" src=\"https:\/\/nadprirozeno.cz\/wp-content\/uploads\/2019\/05\/pa3.jpg\" alt=\"\" class=\"wp-image-227\" srcset=\"https:\/\/nadprirozeno.cz\/wp-content\/uploads\/2019\/05\/pa3.jpg 320w, https:\/\/nadprirozeno.cz\/wp-content\/uploads\/2019\/05\/pa3-300x189.jpg 300w, https:\/\/nadprirozeno.cz\/wp-content\/uploads\/2019\/05\/pa3-210x133.jpg 210w\" sizes=\"(max-width: 320px) 100vw, 320px\" \/><figcaption>Napaden\u00ed ve sp\u00e1nku<\/figcaption><\/figure><\/div>\n\n\n\n<p>A\u0165 je to jak chce, du\u0161e m\u00e1 sv\u00e9 m\u00edsto a nem\u011bla by s n\u00e1mi \u017e\u00edt. Zp\u016fsob\u016f odveden\u00ed je mnohem v\u00edce, ale opravdu z\u00e1le\u017e\u00ed jakou entitu doma m\u00e1te.<br>Pokud se j\u00ed nedok\u00e1\u017eete zbavit sami, nebojte se po\u017e\u00e1dat o pomoc n\u00e1s. Kontaktujte n\u00e1s na emailu <a href=\"mailto:poradna@nadprirozeno.cz\">poradna@nadprirozeno.cz<\/a> ,ur\u010dit\u011b spole\u010dn\u011b najdeme mo\u017enost. <br><\/p>\n\n\n\n<figure class=\"wp-block-embed-youtube wp-block-embed is-type-video is-provider-youtube wp-embed-aspect-16-9 wp-has-aspect-ratio\"><div class=\"wp-block-embed__wrapper\">\n<iframe loading=\"lazy\" width=\"980\" height=\"551\" src=\"https:\/\/www.youtube.com\/embed\/Sfro7WO8YJg?feature=oembed\" frameborder=\"0\" allow=\"accelerometer; autoplay; encrypted-media; gyroscope; picture-in-picture\" allowfullscreen><\/iframe>\n<\/div><figcaption>Film nato\u010den\u00fd podle skute\u010dn\u00fdch ud\u00e1lost\u00ed<\/figcaption><\/figure>\n\n\n\n<p><\/p>\n","protected":false},"excerpt":{"rendered":"<p>Jak poznat nadp\u0159irozenou aktivitu v dom\u011b V\u011bt\u0161ina z n\u00e1s u\u017e se s t\u00edm setkala, n\u011bkdo si toho je v\u011bdom, n\u011bkdo to ani nezaznamenal. Projevy entit mohou b\u00fdt inteligentn\u00ed nebo rezidu\u00e1ln\u00ed (neinteligentn\u00ed).Neinteligentn\u00ed&#8230;.tady jde v\u011bt\u0161inou o ozv\u011bnu minulosti, se kterou nejde t\u00e9m\u011b\u0159 nic d\u011blat. Ozv\u011bna minulosti,je \u010dasov\u00e1 smy\u010dka, kdy se entita objevuje v ur\u010dit\u00fdch intervalech, nebo p\u0159i [&hellip;]<\/p>\n","protected":false},"author":1,"featured_media":0,"parent":0,"menu_order":0,"comment_status":"closed","ping_status":"closed","template":"","meta":{"_monsterinsights_skip_tracking":false,"_monsterinsights_sitenote_active":false,"_monsterinsights_sitenote_note":"","_monsterinsights_sitenote_category":0},"_links":{"self":[{"href":"https:\/\/nadprirozeno.cz\/index.php\/wp-json\/wp\/v2\/pages\/226"}],"collection":[{"href":"https:\/\/nadprirozeno.cz\/index.php\/wp-json\/wp\/v2\/pages"}],"about":[{"href":"https:\/\/nadprirozeno.cz\/index.php\/wp-json\/wp\/v2\/types\/page"}],"author":[{"embeddable":true,"href":"https:\/\/nadprirozeno.cz\/index.php\/wp-json\/wp\/v2\/users\/1"}],"replies":[{"embeddable":true,"href":"https:\/\/nadprirozeno.cz\/index.php\/wp-json\/wp\/v2\/comments?post=226"}],"version-history":[{"count":1,"href":"https:\/\/nadprirozeno.cz\/index.php\/wp-json\/wp\/v2\/pages\/226\/revisions"}],"predecessor-version":[{"id":231,"href":"https:\/\/nadprirozeno.cz\/index.php\/wp-json\/wp\/v2\/pages\/226\/revisions\/231"}],"wp:attachment":[{"href":"https:\/\/nadprirozeno.cz\/index.php\/wp-json\/wp\/v2\/media?parent=226"}],"curies":[{"name":"wp","href":"https:\/\/api.w.org\/{rel}","templated":true}]}}