{"id":230,"date":"2019-05-23T20:42:02","date_gmt":"2019-05-23T18:42:02","guid":{"rendered":"http:\/\/nadprirozeno.cz\/?page_id=230"},"modified":"2019-05-23T20:42:02","modified_gmt":"2019-05-23T18:42:02","slug":"poltergeist","status":"publish","type":"page","link":"https:\/\/nadprirozeno.cz\/index.php\/poltergeist\/","title":{"rendered":"Poltergeist"},"content":{"rendered":"\n<h1>Poltergeist<\/h1>\n\n\n\n<p>Pat\u0159\u00ed do kategorie inteligentn\u00edho stra\u0161en\u00ed, i kdy\u017e ne tak \u00fapln\u011b ciz\u00edho p\u016fvodu. Poltergeist je takzvan\u00fd &#8222;Rachot\u00edc\u00ed, nebo hlu\u010dn\u00fd duch&#8220;. R\u00e1d p\u0159emis\u0165uje p\u0159edm\u011bty a n\u00e1bytek, otev\u00edr\u00e1 z\u00e1suvky a sk\u0159\u00edn\u011b, napad\u00e1 \u010dleny dom\u00e1cnosti, nebo zp\u016fsobuje r\u016fzn\u00e9 zvuky, kter\u00e9 nemaj\u00ed fyzickou p\u0159\u00ed\u010dinu<\/p>\n\n\n\n<div class=\"wp-block-image\"><figure class=\"aligncenter\"><img loading=\"lazy\" width=\"600\" height=\"338\" src=\"https:\/\/nadprirozeno.cz\/wp-content\/uploads\/2019\/05\/poltergeist.jpg\" alt=\"\" class=\"wp-image-239\" srcset=\"https:\/\/nadprirozeno.cz\/wp-content\/uploads\/2019\/05\/poltergeist.jpg 600w, https:\/\/nadprirozeno.cz\/wp-content\/uploads\/2019\/05\/poltergeist-300x169.jpg 300w, https:\/\/nadprirozeno.cz\/wp-content\/uploads\/2019\/05\/poltergeist-210x118.jpg 210w\" sizes=\"(max-width: 600px) 100vw, 600px\" \/><\/figure><\/div>\n\n\n\n<h2>Co je Poltergeist?<\/h2>\n\n\n\n<p>Poltergeist a\u010d se zd\u00e1, \u017ee m\u00e1 vlastn\u00ed inteligenci, tak tomu nen\u00ed \u00fapln\u011b tak. Poltergeist je v\u011bt\u0161inou zhmotn\u011bn\u00fd strach, nebo touha dosp\u00edvaj\u00edc\u00edho \u010dlov\u011bka (v\u011bt\u0161inou dosp\u00edvaj\u00edc\u00ed d\u00edvky maj\u00ed tuto schopnost). Probl\u00e9m je v tom, \u017ee ten co Poltergeista vytvo\u0159il paradoxn\u011b trp\u00ed nejv\u00edce a je nejv\u00edce napad\u00e1n. To ale neznamen\u00e1 \u017ee je okol\u00ed v bezpe\u010d\u00ed. Poltergeist p\u0159evezme v\u011bt\u0161inou podobu strachu, nebo utkv\u011bl\u00e9 touhy po odplat\u011b, ale u\u017e nerozli\u0161uje komu v okol\u00ed vlastn\u011b ubli\u017euje.<br><\/p>\n\n\n\n<h2>Jak na Poltergeista?<\/h2>\n\n\n\n<p>Poltergeist nen\u00ed klasick\u00e1 du\u0161e, je to kopie podv\u011bdom\u00ed toho \u010dlov\u011bka, kter\u00fd ho stvo\u0159il. Nefunguje na n\u011bj \u017e\u00e1dn\u00e9 vym\u00edt\u00e1n\u00ed, nebo odv\u00e1d\u011bj\u00edc\u00ed ritu\u00e1l. Z pravidla mus\u00ed doj\u00edt k takzvan\u00e9mu placebo ritu\u00e1lu, p\u0159i kter\u00e9m mus\u00ed osoba, kter\u00e1 Poltergeista stvo\u0159ila uv\u011b\u0159it v jeho p\u0159emo\u017een\u00ed a zapuzen\u00ed. T\u00edm poltergeist ztrat\u00ed svou moc a zmiz\u00ed. <br><br>Poltergeist v\u011bt\u0161inou nen\u00ed trval\u00e1 entita. Vet\u0161inou je aktivn\u00ed do doby ne\u017e se doty\u010dn\u00e1 osoba, kter\u00e1 ho stvo\u0159ila dostane do du\u0161evn\u00ed pohody. Pak u\u017e z podhledu podv\u011bdom\u00ed nen\u00ed Poltergeist zapot\u0159eb\u00ed a zmiz\u00ed. Obecn\u011b plat\u00ed, p\u0159etrv\u00e1vaj\u00ed-li projevy d\u00e9le ne\u017e 14 dn\u00ed, tak je dobr\u00e9 obr\u00e1tit se na n\u00e1s na adrese <a href=\"mailto:poradna@nadprirozeno.cz\">poradna@nadprirozeno.cz<\/a>.<br><\/p>\n\n\n\n<h2>Je Poltergeist nebezpe\u010dn\u00fd?<\/h2>\n\n\n\n<p>Na rozd\u00edl od du\u0161\u00ed a entit ned\u00e9monick\u00e9ho typu je Poltergeist velmi nebezpe\u010dn\u00fd, proto\u017ee m\u00e1 takovou s\u00edlu, jakou mu prop\u016fj\u010dila osoba, kter\u00e1 ho stvo\u0159ila. Dok\u00e1\u017ee h\u00e1zet v\u011bcmi, fyzicky napadat okol\u00ed, nebo t\u0159eba \u0161krtit. Byl zdokumentov\u00e1n p\u0159\u00edklad, kde Poltergeist napadl osobu t\u00edm, \u017ee ji \u0161krtil ru\u010dn\u00edkem v koupeln\u011b. V tomto p\u0159\u00edpad\u011b Poltergeista vytvo\u0159ila d\u00edvka, jej\u00ed\u017e rodi\u010de se h\u00e1dali a doch\u00e1zelo mezi nimi i k fyzick\u00e9mu napad\u00e1n\u00ed.<\/p>\n","protected":false},"excerpt":{"rendered":"<p>Poltergeist Pat\u0159\u00ed do kategorie inteligentn\u00edho stra\u0161en\u00ed, i kdy\u017e ne tak \u00fapln\u011b ciz\u00edho p\u016fvodu. Poltergeist je takzvan\u00fd &#8222;Rachot\u00edc\u00ed, nebo hlu\u010dn\u00fd duch&#8220;. R\u00e1d p\u0159emis\u0165uje p\u0159edm\u011bty a n\u00e1bytek, otev\u00edr\u00e1 z\u00e1suvky a sk\u0159\u00edn\u011b, napad\u00e1 \u010dleny dom\u00e1cnosti, nebo zp\u016fsobuje r\u016fzn\u00e9 zvuky, kter\u00e9 nemaj\u00ed fyzickou p\u0159\u00ed\u010dinu Co je Poltergeist? Poltergeist a\u010d se zd\u00e1, \u017ee m\u00e1 vlastn\u00ed inteligenci, tak tomu nen\u00ed \u00fapln\u011b [&hellip;]<\/p>\n","protected":false},"author":1,"featured_media":0,"parent":0,"menu_order":0,"comment_status":"closed","ping_status":"closed","template":"","meta":{"_monsterinsights_skip_tracking":false,"_monsterinsights_sitenote_active":false,"_monsterinsights_sitenote_note":"","_monsterinsights_sitenote_category":0},"_links":{"self":[{"href":"https:\/\/nadprirozeno.cz\/index.php\/wp-json\/wp\/v2\/pages\/230"}],"collection":[{"href":"https:\/\/nadprirozeno.cz\/index.php\/wp-json\/wp\/v2\/pages"}],"about":[{"href":"https:\/\/nadprirozeno.cz\/index.php\/wp-json\/wp\/v2\/types\/page"}],"author":[{"embeddable":true,"href":"https:\/\/nadprirozeno.cz\/index.php\/wp-json\/wp\/v2\/users\/1"}],"replies":[{"embeddable":true,"href":"https:\/\/nadprirozeno.cz\/index.php\/wp-json\/wp\/v2\/comments?post=230"}],"version-history":[{"count":1,"href":"https:\/\/nadprirozeno.cz\/index.php\/wp-json\/wp\/v2\/pages\/230\/revisions"}],"predecessor-version":[{"id":240,"href":"https:\/\/nadprirozeno.cz\/index.php\/wp-json\/wp\/v2\/pages\/230\/revisions\/240"}],"wp:attachment":[{"href":"https:\/\/nadprirozeno.cz\/index.php\/wp-json\/wp\/v2\/media?parent=230"}],"curies":[{"name":"wp","href":"https:\/\/api.w.org\/{rel}","templated":true}]}}