{"id":246,"date":"2019-05-23T22:20:51","date_gmt":"2019-05-23T20:20:51","guid":{"rendered":"http:\/\/nadprirozeno.cz\/?page_id=246"},"modified":"2019-05-23T22:31:48","modified_gmt":"2019-05-23T20:31:48","slug":"pripad-straseni-v-kladne","status":"publish","type":"page","link":"https:\/\/nadprirozeno.cz\/index.php\/pripad-straseni-v-kladne\/","title":{"rendered":"P\u0159\u00edpad stra\u0161en\u00ed v Kladn\u011b"},"content":{"rendered":"\n<h1>P\u0159\u00edpad stra\u0161en\u00ed v Kladn\u011b<\/h1>\n\n\n\n<p>N\u011bkdy to, co se d\u011bje u V\u00e1s doma, nemus\u00ed nutn\u011b souviset s V\u00e1mi, nebo Va\u0161\u00ed rodinou.<br><br>V kv\u011btnu roku 2018 se n\u00e1m ozvala pan\u00ed (\u0159\u00edkejme j\u00ed t\u0159eba Jitka), \u017ee nejsp\u00ed\u0161e m\u00e1 doma ducha. M\u00e1 malou dcerku (\u0159\u00edkejme j\u00ed t\u0159eba Krist\u00fdnka) 5 let a ta se boj\u00ed sama v d\u011btsk\u00e9m pokoji. Pr\u00fd v\u00edd\u00e1 p\u00e1na, kter\u00fd na n\u00ed kouk\u00e1. <br><br>&#8222;Jakmile se jedn\u00e1 o d\u011bti, tak se sna\u017e\u00edme p\u0159\u00edpady \u0159e\u0161it v nejkrat\u0161\u00edm mo\u017en\u00e9m term\u00ednu&#8220;.<br><br>Domluvili jsme tedy term\u00edn n\u00e1v\u0161t\u011bvy a vyrazili za pan\u00ed Jitkou a jej\u00ed rodinou. Otec (t\u0159eba Radek) nebyl z na\u0161\u00ed n\u00e1v\u0161t\u011bvy moc nad\u0161en\u00fd, ale akceptoval n\u00e1s. Vyzpov\u00eddali jsme rodinu a vyzv\u011bd\u011bli co se u nich podle jejich slov vlastn\u011b d\u011bje.<br><br>Zjistili jsme \u017ee v tomto byt\u011b bydl\u00ed teprve 2 roky. P\u0159edt\u00edm zde pr\u00fd bydlela star\u0161\u00ed pan\u00ed. Provedli jsme p\u00e1r b\u011b\u017en\u00fdch nahr\u00e1vek, a m\u011b\u0159en\u00ed. Pot\u00e9 jsme odjeli dom\u016f a podrobili z\u00edskan\u00e9 materi\u00e1ly anal\u00fdze. Na nahr\u00e1vk\u00e1ch EVP jsme usly\u0161eli jm\u00e9no &#8222;Kate\u0159ina&#8220;, p\u0159i dal\u0161\u00edm zkoum\u00e1n\u00ed materi\u00e1l\u016f jsme objevili slova &#8222;sklep&#8220; a &#8222;za sk\u0159\u00edn\u00ed&#8220;. Zavolali jsme proto pan\u00ed Jitce. Tak n\u00e1m ozn\u00e1mila \u017ee b\u00fdval\u00e1 majitelka byla Kate\u0159ina (o sklep\u011b jsme zat\u00edm nemluvili) a dala n\u00e1m na ni kontakt. <br><br>Kdy\u017e se n\u00e1m poda\u0159ilo spojit s pan\u00ed Kate\u0159inou, tak n\u00e1s z po\u010d\u00e1tku m\u011bla za bl\u00e1zny, ale nakonec souhlasila s n\u00e1v\u0161t\u011bvou sv\u00e9ho b\u00fdval\u00e9ho bytu.<br><br>Kdy\u017e nade\u0161el den setk\u00e1n\u00ed tak jsme se v\u0161ichni se\u0161li u pan\u00ed Jitky. Nejprve jsme v\u0161em pustili zaznamenan\u00e9 hlasy ( EVP ) a podali vysv\u011btlen\u00ed. P\u0159ekvapila n\u00e1s reakce pan\u00ed Kate\u0159iny, kter\u00e1 se rozbre\u010dela, proto\u017ee v hlase poznala sv\u00e9ho mu\u017ee, se kter\u00fdm bydlela v tomto byt\u011b do jeho smrti.<\/p>\n\n\n\n<div class=\"wp-block-image\"><figure class=\"aligncenter\"><img loading=\"lazy\" width=\"630\" height=\"354\" src=\"https:\/\/nadprirozeno.cz\/wp-content\/uploads\/2019\/05\/koje.jpg\" alt=\"\" class=\"wp-image-249\" srcset=\"https:\/\/nadprirozeno.cz\/wp-content\/uploads\/2019\/05\/koje.jpg 630w, https:\/\/nadprirozeno.cz\/wp-content\/uploads\/2019\/05\/koje-300x169.jpg 300w, https:\/\/nadprirozeno.cz\/wp-content\/uploads\/2019\/05\/koje-210x118.jpg 210w\" sizes=\"(max-width: 630px) 100vw, 630px\" \/><figcaption>Foto je pouze ilustra\u010dn\u00ed<\/figcaption><\/figure><\/div>\n\n\n\n<p>Kdy\u017e sly\u0161ela poselstv\u00ed &#8222;sklep&#8220; a &#8222;za sk\u0159\u00edn\u00ed&#8220;, zeptala se zda je ve sklepn\u00ed k\u00f3ji je\u0161t\u011b ta star\u00e1 sk\u0159\u00ed\u0148, kterou nechala rodin\u011b pan\u00ed Jitky na v\u011bci. Odpov\u011b\u010f byla kladn\u00e1, proto jsme se vydali do sklepa a odsunuli sk\u0159\u00ed\u0148. Z po\u010d\u00e1tku jsme byli zklaman\u00ed, proto\u017ee za sk\u0159\u00edn\u00ed nic nele\u017eelo. Po chvilce si Radek v\u0161iml slo\u017eky p\u0159ilepen\u00e9 na zadn\u00ed stran\u011b sk\u0159\u00edn\u011b. Odtrhl ji a p\u0159edal cel\u00fd bled\u00fd pan\u00ed Kate\u0159in\u011b. Kter\u00e1 si musela sednout. V tu chv\u00edli byl man\u017eel Radek, i b\u00fdval\u00e1 majitelka bytu Kate\u0159ina, pomalu na zavol\u00e1n\u00ed z\u00e1chranky. Pan\u00ed Kate\u0159ina otev\u0159ela ob\u00e1lku a za\u010dala vyndavat pap\u00edry. <br><br>Byly to pln\u00e9 moci k nakl\u00e1d\u00e1n\u00ed s pozemky, kter\u00e9 jej\u00ed zesnul\u00fd man\u017eel za \u017eivota potaj\u00ed koupil a nestihl je pan\u00ed Kate\u0159in\u011b p\u0159edat. V tuto chv\u00edli byla atmosf\u00e9ra tak emocion\u00e1ln\u011b vypjat\u00e1, \u017ee u nikoho z n\u00e1s nez\u016fstalo oko such\u00e9. Dokonce Radek uznal, \u017ee jeho skepticizmus a zesm\u011b\u0161\u0148ov\u00e1n\u00ed Jitky nebylo na m\u00edst\u011b a omluvil se.<br><br>Kdy\u017e jsme se rozlou\u010dili, tak jsme celou cestu dom\u016f rozeb\u00edrali, co se vlastn\u011b stalo. Trouf\u00e1m si \u0159\u00edci \u017ee n\u00e1m v\u0161e do\u0161lo a\u017e s odstupem \u010dasu. T\u00edmto p\u0159\u00edpadem jsme se ujistili, \u017ee ne poka\u017ed\u00e9 je stra\u0161en\u00ed ve jm\u00e9nu zla, ale jsou i v\u00fdjimky, kter\u00e9 kon\u010d\u00ed \u0161\u0165astn\u00fdm koncem.<br><br>N\u00e1\u0161 p\u0159\u00edstup je z po\u010d\u00e1tku v\u017edy k entit\u00e1m p\u0159\u00e1telsk\u00fd a sna\u017e\u00edme se zjistit co maj\u00ed na srdci. Nen\u00ed spr\u00e1vn\u00e9 rovnou vyh\u00e1n\u011bt a odv\u00e1d\u011bt. Zdvo\u0159il\u00e9 je se nejprve pt\u00e1t, proto\u017ee mnohdy je stra\u0161en\u00ed pouze n\u00e1stroj k tomu jak na sebe upozornit.<br><br>T\u011bchto p\u0159\u00edpad\u016f nen\u00ed mnoho, p\u0159ibli\u017en\u011b jeden za dva roky. Ale je dobr\u00e9 \u017ee jsou.<\/p>\n","protected":false},"excerpt":{"rendered":"<p>P\u0159\u00edpad stra\u0161en\u00ed v Kladn\u011b N\u011bkdy to, co se d\u011bje u V\u00e1s doma, nemus\u00ed nutn\u011b souviset s V\u00e1mi, nebo Va\u0161\u00ed rodinou. V kv\u011btnu roku 2018 se n\u00e1m ozvala pan\u00ed (\u0159\u00edkejme j\u00ed t\u0159eba Jitka), \u017ee nejsp\u00ed\u0161e m\u00e1 doma ducha. M\u00e1 malou dcerku (\u0159\u00edkejme j\u00ed t\u0159eba Krist\u00fdnka) 5 let a ta se boj\u00ed sama v d\u011btsk\u00e9m pokoji. Pr\u00fd [&hellip;]<\/p>\n","protected":false},"author":1,"featured_media":0,"parent":0,"menu_order":0,"comment_status":"closed","ping_status":"closed","template":"","meta":{"_monsterinsights_skip_tracking":false,"_monsterinsights_sitenote_active":false,"_monsterinsights_sitenote_note":"","_monsterinsights_sitenote_category":0},"_links":{"self":[{"href":"https:\/\/nadprirozeno.cz\/index.php\/wp-json\/wp\/v2\/pages\/246"}],"collection":[{"href":"https:\/\/nadprirozeno.cz\/index.php\/wp-json\/wp\/v2\/pages"}],"about":[{"href":"https:\/\/nadprirozeno.cz\/index.php\/wp-json\/wp\/v2\/types\/page"}],"author":[{"embeddable":true,"href":"https:\/\/nadprirozeno.cz\/index.php\/wp-json\/wp\/v2\/users\/1"}],"replies":[{"embeddable":true,"href":"https:\/\/nadprirozeno.cz\/index.php\/wp-json\/wp\/v2\/comments?post=246"}],"version-history":[{"count":5,"href":"https:\/\/nadprirozeno.cz\/index.php\/wp-json\/wp\/v2\/pages\/246\/revisions"}],"predecessor-version":[{"id":255,"href":"https:\/\/nadprirozeno.cz\/index.php\/wp-json\/wp\/v2\/pages\/246\/revisions\/255"}],"wp:attachment":[{"href":"https:\/\/nadprirozeno.cz\/index.php\/wp-json\/wp\/v2\/media?parent=246"}],"curies":[{"name":"wp","href":"https:\/\/api.w.org\/{rel}","templated":true}]}}