{"id":25,"date":"2019-05-19T10:19:02","date_gmt":"2019-05-19T08:19:02","guid":{"rendered":"http:\/\/nadprirozeno.cz\/?page_id=25"},"modified":"2019-05-19T11:49:57","modified_gmt":"2019-05-19T09:49:57","slug":"the-black-monk-of-pontefract","status":"publish","type":"page","link":"https:\/\/nadprirozeno.cz\/index.php\/the-black-monk-of-pontefract\/","title":{"rendered":"The Black monk of pontefract"},"content":{"rendered":"\n<h1>The Black monk of pontefract<\/h1>\n\n\n\n<p>V roce 2012 vy\u0161el film re\u017eis\u00e9ra Pata Holdena &#8222;Kdy\u017e vy\u0161lo sv\u011btlo&#8220;. Film se op\u00edr\u00e1 o skute\u010dn\u00e9 ud\u00e1losti, kter\u00e9 se staly v Pontefract, West Yorkshire v Anglii po roce 1966. S\u00e1m re\u017eis\u00e9r byl jako mal\u00fd sv\u011bdkem n\u011bkolika aktivit, jeliko\u017e jeho teta Jean Pritchard, kter\u00e1 byla p\u0159\u00edtelkyn\u00ed utla\u010dovan\u00e9 rodiny Pritchardov\u00fdch.<br><br>Tento p\u0159\u00edpad se zapsal do d\u011bjin Anglie jako nejn\u00e1siln\u011bj\u0161\u00ed p\u0159\u00edpad v stra\u0161en\u00ed v historii.<\/p>\n\n\n\n<figure class=\"wp-block-image\"><img loading=\"lazy\" width=\"1024\" height=\"565\" src=\"https:\/\/nadprirozeno.cz\/wp-content\/uploads\/2019\/05\/east-drive-house-1024x565.jpg\" alt=\"\" class=\"wp-image-26\" srcset=\"https:\/\/nadprirozeno.cz\/wp-content\/uploads\/2019\/05\/east-drive-house-1024x565.jpg 1024w, https:\/\/nadprirozeno.cz\/wp-content\/uploads\/2019\/05\/east-drive-house-300x166.jpg 300w, https:\/\/nadprirozeno.cz\/wp-content\/uploads\/2019\/05\/east-drive-house-768x424.jpg 768w, https:\/\/nadprirozeno.cz\/wp-content\/uploads\/2019\/05\/east-drive-house-210x116.jpg 210w, https:\/\/nadprirozeno.cz\/wp-content\/uploads\/2019\/05\/east-drive-house-1536x847.jpg 1536w, https:\/\/nadprirozeno.cz\/wp-content\/uploads\/2019\/05\/east-drive-house.jpg 1800w\" sizes=\"(max-width: 980px) 100vw, 980px\" \/><figcaption>D\u016fm rodiny Pritchardov\u00fdch<\/figcaption><\/figure>\n\n\n\n<p>Oproti filmu, se rodina sest\u00e1vala z Jeana a Joe Pritchardov\u00fdch, jejich syna Filipa a dcery Diane.<br><br>Aktivita v dom\u011b se za\u010dala projevovat kalu\u017eemi na podlaze v dom\u011b, kter\u00e9 nem\u011bly \u017e\u00e1dn\u00e9 vysv\u011btliteln\u00e9 p\u0159\u00ed\u010diny tvorby, dokonce byl kv\u016fli tomu i cel\u00fd d\u016fm odpojen od hlavn\u00edho vodn\u00edho \u0159adu, ale kalu\u017ee se objevovaly st\u00e1le d\u00e1l, i kdy\u017e v t\u011bchto m\u00edstech \u017e\u00e1dn\u00e9 trubky nebyly.<br><br>Po n\u011bjak\u00e9 dob\u011b aktivita zes\u00edlila natolik, \u017ee za\u010dalo doch\u00e1zet k samovoln\u00e9mu zap\u00edn\u00e1n\u00ed a vyp\u00edn\u00e1n\u00ed sv\u011btel, p\u0159em\u00eds\u0165ov\u00e1n\u00ed n\u00e1bytku doprov\u00e1zen\u00e9m zvukov\u00fdmi projevy a kroky, kter\u00e9 nikomu nepat\u0159ily. Fotografie v r\u00e1me\u010dku za sklem byly roztr\u017een\u00e9, jako by se n\u011bco sna\u017eilo Jeana a Joe rozd\u011bit.<br><br>I p\u0159es to, \u017ee v\u011bt\u0161ina pozvan\u00fdch lid\u00ed (v\u010detn\u011b policist\u016f, vik\u00e1\u0159e a veden\u00ed m\u00edstn\u00ed radnice), kte\u0159\u00ed byli sv\u011bdky paranorm\u00e1ln\u00edch jev\u016f v dom\u011b, byla rodina Pritchardov\u00fdch ter\u010dem posm\u011bchu.<br><br>V t\u00e9to dob\u011b se zd\u00e1lo, \u017ee se aktivita za\u010d\u00edn\u00e1 stup\u0148ovat, proto\u017ee krom\u011b krok\u016f, sv\u011btel a p\u0159em\u00eds\u0165ov\u00e1n\u00ed n\u00e1bytku, kter\u00fd v t\u00e9to dob\u011b za\u010d\u00ednal krom\u011b obvykl\u00e9ho p\u0159em\u00edst\u011bn\u00ed b\u00fdt je\u0161t\u011b ve v\u011bt\u0161in\u011b p\u0159\u00edpad\u016f p\u0159evr\u00e1cen\u00fd vzh\u016fru nohama, za\u010d\u00edn\u00e1 b\u00fdt z\u0159eteln\u011b vid\u011bt st\u00ednov\u00e1 postava, kter\u00e1 se proch\u00e1z\u00ed domem. <br><\/p>\n\n\n\n<figure class=\"wp-block-embed-youtube wp-block-embed is-type-video is-provider-youtube wp-embed-aspect-16-9 wp-has-aspect-ratio\"><div class=\"wp-block-embed__wrapper\">\n<iframe loading=\"lazy\" width=\"980\" height=\"551\" src=\"https:\/\/www.youtube.com\/embed\/hakMuHeM-IE?feature=oembed\" frameborder=\"0\" allow=\"accelerometer; autoplay; encrypted-media; gyroscope; picture-in-picture\" allowfullscreen><\/iframe>\n<\/div><figcaption>Aktivita v dom\u011b neutich\u00e1 ani dnes. Vy\u0161et\u0159ovatel\u00e9 se st\u00e1le setk\u00e1vaj\u00ed s nov\u00fdmi projevy.<\/figcaption><\/figure>\n\n\n\n<p>Nejv\u011bt\u0161\u00ed aktivita byla zaznamen\u00e1na kdy\u017e z\u016fstal na v\u00edkend doma s\u00e1m syn Filip se svou babi\u010dkou Sarah Scholesovou. V tu dobu doch\u00e1zelo ke spont\u00e1ln\u00edmu tvo\u0159en\u00ed vodn\u00edch kalu\u017e\u00ed, pozorovateln\u00e9mu zap\u00edn\u00e1n\u00ed a vyp\u00edn\u00e1n\u00ed vyp\u00edna\u010d\u016f sv\u011btel, dokonce i pumpi\u010dka na termosce s \u010dajem se sama pohybovala nahoru a dolu.<br><br>B\u011bhem n\u00e1sleduj\u00edc\u00edho m\u011bs\u00edce aktivita ustala na n\u00e1sleduj\u00edc\u00ed dva roky. Pot\u00e9 se bez varov\u00e1n\u00ed op\u011bt vr\u00e1tila v pln\u00e9 s\u00edle. Ov\u0161em rodina Pritchardov\u00fdch se rozhodla se nevzdat a s jevy v dom\u011b se nau\u010dila existovat.<br><br>Kdy\u017e se re\u017eis\u00e9r Pat Holden rozhodl p\u0159\u00edb\u011bh zfilmovat, rodina d\u016fm prodala, aby nebyla vystavena ka\u017edodenn\u00edmu n\u00e1poru amat\u00e9rsk\u00fdch lovc\u016f duch\u016f.<br><br>Nikdo nedok\u00e1\u017ee s jistotou \u0159\u00edci,z jak\u00e9ho d\u016fvodu se zde za\u010daly tyto jevy projevovat,jednou mo\u017enou teori\u00ed je v\u00fdstavba domu v m\u00edst\u011b b\u00fdval\u00e9ho \u0161ibeni\u010dn\u00edho popravi\u0161t\u011b,kde mimo jin\u00e9 byl popraven mnich za zn\u00e1siln\u011bn\u00ed nezletil\u00e9 d\u00edvky,d\u00edky t\u00e9to ud\u00e1losti se temn\u00e9 zjevuj\u00edc\u00ed se postav\u011b p\u0159ezd\u00edv\u00e1 black monk.<br><br>Pro ty z V\u00e1s,kter\u00e9 \u010dl\u00e1nek zaujal,zde m\u00e1me odkaz na filmov\u00e9 zpracov\u00e1n\u00ed t\u00e9to ud\u00e1losti: <a href=\"http:\/\/www.onlinefilmykeshlednuti.cz\/horor-filmy\/when-the-lights-went-out-when-the-lights-went-out-2012-ke-shlednuti-online\">http:\/\/www.onlinefilmykeshlednuti.cz\/horor-filmy\/when-the-lights-went-out-when-the-lights-went-out-2012-ke-shlednuti-online<\/a><\/p>\n\n\n\n<p>Zdroj n\u00e1sleduj\u00edc\u00ed fotogalerie Google.com<br><\/p>\n\n\n\n<ul class=\"wp-container-2 wp-block-gallery-1 wp-block-gallery columns-3 is-cropped\"><li class=\"blocks-gallery-item\"><figure><img loading=\"lazy\" width=\"515\" height=\"380\" src=\"https:\/\/nadprirozeno.cz\/wp-content\/uploads\/2019\/05\/resize_Monk-seen.jpg\" alt=\"\" data-id=\"33\" data-link=\"https:\/\/nadprirozeno.cz\/index.php\/the-black-monk-of-pontefract\/resize_monk-seen\/\" class=\"wp-image-33\" srcset=\"https:\/\/nadprirozeno.cz\/wp-content\/uploads\/2019\/05\/resize_Monk-seen.jpg 515w, https:\/\/nadprirozeno.cz\/wp-content\/uploads\/2019\/05\/resize_Monk-seen-300x221.jpg 300w, https:\/\/nadprirozeno.cz\/wp-content\/uploads\/2019\/05\/resize_Monk-seen-210x155.jpg 210w\" sizes=\"(max-width: 515px) 100vw, 515px\" \/><\/figure><\/li><li class=\"blocks-gallery-item\"><figure><img loading=\"lazy\" width=\"750\" height=\"550\" src=\"https:\/\/nadprirozeno.cz\/wp-content\/uploads\/2019\/05\/The-Black-Monk-of-Pontefract-Englands-Most-Violent-Poltergeist-4.jpg\" alt=\"\" data-id=\"34\" data-link=\"https:\/\/nadprirozeno.cz\/index.php\/the-black-monk-of-pontefract\/the-black-monk-of-pontefract-englands-most-violent-poltergeist-4\/\" class=\"wp-image-34\" srcset=\"https:\/\/nadprirozeno.cz\/wp-content\/uploads\/2019\/05\/The-Black-Monk-of-Pontefract-Englands-Most-Violent-Poltergeist-4.jpg 750w, https:\/\/nadprirozeno.cz\/wp-content\/uploads\/2019\/05\/The-Black-Monk-of-Pontefract-Englands-Most-Violent-Poltergeist-4-300x220.jpg 300w, https:\/\/nadprirozeno.cz\/wp-content\/uploads\/2019\/05\/The-Black-Monk-of-Pontefract-Englands-Most-Violent-Poltergeist-4-210x154.jpg 210w\" sizes=\"(max-width: 750px) 100vw, 750px\" \/><\/figure><\/li><li class=\"blocks-gallery-item\"><figure><img loading=\"lazy\" width=\"590\" height=\"350\" src=\"https:\/\/nadprirozeno.cz\/wp-content\/uploads\/2019\/05\/BLACK-MONK-GHOST-PARANORMAL-INVESTIGTOR-CLAIRE-COWELL-717795.jpg\" alt=\"\" data-id=\"35\" data-link=\"https:\/\/nadprirozeno.cz\/index.php\/the-black-monk-of-pontefract\/black-monk-ghost-paranormal-investigtor-claire-cowell-717795\/\" class=\"wp-image-35\" srcset=\"https:\/\/nadprirozeno.cz\/wp-content\/uploads\/2019\/05\/BLACK-MONK-GHOST-PARANORMAL-INVESTIGTOR-CLAIRE-COWELL-717795.jpg 590w, https:\/\/nadprirozeno.cz\/wp-content\/uploads\/2019\/05\/BLACK-MONK-GHOST-PARANORMAL-INVESTIGTOR-CLAIRE-COWELL-717795-300x178.jpg 300w, https:\/\/nadprirozeno.cz\/wp-content\/uploads\/2019\/05\/BLACK-MONK-GHOST-PARANORMAL-INVESTIGTOR-CLAIRE-COWELL-717795-210x125.jpg 210w\" sizes=\"(max-width: 590px) 100vw, 590px\" \/><\/figure><\/li><li class=\"blocks-gallery-item\"><figure><img loading=\"lazy\" width=\"700\" height=\"525\" src=\"https:\/\/nadprirozeno.cz\/wp-content\/uploads\/2019\/05\/117_black-monk-of-pontefract_thb.jpg\" alt=\"\" data-id=\"36\" data-link=\"https:\/\/nadprirozeno.cz\/index.php\/the-black-monk-of-pontefract\/117_black-monk-of-pontefract_thb\/\" class=\"wp-image-36\" srcset=\"https:\/\/nadprirozeno.cz\/wp-content\/uploads\/2019\/05\/117_black-monk-of-pontefract_thb.jpg 700w, https:\/\/nadprirozeno.cz\/wp-content\/uploads\/2019\/05\/117_black-monk-of-pontefract_thb-300x225.jpg 300w, https:\/\/nadprirozeno.cz\/wp-content\/uploads\/2019\/05\/117_black-monk-of-pontefract_thb-210x158.jpg 210w\" sizes=\"(max-width: 700px) 100vw, 700px\" \/><\/figure><\/li><li class=\"blocks-gallery-item\"><figure><img loading=\"lazy\" width=\"267\" height=\"189\" src=\"https:\/\/nadprirozeno.cz\/wp-content\/uploads\/2019\/05\/images-3.jpg\" alt=\"\" data-id=\"37\" data-link=\"https:\/\/nadprirozeno.cz\/index.php\/the-black-monk-of-pontefract\/images-3\/\" class=\"wp-image-37\" srcset=\"https:\/\/nadprirozeno.cz\/wp-content\/uploads\/2019\/05\/images-3.jpg 267w, https:\/\/nadprirozeno.cz\/wp-content\/uploads\/2019\/05\/images-3-210x149.jpg 210w\" sizes=\"(max-width: 267px) 100vw, 267px\" \/><\/figure><\/li><li class=\"blocks-gallery-item\"><figure><img loading=\"lazy\" width=\"183\" height=\"275\" src=\"https:\/\/nadprirozeno.cz\/wp-content\/uploads\/2019\/05\/images-4.jpg\" alt=\"\" data-id=\"38\" data-link=\"https:\/\/nadprirozeno.cz\/index.php\/the-black-monk-of-pontefract\/images-4\/\" class=\"wp-image-38\" srcset=\"https:\/\/nadprirozeno.cz\/wp-content\/uploads\/2019\/05\/images-4.jpg 183w, https:\/\/nadprirozeno.cz\/wp-content\/uploads\/2019\/05\/images-4-140x210.jpg 140w\" sizes=\"(max-width: 183px) 100vw, 183px\" \/><\/figure><\/li><li class=\"blocks-gallery-item\"><figure><img loading=\"lazy\" width=\"183\" height=\"275\" src=\"https:\/\/nadprirozeno.cz\/wp-content\/uploads\/2019\/05\/images-5.jpg\" alt=\"\" data-id=\"39\" data-link=\"https:\/\/nadprirozeno.cz\/index.php\/the-black-monk-of-pontefract\/images-5\/\" class=\"wp-image-39\" srcset=\"https:\/\/nadprirozeno.cz\/wp-content\/uploads\/2019\/05\/images-5.jpg 183w, https:\/\/nadprirozeno.cz\/wp-content\/uploads\/2019\/05\/images-5-140x210.jpg 140w\" sizes=\"(max-width: 183px) 100vw, 183px\" \/><\/figure><\/li><li class=\"blocks-gallery-item\"><figure><img loading=\"lazy\" width=\"276\" height=\"183\" src=\"https:\/\/nadprirozeno.cz\/wp-content\/uploads\/2019\/05\/images-6.jpg\" alt=\"\" data-id=\"40\" data-link=\"https:\/\/nadprirozeno.cz\/index.php\/the-black-monk-of-pontefract\/images-6\/\" class=\"wp-image-40\" srcset=\"https:\/\/nadprirozeno.cz\/wp-content\/uploads\/2019\/05\/images-6.jpg 276w, https:\/\/nadprirozeno.cz\/wp-content\/uploads\/2019\/05\/images-6-210x139.jpg 210w\" sizes=\"(max-width: 276px) 100vw, 276px\" \/><\/figure><\/li><li class=\"blocks-gallery-item\"><figure><img loading=\"lazy\" width=\"275\" height=\"183\" src=\"https:\/\/nadprirozeno.cz\/wp-content\/uploads\/2019\/05\/images-1.jpg\" alt=\"\" data-id=\"41\" data-link=\"https:\/\/nadprirozeno.cz\/index.php\/the-black-monk-of-pontefract\/images-1\/\" class=\"wp-image-41\" srcset=\"https:\/\/nadprirozeno.cz\/wp-content\/uploads\/2019\/05\/images-1.jpg 275w, https:\/\/nadprirozeno.cz\/wp-content\/uploads\/2019\/05\/images-1-210x140.jpg 210w\" sizes=\"(max-width: 275px) 100vw, 275px\" \/><\/figure><\/li><li class=\"blocks-gallery-item\"><figure><img loading=\"lazy\" width=\"259\" height=\"194\" src=\"https:\/\/nadprirozeno.cz\/wp-content\/uploads\/2019\/05\/images.jpg\" alt=\"\" data-id=\"32\" data-link=\"https:\/\/nadprirozeno.cz\/index.php\/the-black-monk-of-pontefract\/images\/\" class=\"wp-image-32\" srcset=\"https:\/\/nadprirozeno.cz\/wp-content\/uploads\/2019\/05\/images.jpg 259w, https:\/\/nadprirozeno.cz\/wp-content\/uploads\/2019\/05\/images-210x157.jpg 210w\" sizes=\"(max-width: 259px) 100vw, 259px\" \/><\/figure><\/li><li class=\"blocks-gallery-item\"><figure><img loading=\"lazy\" width=\"275\" height=\"183\" src=\"https:\/\/nadprirozeno.cz\/wp-content\/uploads\/2019\/05\/images-2.jpg\" alt=\"\" data-id=\"31\" data-link=\"https:\/\/nadprirozeno.cz\/index.php\/the-black-monk-of-pontefract\/images-2\/\" class=\"wp-image-31\" srcset=\"https:\/\/nadprirozeno.cz\/wp-content\/uploads\/2019\/05\/images-2.jpg 275w, https:\/\/nadprirozeno.cz\/wp-content\/uploads\/2019\/05\/images-2-210x140.jpg 210w\" sizes=\"(max-width: 275px) 100vw, 275px\" \/><\/figure><\/li><\/ul>\n\n\n\n<p><\/p>\n","protected":false},"excerpt":{"rendered":"<p>The Black monk of pontefract V roce 2012 vy\u0161el film re\u017eis\u00e9ra Pata Holdena &#8222;Kdy\u017e vy\u0161lo sv\u011btlo&#8220;. Film se op\u00edr\u00e1 o skute\u010dn\u00e9 ud\u00e1losti, kter\u00e9 se staly v Pontefract, West Yorkshire v Anglii po roce 1966. S\u00e1m re\u017eis\u00e9r byl jako mal\u00fd sv\u011bdkem n\u011bkolika aktivit, jeliko\u017e jeho teta Jean Pritchard, kter\u00e1 byla p\u0159\u00edtelkyn\u00ed utla\u010dovan\u00e9 rodiny Pritchardov\u00fdch. Tento p\u0159\u00edpad [&hellip;]<\/p>\n","protected":false},"author":1,"featured_media":0,"parent":0,"menu_order":0,"comment_status":"closed","ping_status":"closed","template":"","meta":{"_monsterinsights_skip_tracking":false,"_monsterinsights_sitenote_active":false,"_monsterinsights_sitenote_note":"","_monsterinsights_sitenote_category":0},"_links":{"self":[{"href":"https:\/\/nadprirozeno.cz\/index.php\/wp-json\/wp\/v2\/pages\/25"}],"collection":[{"href":"https:\/\/nadprirozeno.cz\/index.php\/wp-json\/wp\/v2\/pages"}],"about":[{"href":"https:\/\/nadprirozeno.cz\/index.php\/wp-json\/wp\/v2\/types\/page"}],"author":[{"embeddable":true,"href":"https:\/\/nadprirozeno.cz\/index.php\/wp-json\/wp\/v2\/users\/1"}],"replies":[{"embeddable":true,"href":"https:\/\/nadprirozeno.cz\/index.php\/wp-json\/wp\/v2\/comments?post=25"}],"version-history":[{"count":6,"href":"https:\/\/nadprirozeno.cz\/index.php\/wp-json\/wp\/v2\/pages\/25\/revisions"}],"predecessor-version":[{"id":44,"href":"https:\/\/nadprirozeno.cz\/index.php\/wp-json\/wp\/v2\/pages\/25\/revisions\/44"}],"wp:attachment":[{"href":"https:\/\/nadprirozeno.cz\/index.php\/wp-json\/wp\/v2\/media?parent=25"}],"curies":[{"name":"wp","href":"https:\/\/api.w.org\/{rel}","templated":true}]}}