{"id":268,"date":"2019-05-24T19:19:49","date_gmt":"2019-05-24T17:19:49","guid":{"rendered":"http:\/\/nadprirozeno.cz\/?page_id=268"},"modified":"2019-08-01T11:46:08","modified_gmt":"2019-08-01T09:46:08","slug":"napsali-o-nas-media","status":"publish","type":"page","link":"https:\/\/nadprirozeno.cz\/index.php\/napsali-o-nas-media\/","title":{"rendered":"Napsali o n\u00e1s m\u00e9dia"},"content":{"rendered":"\n<h1>Napsali o n\u00e1s m\u00e9dia<br><\/h1>\n\n\n\n<div class=\"wp-container-3 wp-block-columns has-2-columns\">\n<div class=\"wp-container-1 wp-block-column\">\n<figure class=\"wp-block-image\"><img loading=\"lazy\" width=\"750\" height=\"422\" src=\"https:\/\/nadprirozeno.cz\/wp-content\/uploads\/2019\/05\/logo_pribram_cz.jpeg\" alt=\"\" class=\"wp-image-269\" srcset=\"https:\/\/nadprirozeno.cz\/wp-content\/uploads\/2019\/05\/logo_pribram_cz.jpeg 750w, https:\/\/nadprirozeno.cz\/wp-content\/uploads\/2019\/05\/logo_pribram_cz-300x169.jpeg 300w, https:\/\/nadprirozeno.cz\/wp-content\/uploads\/2019\/05\/logo_pribram_cz-210x118.jpeg 210w\" sizes=\"(max-width: 750px) 100vw, 750px\" \/><\/figure>\n<\/div>\n\n\n\n<div class=\"wp-container-2 wp-block-column\">\n<p><br>Internetov\u00fd port\u00e1l pribram.cz o n\u00e1s publikoval \u010dl\u00e1nek (rozhovor) d\u00edky kter\u00e9mu se n\u00e1m ozvali lid\u00e9, kte\u0159\u00ed opravdu pot\u0159ebovali pomoci. Odkaz na \u010dl\u00e1nek naleznete <a href=\"https:\/\/www.pribram.cz\/clanek\/rozhovor-co-se-deje-po-zivote-kam-smeruje-duse-zemreleho\/12580\/\" target=\"_blank\" rel=\"noreferrer noopener\" aria-label=\" (otev\u0159e se na nov\u00e9 z\u00e1lo\u017ece)\">ZDE<\/a>.<br><\/p>\n<\/div>\n<\/div>\n\n\n\n<div class=\"wp-container-6 wp-block-columns has-2-columns\">\n<div class=\"wp-container-4 wp-block-column\">\n<figure class=\"wp-block-image\"><img loading=\"lazy\" width=\"750\" height=\"422\" src=\"https:\/\/nadprirozeno.cz\/wp-content\/uploads\/2019\/05\/logo_pribram_cz.jpeg\" alt=\"\" class=\"wp-image-269\" srcset=\"https:\/\/nadprirozeno.cz\/wp-content\/uploads\/2019\/05\/logo_pribram_cz.jpeg 750w, https:\/\/nadprirozeno.cz\/wp-content\/uploads\/2019\/05\/logo_pribram_cz-300x169.jpeg 300w, https:\/\/nadprirozeno.cz\/wp-content\/uploads\/2019\/05\/logo_pribram_cz-210x118.jpeg 210w\" sizes=\"(max-width: 750px) 100vw, 750px\" \/><\/figure>\n<\/div>\n\n\n\n<div class=\"wp-container-5 wp-block-column\">\n<p><br>Byli jsem odk\u00e1z\u00e1n\u00ed na jeden star\u00fd \u017eidovsk\u00fd h\u0159bitov, kde se \u00fadajn\u011b d\u011bj\u00ed zvl\u00e1\u0161tn\u00ed v\u011bci. Odkaz na \u010dl\u00e1nek naleznete <a href=\"https:\/\/www.pribram.cz\/clanek\/hrbitov-ze-17-stoleti-nedaleko-pribrami-upoutal-pozornost-zahadologu\/14111\/\">ZDE.<\/a><br><\/p>\n<\/div>\n<\/div>\n\n\n\n<div class=\"wp-container-9 wp-block-columns has-2-columns\">\n<div class=\"wp-container-7 wp-block-column\">\n<figure class=\"wp-block-image\"><img loading=\"lazy\" width=\"435\" height=\"324\" src=\"https:\/\/nadprirozeno.cz\/wp-content\/uploads\/2019\/05\/tv_sseznam_logo.jpg\" alt=\"\" class=\"wp-image-270\" srcset=\"https:\/\/nadprirozeno.cz\/wp-content\/uploads\/2019\/05\/tv_sseznam_logo.jpg 435w, https:\/\/nadprirozeno.cz\/wp-content\/uploads\/2019\/05\/tv_sseznam_logo-300x223.jpg 300w, https:\/\/nadprirozeno.cz\/wp-content\/uploads\/2019\/05\/tv_sseznam_logo-210x156.jpg 210w\" sizes=\"(max-width: 435px) 100vw, 435px\" \/><\/figure>\n<\/div>\n\n\n\n<div class=\"wp-container-8 wp-block-column\">\n<p><br>Televize Seznam (Stream) v po\u0159adu Jaroslava Mare\u0161e Tajemno uvedla epizodu ve kter\u00e9 byl Jaroslav Mare\u0161 p\u0159\u00edtomen u na\u0161eho vy\u0161et\u0159ov\u00e1n\u00ed v b\u00fdval\u00e9m terez\u00ednsk\u00e9m lazaretu. Odkaz na epizodu po\u0159adu naleznete <a href=\"https:\/\/www.televizeseznam.cz\/video\/tajemno\/cesti-lovci-duchu-se-zesnulymi-v-terezine-komunikuji-pomoci-techniky-63865623\" target=\"_blank\" rel=\"noreferrer noopener\" aria-label=\" (otev\u0159e se na nov\u00e9 z\u00e1lo\u017ece)\">ZDE<\/a>.<br><\/p>\n<\/div>\n<\/div>\n","protected":false},"excerpt":{"rendered":"<p>Napsali o n\u00e1s m\u00e9dia Internetov\u00fd port\u00e1l pribram.cz o n\u00e1s publikoval \u010dl\u00e1nek (rozhovor) d\u00edky kter\u00e9mu se n\u00e1m ozvali lid\u00e9, kte\u0159\u00ed opravdu pot\u0159ebovali pomoci. Odkaz na \u010dl\u00e1nek naleznete ZDE. Byli jsem odk\u00e1z\u00e1n\u00ed na jeden star\u00fd \u017eidovsk\u00fd h\u0159bitov, kde se \u00fadajn\u011b d\u011bj\u00ed zvl\u00e1\u0161tn\u00ed v\u011bci. Odkaz na \u010dl\u00e1nek naleznete ZDE. Televize Seznam (Stream) v po\u0159adu Jaroslava Mare\u0161e Tajemno uvedla [&hellip;]<\/p>\n","protected":false},"author":1,"featured_media":0,"parent":0,"menu_order":0,"comment_status":"closed","ping_status":"closed","template":"","meta":{"_monsterinsights_skip_tracking":false,"_monsterinsights_sitenote_active":false,"_monsterinsights_sitenote_note":"","_monsterinsights_sitenote_category":0},"_links":{"self":[{"href":"https:\/\/nadprirozeno.cz\/index.php\/wp-json\/wp\/v2\/pages\/268"}],"collection":[{"href":"https:\/\/nadprirozeno.cz\/index.php\/wp-json\/wp\/v2\/pages"}],"about":[{"href":"https:\/\/nadprirozeno.cz\/index.php\/wp-json\/wp\/v2\/types\/page"}],"author":[{"embeddable":true,"href":"https:\/\/nadprirozeno.cz\/index.php\/wp-json\/wp\/v2\/users\/1"}],"replies":[{"embeddable":true,"href":"https:\/\/nadprirozeno.cz\/index.php\/wp-json\/wp\/v2\/comments?post=268"}],"version-history":[{"count":4,"href":"https:\/\/nadprirozeno.cz\/index.php\/wp-json\/wp\/v2\/pages\/268\/revisions"}],"predecessor-version":[{"id":409,"href":"https:\/\/nadprirozeno.cz\/index.php\/wp-json\/wp\/v2\/pages\/268\/revisions\/409"}],"wp:attachment":[{"href":"https:\/\/nadprirozeno.cz\/index.php\/wp-json\/wp\/v2\/media?parent=268"}],"curies":[{"name":"wp","href":"https:\/\/api.w.org\/{rel}","templated":true}]}}