{"id":275,"date":"2019-05-24T19:45:58","date_gmt":"2019-05-24T17:45:58","guid":{"rendered":"http:\/\/nadprirozeno.cz\/?page_id=275"},"modified":"2019-05-24T19:45:58","modified_gmt":"2019-05-24T17:45:58","slug":"kontakty","status":"publish","type":"page","link":"https:\/\/nadprirozeno.cz\/index.php\/kontakty\/","title":{"rendered":"Kontakty"},"content":{"rendered":"\n<h1>Kontakty<\/h1>\n\n\n\n<p>Pokud se s n\u00e1mi chcete spojit, m\u016f\u017eete to ud\u011blat n\u011bkolika zp\u016fsoby.<br><br>1) Pomoc\u00ed emailu:<br><br>&#8211; pokud chcete poradit ohledn\u011b parajev\u016f, napi\u0161te n\u00e1m na email <a href=\"mailto:poradna@nadprirozeno.cz\">poradna@nadprirozeno.cz<\/a><br><br>-pokud pot\u0159ebujete akutn\u00ed pomoc s napad\u00e1n\u00edm V\u00e1s, nebo Va\u0161ich d\u011bt\u00ed, napi\u0161te n\u00e1m na email <a href=\"mailto:pomoc@nadprirozeno.cz\">pomoc@nadprirozeno.cz<\/a><br><br>2) Pomoc\u00ed na\u0161\u00ed facebookov\u00e9 skupiny: <a href=\"https:\/\/www.facebook.com\/groups\/1692676327510127\/\">Nadp\u0159irozen\u00e9 jevy, d\u00e9moni i and\u011bl\u00e9 \/L.P.L\/<\/a><\/p>\n","protected":false},"excerpt":{"rendered":"<p>Kontakty Pokud se s n\u00e1mi chcete spojit, m\u016f\u017eete to ud\u011blat n\u011bkolika zp\u016fsoby. 1) Pomoc\u00ed emailu: &#8211; pokud chcete poradit ohledn\u011b parajev\u016f, napi\u0161te n\u00e1m na email poradna@nadprirozeno.cz -pokud pot\u0159ebujete akutn\u00ed pomoc s napad\u00e1n\u00edm V\u00e1s, nebo Va\u0161ich d\u011bt\u00ed, napi\u0161te n\u00e1m na email pomoc@nadprirozeno.cz 2) Pomoc\u00ed na\u0161\u00ed facebookov\u00e9 skupiny: Nadp\u0159irozen\u00e9 jevy, d\u00e9moni i and\u011bl\u00e9 \/L.P.L\/<\/p>\n","protected":false},"author":1,"featured_media":0,"parent":0,"menu_order":0,"comment_status":"closed","ping_status":"closed","template":"","meta":{"_monsterinsights_skip_tracking":false,"_monsterinsights_sitenote_active":false,"_monsterinsights_sitenote_note":"","_monsterinsights_sitenote_category":0},"_links":{"self":[{"href":"https:\/\/nadprirozeno.cz\/index.php\/wp-json\/wp\/v2\/pages\/275"}],"collection":[{"href":"https:\/\/nadprirozeno.cz\/index.php\/wp-json\/wp\/v2\/pages"}],"about":[{"href":"https:\/\/nadprirozeno.cz\/index.php\/wp-json\/wp\/v2\/types\/page"}],"author":[{"embeddable":true,"href":"https:\/\/nadprirozeno.cz\/index.php\/wp-json\/wp\/v2\/users\/1"}],"replies":[{"embeddable":true,"href":"https:\/\/nadprirozeno.cz\/index.php\/wp-json\/wp\/v2\/comments?post=275"}],"version-history":[{"count":1,"href":"https:\/\/nadprirozeno.cz\/index.php\/wp-json\/wp\/v2\/pages\/275\/revisions"}],"predecessor-version":[{"id":276,"href":"https:\/\/nadprirozeno.cz\/index.php\/wp-json\/wp\/v2\/pages\/275\/revisions\/276"}],"wp:attachment":[{"href":"https:\/\/nadprirozeno.cz\/index.php\/wp-json\/wp\/v2\/media?parent=275"}],"curies":[{"name":"wp","href":"https:\/\/api.w.org\/{rel}","templated":true}]}}