{"id":296,"date":"2019-05-26T13:22:44","date_gmt":"2019-05-26T11:22:44","guid":{"rendered":"http:\/\/nadprirozeno.cz\/?page_id=296"},"modified":"2019-05-26T13:22:44","modified_gmt":"2019-05-26T11:22:44","slug":"automaticke-psani","status":"publish","type":"page","link":"https:\/\/nadprirozeno.cz\/index.php\/automaticke-psani\/","title":{"rendered":"Automatick\u00e9 psan\u00ed"},"content":{"rendered":"\n<h1>Automatick\u00e9 psan\u00ed<\/h1>\n\n\n\n<p>Tohle je zp\u016fsob, kdy se m\u016f\u017eete napojit a dostat odpov\u011bdi od zem\u0159el\u00e9ho. Bohu\u017eel i tu plat\u00ed pravidlo,  nikdy nem\u016f\u017eete m\u00edt stoprocentn\u00ed jistotu, \u017ee budete komunikovat zrovna s t\u00edm s k\u00fdm chcete. A na stupni nebezpe\u010dnosti je to podobn\u011b jako tabulka Ouja.<br><br>Automatick\u00e9 psan\u00ed lze prov\u00e1d\u011bt s jakoukoliv bytost\u00ed z duchovn\u00edho sv\u011bta!!<br>Ne\u017e za\u010dnete, p\u0159ipravte si n\u011bkolik pap\u00edr\u016f a spolehlivou tu\u017eku \u010di propisku. Najd\u011bte si m\u00edsto, kde nebudete nik\u00fdm a ni\u010d\u00edm ru\u0161eni a uvoln\u011bte se.<br><br><\/p>\n\n\n\n<div class=\"wp-block-image\"><figure class=\"aligncenter\"><img loading=\"lazy\" width=\"510\" height=\"340\" src=\"https:\/\/nadprirozeno.cz\/wp-content\/uploads\/2019\/05\/bird-feather-2505306__340.jpg\" alt=\"\" class=\"wp-image-298\" srcset=\"https:\/\/nadprirozeno.cz\/wp-content\/uploads\/2019\/05\/bird-feather-2505306__340.jpg 510w, https:\/\/nadprirozeno.cz\/wp-content\/uploads\/2019\/05\/bird-feather-2505306__340-300x200.jpg 300w, https:\/\/nadprirozeno.cz\/wp-content\/uploads\/2019\/05\/bird-feather-2505306__340-210x140.jpg 210w\" sizes=\"(max-width: 510px) 100vw, 510px\" \/><\/figure><\/div>\n\n\n\n<p>Pamatujte na Va\u0161\u00ed ochranu nebo osobn\u00ed modlitbu a pomodlete se. Po\u017e\u00e1dejte o ochranu, aby s V\u00e1mi komunikovali jen pozitivn\u00ed a miluj\u00edc\u00ed bytosti \u010di p\u0159\u00edbuzn\u00ed a aby V\u00e1m bylo umo\u017en\u011bno je sly\u0161et,vn\u00edmat a c\u00edtit.<br>Vy\u0161lete silnou my\u0161lenku na toho s k\u00fdm by jste cht\u011bli nav\u00e1zat spojen\u00ed a po\u017e\u00e1dejte o rozhovor. \u0158ekn\u011bte v duchu, nebo i nahlas ot\u00e1zku a zapi\u0161te si jej\u00ed odpov\u011b\u010f. Je to zpravidla to, co V\u00e1s jako prvn\u00ed napadne. I kdy\u017e V\u00e1m to nebude d\u00e1vat smysl, tak si to p\u0159esto zapi\u0161te, pozd\u011bji t\u0159eba rozlu\u0161t\u00edte. <br>M\u016f\u017ee se st\u00e1t, \u017ee b\u011bhem psan\u00ed budete m\u00edt pocit,\u017ee V\u00e1m n\u011bco vede ruku, nepanika\u0159te a pokra\u010dujte.<br>N\u011bkdy si m\u016f\u017eete p\u0159ipadat jako bl\u00e1zni a \u0159\u00edkat si, \u017ee to je jen hra a nic o co se sna\u017e\u00edte nejde. Po\u017e\u00e1dejte tedy bytost se kterou jste cht\u011bli ud\u011blat rozhovor o d\u016fkaz, \u017ee s V\u00e1mi opravdu je a d\u00e1v\u00e1 V\u00e1m odpov\u011bdi. Pokud V\u00e1s to st\u00e1le nep\u0159esv\u011bd\u010dilo, poproste o fyzick\u00fd d\u016fkaz. Kter\u00fd by se m\u011bl dostavit.<br>Na konci nezapome\u0148te pod\u011bkovat a i t\u011bm, kter\u00e9 jste na za\u010d\u00e1tku \u017e\u00e1dali o ochranu.<br><\/p>\n\n\n\n<div class=\"wp-block-image\"><figure class=\"aligncenter\"><img loading=\"lazy\" width=\"534\" height=\"632\" src=\"https:\/\/nadprirozeno.cz\/wp-content\/uploads\/2019\/05\/automaticke-psani-976.jpg\" alt=\"\" class=\"wp-image-297\" srcset=\"https:\/\/nadprirozeno.cz\/wp-content\/uploads\/2019\/05\/automaticke-psani-976.jpg 534w, https:\/\/nadprirozeno.cz\/wp-content\/uploads\/2019\/05\/automaticke-psani-976-253x300.jpg 253w, https:\/\/nadprirozeno.cz\/wp-content\/uploads\/2019\/05\/automaticke-psani-976-177x210.jpg 177w\" sizes=\"(max-width: 534px) 100vw, 534px\" \/><\/figure><\/div>\n\n\n\n<h2> <br>Moje osobn\u00ed zku\u0161enost: <\/h2>\n\n\n\n<p>Cht\u011bla jsem se spojit s moj\u00ed maminkou, ud\u011blala jsem v\u0161e pot\u0159ebn\u00e9 a za\u010dala s rozhovorem. N\u011bjak mi to ned\u00e1valo smysl a tak\u00e9 jsem ze za\u010d\u00e1tku moc nev\u011b\u0159ila, \u017ee s n\u00ed opravdu komunikuji. Po\u017e\u00e1dala jsem o fyzick\u00fd kontakt, p\u0159estala ps\u00e1t a \u010dekala. T\u00e9m\u011b\u0159 okam\u017eit\u011b jsem uc\u00edtila takov\u00e9 jemn\u00e9 \u0161imr\u00e1n\u00ed ve vlasech od \u010dela po z\u00e1tylek. Dostala jsem od mamky pohlazen\u00ed a c\u00edtila jsem neskute\u010dnou l\u00e1sku a klid. Jakmile jsem si d\u016fkladn\u011b p\u0159e\u010detla text, tak jsem si v\u0161e uv\u011bdomila.<br> V\u0159ele V\u00e1m v\u0161em doporu\u010duji tuto metodu, ale jak u\u017e jsem psala, nesm\u00edte zapomenou hlavn\u011b na Va\u0161\u00ed ochranu. Ne v\u0161e je dobr\u00e9 a m\u00e1 \u010dist\u00e9 \u00famysly.<\/p>\n","protected":false},"excerpt":{"rendered":"<p>Automatick\u00e9 psan\u00ed Tohle je zp\u016fsob, kdy se m\u016f\u017eete napojit a dostat odpov\u011bdi od zem\u0159el\u00e9ho. Bohu\u017eel i tu plat\u00ed pravidlo, nikdy nem\u016f\u017eete m\u00edt stoprocentn\u00ed jistotu, \u017ee budete komunikovat zrovna s t\u00edm s k\u00fdm chcete. A na stupni nebezpe\u010dnosti je to podobn\u011b jako tabulka Ouja. Automatick\u00e9 psan\u00ed lze prov\u00e1d\u011bt s jakoukoliv bytost\u00ed z duchovn\u00edho sv\u011bta!!Ne\u017e za\u010dnete, p\u0159ipravte [&hellip;]<\/p>\n","protected":false},"author":1,"featured_media":0,"parent":0,"menu_order":0,"comment_status":"closed","ping_status":"closed","template":"","meta":{"_monsterinsights_skip_tracking":false,"_monsterinsights_sitenote_active":false,"_monsterinsights_sitenote_note":"","_monsterinsights_sitenote_category":0},"_links":{"self":[{"href":"https:\/\/nadprirozeno.cz\/index.php\/wp-json\/wp\/v2\/pages\/296"}],"collection":[{"href":"https:\/\/nadprirozeno.cz\/index.php\/wp-json\/wp\/v2\/pages"}],"about":[{"href":"https:\/\/nadprirozeno.cz\/index.php\/wp-json\/wp\/v2\/types\/page"}],"author":[{"embeddable":true,"href":"https:\/\/nadprirozeno.cz\/index.php\/wp-json\/wp\/v2\/users\/1"}],"replies":[{"embeddable":true,"href":"https:\/\/nadprirozeno.cz\/index.php\/wp-json\/wp\/v2\/comments?post=296"}],"version-history":[{"count":2,"href":"https:\/\/nadprirozeno.cz\/index.php\/wp-json\/wp\/v2\/pages\/296\/revisions"}],"predecessor-version":[{"id":300,"href":"https:\/\/nadprirozeno.cz\/index.php\/wp-json\/wp\/v2\/pages\/296\/revisions\/300"}],"wp:attachment":[{"href":"https:\/\/nadprirozeno.cz\/index.php\/wp-json\/wp\/v2\/media?parent=296"}],"curies":[{"name":"wp","href":"https:\/\/api.w.org\/{rel}","templated":true}]}}