{"id":304,"date":"2019-05-26T22:20:14","date_gmt":"2019-05-26T20:20:14","guid":{"rendered":"http:\/\/nadprirozeno.cz\/?page_id=304"},"modified":"2019-05-26T22:20:14","modified_gmt":"2019-05-26T20:20:14","slug":"co-je-deja-vu","status":"publish","type":"page","link":"https:\/\/nadprirozeno.cz\/index.php\/co-je-deja-vu\/","title":{"rendered":"Co je &#8222;d\u00e9ja vu&#8220;?"},"content":{"rendered":"\n<h1>Co je &#8222;d\u00e9ja vu&#8220;?<\/h1>\n\n\n\n<figure class=\"wp-block-image\"><img loading=\"lazy\" width=\"900\" height=\"900\" src=\"https:\/\/nadprirozeno.cz\/wp-content\/uploads\/2019\/05\/Deja_Vutwenty20_39.jpg\" alt=\"\" class=\"wp-image-318\" srcset=\"https:\/\/nadprirozeno.cz\/wp-content\/uploads\/2019\/05\/Deja_Vutwenty20_39.jpg 900w, https:\/\/nadprirozeno.cz\/wp-content\/uploads\/2019\/05\/Deja_Vutwenty20_39-150x150.jpg 150w, https:\/\/nadprirozeno.cz\/wp-content\/uploads\/2019\/05\/Deja_Vutwenty20_39-300x300.jpg 300w, https:\/\/nadprirozeno.cz\/wp-content\/uploads\/2019\/05\/Deja_Vutwenty20_39-768x768.jpg 768w, https:\/\/nadprirozeno.cz\/wp-content\/uploads\/2019\/05\/Deja_Vutwenty20_39-210x210.jpg 210w\" sizes=\"(max-width: 900px) 100vw, 900px\" \/><\/figure>\n\n\n\n<p>D\u00e9ja vu je zvl\u00e1\u0161tn\u00ed pocit, \u017ee dan\u00e1 situace u\u017e se stala. Takov\u00fd ten pocit: &#8222;Sakra, tohle u\u017e jsem jednou pro\u017eil!&#8220; <br><br>Pokud se nad t\u00edm zamysl\u00edte a zkus\u00edte v tomto pocitu naj\u00edt logiku, pravd\u011bpodobn\u011b V\u00e1s rozbol\u00ed hlava a \u017e\u00e1dn\u00e9ho logick\u00e9ho z\u00e1v\u011bru se stejn\u011b nedoberete.<\/p>\n\n\n\n<h2>Odkud vlastn\u011b tyto my\u0161lenky poch\u00e1zej\u00ed?<\/h2>\n\n\n\n<p>Teori\u00ed a vysv\u011btlen\u00ed je n\u011bkolik, ale kter\u00e1 je ta prav\u00e1? To u\u017e nech\u00e1me na V\u00e1s.<\/p>\n\n\n\n<h2>1) Paraleln\u00ed vesm\u00edry<\/h2>\n\n\n\n<figure class=\"wp-block-image\"><img loading=\"lazy\" width=\"1024\" height=\"576\" src=\"https:\/\/nadprirozeno.cz\/wp-content\/uploads\/2019\/05\/deja-vu-1024x576.jpg\" alt=\"\" class=\"wp-image-315\" srcset=\"https:\/\/nadprirozeno.cz\/wp-content\/uploads\/2019\/05\/deja-vu-1024x576.jpg 1024w, https:\/\/nadprirozeno.cz\/wp-content\/uploads\/2019\/05\/deja-vu-300x169.jpg 300w, https:\/\/nadprirozeno.cz\/wp-content\/uploads\/2019\/05\/deja-vu-768x432.jpg 768w, https:\/\/nadprirozeno.cz\/wp-content\/uploads\/2019\/05\/deja-vu-210x118.jpg 210w, https:\/\/nadprirozeno.cz\/wp-content\/uploads\/2019\/05\/deja-vu.jpg 1280w\" sizes=\"(max-width: 980px) 100vw, 980px\" \/><\/figure>\n\n\n\n<p>Jedna z teori\u00ed, kter\u00e1 se zakl\u00e1d\u00e1 na p\u0159edpokladu, \u017ee existuj\u00ed paraleln\u00ed sv\u011bty, kter\u00e9 jsou podobn\u00e9 t\u011bm na\u0161im. Podle t\u00e9to teorie jsou navz\u00e1jem nejpodobn\u011bj\u0161\u00ed vesm\u00edry u sebe tak bl\u00edzko, \u017ee mnohdy dojde k jejich prolnut\u00ed a v\u00fdsledkem toho je pocit d\u00e9ja vu. Je to t\u00edm, \u017ee si pamatujete ud\u00e1lost, kter\u00e1 u\u017e se stala, ale v jin\u00e9m paraleln\u00edm vesm\u00edru.<\/p>\n\n\n\n<h2>2) Vzpom\u00ednka z minul\u00e9ho \u017eivota<\/h2>\n\n\n\n<figure class=\"wp-block-image\"><img loading=\"lazy\" width=\"949\" height=\"534\" src=\"https:\/\/nadprirozeno.cz\/wp-content\/uploads\/2019\/05\/deja-vu2.jpg\" alt=\"\" class=\"wp-image-316\" srcset=\"https:\/\/nadprirozeno.cz\/wp-content\/uploads\/2019\/05\/deja-vu2.jpg 949w, https:\/\/nadprirozeno.cz\/wp-content\/uploads\/2019\/05\/deja-vu2-300x169.jpg 300w, https:\/\/nadprirozeno.cz\/wp-content\/uploads\/2019\/05\/deja-vu2-768x432.jpg 768w, https:\/\/nadprirozeno.cz\/wp-content\/uploads\/2019\/05\/deja-vu2-210x118.jpg 210w\" sizes=\"(max-width: 949px) 100vw, 949px\" \/><\/figure>\n\n\n\n<p>Tato teorie se op\u00edr\u00e1 o existenci reinkarnace a minul\u00fdch \u017eivot\u016f. P\u0159edpokl\u00e1d\u00e1 se \u017ee du\u0161e pro\u017e\u00edv\u00e1 jeden a ten stejn\u00fd osud po\u0159\u00e1d dokola a ob\u010das si vzpomene na v\u011bci z minul\u00e9ho \u017eivota a prom\u00edtne je do sou\u010dasn\u00e9ho. V\u00e1m to pak p\u0159ipad\u00e1 jako d\u00e9ja vu. <br>Je to podobn\u00e9 jako p\u0159\u00edhoda moj\u00ed zn\u00e1m\u00e9, kter\u00e1 byla poprv\u00e9 v \u017eivot\u011b v Pa\u0159\u00ed\u017ei. Proch\u00e1zela m\u00edstn\u00edmi uli\u010dkami, kdy\u017e v tom \u0159\u00edk\u00e1: &#8222;T\u00e1mhle o ulici vedle je skv\u011bl\u00e1 ryb\u00e1rna, maj\u00ed tam \u00fa\u017easn\u00e9 pochoutky a kr\u00e1sn\u00e9 \u017eidle ve tvaru sud\u016f.&#8220; a rozb\u011bhla se tam. V\u0161ichni na ni koukali jako na bl\u00e1zna, ale nakonec \u0161li za n\u00ed. Ve vedlej\u0161\u00ed ulici jim jen spadla brada. Byla tam ryb\u00e1rna s \u017eidlemi ve tvaru sud\u016f.<\/p>\n\n\n\n<h2>3) Opo\u017ed\u011bn\u00e1 komunikace mezi mozkov\u00fdmi hemisf\u00e9rami<\/h2>\n\n\n\n<div class=\"wp-block-image\"><figure class=\"aligncenter\"><img loading=\"lazy\" width=\"620\" height=\"349\" src=\"https:\/\/nadprirozeno.cz\/wp-content\/uploads\/2019\/05\/deja-vu3.jpeg\" alt=\"\" class=\"wp-image-317\" srcset=\"https:\/\/nadprirozeno.cz\/wp-content\/uploads\/2019\/05\/deja-vu3.jpeg 620w, https:\/\/nadprirozeno.cz\/wp-content\/uploads\/2019\/05\/deja-vu3-300x169.jpeg 300w, https:\/\/nadprirozeno.cz\/wp-content\/uploads\/2019\/05\/deja-vu3-210x118.jpeg 210w\" sizes=\"(max-width: 620px) 100vw, 620px\" \/><\/figure><\/div>\n\n\n\n<p>Podle t\u00e9to teorie je jev zn\u00e1m\u00fd jako d\u00e9ja vu zp\u016fsoben do\u010dasn\u00fdm zpomalen\u00edm komunikace mezi levou a pravou mozkovou hemisf\u00e9rou, to zp\u016fsob\u00ed pocit \u017ee tu danou situaci, kterou nyn\u00ed pro\u017e\u00edv\u00e1me u\u017e jsme jednou pro\u017eili. Jde pouze o klam, kter\u00fdm n\u00e1s n\u00e1\u0161 mozek mystifikuje. <\/p>\n\n\n\n<p>A\u0165 u\u017e je odpov\u011b\u010f jak\u00e1koli, jedno je jist\u00e9. A\u0165 u\u017e se budete klonit k t\u00e9, nebo on\u00e9. Nikdo V\u00e1m nem\u016f\u017ee \u0159\u00edci, \u017ee se m\u00fdl\u00edte&#8230;. \ud83d\ude42<\/p>\n","protected":false},"excerpt":{"rendered":"<p>Co je &#8222;d\u00e9ja vu&#8220;? D\u00e9ja vu je zvl\u00e1\u0161tn\u00ed pocit, \u017ee dan\u00e1 situace u\u017e se stala. Takov\u00fd ten pocit: &#8222;Sakra, tohle u\u017e jsem jednou pro\u017eil!&#8220; Pokud se nad t\u00edm zamysl\u00edte a zkus\u00edte v tomto pocitu naj\u00edt logiku, pravd\u011bpodobn\u011b V\u00e1s rozbol\u00ed hlava a \u017e\u00e1dn\u00e9ho logick\u00e9ho z\u00e1v\u011bru se stejn\u011b nedoberete. Odkud vlastn\u011b tyto my\u0161lenky poch\u00e1zej\u00ed? Teori\u00ed a vysv\u011btlen\u00ed [&hellip;]<\/p>\n","protected":false},"author":1,"featured_media":0,"parent":0,"menu_order":0,"comment_status":"closed","ping_status":"closed","template":"","meta":{"_monsterinsights_skip_tracking":false,"_monsterinsights_sitenote_active":false,"_monsterinsights_sitenote_note":"","_monsterinsights_sitenote_category":0},"_links":{"self":[{"href":"https:\/\/nadprirozeno.cz\/index.php\/wp-json\/wp\/v2\/pages\/304"}],"collection":[{"href":"https:\/\/nadprirozeno.cz\/index.php\/wp-json\/wp\/v2\/pages"}],"about":[{"href":"https:\/\/nadprirozeno.cz\/index.php\/wp-json\/wp\/v2\/types\/page"}],"author":[{"embeddable":true,"href":"https:\/\/nadprirozeno.cz\/index.php\/wp-json\/wp\/v2\/users\/1"}],"replies":[{"embeddable":true,"href":"https:\/\/nadprirozeno.cz\/index.php\/wp-json\/wp\/v2\/comments?post=304"}],"version-history":[{"count":1,"href":"https:\/\/nadprirozeno.cz\/index.php\/wp-json\/wp\/v2\/pages\/304\/revisions"}],"predecessor-version":[{"id":319,"href":"https:\/\/nadprirozeno.cz\/index.php\/wp-json\/wp\/v2\/pages\/304\/revisions\/319"}],"wp:attachment":[{"href":"https:\/\/nadprirozeno.cz\/index.php\/wp-json\/wp\/v2\/media?parent=304"}],"curies":[{"name":"wp","href":"https:\/\/api.w.org\/{rel}","templated":true}]}}