{"id":310,"date":"2019-05-26T21:27:53","date_gmt":"2019-05-26T19:27:53","guid":{"rendered":"http:\/\/nadprirozeno.cz\/?page_id=310"},"modified":"2019-05-26T21:27:53","modified_gmt":"2019-05-26T19:27:53","slug":"zvuky-zeme","status":"publish","type":"page","link":"https:\/\/nadprirozeno.cz\/index.php\/zvuky-zeme\/","title":{"rendered":"Zvuky zem\u011b"},"content":{"rendered":"\n<h1> Zvuky zem\u011b <\/h1>\n\n\n\n<p>\n\nU\u017e n\u011bkolik let jsou z\u00e1hadn\u00e9 zvuky, kter\u00e9 se oz\u00fdvaj\u00ed po cel\u00e9 planet\u011b \u010das od \u010dasu sly\u0161et znovu a znovu. Nikdo dote\u010f nedok\u00e1zal \u0159\u00edct co jsou a odkud poch\u00e1zej\u00ed.<br>N\u011bkdo si mysl\u00ed, \u017ee jsou to zvuky z vesm\u00edru (ale ve vesm\u00edru se zvukov\u00e9 vlny \u0161\u00ed\u0159it nemohou), jin\u00fd \u0159\u00edkaj\u00ed, \u017ee jsou zvuky p\u0159\u00edmo z j\u00e1dra zem\u011b, nebo je to zvuk zp\u016fsoben\u00fd pohybem tektonick\u00fdch desek&#8230;&#8230;pokud by to bylo zp\u016fsobeno pohybem desek, tak si mysl\u00edm, \u017ee by se o tom u\u017e v\u011bd\u011blo, proto\u017ee tyto zvuky jsou sly\u0161et po cel\u00e9 planet\u011b a tud\u00ed\u017e by to n\u011bkter\u00e9 p\u0159\u00edstroje ur\u010dit\u011b zaznamenaly.<br>Zvuk, jakoby se \u0161\u00ed\u0159il vzduchem&#8230;, m\u016f\u017ee j\u00edt o pokus zastra\u0161en\u00ed a\u0165 u\u017e jako sou\u010d\u00e1st kryt\u00ed n\u011bjak\u00e9ho tajn\u00e9ho experimentu? mimozemsk\u00e1 civilizace? nebo jak n\u011bkte\u0159\u00ed tvrd\u00ed zem\u011b na\u0159\u00edk\u00e1?<br>P\u0159ijde den, kdy se ur\u010dit\u011b dozv\u00edme pravdu a mo\u017en\u00e1 n\u00e1s v\u0161echny p\u0159ekvap\u00ed.<br>Jedno je jasn\u00e9, ur\u010dit\u011b to n\u011bco znamenat bude, jeliko\u017e jsme je\u0161t\u011b p\u0159ed deseti lety nem\u011bli ani potuchy, \u017ee by n\u011bco takov\u00e9ho mohlo existovat.\n\n<\/p>\n\n\n\n<div class=\"wp-block-image\"><figure class=\"aligncenter\"><img loading=\"lazy\" width=\"292\" height=\"173\" src=\"https:\/\/nadprirozeno.cz\/wp-content\/uploads\/2019\/05\/sta\u017een\u00fd-soubor-2.jpg\" alt=\"\" class=\"wp-image-306\" srcset=\"https:\/\/nadprirozeno.cz\/wp-content\/uploads\/2019\/05\/sta\u017een\u00fd-soubor-2.jpg 292w, https:\/\/nadprirozeno.cz\/wp-content\/uploads\/2019\/05\/sta\u017een\u00fd-soubor-2-210x124.jpg 210w\" sizes=\"(max-width: 292px) 100vw, 292px\" \/><\/figure><\/div>\n\n\n\n<figure class=\"wp-block-embed-youtube wp-block-embed is-type-video is-provider-youtube wp-embed-aspect-16-9 wp-has-aspect-ratio\"><div class=\"wp-block-embed__wrapper\">\n<iframe loading=\"lazy\" width=\"980\" height=\"551\" src=\"https:\/\/www.youtube.com\/embed\/0a9AySxZTdg?feature=oembed\" frameborder=\"0\" allow=\"accelerometer; autoplay; encrypted-media; gyroscope; picture-in-picture\" allowfullscreen><\/iframe>\n<\/div><\/figure>\n","protected":false},"excerpt":{"rendered":"<p>Zvuky zem\u011b U\u017e n\u011bkolik let jsou z\u00e1hadn\u00e9 zvuky, kter\u00e9 se oz\u00fdvaj\u00ed po cel\u00e9 planet\u011b \u010das od \u010dasu sly\u0161et znovu a znovu. Nikdo dote\u010f nedok\u00e1zal \u0159\u00edct co jsou a odkud poch\u00e1zej\u00ed.N\u011bkdo si mysl\u00ed, \u017ee jsou to zvuky z vesm\u00edru (ale ve vesm\u00edru se zvukov\u00e9 vlny \u0161\u00ed\u0159it nemohou), jin\u00fd \u0159\u00edkaj\u00ed, \u017ee jsou zvuky p\u0159\u00edmo z j\u00e1dra zem\u011b, [&hellip;]<\/p>\n","protected":false},"author":1,"featured_media":0,"parent":0,"menu_order":0,"comment_status":"closed","ping_status":"closed","template":"","meta":{"_monsterinsights_skip_tracking":false,"_monsterinsights_sitenote_active":false,"_monsterinsights_sitenote_note":"","_monsterinsights_sitenote_category":0},"_links":{"self":[{"href":"https:\/\/nadprirozeno.cz\/index.php\/wp-json\/wp\/v2\/pages\/310"}],"collection":[{"href":"https:\/\/nadprirozeno.cz\/index.php\/wp-json\/wp\/v2\/pages"}],"about":[{"href":"https:\/\/nadprirozeno.cz\/index.php\/wp-json\/wp\/v2\/types\/page"}],"author":[{"embeddable":true,"href":"https:\/\/nadprirozeno.cz\/index.php\/wp-json\/wp\/v2\/users\/1"}],"replies":[{"embeddable":true,"href":"https:\/\/nadprirozeno.cz\/index.php\/wp-json\/wp\/v2\/comments?post=310"}],"version-history":[{"count":1,"href":"https:\/\/nadprirozeno.cz\/index.php\/wp-json\/wp\/v2\/pages\/310\/revisions"}],"predecessor-version":[{"id":311,"href":"https:\/\/nadprirozeno.cz\/index.php\/wp-json\/wp\/v2\/pages\/310\/revisions\/311"}],"wp:attachment":[{"href":"https:\/\/nadprirozeno.cz\/index.php\/wp-json\/wp\/v2\/media?parent=310"}],"curies":[{"name":"wp","href":"https:\/\/api.w.org\/{rel}","templated":true}]}}