{"id":328,"date":"2019-05-27T20:38:07","date_gmt":"2019-05-27T18:38:07","guid":{"rendered":"http:\/\/nadprirozeno.cz\/?page_id=328"},"modified":"2019-05-27T20:38:07","modified_gmt":"2019-05-27T18:38:07","slug":"sovinec-pevnost-jako-hrom","status":"publish","type":"page","link":"https:\/\/nadprirozeno.cz\/index.php\/sovinec-pevnost-jako-hrom\/","title":{"rendered":"Sovinec &#8211; pevnost jako hrom"},"content":{"rendered":"\n<h1>Sovinec &#8211; pevnost jako hrom<\/h1>\n\n\n\n<div class=\"wp-block-image\"><figure class=\"aligncenter\"><img loading=\"lazy\" width=\"900\" height=\"600\" src=\"https:\/\/nadprirozeno.cz\/wp-content\/uploads\/2019\/05\/sovinec.jpg\" alt=\"\" class=\"wp-image-337\" srcset=\"https:\/\/nadprirozeno.cz\/wp-content\/uploads\/2019\/05\/sovinec.jpg 900w, https:\/\/nadprirozeno.cz\/wp-content\/uploads\/2019\/05\/sovinec-300x200.jpg 300w, https:\/\/nadprirozeno.cz\/wp-content\/uploads\/2019\/05\/sovinec-768x512.jpg 768w, https:\/\/nadprirozeno.cz\/wp-content\/uploads\/2019\/05\/sovinec-210x140.jpg 210w\" sizes=\"(max-width: 900px) 100vw, 900px\" \/><figcaption>Hrad Sovinec (zdroj Hrad Sovinec)<\/figcaption><\/figure><\/div>\n\n\n\n<p>Nad stejnojmen\u00fdm m\u011bste\u010dkem ji\u017en\u011b od R\u00fdma\u0159ova v N\u00edzk\u00e9m Jesen\u00edku nach\u00e1z\u00ed se jeden z na\u0161ich nejl\u00e9pe dochovan\u00fdch hrad\u016f. Byl zalo\u017een roku 1333 bratry Vokem a Pavlem, kte\u0159\u00ed se pak psali ze Sovince a t\u00edm zalo\u017eili tento starobyl\u00ed moravsk\u00fd rod. Sovinec se rychle stal centrem rozs\u00e1hl\u00e9ho panstv\u00ed. Za dob husitsk\u00fdch v\u00e1lek byl hrad dokonce ba\u0161tou vyznava\u010d\u016f kalicha na Morav\u011b.<\/p>\n\n\n\n<p>O hradu Sovinec se vypr\u00e1v\u00ed \u0159ada stra\u0161ideln\u00fdch historek. Z hradu \u00fadajn\u011b vede 7 tajn\u00fdch chodeb do sedmi domk\u016f v m\u011bste\u010dku pod hradem. T\u011bmto chodb\u00e1m se p\u0159ezd\u00edvalo &#8222;sedm str\u00e1\u017ec\u016f&#8220; a v dob\u011b obl\u00e9h\u00e1n\u00ed hradu umo\u017e\u0148ovali z\u00e1sobov\u00e1n\u00ed, p\u0159\u00edpadn\u011b zaji\u0161\u0165ovali \u00fastup do bezpe\u010d\u00ed. Sovinec m\u00e1 rovn\u011b\u017e nejrozs\u00e1hlej\u0161\u00ed syst\u00e9m opevn\u011bn\u00ed t\u00e9 doby. <\/p>\n\n\n\n<p>Jedna z historek traduj\u00edc\u00edch se na hrad\u011b a v podhrad\u00ed je: <br><strong>O ne\u00edtostn\u00e9 Grule<\/strong><\/p>\n\n\n\n<div class=\"wp-block-image\"><figure class=\"aligncenter is-resized\"><img loading=\"lazy\" src=\"https:\/\/nadprirozeno.cz\/wp-content\/uploads\/2019\/05\/sovinec_grula.jpeg\" alt=\"\" class=\"wp-image-336\" width=\"414\" height=\"302\" srcset=\"https:\/\/nadprirozeno.cz\/wp-content\/uploads\/2019\/05\/sovinec_grula.jpeg 263w, https:\/\/nadprirozeno.cz\/wp-content\/uploads\/2019\/05\/sovinec_grula-210x153.jpeg 210w\" sizes=\"(max-width: 414px) 100vw, 414px\" \/><figcaption>\u010darod\u011bjnice Grula (zdroj Google)<\/figcaption><\/figure><\/div>\n\n\n\n<p>Grula byla sta\u0159enka, kter\u00e1 pr\u00fd znala \u010darovn\u00e1 za\u0159\u00edkadla a vl\u00e1dla nadp\u0159irozenou moc\u00ed. V dob\u011b, kdy Grula \u017eila v podhrad\u00ed Sovince, na Sovinci vl\u00e1dl Jan Kobylka z Kobyl\u00edho. Byl to vl\u00e1dce spravedliv\u00fd a k poddan\u00fdm milosrdn\u00fd. V jednom ze sv\u00fdch hamr\u016f zam\u011bstn\u00e1val syna Gruly. Byl to lenoch a hospodsk\u00fd povale\u010d, ale bylo mu to tolerov\u00e1no. A\u017e jednoho dne poh\u00e1r trp\u011blivosti p\u0159etekl. Kdy\u017e p\u0159i\u0161la doba v\u00fdplaty. Jan Kobylka odm\u00edtl vyplatit mzdu tomuto povale\u010di, pro kterou si p\u0159i\u0161la Grula. Ta nem\u011bla pochopen\u00ed a vy\u0159kla kletbu: &#8222;A\u017e budete zase na kopci Slune\u010dn\u00e1 lovit, p\u0159ejedete bludn\u00fd k\u00e1men, zabloud\u00edte a na svou rodinu zanev\u0159ete, kdy\u017e propadnete jin\u00e9 touze!&#8220;.<br>Jak Grula \u0159ekla, tak se tak\u00e9 stalo. Skute\u010dn\u011b p\u00e1n z Kobyl\u00edho vyrazil na lov na kopec Slune\u010dn\u00e1 a zabloudil. Dostal se a\u017e do mal\u00e9 vsi Tylov kde v jednom selsk\u00e9m staven\u00ed po\u017e\u00e1dal o pomoc a hrnek ml\u00e9ka. Zde se rovn\u011b\u017e sezn\u00e1mil s p\u016fvabnou selskou d\u00edvkou R\u00f3zou a r\u00e1zem se do n\u00ed zamiloval. Od t\u00e9 doby R\u00f3zu nav\u0161t\u011bvoval a zahrnoval ji hodnotn\u00fdmi dary. Po \u010dase se o tom v\u0161em dozv\u011bd\u011bla i \u017eena p\u00e1na z Kobyl\u00edho. Vyu\u017eila p\u0159\u00edle\u017eitosti, kdy p\u00e1n odjel na zemsk\u00fd sn\u011bm, a sv\u00e9ho vlivu a za pomoci rycht\u00e1\u0159e z Tylova nechala ozna\u010dit R\u00f3zu i jej\u00ed matku z \u010darod\u011bjnictv\u00ed. D\u00edky tomuto byly jak R\u00f3za, tak matka mu\u010deni a nakonec jim byl p\u0159iv\u00e1z\u00e1n na krk obrovsk\u00fd k\u00e1men a byly ob\u011b svr\u017eeny do m\u00edstn\u00edho rybn\u00edka, kde se utopily. Druh\u00fd den se voda v rybn\u00edku za\u010dala va\u0159it, vystoupila z b\u0159eh\u016f a zaplavila cel\u00e9 okol\u00ed. Lid\u00e9 toto brali jako znamen\u00ed \u017ee v rybn\u00edce na\u0161ly nepr\u00e1vem smrt dv\u011b nevinn\u00e9 du\u0161e. Kdy\u017e se o tom v\u0161em dozv\u011bd\u011bl Jan, tak na svou \u017eenu zanev\u0159el a u\u017e s n\u00ed v\u00edce nepromluvil. Ta za\u010d\u00edn\u00e1 steskem ch\u0159adnout a brzy um\u00edr\u00e1. P\u00e1n z Kobyl\u00edho do smrti litoval \u017ee kdysi rad\u011bji nedal t\u011bch p\u00e1r gro\u0161\u016f a nechal tak p\u0159ipravit o \u017eivot zbyte\u010dn\u011b dn\u011b \u017eeny.<br><br>Grula se pr\u00fd i dnes zjevuje na hrad\u011b, ale pr\u00fd i v podhrad\u00ed je \u010dasto vid\u011bna. Pohybuje se v podob\u011b sta\u0159enky ze sukovic\u00ed a \u017ehnouc\u00edma o\u010dima. Jak rychle se objev\u00ed, tak rychle pr\u00fd tak\u00e9 miz\u00ed.<\/p>\n","protected":false},"excerpt":{"rendered":"<p>Sovinec &#8211; pevnost jako hrom Nad stejnojmen\u00fdm m\u011bste\u010dkem ji\u017en\u011b od R\u00fdma\u0159ova v N\u00edzk\u00e9m Jesen\u00edku nach\u00e1z\u00ed se jeden z na\u0161ich nejl\u00e9pe dochovan\u00fdch hrad\u016f. Byl zalo\u017een roku 1333 bratry Vokem a Pavlem, kte\u0159\u00ed se pak psali ze Sovince a t\u00edm zalo\u017eili tento starobyl\u00ed moravsk\u00fd rod. Sovinec se rychle stal centrem rozs\u00e1hl\u00e9ho panstv\u00ed. Za dob husitsk\u00fdch v\u00e1lek byl [&hellip;]<\/p>\n","protected":false},"author":1,"featured_media":0,"parent":0,"menu_order":0,"comment_status":"closed","ping_status":"closed","template":"","meta":{"_monsterinsights_skip_tracking":false,"_monsterinsights_sitenote_active":false,"_monsterinsights_sitenote_note":"","_monsterinsights_sitenote_category":0},"_links":{"self":[{"href":"https:\/\/nadprirozeno.cz\/index.php\/wp-json\/wp\/v2\/pages\/328"}],"collection":[{"href":"https:\/\/nadprirozeno.cz\/index.php\/wp-json\/wp\/v2\/pages"}],"about":[{"href":"https:\/\/nadprirozeno.cz\/index.php\/wp-json\/wp\/v2\/types\/page"}],"author":[{"embeddable":true,"href":"https:\/\/nadprirozeno.cz\/index.php\/wp-json\/wp\/v2\/users\/1"}],"replies":[{"embeddable":true,"href":"https:\/\/nadprirozeno.cz\/index.php\/wp-json\/wp\/v2\/comments?post=328"}],"version-history":[{"count":1,"href":"https:\/\/nadprirozeno.cz\/index.php\/wp-json\/wp\/v2\/pages\/328\/revisions"}],"predecessor-version":[{"id":338,"href":"https:\/\/nadprirozeno.cz\/index.php\/wp-json\/wp\/v2\/pages\/328\/revisions\/338"}],"wp:attachment":[{"href":"https:\/\/nadprirozeno.cz\/index.php\/wp-json\/wp\/v2\/media?parent=328"}],"curies":[{"name":"wp","href":"https:\/\/api.w.org\/{rel}","templated":true}]}}