{"id":332,"date":"2019-05-27T20:11:56","date_gmt":"2019-05-27T18:11:56","guid":{"rendered":"http:\/\/nadprirozeno.cz\/?page_id=332"},"modified":"2019-05-27T20:11:56","modified_gmt":"2019-05-27T18:11:56","slug":"kokorin","status":"publish","type":"page","link":"https:\/\/nadprirozeno.cz\/index.php\/kokorin\/","title":{"rendered":"Koko\u0159\u00edn"},"content":{"rendered":"\n<h1>Koko\u0159\u00edn<\/h1>\n\n\n\n<p>\n\nKoko\u0159\u00edn se nach\u00e1z\u00ed 15 km severn\u011b od M\u011bln\u00edka. Je r\u00e1jem v\u0161ech romantick\u00fdch du\u0161\u00ed. Najdete tu spousty roklin, kam se m\u016f\u017eete pod\u00edvat. Mnoho p\u00edskovcov\u00fdch \u00fatvar\u016f s prapodivn\u00fdmi tvary. Nach\u00e1z\u00ed se zde rouben\u00e9 chalupy, statky a ml\u00fdny. P\u0159ekr\u00e1sn\u00e9 poh\u00e1dkov\u00e9 rybn\u00ed\u010dky a t\u016fn\u011b.<br>Koko\u0159\u00edn si vystav\u011bl v prvn\u00ed polovin\u011b 14. stolet\u00ed rod Berk\u016f z Dub\u00e9, kter\u00fd tehdy ovl\u00e1dal velkou \u010d\u00e1st severn\u00edch \u010cech. Byli na stran\u011b kr\u00e1le Zikmunda, proto Koko\u0159\u00edn v roce 1426 dobili a zna\u010dn\u011b rozbo\u0159ili husit\u00e9.<br>Pot\u00e9 byl opraven, ale neust\u00e1le st\u0159\u00eddal majitele, kte\u0159\u00ed nem\u011bli moc z\u00e1jem o \u00fadr\u017ebu hradu. Po\u010d\u00e1tkem 16 stolet\u00ed p\u0159estal b\u00fdt trvale ob\u00fdv\u00e1n a pustl. Usadili se zde loupe\u017en\u00edci, kte\u0159\u00ed \u0161kodili \u0161irok\u00e9mu okol\u00ed. Jakmile se lidem a voj\u00e1k\u016fm poda\u0159ilo je vypudit, hrad se op\u011bt do\u010dkal obnovy a stal se znovu pansk\u00fdm s\u00eddlem. P\u0159e\u010dkal i t\u0159icetiletou v\u00e1lku.<br>V 19 stolet\u00ed okouzlily jeho zdi mnoh\u00e9 um\u011blce mal\u00ed\u0159e a b\u00e1sn\u00edky. T\u0159eba Karla Hynka M\u00e1chu, kter\u00fd do jejich bl\u00edzkosti um\u00edstil d\u011bj rom\u00e1nu Cik\u00e1ni.<br>V roce 1894 koupil Koko\u0159\u00edn podnikatel V\u00e1clav \u0160pa\u010dek a dal jej zrestaurovat a dostav\u011bt do podoby romantick\u00e9ho st\u0159edov\u011bk\u00e9ho s\u00eddla.<br>Dominantou hradu je 38 metrov\u00e1 v\u00e1lcov\u00e1 v\u011b\u017e.<\/p>\n\n\n\n<p>Koko\u0159\u00ednsk\u00e1 pov\u011bst:\n\n<\/p>\n\n\n\n<div class=\"wp-block-image\"><figure class=\"aligncenter\"><img loading=\"lazy\" width=\"600\" height=\"400\" src=\"https:\/\/nadprirozeno.cz\/wp-content\/uploads\/2019\/05\/hrad-koko\u0159\u00edn.jpg\" alt=\"\" class=\"wp-image-329\" srcset=\"https:\/\/nadprirozeno.cz\/wp-content\/uploads\/2019\/05\/hrad-koko\u0159\u00edn.jpg 600w, https:\/\/nadprirozeno.cz\/wp-content\/uploads\/2019\/05\/hrad-koko\u0159\u00edn-300x200.jpg 300w, https:\/\/nadprirozeno.cz\/wp-content\/uploads\/2019\/05\/hrad-koko\u0159\u00edn-210x140.jpg 210w\" sizes=\"(max-width: 600px) 100vw, 600px\" \/><figcaption>Zdroj Google<\/figcaption><\/figure><\/div>\n\n\n\n<p>\n\nKoko\u0159\u00edn m\u00e1 stra\u0161idel cel\u00fd z\u00e1stup. Nejnov\u011bj\u0161\u00edm duchem je mlad\u00e1 d\u00edvka, kter\u00e1 sv\u016fj n\u00e1stup na Koko\u0159\u00edn doprovodila lomozem a \u00fap\u011bn\u00edm v okoln\u00edch skal\u00e1ch.<br>Nej\u010dast\u011bji b\u00fdv\u00e1 spat\u0159ena jak stoj\u00ed pobl\u00ed\u017e pal\u00e1ce a sna\u017e\u00ed se ze zdi set\u0159\u00edt velkou krvavou skvrnu a ve druh\u00e9 ruce dr\u017e\u00ed u\u0159\u00edznutou hlavu divoce vyhl\u00ed\u017eej\u00edc\u00edho mu\u017ee.<br>Za \u017eivota byla dcerou mlyn\u00e1\u0159e z Koko\u0159\u00ednsk\u00e9ho dolu.<br>V dob\u00e1ch kdy se opu\u0161t\u011bn\u00e9ho hradu zmocnili divoc\u00ed a pomstychtiv\u00fd loupe\u017en\u00edci a p\u0159epadli i ml\u00fdn se za\u010dala tvarovat budoucnost.<br>Zabili majitele ml\u00fdnu a dceru s matkou odvlekli do sv\u00e9ho s\u00eddla. D\u00edvku, kterou se loupe\u017en\u00edci sna\u017eili zneu\u017e\u00edt se poda\u0159ilo uprchnout. Jej\u00ed matka za to zaplatila \u017eivotem. Dcera se dostala do M\u011bln\u00edka, kde vyhledala pomoc.<br>Siln\u00fd odd\u00edl voj\u00e1ku s\u00eddlo loupe\u017en\u00edku obkl\u00ed\u010dil, jeho obyvatele pobil nebo pochytal. <br>D\u00edvka se sama postavila samotn\u00e9mu v\u016fdci loupe\u017en\u00edk\u016f a u\u0159\u00edzla mu hlavu. Jako proklet\u00ed se mus\u00ed zjevovat u zdi Koko\u0159\u00edna a um\u00fdvat krev ze zd\u00ed u\u017e stalet\u00ed smytou.\n\n<\/p>\n\n\n\n<figure class=\"wp-block-image\"><img loading=\"lazy\" width=\"1024\" height=\"768\" src=\"https:\/\/nadprirozeno.cz\/wp-content\/uploads\/2019\/05\/kokorin-443-1024x768.jpg\" alt=\"\" class=\"wp-image-330\" srcset=\"https:\/\/nadprirozeno.cz\/wp-content\/uploads\/2019\/05\/kokorin-443-1024x768.jpg 1024w, https:\/\/nadprirozeno.cz\/wp-content\/uploads\/2019\/05\/kokorin-443-300x225.jpg 300w, https:\/\/nadprirozeno.cz\/wp-content\/uploads\/2019\/05\/kokorin-443-768x576.jpg 768w, https:\/\/nadprirozeno.cz\/wp-content\/uploads\/2019\/05\/kokorin-443-210x158.jpg 210w, https:\/\/nadprirozeno.cz\/wp-content\/uploads\/2019\/05\/kokorin-443-1536x1152.jpg 1536w, https:\/\/nadprirozeno.cz\/wp-content\/uploads\/2019\/05\/kokorin-443-1960x1470.jpg 1960w\" sizes=\"(max-width: 980px) 100vw, 980px\" \/><figcaption>zdroj Google<\/figcaption><\/figure>\n\n\n\n<p>\n\nV Koko\u0159\u00ednsk\u00e9m dole se za tmav\u00fdch noc\u00ed p\u0159i bou\u0159ce proj\u00ed\u017ed\u00ed \u010dern\u00fd ryt\u00ed\u0159 s ku\u0161\u00ed v ruce, za doprovodu sv\u00fdch loveck\u00fdch ps\u016f, ohniv\u00fdmi jazyky. Kdy\u017e objede sk\u00e1ly v okol\u00ed, n\u00e1hle zmiz\u00ed v br\u00e1n\u011b hradu.<br>Ze sklepa pod v\u011b\u017e\u00ed se v noci oz\u00fdv\u00e1 n\u00e1\u0159ek a st\u00e9n\u00e1n\u00ed mu\u017ee ze vsi Boryn\u011b, kter\u00fd se tu kdysi zast\u0159elil.\n\n<\/p>\n","protected":false},"excerpt":{"rendered":"<p>Koko\u0159\u00edn Koko\u0159\u00edn se nach\u00e1z\u00ed 15 km severn\u011b od M\u011bln\u00edka. Je r\u00e1jem v\u0161ech romantick\u00fdch du\u0161\u00ed. Najdete tu spousty roklin, kam se m\u016f\u017eete pod\u00edvat. Mnoho p\u00edskovcov\u00fdch \u00fatvar\u016f s prapodivn\u00fdmi tvary. Nach\u00e1z\u00ed se zde rouben\u00e9 chalupy, statky a ml\u00fdny. P\u0159ekr\u00e1sn\u00e9 poh\u00e1dkov\u00e9 rybn\u00ed\u010dky a t\u016fn\u011b.Koko\u0159\u00edn si vystav\u011bl v prvn\u00ed polovin\u011b 14. stolet\u00ed rod Berk\u016f z Dub\u00e9, kter\u00fd tehdy ovl\u00e1dal [&hellip;]<\/p>\n","protected":false},"author":1,"featured_media":0,"parent":0,"menu_order":0,"comment_status":"closed","ping_status":"closed","template":"","meta":{"_monsterinsights_skip_tracking":false,"_monsterinsights_sitenote_active":false,"_monsterinsights_sitenote_note":"","_monsterinsights_sitenote_category":0},"_links":{"self":[{"href":"https:\/\/nadprirozeno.cz\/index.php\/wp-json\/wp\/v2\/pages\/332"}],"collection":[{"href":"https:\/\/nadprirozeno.cz\/index.php\/wp-json\/wp\/v2\/pages"}],"about":[{"href":"https:\/\/nadprirozeno.cz\/index.php\/wp-json\/wp\/v2\/types\/page"}],"author":[{"embeddable":true,"href":"https:\/\/nadprirozeno.cz\/index.php\/wp-json\/wp\/v2\/users\/1"}],"replies":[{"embeddable":true,"href":"https:\/\/nadprirozeno.cz\/index.php\/wp-json\/wp\/v2\/comments?post=332"}],"version-history":[{"count":1,"href":"https:\/\/nadprirozeno.cz\/index.php\/wp-json\/wp\/v2\/pages\/332\/revisions"}],"predecessor-version":[{"id":333,"href":"https:\/\/nadprirozeno.cz\/index.php\/wp-json\/wp\/v2\/pages\/332\/revisions\/333"}],"wp:attachment":[{"href":"https:\/\/nadprirozeno.cz\/index.php\/wp-json\/wp\/v2\/media?parent=332"}],"curies":[{"name":"wp","href":"https:\/\/api.w.org\/{rel}","templated":true}]}}