{"id":351,"date":"2019-06-22T18:22:42","date_gmt":"2019-06-22T16:22:42","guid":{"rendered":"http:\/\/nadprirozeno.cz\/?page_id=351"},"modified":"2019-06-22T18:22:42","modified_gmt":"2019-06-22T16:22:42","slug":"zidovsky-hrbitov","status":"publish","type":"page","link":"https:\/\/nadprirozeno.cz\/index.php\/zidovsky-hrbitov\/","title":{"rendered":"\u017didovsk\u00fd h\u0159bitov"},"content":{"rendered":"\n<h1>\u017didovsk\u00fd h\u0159bitov<\/h1>\n\n\n\n<p>D\u0159\u00edve, ne\u017e-li V\u00e1m pop\u00ed\u0161i n\u00e1\u0161 p\u0159\u00edb\u011bh,dovoluji si ve zkratce popsat zaj\u00edmavosti \u017eidovsk\u00e9ho h\u0159bitova.<br>Ve v\u00ed\u0159e,\u017ee \u010dlov\u011bk bude op\u011btovn\u011b vzk\u0159\u00ed\u0161en, se na \u017eidovsk\u00e9m h\u0159bitov\u011b poh\u0159b\u00edv\u00e1 do b\u00edl\u00e9ho pl\u00e1tna. Cel\u00e9 m\u00edsto se pova\u017euje za posv\u00e1tn\u00e9 a proto tu plat\u00ed n\u011bkter\u00e1 pravidla, kter\u00e9 lid\u00e9 neporu\u0161uj\u00ed. Nesm\u00edte na h\u0159bitov\u011b j\u00edst ani p\u00edt, z\u00e1kaz vstupu v\u0161em zv\u00ed\u0159at\u016fm, hroby mus\u00ed z\u016fstat na v\u011bky neporu\u0161en\u00e9. <br>Pokud se n\u00e1hodou stalo, \u017ee se h\u0159bitov z n\u011bjak\u00e9ho d\u016fvodu nemohl roz\u0161\u00ed\u0159it, poh\u0159b\u00edvali se lid\u00e9 na sebe do vrstev, \u010dasem se navezla dal\u0161\u00ed hl\u00edna, do kter\u00e9 se poh\u0159b\u00edvalo op\u011btovn\u011b.<\/p>\n\n\n\n<p><br><br><\/p>\n\n\n\n<div class=\"wp-block-image\"><figure class=\"aligncenter\"><img loading=\"lazy\" width=\"259\" height=\"194\" src=\"https:\/\/nadprirozeno.cz\/wp-content\/uploads\/2019\/06\/\u017eidak.jpg\" alt=\"\" class=\"wp-image-352\" srcset=\"https:\/\/nadprirozeno.cz\/wp-content\/uploads\/2019\/06\/\u017eidak.jpg 259w, https:\/\/nadprirozeno.cz\/wp-content\/uploads\/2019\/06\/\u017eidak-210x157.jpg 210w\" sizes=\"(max-width: 259px) 100vw, 259px\" \/><figcaption>\u017eidovsk\u00fd h\u0159bitov-Google<\/figcaption><\/figure><\/div>\n\n\n\n<p>N\u00e1\u0161 h\u0159bitov, kter\u00fd jsme nav\u0161t\u00edvili se nach\u00e1z\u00ed na okraji lesa, pobl\u00ed\u017e obd\u011bl\u00e1van\u00e9ho pole.  <br>Pokud o n\u011bm nev\u00edte, s nejv\u011bt\u0161\u00ed pravd\u011bpodobnost\u00ed ho nenajdete. <br>Na rozpozn\u00e1n\u00ed atmosf\u00e9ry n\u00e1m posta\u010dilo vystoupit z auta. I kdy\u017e se mus\u00ed j\u00edt v\u011bt\u0161\u00ed kus p\u0159es pole p\u011b\u0161ky, atmosf\u00e9ra se dala kr\u00e1jet u\u017e v t\u011bchto m\u00edstech.<br>Byl ve\u010der&#8230; z lesa se oz\u00fdvaly zvuky zv\u00ed\u0159at, kter\u00e9 jsme bu\u010f probudili nebo v noci \u017eij\u00ed. \u010c\u00edm bl\u00ed\u017ee jsem byli ke h\u0159bitovu, t\u00edm v\u00edce m\u011b p\u0159epadal pocit, \u017ee nejsme v\u00edt\u00e1ni a je\u0161t\u011b n\u011bco&#8230;.zv\u011bdavost?<\/p>\n\n\n\n<figure class=\"wp-block-image\"><img loading=\"lazy\" width=\"768\" height=\"1024\" src=\"https:\/\/nadprirozeno.cz\/wp-content\/uploads\/2019\/06\/IMG_20190614_233639-768x1024.jpg\" alt=\"\" class=\"wp-image-353\" srcset=\"https:\/\/nadprirozeno.cz\/wp-content\/uploads\/2019\/06\/IMG_20190614_233639-768x1024.jpg 768w, https:\/\/nadprirozeno.cz\/wp-content\/uploads\/2019\/06\/IMG_20190614_233639-225x300.jpg 225w, https:\/\/nadprirozeno.cz\/wp-content\/uploads\/2019\/06\/IMG_20190614_233639-158x210.jpg 158w, https:\/\/nadprirozeno.cz\/wp-content\/uploads\/2019\/06\/IMG_20190614_233639.jpg 1488w\" sizes=\"(max-width: 768px) 100vw, 768px\" \/><\/figure>\n\n\n\n<p>Jakmile jsme do\u0161li p\u0159ed h\u0159bitovn\u00ed br\u00e1nu, v\u0161e utichlo&#8230;.i les.<br>Odjistili jsme petli\u010dku na br\u00e1n\u011b (byla ji\u0161t\u011bn\u00e1 jen tenk\u00fdm klac\u00edkem) a ve\u0161li. H\u0159bitov p\u016fsobil sta\u0159e. N\u011bkter\u00e9 n\u00e1hrobky byly povalen\u00e9 \u010dasem k zemi. Na v\u0161ech polo\u017een\u00e9 kameny podle \u017eidovsk\u00e9 tradice. St\u00e1le bylo ticho. Rozhodli jsme se j\u00edt tedy po prav\u00e9 stran\u011b nahoru do kopce. (Od branky je vid\u011bt po cel\u00e9m h\u0159bitov\u011b). Pozdravili jsme a ujistili du\u0161i\u010dky, \u017ee jdeme v m\u00edru. Mo\u017en\u00e1 n\u00e1hoda, mo\u017en\u00e1 ne, ale kdy\u017e se do\u0161lo na vrcholek h\u0159bitova, kde se zd\u00e1ly n\u00e1hrobky star\u0161\u00ed a v\u00edce se nakl\u00e1n\u011bj\u00edc\u00ed k zemi se za\u010dal zvedat v\u00edtr. N\u011bjak jsme tomu nev\u011bnovali pozornost, mohlo j\u00edt p\u0159eci o n\u00e1hodu. <br>Ud\u011blalo se n\u011bkolik fotografi\u00ed a jeliko\u017e v\u00edtr nep\u0159est\u00e1val, ale naopak se zd\u00e1lo \u017ee zesiluje, tak jsme se rozhodli, nahr\u00e1t na zkou\u0161ku EVP pokud to v\u016fbec bude d\u00edky v\u011btru sly\u0161et&#8230;.<br>D\u00e1vali se ot\u00e1zky b\u011b\u017en\u00e9 p\u0159i nahr\u00e1v\u00e1n\u00ed EVP, potom Pavel polo\u017eil ot\u00e1zku, zda-li byli za \u017eivota t\u00fdr\u00e1ni.( Nos\u00edme s sebou diktafon a sluch\u00e1tka, ale v\u00edtr byl opravdu siln\u00fd a i kdy\u017e jsme z nahr\u00e1vky sly\u0161eli odpov\u011b\u010f, pro tuto chvilku jsme j\u00ed nerozlu\u0161tili. Doma po odstran\u011bn\u00ed \u0161umu n\u00e1s po t\u00e9to ot\u00e1zce varovala na EVP \u017eena. \u0158ekla-VARUJI T\u011a!!!).<br>Po\u010das\u00ed se zhor\u0161ovalo, tak\u017ee se akce ukon\u010dila. P\u0159i cest\u011b z kopce k brance, se zni\u010dehonic za\u010dala rychle \u0161\u00ed\u0159it mlha po cel\u00e9m prostoru h\u0159bitova. Atmosf\u00e9ra nebyla v\u016fbec dobr\u00e1 a n\u011bjak\u00e1 entita si usmyslela, \u017ee z n\u00e1s bude \u010derpat energii. ( V takovou chvilku jim to v\u017edy zaka\u017ete! uv\u011bdomte si, \u017ee jste v\u017edycky siln\u011bj\u0161\u00ed jak oni! v\u011b\u0159\u00edte-li tomu, potom tomu tak je).<br>Strach jsme nem\u011bli, ale nikdy neriskujeme v\u00edce ne\u017e mus\u00edme nebo tak d\u011bl\u00e1me \u00famysln\u011b, tak\u017ee i p\u0159es tuto entitu,v\u00edtr a mlhu jsme s klidem do\u0161li k brance. Pod\u011bkovali jsme jim, \u0159ekli a\u0165 odpo\u010d\u00edvaj\u00ed v pokoji a z\u016fstanou zde.<br>Bohu\u017eel n\u00e9 v\u017edy V\u00e1s poslechnou a i p\u0159es z\u00e1kaz j\u00edt s V\u00e1mi dom\u016f, \u010dasto tak konaj\u00ed a s radost\u00ed to mi v\u011b\u0159te. Vid\u00ed ve V\u00e1s zdroj energie, vidinu pomoci z Va\u0161\u00ed strany, pokud to um\u00edte (oni to c\u00edt\u00ed) atd.<br>K n\u00e1m dom\u016f se nedostal, byl vyveden z auta ven.<br><br>Druh\u00e1 n\u00e1v\u0161t\u011bva tohoto m\u00edsta byla ukon\u010dena rychle. P\u0159e brankou jsme se zeptali, jestli m\u016f\u017eeme v klidu a m\u00edru vstoupit a z EVP zazn\u011blo -Ne!<br>\u00damysln\u011b nechceme naru\u0161ovat jejich klid, v\u017edy\u0165 je to jejich m\u00edsto odpo\u010dinku, tak\u017ee jsme pod\u011bkovali a jeli na m\u00edsto druh\u00e9, kter\u00e9 jsme m\u011bli v pl\u00e1nu.<br>Celou cestu k autu n\u00e1s ale n\u011bjak\u00e1 entita doprov\u00e1zela. Mo\u017en\u00e1 se cht\u011bla ujistit, \u017ee opravdu jedeme pry\u010d, nebo mo\u017en\u00e1 pot\u0159ebovala odvoz \ud83d\ude42<br><br><br><\/p>\n","protected":false},"excerpt":{"rendered":"<p>\u017didovsk\u00fd h\u0159bitov D\u0159\u00edve, ne\u017e-li V\u00e1m pop\u00ed\u0161i n\u00e1\u0161 p\u0159\u00edb\u011bh,dovoluji si ve zkratce popsat zaj\u00edmavosti \u017eidovsk\u00e9ho h\u0159bitova.Ve v\u00ed\u0159e,\u017ee \u010dlov\u011bk bude op\u011btovn\u011b vzk\u0159\u00ed\u0161en, se na \u017eidovsk\u00e9m h\u0159bitov\u011b poh\u0159b\u00edv\u00e1 do b\u00edl\u00e9ho pl\u00e1tna. Cel\u00e9 m\u00edsto se pova\u017euje za posv\u00e1tn\u00e9 a proto tu plat\u00ed n\u011bkter\u00e1 pravidla, kter\u00e9 lid\u00e9 neporu\u0161uj\u00ed. Nesm\u00edte na h\u0159bitov\u011b j\u00edst ani p\u00edt, z\u00e1kaz vstupu v\u0161em zv\u00ed\u0159at\u016fm, hroby mus\u00ed [&hellip;]<\/p>\n","protected":false},"author":1,"featured_media":0,"parent":0,"menu_order":0,"comment_status":"closed","ping_status":"closed","template":"","meta":{"_monsterinsights_skip_tracking":false,"_monsterinsights_sitenote_active":false,"_monsterinsights_sitenote_note":"","_monsterinsights_sitenote_category":0},"_links":{"self":[{"href":"https:\/\/nadprirozeno.cz\/index.php\/wp-json\/wp\/v2\/pages\/351"}],"collection":[{"href":"https:\/\/nadprirozeno.cz\/index.php\/wp-json\/wp\/v2\/pages"}],"about":[{"href":"https:\/\/nadprirozeno.cz\/index.php\/wp-json\/wp\/v2\/types\/page"}],"author":[{"embeddable":true,"href":"https:\/\/nadprirozeno.cz\/index.php\/wp-json\/wp\/v2\/users\/1"}],"replies":[{"embeddable":true,"href":"https:\/\/nadprirozeno.cz\/index.php\/wp-json\/wp\/v2\/comments?post=351"}],"version-history":[{"count":1,"href":"https:\/\/nadprirozeno.cz\/index.php\/wp-json\/wp\/v2\/pages\/351\/revisions"}],"predecessor-version":[{"id":354,"href":"https:\/\/nadprirozeno.cz\/index.php\/wp-json\/wp\/v2\/pages\/351\/revisions\/354"}],"wp:attachment":[{"href":"https:\/\/nadprirozeno.cz\/index.php\/wp-json\/wp\/v2\/media?parent=351"}],"curies":[{"name":"wp","href":"https:\/\/api.w.org\/{rel}","templated":true}]}}