{"id":359,"date":"2019-06-23T22:07:02","date_gmt":"2019-06-23T20:07:02","guid":{"rendered":"http:\/\/nadprirozeno.cz\/?page_id=359"},"modified":"2019-06-23T22:07:02","modified_gmt":"2019-06-23T20:07:02","slug":"prvni-osobni-zkusenost-s-nelidskou-entitou","status":"publish","type":"page","link":"https:\/\/nadprirozeno.cz\/index.php\/prvni-osobni-zkusenost-s-nelidskou-entitou\/","title":{"rendered":"Prvn\u00ed osobn\u00ed zku\u0161enost s nelidskou entitou"},"content":{"rendered":"\n<h1>Prvn\u00ed osobn\u00ed zku\u0161enost s nelidskou entitou<\/h1>\n\n\n\n<p>Je\u0161t\u011b v dob\u00e1ch, kdy jsem \u017eila na Morav\u011b a kluci byli mal\u00ed, se mi p\u0159ihodila moje prvn\u00ed zku\u0161enost s nelidskou entitou. V t\u00e9 dob\u011b, jsem chodila na akce s jin\u00fdm t\u00fdmem a za\u010dala zji\u0161\u0165ovat co um\u00edm naprosto p\u0159irozen\u011b a co je t\u0159eba dopilov\u00e1vat postupn\u011b.<br><br>Mlad\u0161\u00ed syn David se za\u010dal \u010dasto v noci budit. Ze za\u010d\u00e1tku jsem tomu nev\u011bnovala moc pozornosti, proto\u017ee Dav\u010da si odmali\u010dka ve sp\u00e1nku p\u0159ehr\u00e1v\u00e1 cel\u00ed den a mohlo to s t\u00edm buzen\u00edm souviset.<br>Ub\u011bhlo asi 14 dn\u00ed a za\u010dal se budit chvilku po usnut\u00ed s t\u00edm, \u017ee ho n\u011bco \u0161kr\u00e1be na hlav\u011b. Uklid\u0148ovala jsem ho, \u017ee se nic ned\u011bje. Za\u010dalo mi to ale vrtat v hlav\u011b, proto\u017ee v\u017edy kdy\u017e usnul, tak sp\u00e1val tvrd\u011b a jen tak n\u011bco by ho nevzbudilo a te\u010f je\u0161t\u011b k tomu na\u0161e (tehdy) \u0161t\u011bn\u011b Jerry, kter\u00e9ho m\u011bl v noh\u00e1ch za\u010dal stra\u0161n\u011b k\u0148u\u010det a b\u00e1t se.<br>Ten ve\u010der, kdy se Dav\u010da vzbudil asi pot\u0159et\u00ed, jsem \u0161la ke kluk\u016fm do pokoje. Star\u0161\u00ed syn (m\u011bl 13 let a Dav\u010da 5 let), mi \u0159ekl, \u017ee kdy\u017e jsem tam byla poprv\u00e9 se na Davida pod\u00edvat, tak si nejd\u0159\u00edv myslel, \u017ee je to m\u016fj st\u00edn&#8230;..ale \u017ee to z\u016fstalo v rohu pokoje i po m\u00e9m odchodu z m\u00edstnosti. Pr\u00fd to vypadalo jako \u010dern\u00fd mrak, kter\u00fd se lehce pohyboval.<br>Lehla jsem si tedy do postele k Dav\u010dovi a ten okam\u017eit\u011b usnul. Jak tak le\u017e\u00edm, najednou usly\u0161\u00edm zv\u00ed\u0159ec\u00ed dr\u00e1pky, jak pomalu kr\u00e1\u010d\u00ed sm\u011brem k n\u00e1m a takov\u00fd divn\u00fd tlak, kter\u00fd zesiloval jak se to bl\u00ed\u017eilo. Dav\u010da, kter\u00fd do t\u00e9 doby vedle m\u011b v klidu spal se najednou op\u011bt probudil, \u017ee ho op\u011bt n\u011bco \u0161kr\u00e1be na hlav\u011b. Bylo to ve chvilce, kdy jsem c\u00edtila tlak pobl\u00ed\u017e n\u00e1s. Kluk tedy na to reagoval. Tro\u0161ku m\u011b to vyd\u011bsilo, nev\u011bd\u011bla jsem co to je a co to chce.<br><br><\/p>\n\n\n\n<div class=\"wp-block-image\"><figure class=\"aligncenter\"><img loading=\"lazy\" width=\"443\" height=\"700\" src=\"https:\/\/nadprirozeno.cz\/wp-content\/uploads\/2019\/06\/st\u00edn-pes.jpg\" alt=\"\" class=\"wp-image-360\" srcset=\"https:\/\/nadprirozeno.cz\/wp-content\/uploads\/2019\/06\/st\u00edn-pes.jpg 443w, https:\/\/nadprirozeno.cz\/wp-content\/uploads\/2019\/06\/st\u00edn-pes-190x300.jpg 190w, https:\/\/nadprirozeno.cz\/wp-content\/uploads\/2019\/06\/st\u00edn-pes-133x210.jpg 133w\" sizes=\"(max-width: 443px) 100vw, 443px\" \/><\/figure><\/div>\n\n\n\n<p>Davida jsem op\u011bt uklidnila a ten okam\u017eit\u011b usnul. P\u0159em\u00fd\u0161lela jsem, co je v m\u00fdch sil\u00e1ch, co vlastn\u011b m\u016f\u017eu ud\u011blat, ale v\u011bd\u011bla jsem, \u017ee nedovol\u00edm, aby cokoliv m\u00e9mu d\u00edt\u011bti ubl\u00ed\u017eilo.<br>V\u011b\u0159\u00edm v s\u00edlu and\u011bl\u016f a dote\u010f s nimi pracuji. Vzpomn\u011bla jsem si na slova na\u0161eho kamar\u00e1da a l\u00e9\u010ditele, kter\u00fd takt\u00e9\u017e pracuje s and\u011bli ( Daliborka Faltu). Ten mi kdysi \u0159ekl, \u017ee na temnotu je nejlep\u0161\u00ed p\u0159iv\u00e9st sv\u011btlo. D\u0159\u00edve to pro m\u011b byla celkem t\u011b\u017ek\u00e1 v\u011bc, um\u011bn\u00ed se za ka\u017edou cenu soust\u0159edit&#8230;..a hlavn\u011b ve chv\u00edli, kdy jsem zase usly\u0161ela ty dr\u00e1py na podlaze. Po\u017e\u00e1dala jsem archand\u011bla Michaela, aby p\u0159i m\u011b st\u00e1l a dal m\u00e9mu sv\u011btlu, kter\u00e9 jsem se chystala p\u0159iv\u00e9st do pokoje s\u00edlu.<br>Najednou jsem na sob\u011b uc\u00edtila tlak&#8230;..bylo to, jako by m\u011b zalehlo n\u011bco opravdu t\u011b\u017ek\u00e9ho. Uv\u011bdomila jsem si, \u017ee to zp\u016fsobila ta entita, kter\u00e1 stra\u0161ila Dav\u010du.<br>Musela jsem si v\u011b\u0159it, cht\u011bla jsem kluka ochr\u00e1nit, ale se sv\u011btlem jsem nikdy d\u0159\u00edve je\u0161t\u011b nepracovala&#8230;.jinou mo\u017enost jsem v tu chv\u00edli ale nem\u011bla.<br>A\u010dkoliv TO na m\u011b st\u00e1le vyv\u00edjelo tlak, sebrala jsem ve\u0161ker\u00e9 sv\u00e9 soust\u0159ed\u011bn\u00ed na vizualizaci ochrann\u00e9ho sv\u011btla. P\u0159edstavovala jsem si, jak oknem za\u010d\u00edn\u00e1 proudit do pokoje a vyh\u00e1n\u00ed v\u0161e negativn\u00ed co v pokoji bylo. Tlak se za\u010dal sni\u017eovat, a\u017e \u00fapln\u011b odezn\u011bl.<br><br><br><\/p>\n\n\n\n<div class=\"wp-block-image\"><figure class=\"aligncenter\"><img loading=\"lazy\" width=\"500\" height=\"334\" src=\"https:\/\/nadprirozeno.cz\/wp-content\/uploads\/2019\/06\/apariciones-de-sobras.jpg\" alt=\"\" class=\"wp-image-361\" srcset=\"https:\/\/nadprirozeno.cz\/wp-content\/uploads\/2019\/06\/apariciones-de-sobras.jpg 500w, https:\/\/nadprirozeno.cz\/wp-content\/uploads\/2019\/06\/apariciones-de-sobras-300x200.jpg 300w, https:\/\/nadprirozeno.cz\/wp-content\/uploads\/2019\/06\/apariciones-de-sobras-210x140.jpg 210w\" sizes=\"(max-width: 500px) 100vw, 500px\" \/><\/figure><\/div>\n\n\n\n<p>\u010c\u00edm d\u00e9le se sv\u011btlem pracujete, t\u00edm d\u00e9le potom jeho ochrana vydr\u017e\u00ed. Kdy\u017e ud\u011bl\u00e1m ochrann\u00fd \u0161t\u00edt dnes, vydr\u017e\u00ed n\u011bkolik dn\u00ed. Tenkr\u00e1t to sta\u010dilo sotva na hodinu a do r\u00e1na se to je\u0161t\u011b opakovalo asi t\u0159ikr\u00e1t. Dav\u010da mi to ihned r\u00e1no kone\u010dn\u011b popsal&#8230;.pr\u00fd to vypad\u00e1 jako \u010dern\u00fd pes s \u010derven\u00fdma o\u010dima.<br><br>Hned r\u00e1no, kdy\u017e kluci ode\u0161li do \u0161koly, jsem zavolala Daliborovi, v\u0161echno jsem mu popsala a Dali si nechal poslat fotografie pokoje.<br>Jakmile se na to pod\u00edval, \u0159ekl mi, \u017ee to co je u n\u00e1s doma, p\u0159ivedl dom\u016f star\u0161\u00ed syn, kter\u00fd je citliv\u00fd. Prost\u011b se to na n\u011bj nalepilo a \u0161lo to s n\u00edm&#8230;<br>St\u00e1la a \u010dekala jsem podle pokyn\u016f p\u0159ed domem zat\u00edmco Dali na d\u00e1lku odv\u00e1d\u011bl tu entitu. Po p\u00e1r minut\u00e1ch mi \u0159ekl, a\u0165 jdu dom\u016f a \u0159eknu mu, jestli v m\u00edstnostech nec\u00edt\u00edm s\u00edru. Sice m\u011b uklid\u0148oval, \u017ee s\u00edra nemus\u00ed ihned znamenat, \u017ee je to zl\u00e9 nebo d\u00e9monick\u00e9, ale to mi moc klidu v tu chvilku nep\u0159idalo. Na\u0161t\u011bst\u00ed jsem nic nec\u00edtila.<br>Po asi m\u011bs\u00edci Dav\u010dova no\u010dn\u00edho buzen\u00ed, byl kone\u010dn\u011b klid. Od t\u00e9 doby se u\u017e nebudil a nic ho neatakovalo.<br>M\u011b paranorm\u00e1ln\u00ed jevy zaj\u00edmaly od mali\u010dka, ale tento p\u0159\u00edb\u011bh, kter\u00fd se n\u00e1m stal m\u011b p\u0159im\u011bl se tomuto jevu v\u011bnovat naplno. <br>Pokud i Vy m\u00e1te n\u011bjak\u00fd probl\u00e9m, nev\u00e1hejte a ozv\u011bte se n\u00e1m, r\u00e1di V\u00e1m pom\u016f\u017eeme.<br>Lenka Charv\u00e1tov\u00e1<\/p>\n","protected":false},"excerpt":{"rendered":"<p>Prvn\u00ed osobn\u00ed zku\u0161enost s nelidskou entitou Je\u0161t\u011b v dob\u00e1ch, kdy jsem \u017eila na Morav\u011b a kluci byli mal\u00ed, se mi p\u0159ihodila moje prvn\u00ed zku\u0161enost s nelidskou entitou. V t\u00e9 dob\u011b, jsem chodila na akce s jin\u00fdm t\u00fdmem a za\u010dala zji\u0161\u0165ovat co um\u00edm naprosto p\u0159irozen\u011b a co je t\u0159eba dopilov\u00e1vat postupn\u011b. Mlad\u0161\u00ed syn David se za\u010dal [&hellip;]<\/p>\n","protected":false},"author":1,"featured_media":0,"parent":0,"menu_order":0,"comment_status":"closed","ping_status":"closed","template":"","meta":{"_monsterinsights_skip_tracking":false,"_monsterinsights_sitenote_active":false,"_monsterinsights_sitenote_note":"","_monsterinsights_sitenote_category":0},"_links":{"self":[{"href":"https:\/\/nadprirozeno.cz\/index.php\/wp-json\/wp\/v2\/pages\/359"}],"collection":[{"href":"https:\/\/nadprirozeno.cz\/index.php\/wp-json\/wp\/v2\/pages"}],"about":[{"href":"https:\/\/nadprirozeno.cz\/index.php\/wp-json\/wp\/v2\/types\/page"}],"author":[{"embeddable":true,"href":"https:\/\/nadprirozeno.cz\/index.php\/wp-json\/wp\/v2\/users\/1"}],"replies":[{"embeddable":true,"href":"https:\/\/nadprirozeno.cz\/index.php\/wp-json\/wp\/v2\/comments?post=359"}],"version-history":[{"count":1,"href":"https:\/\/nadprirozeno.cz\/index.php\/wp-json\/wp\/v2\/pages\/359\/revisions"}],"predecessor-version":[{"id":362,"href":"https:\/\/nadprirozeno.cz\/index.php\/wp-json\/wp\/v2\/pages\/359\/revisions\/362"}],"wp:attachment":[{"href":"https:\/\/nadprirozeno.cz\/index.php\/wp-json\/wp\/v2\/media?parent=359"}],"curies":[{"name":"wp","href":"https:\/\/api.w.org\/{rel}","templated":true}]}}