{"id":379,"date":"2019-06-26T18:28:44","date_gmt":"2019-06-26T16:28:44","guid":{"rendered":"http:\/\/nadprirozeno.cz\/?page_id=379"},"modified":"2019-06-26T18:41:41","modified_gmt":"2019-06-26T16:41:41","slug":"vysetrovani-v-terezinskem-lazaretu-z-pohledu-kolegu","status":"publish","type":"page","link":"https:\/\/nadprirozeno.cz\/index.php\/vysetrovani-v-terezinskem-lazaretu-z-pohledu-kolegu\/","title":{"rendered":"Vy\u0161et\u0159ov\u00e1n\u00ed v terez\u00ednsk\u00e9m lazaretu z pohledu koleg\u016f"},"content":{"rendered":"\n<h1>Vy\u0161et\u0159ov\u00e1n\u00ed v terez\u00ednsk\u00e9m lazaretu z pohledu koleg\u016f<\/h1>\n\n\n\n<p>Dobr\u00fd den mil\u00ed \u010dten\u00e1\u0159i. V tomto \u010dl\u00e1nku V\u00e1m p\u0159in\u00e1\u0161\u00edme na\u0161e spole\u010dn\u00e9 vy\u0161et\u0159ov\u00e1n\u00ed v terez\u00ednsk\u00e9m lazaretu z pohledu koleg\u016f z t\u00fdmu &#8222;Urbex a Paranormal HK&#8220;. Zde jsou jejich slova a video.<\/p>\n\n\n\n<figure class=\"wp-block-image\"><img loading=\"lazy\" width=\"1024\" height=\"768\" src=\"https:\/\/nadprirozeno.cz\/wp-content\/uploads\/2019\/05\/SUNP0026-1024x768.jpg\" alt=\"\" class=\"wp-image-85\"\/><\/figure>\n\n\n\n<p>Hezk\u00fd hork\u00fd den. Sice po hodn\u011b dlouh\u00e9 dob\u011b (\u010dekali jsme i na video od streamu), ale p\u0159eci. Kone\u010dn\u011b je na sv\u011bt\u011b na\u0161e video z op\u011bt dal\u0161\u00ed str\u00e1ven\u00e9 noci v Terez\u00edne kde jsme byly tentokr\u00e1t v bejval\u00e9 nemocnici. Po ukon\u010den\u00ed vy\u0161et\u0159ov\u00e1n\u00ed jsme na m\u00edst\u011b rovnou i p\u0159espali. Byly jsme tam op\u011bt je\u0161t\u011b s t\u00fdmem Lenky a Pavla z P\u0159\u00edbrami. A co se d\u011blo nebo ned\u011blo? to u\u017e m\u016f\u017eete vid\u011bt ve videu. Prozrad\u00edme \u017ee to bylo dosti z\u00e1\u017eivn\u00e9 pro n\u00e1s, a m\u00e1me velmi zaj\u00edmav\u00e9 nahr\u00e1vky. Zaj\u00edmav\u00e9 je, \u017ee zrovna na tomto m\u00edst\u011b n\u00e1m n\u011bkdo \u0159ekl jm\u00e9no Ferdinand a hned na to nav\u00e1zalo slovo Princip.<\/p>\n\n\n\n<p>Lid\u00e9 maj\u00ed Terez\u00edn v \u00dasteck\u00e9m kraji spojen\u00fd hlavn\u011b s malou pevnost\u00ed a s dobou druh\u00e9 sv\u011btov\u00e9 v\u00e1lky, kdy v n\u00ed byl koncentra\u010dn\u00ed t\u00e1bor. P\u0159itom tradice mal\u00e9 pevnosti coby v\u011bzen\u00ed je dlouh\u00e1 a sah\u00e1 a\u017e k po\u010d\u00e1tk\u016fm 19. stolet\u00ed. Pro\u0161la j\u00ed spousta zn\u00e1m\u00fdch osobnost\u00ed, jako t\u0159eba Gavrilo Princip, kter\u00fd 24. \u010dervna 1910 sp\u00e1chal v Sarajevu atent\u00e1t na n\u00e1sledn\u00edka rakousko-uhersk\u00e9ho tr\u016fnu Franti\u0161ka Ferdinanda d \u00b4Este. <br>Nejzn\u00e1m\u011bj\u0161\u00ed nemocni\u010dn\u00ed pokoj je ten, ve kter\u00e9m zem\u0159el Gavrilo Princip, atent\u00e1tn\u00edk ze Sarajeva. Je to mal\u00e1 m\u00edstnost vedle o\u0161et\u0159ovny l\u00e9ka\u0159\u016f. I kdy\u017e Gavrilo sp\u00e1chal atent\u00e1t na n\u00e1sledn\u00edka tr\u016fnu, podle tehdej\u0161\u00edch z\u00e1kon\u016f nebyl plnolet\u00fd, a tak nemohl b\u00fdt popraven. Putoval tedy do terez\u00ednsk\u00e9 pevnosti a n\u00e1sledn\u011b do vojensk\u00e9 pos\u00e1dkov\u00e9 nemocnice, kde v dubnu roku 1918 zem\u0159el na n\u00e1sledky tuberkul\u00f3zy kost\u00ed.<\/p>\n\n\n\n<p>Vojensk\u00e1 nemocnice je, stejn\u011b jako ostatn\u00ed terez\u00ednsk\u00e9 budovy, obrovsk\u00e1. Terez\u00edn byl postaven jako logistick\u00e1 vojensk\u00e1 z\u00e1kladna, kter\u00e1 m\u011bla v historii z\u00e1sobovat vojensk\u00e1 ta\u017een\u00ed na severu \u010cech a v N\u011bmecku. Od pades\u00e1t\u00fdch let 20. stolet\u00ed funguje objekt jako sklad.<\/p>\n\n\n\n<figure class=\"wp-block-embed-youtube wp-block-embed is-type-video is-provider-youtube wp-embed-aspect-16-9 wp-has-aspect-ratio\"><div class=\"wp-block-embed__wrapper\">\n<iframe loading=\"lazy\" width=\"980\" height=\"551\" src=\"https:\/\/www.youtube.com\/embed\/PQvv2vwYWSk?feature=oembed\" frameborder=\"0\" allow=\"accelerometer; autoplay; encrypted-media; gyroscope; picture-in-picture\" allowfullscreen><\/iframe>\n<\/div><figcaption>Video z vy\u0161et\u0159ov\u00e1n\u00ed v terez\u00ednsk\u00e9m lazaretu<\/figcaption><\/figure>\n","protected":false},"excerpt":{"rendered":"<p>Vy\u0161et\u0159ov\u00e1n\u00ed v terez\u00ednsk\u00e9m lazaretu z pohledu koleg\u016f Dobr\u00fd den mil\u00ed \u010dten\u00e1\u0159i. V tomto \u010dl\u00e1nku V\u00e1m p\u0159in\u00e1\u0161\u00edme na\u0161e spole\u010dn\u00e9 vy\u0161et\u0159ov\u00e1n\u00ed v terez\u00ednsk\u00e9m lazaretu z pohledu koleg\u016f z t\u00fdmu &#8222;Urbex a Paranormal HK&#8220;. Zde jsou jejich slova a video. Hezk\u00fd hork\u00fd den. Sice po hodn\u011b dlouh\u00e9 dob\u011b (\u010dekali jsme i na video od streamu), ale p\u0159eci. Kone\u010dn\u011b [&hellip;]<\/p>\n","protected":false},"author":1,"featured_media":0,"parent":0,"menu_order":0,"comment_status":"closed","ping_status":"closed","template":"","meta":{"_monsterinsights_skip_tracking":false,"_monsterinsights_sitenote_active":false,"_monsterinsights_sitenote_note":"","_monsterinsights_sitenote_category":0},"_links":{"self":[{"href":"https:\/\/nadprirozeno.cz\/index.php\/wp-json\/wp\/v2\/pages\/379"}],"collection":[{"href":"https:\/\/nadprirozeno.cz\/index.php\/wp-json\/wp\/v2\/pages"}],"about":[{"href":"https:\/\/nadprirozeno.cz\/index.php\/wp-json\/wp\/v2\/types\/page"}],"author":[{"embeddable":true,"href":"https:\/\/nadprirozeno.cz\/index.php\/wp-json\/wp\/v2\/users\/1"}],"replies":[{"embeddable":true,"href":"https:\/\/nadprirozeno.cz\/index.php\/wp-json\/wp\/v2\/comments?post=379"}],"version-history":[{"count":2,"href":"https:\/\/nadprirozeno.cz\/index.php\/wp-json\/wp\/v2\/pages\/379\/revisions"}],"predecessor-version":[{"id":383,"href":"https:\/\/nadprirozeno.cz\/index.php\/wp-json\/wp\/v2\/pages\/379\/revisions\/383"}],"wp:attachment":[{"href":"https:\/\/nadprirozeno.cz\/index.php\/wp-json\/wp\/v2\/media?parent=379"}],"curies":[{"name":"wp","href":"https:\/\/api.w.org\/{rel}","templated":true}]}}