{"id":385,"date":"2019-07-28T16:14:50","date_gmt":"2019-07-28T14:14:50","guid":{"rendered":"http:\/\/nadprirozeno.cz\/?page_id=385"},"modified":"2019-08-03T14:58:26","modified_gmt":"2019-08-03T12:58:26","slug":"noutonicky-hrbitov","status":"publish","type":"page","link":"https:\/\/nadprirozeno.cz\/index.php\/noutonicky-hrbitov\/","title":{"rendered":"Noutonick\u00fd h\u0159bitov"},"content":{"rendered":"\n<h1>Noutonick\u00fd h\u0159bitov<\/h1>\n\n\n\n<p>Je bezesporu jedno z m\u00edst u n\u00e1s, kter\u00e9 je op\u0159edeno spoustou pov\u011bst\u00ed a osobn\u00edch z\u00e1\u017eitk\u016f n\u00e1v\u0161t\u011bvn\u00edk\u016f tohoto m\u00edsta. N\u011bkter\u00e9 pov\u011bsti spojen\u00e9 s t\u00edmto m\u00edstem byly vyvr\u00e1ceny d\u016fkazn\u00edmi materi\u00e1ly, jin\u00e9 se zakl\u00e1daj\u00ed na podlo\u017een\u00fdch historick\u00fdch faktech.<\/p>\n\n\n\n<figure class=\"wp-block-image\"><img loading=\"lazy\" width=\"717\" height=\"960\" src=\"https:\/\/nadprirozeno.cz\/wp-content\/uploads\/2019\/07\/branka.jpg\" alt=\"\" class=\"wp-image-391\" srcset=\"https:\/\/nadprirozeno.cz\/wp-content\/uploads\/2019\/07\/branka.jpg 717w, https:\/\/nadprirozeno.cz\/wp-content\/uploads\/2019\/07\/branka-224x300.jpg 224w, https:\/\/nadprirozeno.cz\/wp-content\/uploads\/2019\/07\/branka-157x210.jpg 157w\" sizes=\"(max-width: 717px) 100vw, 717px\" \/><figcaption>Vstupn\u00ed br\u00e1na h\u0159bitova<\/figcaption><\/figure>\n\n\n\n<p>Na tomto h\u0159bitov\u011b jsme byli u\u017e mnohokr\u00e1t a poka\u017ed\u00e9 n\u00e1s n\u011b\u010d\u00edm p\u0159ekvapil. V jedn\u00e9 kr\u00e1sn\u00e9 \u010dervnov\u00e9 sobot\u011b jsme vyrazili s p\u0159\u00e1teli Irenou a Pavlem na tento kr\u00e1sn\u00fd h\u0159bit\u016fvek le\u017e\u00edc\u00ed na okraji vesnice Noutonice sm\u011brem na Velk\u00e9 P\u0159\u00edlepy. Jeliko\u017e se o tyto v\u011bci oba (Irena i Pavel) zaj\u00edmali v\u017edy jen teoreticky, dali jsme si nejprve ve\u010de\u0159i v restauraci \u0160pejchar ve Velk\u00fdch P\u0159\u00edlepech. Na ve\u010de\u0159i jsme probrali podrobnosti o noutonick\u00e9m h\u0159bitov\u011b a to jak se chovat v r\u016fzn\u00fdch situac\u00edch.<\/p>\n\n\n\n<p>V jedn\u00e9 kr\u00e1sn\u00e9 \u010dervnov\u00e9 sobot\u011b s na\u0161imi kamar\u00e1dy Irenou a Pavlem vyrazili na toto kouzeln\u00e9 a kr\u00e1sn\u00e9 m\u00edsto, na kter\u00e9 jezd\u00edme ji\u017e mnoho let. <br>Z d\u016fvodu ,\u017ee zde dnes byli dva Pavlov\u00e9 se o nich budeme vyjad\u0159ovat jako Pavel1 (zakladatel webu) a Pavel2 (Ireny Pavel).<br><br>Jakmile jsme dorazili p\u0159ed h\u0159bitov, tak n\u00e1m p\u0159ipadalo jako by na n\u00e1s h\u0159bitov u\u017e \u010dekal. Atmosf\u00e9ra se za\u010dala m\u011bnit &#8211; bylo c\u00edtit, \u017ee se prostor naplnil n\u011b\u010d\u00edm skoro hmatateln\u00fdm. Energie proudila sm\u011brem k n\u00e1m a z ovzdu\u0161\u00ed bylo c\u00edtit nap\u011bt\u00ed s malou d\u00e1vkou agrese.<br> <br>Irena a Pavel2 si na sebe vzali mikiny, ani\u017e by jako laici na prvn\u00ed sv\u00e9 obch\u016fzce v\u016fbec n\u011bco tu\u0161ili. \u0158ekla jsem jim, \u017ee u\u017e jsou kolem n\u00e1s a byla jsem celkem p\u0159ekvapen\u00e1, jak to ust\u00e1li.<br><br>Noutonick\u00fd h\u0159bitov je zn\u00e1m t\u00edm, \u017ee \u010d\u00edm v\u00edcekr\u00e1t po sob\u011b jdete dovnit\u0159 a ven&#8230; t\u0159eba na cigaretu&#8230;., t\u00edm je dal\u0161\u00ed n\u00e1v\u0161t\u011bva zaj\u00edmav\u011bj\u0161\u00ed a entity se v\u00edce projevuj\u00ed. Aby tak\u00e9 ne, kdy\u017e se sna\u017e\u00ed nakrmit jakoukoli energi\u00ed, kterou u sebe m\u00e1te. Irena m\u011bla na za\u010d\u00e1tku plnou baterku na mobilu a na konci? To V\u00e1m prozrad\u00ed sama.<br>Prvn\u00ed obch\u016fzku h\u0159bitovem \u0161el Pavel s Pavlem. <br><\/p>\n\n\n\n<p><strong>Jejich vlastn\u00ed slova:<\/strong><br><br><strong>N\u00e1\u0161 prvn\u00ed ducha\u0159sk\u00fd z\u00e1\u017eitek.&nbsp; Pavel a Ir\u010da.<br><\/strong><br>V Noutonic\u00edch je h\u0159bitov, kter\u00fd je kr\u00e1sn\u00fdm a za b\u00edl\u00e9ho dne poklidn\u00fdm  m\u00edstem, kde odpo\u010d\u00edv\u00e1 spousta mrtv\u00fdch a dokonce i slavn\u00fdch.&nbsp; Lenku a Pavla napadlo n\u00e1s vz\u00edt pr\u00e1v\u011b na toto m\u00edsto, pokud chceme opravdu za\u017e\u00edt n\u011bco zvl\u00e1\u0161tn\u00edho a ujistit se, \u017ee duchov\u00e9 jsou.&nbsp;&nbsp;  Na h\u0159bitov jsme dorazili kolem 22 hodiny. J\u00e1 osobn\u011b jsem c\u00edtila u\u017e po  vystoupen\u00ed z auta chlad a podivn\u00fd pocit. Musela jsem si obl\u00e9knout  mikinu, a\u010d venku bylo kr\u00e1sn\u00e9 teplo. Je\u0161t\u011b p\u0159ed vstupem, jsme dostali  d\u016fle\u017eit\u00e9 informace a pokyny, jak s nimi mluvit, na co se pt\u00e1t, a naopak  co rad\u011bji ne\u0159\u00edkat, abychom si je neodvedli sebou ven a nebo je  neurazili. Pot\u00e9 vyrazil Pavel s Pavlem jako prvn\u00ed.<\/p>\n\n\n\n<p>Pavel:  U\u017e p\u0159i vstoupen\u00ed na h\u0159bitov, bylo zvl\u00e1\u0161tn\u00ed, jak velmi znateln\u011b za\u010dala  kol\u00edsat okoln\u00ed teplota. P\u0159i m\u011b\u0159en\u00ed teploty speci\u00e1ln\u00edm teplom\u011brem v  ur\u010dit\u00fdch m\u00edstech, byly rozd\u00edly teplot velmi znateln\u00e9 a to i n\u011bkolik  stup\u0148\u016f. Na jednom m\u00edst\u011b dokonce klesla teplota z 23 stup\u0148\u016f b\u011bhem  n\u011bkolika vte\u0159in na 12 stup\u0148\u016f Celsia. Je zde tak\u00e9 m\u00edsto, kde m\u011b za\u010dali  zni\u010deho nic brn\u011bt ob\u011b ruce od ramen a\u017e po kone\u010dky prst\u016f. O dva metry d\u00e1l  to p\u0159e\u0161lo. Zvl\u00e1\u0161tn\u00ed bylo i to, \u017ee kdy\u017e p\u0159i\u0161el slab\u00fd v\u00e1nek na z\u00e1da,  mrazilo m\u011b na hrudi. (ten ve\u010der bylo bezv\u011bt\u0159\u00ed)V jednom  okam\u017eiku jsem zde c\u00edtil velik\u00fd tlak, kter\u00fd jako by m\u011b t\u00e1hl k zemi a  c\u00edtil jsem b\u011bhem chv\u00edle velikou \u00fanavu. Pak m\u011b Pavel upozornil, \u017ee je v  zemi na tomto m\u00edst\u011b ukryt\u00fd jak\u00fdsi k\u00e1men nad kter\u00fdm se tento pocit  umoc\u0148uje. Mysl\u00edm si, \u017ee by pod t\u00edm kamenem mohl b\u00fdt poh\u0159ben n\u011bkdo, koho  d\u0159\u00edve cht\u011bli lid\u00e9 nechat hluboko v zemi, aby se u\u017e na sv\u011bt nikdy  nedostal, ale to m\u011b jen napadlo, kdy\u017e to m\u00e1 takov\u00fd vliv na \u017eiv\u00e9ho  \u010dlov\u011bka. A nebyl jsem s\u00e1m, kdo c\u00edtil tento tlak. P\u0159i nahr\u00e1v\u00e1n\u00ed zvuku z  diktafonu, se n\u00e1m na tomto m\u00edst\u011b ozval n\u011bjak\u00fd \u017eensk\u00fd hlas. Bylo to v  bl\u00edzkosti hrobu pan\u00ed hrab\u011bnky, kter\u00e1 je zde poh\u0159bena. Kdy\u017e jsme pak \u0161li  v\u0161ichni najednou na h\u0159bitov a Lenka cht\u011bla svolat do kruhu v\u0161echny  duchy, kte\u0159\u00ed cht\u011bj\u00ed n\u011bjak pomoci, byl tam mezi nimi n\u011bjak\u00fd, kter\u00fd z\u0159ejm\u011b  necht\u011bl, aby jsme komukoliv z nich pom\u00e1hali. Ve chv\u00edli, kdy se Lenka  podruh\u00e9 ptala, poc\u00edtil jsem velikou bodavou bolest v z\u00e1dech v oblasti  k\u0159\u00ed\u017ee, kter\u00e1 se b\u011bhem kr\u00e1tk\u00e9 chv\u00edle rapidn\u011b v\u00edc a v\u00edc zv\u011bt\u0161ovala. B\u011bhem  minuty jsem nemohl st\u00e1t rovn\u011b ale jen v p\u0159edklonu. Museli jsme odtamtud  odej\u00edt. (\u0159\u00edk\u00e1 se, \u017ee duchov\u00e9 v\u011bd\u00ed o va\u0161ich slab\u00fdch m\u00edstech a na ty se  zam\u011b\u0159\u00ed, kdy\u017e v\u00e1s cht\u011bj\u00ed potr\u00e1pit) Na parkovi\u0161ti u auta pak Pavel ze m\u011b  tu bolest dostal. Nikdy bych nev\u011b\u0159il, \u017ee je tohle mo\u017en\u00e9, pokud bych to  neza\u017eil. Dom\u016f u\u017e jsme dojeli v po\u0159\u00e1dku a bolest nikde. <\/p>\n\n\n\n<figure class=\"wp-block-image\"><img loading=\"lazy\" width=\"800\" height=\"600\" src=\"https:\/\/nadprirozeno.cz\/wp-content\/uploads\/2019\/08\/1019319u.jpg\" alt=\"\" class=\"wp-image-412\" srcset=\"https:\/\/nadprirozeno.cz\/wp-content\/uploads\/2019\/08\/1019319u.jpg 800w, https:\/\/nadprirozeno.cz\/wp-content\/uploads\/2019\/08\/1019319u-300x225.jpg 300w, https:\/\/nadprirozeno.cz\/wp-content\/uploads\/2019\/08\/1019319u-768x576.jpg 768w, https:\/\/nadprirozeno.cz\/wp-content\/uploads\/2019\/08\/1019319u-210x158.jpg 210w\" sizes=\"(max-width: 800px) 100vw, 800px\" \/><figcaption>Fotograie p\u0159i pocitu prov\u00e1zku na noze<\/figcaption><\/figure>\n\n\n\n<figure class=\"wp-block-audio\"><audio controls src=\"https:\/\/nadprirozeno.cz\/wp-content\/uploads\/2019\/08\/EVP4.mp3\"><\/audio><figcaption>EVP k p\u0159edchoz\u00ed fotografii &#8211; doporu\u010dujeme sluch\u00e1tka<\/figcaption><\/figure>\n\n\n\n<p>Ir\u010da:  P\u0159i prvn\u00edm vstupu na h\u0159bitov, jsem byla tak trochu nervozn\u00ed. Nec\u00edtila  jsem strach, ale sp\u00ed\u0161e zv\u011bdavost co se bude d\u00edt. Pomalu jsme proch\u00e1zeli  uli\u010dkou a\u017e jsme do\u0161li k hrobu pana Hapky. Teplota tam byla ni\u017e\u0161\u00ed a  brn\u011bli m\u011b kone\u010dky prst\u016f. St\u00e1le jsem poci\u0165ovala chlad a m\u011bla jsem pocit,  jakoby za mnou n\u011bkdo \u0161el. Lenka nahr\u00e1vala na diktafon a fotila okoln\u00ed  n\u00e1hrobky.A kdy\u017e jsme se pak s Lenkou vr\u00e1tili k autu, n\u00e1hle m\u011b  za\u010dala mrznout lev\u00e1 strana ruky. Lenka se d\u00edvala a uvid\u011bla jakoby vedle  mne st\u00e1l mu\u017e kolem 30 let. P\u0159i druh\u00e9m a t\u0159et\u00edm vstupu jsem u\u017e c\u00edtila  fyzickou \u00fanavu a m\u016fj mobil, kter\u00fd byl nabyt\u00fd na 100% se mi vybyl na 10% a  to jsem ho m\u011bla celou dobu schovan\u00fd v kapse. U hrobu pan\u00ed hrab\u011bnky jsme  tak\u00e9 zaznamenali b\u00edlou mlhovinu, kter\u00e1 se p\u0159ibli\u017eovala sm\u011brem k n\u00e1m. U  auta musel Pavel ze m\u011b sundat onoho mu\u017ee, kter\u00fd z\u0159ejm\u011b cht\u011bl odjet s  n\u00e1mi a Lenku o\u010distit od n\u011b\u010deho tmav\u00e9ho, co m\u011bla (po shl\u00e9dnut\u00ed na  fotk\u00e1ch) po cel\u00e9 hlav\u011b a obli\u010deji.\u00a0\u00a0 Pokud bych to m\u011bla  shrnout, tak za m\u011b tento h\u0159bitov zaj\u00edmav\u00fd je. Na 100% m\u016f\u017eu \u0159\u00edci, v noci  se tam ur\u010dit\u011b odehr\u00e1vaj\u00ed nadp\u0159irozen\u00e9 v\u011bci. (co\u017e m\u00edstn\u00ed pop\u00edraj\u00ed,ale po  setm\u011bn\u00ed tam nikdo z nich ani nevkro\u010d\u00ed&#8230;&#8230;pro\u010d asi?)A i kdy\u017e jsem p\u0159\u00edmo \u017e\u00e1dn\u00e9ho ducha nevid\u011bla, tak d\u016fkazy kter\u00e9 jsme nasb\u00edrali m\u011b sta\u010d\u00ed k tomu, abych uv\u011b\u0159ila. T\u011b\u0161\u00edme  se na dal\u0161\u00ed akci a setk\u00e1n\u00ed s Lenkou a Pavlem, proto\u017ee v\u00edme, \u017ee jsou to  lidi\u010dky, kte\u0159\u00ed o tom u\u017e v\u011bd\u00ed spoustu v\u011bc\u00ed a p\u00ed\u0161ou sv\u00e9 z\u00e1\u017eitky opravdu  tak, jak\u00e9 jsou a jak se stali. Sami jsme se o tom p\u0159esv\u011bd\u010dili. <br>D\u011bkujeme  moc.\u00a0 <br><br>Zdrav\u00edme<br>Ir\u010da a Pavel<\/p>\n\n\n\n<p>M\u00edstn\u00ed obyvatel\u00e9 nemaj\u00ed moc v l\u00e1sce vy\u0161et\u0159ovatele paranorm\u00e1ln\u00edch jev\u016f, proto\u017ee podle nich p\u0159itahuj\u00ed ne\u017e\u00e1douc\u00ed pozornost k m\u00edstn\u00edmu h\u0159bitovu. Na druhou stranu, pokud by s m\u00edstn\u00edm h\u0159bitovem bylo v\u0161e v po\u0159\u00e1dku, tak by se o n\u011bm skoro v\u016fbec nev\u011bd\u011blo. Na n\u00e1sleduj\u00edc\u00edch fotografi\u00edch a z\u00e1znamech si m\u016f\u017eete ostatn\u011b ud\u011blat n\u00e1zor sami.<\/p>\n\n\n\n<figure class=\"wp-block-image\"><img loading=\"lazy\" width=\"1024\" height=\"768\" src=\"https:\/\/nadprirozeno.cz\/wp-content\/uploads\/2019\/07\/1019312_svetelna-anomalie-2s-1024x768.jpg\" alt=\"\" class=\"wp-image-386\" srcset=\"https:\/\/nadprirozeno.cz\/wp-content\/uploads\/2019\/07\/1019312_svetelna-anomalie-2s.jpg 1024w, https:\/\/nadprirozeno.cz\/wp-content\/uploads\/2019\/07\/1019312_svetelna-anomalie-2s-300x225.jpg 300w, https:\/\/nadprirozeno.cz\/wp-content\/uploads\/2019\/07\/1019312_svetelna-anomalie-2s-768x576.jpg 768w, https:\/\/nadprirozeno.cz\/wp-content\/uploads\/2019\/07\/1019312_svetelna-anomalie-2s-210x158.jpg 210w\" sizes=\"(max-width: 980px) 100vw, 980px\" \/><figcaption>Sv\u011bteln\u00e1 anom\u00e1lie (jen jako zaj\u00edmavost)<\/figcaption><\/figure>\n\n\n\n<figure class=\"wp-block-image\"><img loading=\"lazy\" width=\"1024\" height=\"768\" src=\"https:\/\/nadprirozeno.cz\/wp-content\/uploads\/2019\/07\/1019373_svetelna_anomalies-1024x768.jpg\" alt=\"\" class=\"wp-image-387\" srcset=\"https:\/\/nadprirozeno.cz\/wp-content\/uploads\/2019\/07\/1019373_svetelna_anomalies.jpg 1024w, https:\/\/nadprirozeno.cz\/wp-content\/uploads\/2019\/07\/1019373_svetelna_anomalies-300x225.jpg 300w, https:\/\/nadprirozeno.cz\/wp-content\/uploads\/2019\/07\/1019373_svetelna_anomalies-768x576.jpg 768w, https:\/\/nadprirozeno.cz\/wp-content\/uploads\/2019\/07\/1019373_svetelna_anomalies-210x158.jpg 210w\" sizes=\"(max-width: 980px) 100vw, 980px\" \/><figcaption>Sv\u011bteln\u00e1 anom\u00e1lie (jen jako zaj\u00edmavost)<\/figcaption><\/figure>\n\n\n\n<figure class=\"wp-block-image\"><img loading=\"lazy\" width=\"1024\" height=\"768\" src=\"https:\/\/nadprirozeno.cz\/wp-content\/uploads\/2019\/07\/1019381upraveny_jas_a_kontrasts-1024x768.jpg\" alt=\"\" class=\"wp-image-388\" srcset=\"https:\/\/nadprirozeno.cz\/wp-content\/uploads\/2019\/07\/1019381upraveny_jas_a_kontrasts.jpg 1024w, https:\/\/nadprirozeno.cz\/wp-content\/uploads\/2019\/07\/1019381upraveny_jas_a_kontrasts-300x225.jpg 300w, https:\/\/nadprirozeno.cz\/wp-content\/uploads\/2019\/07\/1019381upraveny_jas_a_kontrasts-768x576.jpg 768w, https:\/\/nadprirozeno.cz\/wp-content\/uploads\/2019\/07\/1019381upraveny_jas_a_kontrasts-210x158.jpg 210w\" sizes=\"(max-width: 980px) 100vw, 980px\" \/><figcaption>Na t\u00e9to fotografii je p\u0159i anal\u00fdze RGB \u0161umu zvl\u00e1\u0161tn\u00ed postava v uli\u010dce sm\u011brem za Lenkou. Lenka v t\u00e9to chv\u00edli \u017e\u00e1dala o pod\u00e1n\u00ed ruky.<\/figcaption><\/figure>\n\n\n\n<figure class=\"wp-block-image\"><img loading=\"lazy\" width=\"1024\" height=\"768\" src=\"https:\/\/nadprirozeno.cz\/wp-content\/uploads\/2019\/07\/1019386_lenka_zvecenos-1024x768.jpg\" alt=\"\" class=\"wp-image-389\" srcset=\"https:\/\/nadprirozeno.cz\/wp-content\/uploads\/2019\/07\/1019386_lenka_zvecenos.jpg 1024w, https:\/\/nadprirozeno.cz\/wp-content\/uploads\/2019\/07\/1019386_lenka_zvecenos-300x225.jpg 300w, https:\/\/nadprirozeno.cz\/wp-content\/uploads\/2019\/07\/1019386_lenka_zvecenos-768x576.jpg 768w, https:\/\/nadprirozeno.cz\/wp-content\/uploads\/2019\/07\/1019386_lenka_zvecenos-210x158.jpg 210w\" sizes=\"(max-width: 980px) 100vw, 980px\" \/><figcaption>Tato fotografie je focena po \u017e\u00e1dosti o pod\u00e1n\u00ed ruky, Lenky obli\u010dej hraje zvl\u00e1\u0161tn\u00edmi odst\u00edny barev. Vysv\u011btlen\u00ed ov\u0161em m\u016f\u017ee b\u00fdt n\u011bkolik, proto je to jen jako zaj\u00edmavost.<\/figcaption><\/figure>\n\n\n\n<figure class=\"wp-block-image\"><img loading=\"lazy\" width=\"1024\" height=\"768\" src=\"https:\/\/nadprirozeno.cz\/wp-content\/uploads\/2019\/07\/1019422orb21s-1024x768.jpg\" alt=\"\" class=\"wp-image-390\" srcset=\"https:\/\/nadprirozeno.cz\/wp-content\/uploads\/2019\/07\/1019422orb21s.jpg 1024w, https:\/\/nadprirozeno.cz\/wp-content\/uploads\/2019\/07\/1019422orb21s-300x225.jpg 300w, https:\/\/nadprirozeno.cz\/wp-content\/uploads\/2019\/07\/1019422orb21s-768x576.jpg 768w, https:\/\/nadprirozeno.cz\/wp-content\/uploads\/2019\/07\/1019422orb21s-210x158.jpg 210w\" sizes=\"(max-width: 980px) 100vw, 980px\" \/><figcaption>Na t\u00e9to fotografii je vyfocena dal\u0161\u00ed zvl\u00e1\u0161tn\u00ed sv\u011bteln\u00e1 anom\u00e1lie, ov\u0161em s \u00fapln\u011b odli\u0161nou strukturou, ne\u017e p\u0159ede\u0161l\u00e9.<\/figcaption><\/figure>\n\n\n\n<figure class=\"wp-block-audio\"><audio controls src=\"https:\/\/nadprirozeno.cz\/wp-content\/uploads\/2019\/08\/EVP1.mp3\"><\/audio><figcaption>P\u0159i poslechu doporu\u010dujeme sluch\u00e1tka<\/figcaption><\/figure>\n\n\n\n<figure class=\"wp-block-audio\"><audio controls src=\"https:\/\/nadprirozeno.cz\/wp-content\/uploads\/2019\/08\/EVP2.mp3\"><\/audio><figcaption>P\u0159i poslechu doporu\u010dujeme sluch\u00e1tka<\/figcaption><\/figure>\n\n\n\n<figure class=\"wp-block-audio\"><audio controls src=\"https:\/\/nadprirozeno.cz\/wp-content\/uploads\/2019\/08\/EVP3-1.mp3\"><\/audio><figcaption>P\u0159i poslechu doporu\u010dujeme sluch\u00e1tka<\/figcaption><\/figure>\n\n\n\n<figure class=\"wp-block-audio\"><audio controls src=\"https:\/\/nadprirozeno.cz\/wp-content\/uploads\/2019\/08\/EVP4.mp3\"><\/audio><figcaption>P\u0159i poslechu doporu\u010dujeme sluch\u00e1tka<\/figcaption><\/figure>\n","protected":false},"excerpt":{"rendered":"<p>Noutonick\u00fd h\u0159bitov Je bezesporu jedno z m\u00edst u n\u00e1s, kter\u00e9 je op\u0159edeno spoustou pov\u011bst\u00ed a osobn\u00edch z\u00e1\u017eitk\u016f n\u00e1v\u0161t\u011bvn\u00edk\u016f tohoto m\u00edsta. N\u011bkter\u00e9 pov\u011bsti spojen\u00e9 s t\u00edmto m\u00edstem byly vyvr\u00e1ceny d\u016fkazn\u00edmi materi\u00e1ly, jin\u00e9 se zakl\u00e1daj\u00ed na podlo\u017een\u00fdch historick\u00fdch faktech. Na tomto h\u0159bitov\u011b jsme byli u\u017e mnohokr\u00e1t a poka\u017ed\u00e9 n\u00e1s n\u011b\u010d\u00edm p\u0159ekvapil. V jedn\u00e9 kr\u00e1sn\u00e9 \u010dervnov\u00e9 sobot\u011b jsme [&hellip;]<\/p>\n","protected":false},"author":1,"featured_media":0,"parent":0,"menu_order":0,"comment_status":"closed","ping_status":"closed","template":"","meta":{"_monsterinsights_skip_tracking":false,"_monsterinsights_sitenote_active":false,"_monsterinsights_sitenote_note":"","_monsterinsights_sitenote_category":0},"_links":{"self":[{"href":"https:\/\/nadprirozeno.cz\/index.php\/wp-json\/wp\/v2\/pages\/385"}],"collection":[{"href":"https:\/\/nadprirozeno.cz\/index.php\/wp-json\/wp\/v2\/pages"}],"about":[{"href":"https:\/\/nadprirozeno.cz\/index.php\/wp-json\/wp\/v2\/types\/page"}],"author":[{"embeddable":true,"href":"https:\/\/nadprirozeno.cz\/index.php\/wp-json\/wp\/v2\/users\/1"}],"replies":[{"embeddable":true,"href":"https:\/\/nadprirozeno.cz\/index.php\/wp-json\/wp\/v2\/comments?post=385"}],"version-history":[{"count":9,"href":"https:\/\/nadprirozeno.cz\/index.php\/wp-json\/wp\/v2\/pages\/385\/revisions"}],"predecessor-version":[{"id":431,"href":"https:\/\/nadprirozeno.cz\/index.php\/wp-json\/wp\/v2\/pages\/385\/revisions\/431"}],"wp:attachment":[{"href":"https:\/\/nadprirozeno.cz\/index.php\/wp-json\/wp\/v2\/media?parent=385"}],"curies":[{"name":"wp","href":"https:\/\/api.w.org\/{rel}","templated":true}]}}