{"id":397,"date":"2019-07-29T22:36:53","date_gmt":"2019-07-29T20:36:53","guid":{"rendered":"http:\/\/nadprirozeno.cz\/?page_id=397"},"modified":"2019-07-30T00:02:21","modified_gmt":"2019-07-29T22:02:21","slug":"ochutnavka-evp-z-zidovskeho-hrbitova-z-17-stoleti","status":"publish","type":"page","link":"https:\/\/nadprirozeno.cz\/index.php\/ochutnavka-evp-z-zidovskeho-hrbitova-z-17-stoleti\/","title":{"rendered":"Ochutn\u00e1vka EVP z \u017eidovsk\u00e9ho h\u0159bitova ze 17. stolet\u00ed"},"content":{"rendered":"\n<h1>Ochutn\u00e1vka EVP z \u017eidovsk\u00e9ho h\u0159bitova ze 17. stolet\u00ed<\/h1>\n\n\n\n<p>V\u00e1\u017een\u00ed \u010dten\u00e1\u0159i a p\u0159\u00edznivci paranorm\u00e1ln\u00edch jev\u016f,<br>p\u0159in\u00e1\u0161\u00edme V\u00e1m malou ochutn\u00e1vku z na\u0161\u00ed posledn\u00ed akce na star\u00e9m \u017eidovsk\u00e9m h\u0159bitov\u011b.<br><br>Na toto m\u00edsto jsme dostali typ u\u017e p\u0159ed lety. Nyn\u00ed jsme se ho rozhodli kone\u010dn\u011b podrobit d\u016fkladn\u00e9 anal\u00fdze. V n\u00e1sleduj\u00edc\u00edch uk\u00e1zk\u00e1ch zachycen\u00fdch EVP je z\u0159ejm\u00e9, \u017ee zde opravdu nepanuje klid a m\u00edr. Mysl\u00edme si, \u017ee v\u00fdraz &#8222;odpo\u010d\u00edvejte v pokoji&#8220; na tomto h\u0159bitov\u011b moc neznaj\u00ed.<\/p>\n\n\n\n<figure class=\"wp-block-image\"><img loading=\"lazy\" width=\"800\" height=\"600\" src=\"https:\/\/nadprirozeno.cz\/wp-content\/uploads\/2019\/07\/IMG_20190720_205748u.jpg\" alt=\"\" class=\"wp-image-399\" srcset=\"https:\/\/nadprirozeno.cz\/wp-content\/uploads\/2019\/07\/IMG_20190720_205748u.jpg 800w, https:\/\/nadprirozeno.cz\/wp-content\/uploads\/2019\/07\/IMG_20190720_205748u-300x225.jpg 300w, https:\/\/nadprirozeno.cz\/wp-content\/uploads\/2019\/07\/IMG_20190720_205748u-768x576.jpg 768w, https:\/\/nadprirozeno.cz\/wp-content\/uploads\/2019\/07\/IMG_20190720_205748u-210x158.jpg 210w\" sizes=\"(max-width: 800px) 100vw, 800px\" \/><\/figure>\n\n\n\n<figure class=\"wp-block-audio\"><audio controls src=\"https:\/\/nadprirozeno.cz\/wp-content\/uploads\/2019\/07\/ty.mp3\"><\/audio><figcaption>EVP odpov\u011b\u010f<\/figcaption><\/figure>\n\n\n\n<figure class=\"wp-block-audio\"><audio controls src=\"https:\/\/nadprirozeno.cz\/wp-content\/uploads\/2019\/07\/chcipni.mp3\"><\/audio><figcaption>EVP odpov\u011b\u010f<\/figcaption><\/figure>\n","protected":false},"excerpt":{"rendered":"<p>Ochutn\u00e1vka EVP z \u017eidovsk\u00e9ho h\u0159bitova ze 17. stolet\u00ed V\u00e1\u017een\u00ed \u010dten\u00e1\u0159i a p\u0159\u00edznivci paranorm\u00e1ln\u00edch jev\u016f,p\u0159in\u00e1\u0161\u00edme V\u00e1m malou ochutn\u00e1vku z na\u0161\u00ed posledn\u00ed akce na star\u00e9m \u017eidovsk\u00e9m h\u0159bitov\u011b. Na toto m\u00edsto jsme dostali typ u\u017e p\u0159ed lety. Nyn\u00ed jsme se ho rozhodli kone\u010dn\u011b podrobit d\u016fkladn\u00e9 anal\u00fdze. V n\u00e1sleduj\u00edc\u00edch uk\u00e1zk\u00e1ch zachycen\u00fdch EVP je z\u0159ejm\u00e9, \u017ee zde opravdu nepanuje klid [&hellip;]<\/p>\n","protected":false},"author":1,"featured_media":0,"parent":0,"menu_order":0,"comment_status":"closed","ping_status":"closed","template":"","meta":{"_monsterinsights_skip_tracking":false,"_monsterinsights_sitenote_active":false,"_monsterinsights_sitenote_note":"","_monsterinsights_sitenote_category":0},"_links":{"self":[{"href":"https:\/\/nadprirozeno.cz\/index.php\/wp-json\/wp\/v2\/pages\/397"}],"collection":[{"href":"https:\/\/nadprirozeno.cz\/index.php\/wp-json\/wp\/v2\/pages"}],"about":[{"href":"https:\/\/nadprirozeno.cz\/index.php\/wp-json\/wp\/v2\/types\/page"}],"author":[{"embeddable":true,"href":"https:\/\/nadprirozeno.cz\/index.php\/wp-json\/wp\/v2\/users\/1"}],"replies":[{"embeddable":true,"href":"https:\/\/nadprirozeno.cz\/index.php\/wp-json\/wp\/v2\/comments?post=397"}],"version-history":[{"count":5,"href":"https:\/\/nadprirozeno.cz\/index.php\/wp-json\/wp\/v2\/pages\/397\/revisions"}],"predecessor-version":[{"id":407,"href":"https:\/\/nadprirozeno.cz\/index.php\/wp-json\/wp\/v2\/pages\/397\/revisions\/407"}],"wp:attachment":[{"href":"https:\/\/nadprirozeno.cz\/index.php\/wp-json\/wp\/v2\/media?parent=397"}],"curies":[{"name":"wp","href":"https:\/\/api.w.org\/{rel}","templated":true}]}}