{"id":410,"date":"2019-08-03T13:32:10","date_gmt":"2019-08-03T11:32:10","guid":{"rendered":"http:\/\/nadprirozeno.cz\/?page_id=410"},"modified":"2019-08-03T13:32:10","modified_gmt":"2019-08-03T11:32:10","slug":"vysetrovani-u-pani-mirky","status":"publish","type":"page","link":"https:\/\/nadprirozeno.cz\/index.php\/vysetrovani-u-pani-mirky\/","title":{"rendered":"Vy\u0161et\u0159ov\u00e1n\u00ed u pan\u00ed Mirky"},"content":{"rendered":"\n<h1>Vy\u0161et\u0159ov\u00e1n\u00ed u pan\u00ed Mirky<\/h1>\n\n\n\n<p>N\u011bkdy za\u010d\u00e1tkem \u010dervna n\u00e1s kontaktovala pan\u00ed Mirka z vesni\u010dky u \u00dast\u00ed nad Labem, kter\u00e9 p\u0159ed p\u016fl rokem zem\u0159ela maminka. Od t\u00e9 doby j\u00ed neust\u00e1le vid\u00ed ve snech. Na tom by nebylo celkem nic zvl\u00e1\u0161tn\u00edho, ale maminka k n\u00ed ve snu mluv\u00ed a natahuje ruce. Tady bylo z\u0159ejm\u00e9, \u017ee j\u00ed chce n\u011bco sd\u011blit nebo p\u0159ed n\u011b\u010d\u00edm varovat. Pan\u00ed Mirka \u0159ekla, \u017ee m\u00e1 s maminkou v\u0161e vy\u0159e\u0161en\u00e9, jedin\u00e9 co by mohlo b\u00fdt za probl\u00e9m je, vztah maminky se sestrou.<br>Jeliko\u017e tu ne\u0161lo o p\u0159\u00edpad napad\u00e1n\u00ed, domluvili jsme se s n\u00ed, \u017ee j\u00ed nav\u0161t\u00edv\u00edme v pr\u016fb\u011bhu na\u0161\u00ed dovolen\u00e9 na Hamrech na jeze\u0159e, kdy to k n\u00ed bude bl\u00ed\u017e ne\u017e od n\u00e1s od P\u0159\u00edbrami.<br>V ur\u010den\u00fd den, jsme k Mirce dorazili. P\u0159iv\u00edtala n\u00e1s usm\u011bvav\u00e1 a mil\u00e1 pan\u00ed, jej\u00ed\u017e v\u0161eobecn\u00fd n\u00e1hled na du\u0161e n\u00e1s utvrdil v tom, \u017ee se s n\u00ed bude velmi dob\u0159e spolupracovat (hlavn\u00ed je se neb\u00e1t a to se Mirka neb\u00e1la).<br>Posadili jsme se ke stolu a Pavel za\u010dal nahr\u00e1vat jej\u00ed p\u0159\u00edb\u011bh. Kdy\u017e Mirka vyzvala maminku aby j\u00ed n\u011bco \u0159ekla, usly\u0161ela jsem \u0161ourav\u00e9 kroky kousek vedle n\u00e1s. Maminka byla p\u0159\u00edtomna, ale necht\u011bla komunikovat. Kdy\u017e se Mirka zm\u00ednila o b\u00fdval\u00e9m p\u0159\u00edteli, za\u010dala atmosf\u00e9ra v m\u00edstnosti stoupat. Jeho p\u0159\u00edb\u011bh tu popisovat nebudu z d\u016fvodu ochrany identity lid\u00ed z vesni\u010dky. Dod\u00e1m jen, \u017ee zem\u0159el nep\u0159irozen\u011b.<br>Na nahr\u00e1vce byl sly\u0161et nesouhlas z na\u0161\u00ed p\u0159\u00edtomnosti a odpov\u011bdi jako -je moje&#8230;.vypadn\u011bte-<br>Tato du\u0161e si na pan\u00ed Mirku d\u011blala velk\u00e9 materialistick\u00e9 n\u00e1roky a u\u017e na\u0161e p\u0159\u00edtomnost se mu nel\u00edbila. To byl d\u016fvod, pro\u010d j\u00ed maminka ve snu varovala. Probl\u00e9m byl v tom, \u017ee cestoval domem a kdy\u017e necht\u011bl, tak tam v\u016fbec nebyl. Kdy\u017e n\u00e1m Mirka cht\u011bla uk\u00e1zat fotografii jej\u00ed rodiny v chodb\u011b, tak po otev\u0159en\u00ed dve\u0159\u00ed do vstupn\u00ed \u010d\u00e1sti domu n\u00e1s p\u0159ekvapilo, \u017ee hlavn\u00ed dve\u0159e jsou otev\u0159en\u00e9 ( Mirka ud\u00e1v\u00e1, \u017ee to se st\u00e1v\u00e1 \u010dasto). P\u00e1n v helm\u011b byl pry\u010d a u\u017e se po \u010dase na\u0161\u00ed p\u0159\u00edtomnosti neuk\u00e1zal.<br>Domluvili jsme se s Mirkou, \u017ee j\u00ed v \u0159\u00edjnu nav\u0161t\u00edv\u00edme (jezd\u00edme do \u00dast\u00ed \u010dasto) a odvedeme ho.<br>Poka\u017ed\u00e9, kdy\u017e se \u00fa\u010dastn\u00edme n\u011bjak\u00e9ho vy\u0161et\u0159ov\u00e1n\u00ed, tak i po odjezdu m\u00e1 v\u00edce Pavel jak j\u00e1, spojen\u00ed s t\u00edm m\u00edstem po ur\u010ditou dobu. Jedeme&#8230; pod\u00edv\u00e1m se na n\u011bj a vid\u00edm ten jeho nep\u0159\u00edtomn\u00fd v\u00fdraz. \u0158ekl mi, \u017ee se op\u011bt vr\u00e1til do domu a chov\u00e1 se majetnicky. Ihned jsem to psala pan\u00ed Mirce, \u0159ekla j\u00ed, a\u0165 zap\u00e1l\u00ed b\u00edlou \u0161alv\u011bj, kterou jsme j\u00ed tam nechali, aby ho oslabila. Je\u0161t\u011b p\u0159ed t\u00edm, ne\u017e to ud\u011blala, n\u00e1m poslala fotografii star\u00e9 venkovn\u00ed \u017eidli\u010dky, kter\u00e1 se najednou rozpadla. Byla po jej\u00ed mamince a byteln\u00e1.<\/p>\n\n\n\n<div class=\"wp-block-image\"><figure class=\"aligncenter\"><img loading=\"lazy\" width=\"768\" height=\"1024\" src=\"https:\/\/nadprirozeno.cz\/wp-content\/uploads\/2019\/08\/67187055_342231370031978_8792220761298305024_n-768x1024.jpg\" alt=\"\" class=\"wp-image-413\" srcset=\"https:\/\/nadprirozeno.cz\/wp-content\/uploads\/2019\/08\/67187055_342231370031978_8792220761298305024_n-768x1024.jpg 768w, https:\/\/nadprirozeno.cz\/wp-content\/uploads\/2019\/08\/67187055_342231370031978_8792220761298305024_n-225x300.jpg 225w, https:\/\/nadprirozeno.cz\/wp-content\/uploads\/2019\/08\/67187055_342231370031978_8792220761298305024_n-158x210.jpg 158w, https:\/\/nadprirozeno.cz\/wp-content\/uploads\/2019\/08\/67187055_342231370031978_8792220761298305024_n.jpg 1170w\" sizes=\"(max-width: 768px) 100vw, 768px\" \/><\/figure><\/div>\n\n\n\n<div class=\"wp-block-image\"><figure class=\"aligncenter\"><img loading=\"lazy\" width=\"1024\" height=\"768\" src=\"https:\/\/nadprirozeno.cz\/wp-content\/uploads\/2019\/08\/67282384_601286390360281_2340504357365088256_n-1024x768.jpg\" alt=\"\" class=\"wp-image-415\" srcset=\"https:\/\/nadprirozeno.cz\/wp-content\/uploads\/2019\/08\/67282384_601286390360281_2340504357365088256_n-1024x768.jpg 1024w, https:\/\/nadprirozeno.cz\/wp-content\/uploads\/2019\/08\/67282384_601286390360281_2340504357365088256_n-300x225.jpg 300w, https:\/\/nadprirozeno.cz\/wp-content\/uploads\/2019\/08\/67282384_601286390360281_2340504357365088256_n-768x576.jpg 768w, https:\/\/nadprirozeno.cz\/wp-content\/uploads\/2019\/08\/67282384_601286390360281_2340504357365088256_n-210x158.jpg 210w, https:\/\/nadprirozeno.cz\/wp-content\/uploads\/2019\/08\/67282384_601286390360281_2340504357365088256_n-1536x1152.jpg 1536w, https:\/\/nadprirozeno.cz\/wp-content\/uploads\/2019\/08\/67282384_601286390360281_2340504357365088256_n.jpg 1560w\" sizes=\"(max-width: 980px) 100vw, 980px\" \/><\/figure><\/div>\n\n\n\n<p>Mus\u00edm zde napsat, \u017ee pan\u00ed Mirka nen\u00ed v ohro\u017een\u00ed a \u0159e\u0161en\u00ed tohoto p\u0159\u00edpadu nevy\u017eaduje okam\u017eitou pomoc, tak\u017ee m\u016f\u017eeme za n\u00ed p\u0159ijet klidn\u011b a\u017e v \u0159\u00edjnu, jak jsme se domluvili. Mirka je vyrovnan\u00e1 \u017eena, kter\u00e1 se neboj\u00ed a v\u00ed jak se zachovat v p\u0159\u00edpad\u011b zhor\u0161en\u00ed. Jsme st\u00e1le v kontaktu a v\u011b\u0159\u00edme, \u017ee se brzy v\u0161e vy\u0159e\u0161\u00ed. <br>Lenka a Pavel<\/p>\n","protected":false},"excerpt":{"rendered":"<p>Vy\u0161et\u0159ov\u00e1n\u00ed u pan\u00ed Mirky N\u011bkdy za\u010d\u00e1tkem \u010dervna n\u00e1s kontaktovala pan\u00ed Mirka z vesni\u010dky u \u00dast\u00ed nad Labem, kter\u00e9 p\u0159ed p\u016fl rokem zem\u0159ela maminka. Od t\u00e9 doby j\u00ed neust\u00e1le vid\u00ed ve snech. Na tom by nebylo celkem nic zvl\u00e1\u0161tn\u00edho, ale maminka k n\u00ed ve snu mluv\u00ed a natahuje ruce. Tady bylo z\u0159ejm\u00e9, \u017ee j\u00ed chce n\u011bco [&hellip;]<\/p>\n","protected":false},"author":1,"featured_media":0,"parent":0,"menu_order":0,"comment_status":"closed","ping_status":"closed","template":"","meta":{"_monsterinsights_skip_tracking":false,"_monsterinsights_sitenote_active":false,"_monsterinsights_sitenote_note":"","_monsterinsights_sitenote_category":0},"_links":{"self":[{"href":"https:\/\/nadprirozeno.cz\/index.php\/wp-json\/wp\/v2\/pages\/410"}],"collection":[{"href":"https:\/\/nadprirozeno.cz\/index.php\/wp-json\/wp\/v2\/pages"}],"about":[{"href":"https:\/\/nadprirozeno.cz\/index.php\/wp-json\/wp\/v2\/types\/page"}],"author":[{"embeddable":true,"href":"https:\/\/nadprirozeno.cz\/index.php\/wp-json\/wp\/v2\/users\/1"}],"replies":[{"embeddable":true,"href":"https:\/\/nadprirozeno.cz\/index.php\/wp-json\/wp\/v2\/comments?post=410"}],"version-history":[{"count":1,"href":"https:\/\/nadprirozeno.cz\/index.php\/wp-json\/wp\/v2\/pages\/410\/revisions"}],"predecessor-version":[{"id":417,"href":"https:\/\/nadprirozeno.cz\/index.php\/wp-json\/wp\/v2\/pages\/410\/revisions\/417"}],"wp:attachment":[{"href":"https:\/\/nadprirozeno.cz\/index.php\/wp-json\/wp\/v2\/media?parent=410"}],"curies":[{"name":"wp","href":"https:\/\/api.w.org\/{rel}","templated":true}]}}