{"id":433,"date":"2019-08-06T20:33:03","date_gmt":"2019-08-06T18:33:03","guid":{"rendered":"http:\/\/nadprirozeno.cz\/?page_id=433"},"modified":"2019-08-06T20:40:50","modified_gmt":"2019-08-06T18:40:50","slug":"svetelna-anomalie-ve-sklepe","status":"publish","type":"page","link":"https:\/\/nadprirozeno.cz\/index.php\/svetelna-anomalie-ve-sklepe\/","title":{"rendered":"Sv\u011bteln\u00e1 anom\u00e1lie ve sklep\u011b"},"content":{"rendered":"\n<h1>Sv\u011bteln\u00e1 anom\u00e1lie ve sklep\u011b<\/h1>\n\n\n\n<p>Zaj\u00edmav\u00e9 video, kter\u00e9 bylo zachyceno p\u0159ed t\u0159emi lety infrakamerou ve sklep\u011b na\u0161eho domu. Sklep byl uzav\u0159en, tak\u017ee nep\u0159ipad\u00e1 v \u00favahu jak\u00fdkoli poryv vzduchu. V\u0161imn\u011bte si ru\u0161en\u00ed sign\u00e1lu, kter\u00e9 p\u0159edch\u00e1z\u00ed zachycen\u00e9mu jevu. Skoro to vypad\u00e1 jako kdyby se otev\u0159el port\u00e1l a z n\u011bj za\u010dali vystupovat sv\u011bt\u00e9lkuj\u00edc\u00ed anom\u00e1lie. <\/p>\n\n\n\n<p>Doba ve kter\u00e9 bylo video a n\u00e1sledn\u00e1 fotografie po\u0159\u00edzeny byla docela aktivn\u00ed. V dom\u011b byli k vid\u011bn\u00ed pohybuj\u00edc\u00ed se st\u00edny a doch\u00e1zelo k podivn\u00fdm ud\u00e1lostem p\u0159em\u00eds\u0165ov\u00e1n\u00ed v\u011bc\u00ed. Souviselo to s p\u0159estavbou vnit\u0159n\u00ed dispozice domu. To byl z\u0159ejm\u00fd spou\u0161t\u011b\u010d ud\u00e1lost\u00ed.<\/p>\n\n\n\n<p>N\u00e1sledn\u00fdm vy\u0161et\u0159ov\u00e1n\u00edm bylo zji\u0161t\u011bno, \u017ee v\u0161echny jevy m\u011bli souvislost se smrt\u00ed, ke kter\u00e9 do\u0161lo v na\u0161em dom\u011b v minulosti.<\/p>\n\n\n\n<p>Na\u0161t\u011bst\u00ed se povedlo d\u016fm vy\u010distit a odv\u00e9st du\u0161e, kter\u00e9 zde p\u0159eb\u00fdvali. Od t\u00e9 doby se u\u017e nikdy tato situace neopakovala a m\u00e1me doma relativn\u00ed klid. Je jasn\u00e9, \u017ee p\u0159i na\u0161\u00ed pr\u00e1ci se nevyhneme doma ob\u010das n\u011bjak\u00e9 t\u00e9 entit\u011b, kterou si necht\u011bn\u011b p\u0159ivedeme s sebou z na\u0161ich p\u0159\u00edpad\u016f. Na druhou stranu nen\u00ed divu. I vy si ob\u010das necht\u011bn\u011b p\u0159inesete pr\u00e1ci dom\u016f, ani\u017e byste o to doopravdy st\u00e1li.<\/p>\n\n\n\n<p>Co je na videu u\u017e nech\u00e1me na v\u00e1s. 100 lid\u00ed toti\u017e m\u00e1 100 n\u00e1zor\u016f a nen\u00ed nutn\u00e9 nikomu podsouvat ten n\u00e1\u0161. P\u0159ejeme p\u0159\u00edjemn\u00e9 sledov\u00e1n\u00ed.<\/p>\n\n\n\n<figure class=\"wp-block-embed-youtube wp-block-embed is-type-video is-provider-youtube wp-embed-aspect-4-3 wp-has-aspect-ratio\"><div class=\"wp-block-embed__wrapper\">\n<iframe loading=\"lazy\" width=\"980\" height=\"735\" src=\"https:\/\/www.youtube.com\/embed\/lA3jxJeMr00?feature=oembed\" frameborder=\"0\" allow=\"accelerometer; autoplay; encrypted-media; gyroscope; picture-in-picture\" allowfullscreen><\/iframe>\n<\/div><figcaption>Jeliko\u017e kamera byla p\u016fvodn\u011b na p\u016fd\u011b a n\u011bkdo (j\u00e1) nep\u0159epsal popisek, tak to pros\u00edm omluvte. \ud83d\ude42<\/figcaption><\/figure>\n\n\n\n<p>N\u00e1sleduj\u00edc\u00ed fotografie byla zachycena ir kamerou na schodi\u0161ti ze sklepa. Op\u011bt nech\u00e1me n\u00e1zor na va\u0161\u00ed mysli.<\/p>\n\n\n\n<figure class=\"wp-block-image\"><img loading=\"lazy\" width=\"1024\" height=\"576\" src=\"https:\/\/nadprirozeno.cz\/wp-content\/uploads\/2019\/08\/52607783_2036753409754189_1315257451485855744_o-1024x576.jpg\" alt=\"\" class=\"wp-image-434\" srcset=\"https:\/\/nadprirozeno.cz\/wp-content\/uploads\/2019\/08\/52607783_2036753409754189_1315257451485855744_o-1024x576.jpg 1024w, https:\/\/nadprirozeno.cz\/wp-content\/uploads\/2019\/08\/52607783_2036753409754189_1315257451485855744_o-300x169.jpg 300w, https:\/\/nadprirozeno.cz\/wp-content\/uploads\/2019\/08\/52607783_2036753409754189_1315257451485855744_o-768x432.jpg 768w, https:\/\/nadprirozeno.cz\/wp-content\/uploads\/2019\/08\/52607783_2036753409754189_1315257451485855744_o-210x118.jpg 210w, https:\/\/nadprirozeno.cz\/wp-content\/uploads\/2019\/08\/52607783_2036753409754189_1315257451485855744_o.jpg 1280w\" sizes=\"(max-width: 980px) 100vw, 980px\" \/><\/figure>\n\n\n\n<p>Kr\u00e1sn\u00fd den p\u0159eje Pavel a Lenka z t\u00fdmu Nadp\u0159irozeno.cz<\/p>\n","protected":false},"excerpt":{"rendered":"<p>Sv\u011bteln\u00e1 anom\u00e1lie ve sklep\u011b Zaj\u00edmav\u00e9 video, kter\u00e9 bylo zachyceno p\u0159ed t\u0159emi lety infrakamerou ve sklep\u011b na\u0161eho domu. Sklep byl uzav\u0159en, tak\u017ee nep\u0159ipad\u00e1 v \u00favahu jak\u00fdkoli poryv vzduchu. V\u0161imn\u011bte si ru\u0161en\u00ed sign\u00e1lu, kter\u00e9 p\u0159edch\u00e1z\u00ed zachycen\u00e9mu jevu. Skoro to vypad\u00e1 jako kdyby se otev\u0159el port\u00e1l a z n\u011bj za\u010dali vystupovat sv\u011bt\u00e9lkuj\u00edc\u00ed anom\u00e1lie. Doba ve kter\u00e9 bylo video [&hellip;]<\/p>\n","protected":false},"author":1,"featured_media":0,"parent":0,"menu_order":0,"comment_status":"closed","ping_status":"closed","template":"","meta":{"_monsterinsights_skip_tracking":false,"_monsterinsights_sitenote_active":false,"_monsterinsights_sitenote_note":"","_monsterinsights_sitenote_category":0},"_links":{"self":[{"href":"https:\/\/nadprirozeno.cz\/index.php\/wp-json\/wp\/v2\/pages\/433"}],"collection":[{"href":"https:\/\/nadprirozeno.cz\/index.php\/wp-json\/wp\/v2\/pages"}],"about":[{"href":"https:\/\/nadprirozeno.cz\/index.php\/wp-json\/wp\/v2\/types\/page"}],"author":[{"embeddable":true,"href":"https:\/\/nadprirozeno.cz\/index.php\/wp-json\/wp\/v2\/users\/1"}],"replies":[{"embeddable":true,"href":"https:\/\/nadprirozeno.cz\/index.php\/wp-json\/wp\/v2\/comments?post=433"}],"version-history":[{"count":2,"href":"https:\/\/nadprirozeno.cz\/index.php\/wp-json\/wp\/v2\/pages\/433\/revisions"}],"predecessor-version":[{"id":436,"href":"https:\/\/nadprirozeno.cz\/index.php\/wp-json\/wp\/v2\/pages\/433\/revisions\/436"}],"wp:attachment":[{"href":"https:\/\/nadprirozeno.cz\/index.php\/wp-json\/wp\/v2\/media?parent=433"}],"curies":[{"name":"wp","href":"https:\/\/api.w.org\/{rel}","templated":true}]}}