{"id":444,"date":"2019-08-12T10:32:54","date_gmt":"2019-08-12T08:32:54","guid":{"rendered":"http:\/\/nadprirozeno.cz\/?page_id=444"},"modified":"2019-08-12T10:32:54","modified_gmt":"2019-08-12T08:32:54","slug":"evp-z-bohnickeho-hrbitova","status":"publish","type":"page","link":"https:\/\/nadprirozeno.cz\/index.php\/evp-z-bohnickeho-hrbitova\/","title":{"rendered":"EVP z Bohnick\u00e9ho h\u0159bitova"},"content":{"rendered":"\n<h1>EVP z bohnick\u00e9ho h\u0159bitova<\/h1>\n\n\n\n<h2>P\u0159in\u00e1\u0161\u00edme V\u00e1m dal\u0161\u00ed ochutn\u00e1vku EVP, tentokr\u00e1te z Bohnick\u00e9ho h\u0159bitova &#8222;bl\u00e1zn\u016f&#8220;<br><\/h2>\n\n\n\n<figure class=\"wp-block-image\"><img loading=\"lazy\" width=\"800\" height=\"600\" src=\"https:\/\/nadprirozeno.cz\/wp-content\/uploads\/2019\/08\/1010566u.jpg\" alt=\"\" class=\"wp-image-450\" srcset=\"https:\/\/nadprirozeno.cz\/wp-content\/uploads\/2019\/08\/1010566u.jpg 800w, https:\/\/nadprirozeno.cz\/wp-content\/uploads\/2019\/08\/1010566u-300x225.jpg 300w, https:\/\/nadprirozeno.cz\/wp-content\/uploads\/2019\/08\/1010566u-768x576.jpg 768w, https:\/\/nadprirozeno.cz\/wp-content\/uploads\/2019\/08\/1010566u-210x158.jpg 210w\" sizes=\"(max-width: 800px) 100vw, 800px\" \/><figcaption>Bohnick\u00fd h\u0159bitov &#8211; vy\u0161et\u0159ov\u00e1n\u00ed<\/figcaption><\/figure>\n\n\n\n<p>Ned\u00e1vno jsme prov\u00e1d\u011bli vy\u0161et\u0159ov\u00e1n\u00ed na Bohnick\u00e9m h\u0159bitov\u011b, ze kter\u00e9ho p\u0159ipravujeme podrobn\u00fd \u010dl\u00e1nek. Nyn\u00ed pro V\u00e1s ov\u0161em m\u00e1me takov\u00fd p\u0159edvoj. Malou ochutn\u00e1vku k \u010dl\u00e1nku. Doporu\u010dujeme k poslechu pou\u017e\u00edt sluch\u00e1tka. Pro dal\u0161\u00ed informace pozorn\u011b sledujte n\u00e1\u0161 port\u00e1l nadprirozeno.cz, kde v n\u00e1sleduj\u00edc\u00edch dnech vyjde kompletn\u00ed \u010dl\u00e1nek.<br><\/p>\n\n\n\n<figure class=\"wp-block-audio\"><audio controls src=\"https:\/\/nadprirozeno.cz\/wp-content\/uploads\/2019\/08\/Je-tu-zlo.mp3\"><\/audio><\/figure>\n\n\n\n<figure class=\"wp-block-audio\"><audio controls src=\"https:\/\/nadprirozeno.cz\/wp-content\/uploads\/2019\/08\/ukoncil-jste-zivot-dobrovolne-ne.mp3\"><\/audio><\/figure>\n\n\n\n<figure class=\"wp-block-audio\"><audio controls src=\"https:\/\/nadprirozeno.cz\/wp-content\/uploads\/2019\/08\/blesk-voj\u00e1k.mp3\"><\/audio><\/figure>\n\n\n\n<figure class=\"wp-block-audio\"><audio controls src=\"https:\/\/nadprirozeno.cz\/wp-content\/uploads\/2019\/08\/p\u0159i-focen\u00ed-mlha-sv\u011btlo.mp3\"><\/audio><\/figure>\n\n\n\n<figure class=\"wp-block-audio\"><audio controls src=\"https:\/\/nadprirozeno.cz\/wp-content\/uploads\/2019\/08\/sly\u0161\u00edm-kroky1.mp3\"><\/audio><\/figure>\n","protected":false},"excerpt":{"rendered":"<p>EVP z bohnick\u00e9ho h\u0159bitova P\u0159in\u00e1\u0161\u00edme V\u00e1m dal\u0161\u00ed ochutn\u00e1vku EVP, tentokr\u00e1te z Bohnick\u00e9ho h\u0159bitova &#8222;bl\u00e1zn\u016f&#8220; Ned\u00e1vno jsme prov\u00e1d\u011bli vy\u0161et\u0159ov\u00e1n\u00ed na Bohnick\u00e9m h\u0159bitov\u011b, ze kter\u00e9ho p\u0159ipravujeme podrobn\u00fd \u010dl\u00e1nek. Nyn\u00ed pro V\u00e1s ov\u0161em m\u00e1me takov\u00fd p\u0159edvoj. Malou ochutn\u00e1vku k \u010dl\u00e1nku. Doporu\u010dujeme k poslechu pou\u017e\u00edt sluch\u00e1tka. Pro dal\u0161\u00ed informace pozorn\u011b sledujte n\u00e1\u0161 port\u00e1l nadprirozeno.cz, kde v n\u00e1sleduj\u00edc\u00edch dnech vyjde [&hellip;]<\/p>\n","protected":false},"author":1,"featured_media":0,"parent":0,"menu_order":0,"comment_status":"closed","ping_status":"closed","template":"","meta":{"_monsterinsights_skip_tracking":false,"_monsterinsights_sitenote_active":false,"_monsterinsights_sitenote_note":"","_monsterinsights_sitenote_category":0},"_links":{"self":[{"href":"https:\/\/nadprirozeno.cz\/index.php\/wp-json\/wp\/v2\/pages\/444"}],"collection":[{"href":"https:\/\/nadprirozeno.cz\/index.php\/wp-json\/wp\/v2\/pages"}],"about":[{"href":"https:\/\/nadprirozeno.cz\/index.php\/wp-json\/wp\/v2\/types\/page"}],"author":[{"embeddable":true,"href":"https:\/\/nadprirozeno.cz\/index.php\/wp-json\/wp\/v2\/users\/1"}],"replies":[{"embeddable":true,"href":"https:\/\/nadprirozeno.cz\/index.php\/wp-json\/wp\/v2\/comments?post=444"}],"version-history":[{"count":1,"href":"https:\/\/nadprirozeno.cz\/index.php\/wp-json\/wp\/v2\/pages\/444\/revisions"}],"predecessor-version":[{"id":451,"href":"https:\/\/nadprirozeno.cz\/index.php\/wp-json\/wp\/v2\/pages\/444\/revisions\/451"}],"wp:attachment":[{"href":"https:\/\/nadprirozeno.cz\/index.php\/wp-json\/wp\/v2\/media?parent=444"}],"curies":[{"name":"wp","href":"https:\/\/api.w.org\/{rel}","templated":true}]}}