{"id":458,"date":"2019-08-12T17:00:35","date_gmt":"2019-08-12T15:00:35","guid":{"rendered":"http:\/\/nadprirozeno.cz\/?page_id=458"},"modified":"2019-08-12T21:37:43","modified_gmt":"2019-08-12T19:37:43","slug":"bohnicky-hrbitov","status":"publish","type":"page","link":"https:\/\/nadprirozeno.cz\/index.php\/bohnicky-hrbitov\/","title":{"rendered":"Bohnick\u00fd h\u0159bitov"},"content":{"rendered":"\n<h1>Bohnick\u00fd h\u0159bitov<\/h1>\n\n\n\n<p>Pokud V\u00e1s nezaj\u00edm\u00e1 historie, ale jste pouze konzumenti senzac\u00ed, pokra\u010dujte ke konci \u010dl\u00e1nku. Pokud V\u00e1s zaj\u00edm\u00e1 i historie tohoto velmi zaj\u00edmav\u00e9ho m\u00edsta, p\u0159eji V\u00e1m p\u0159\u00edjemn\u00e9 \u010dten\u00ed.<\/p>\n\n\n\n<h2>Historie h\u0159bitova<\/h2>\n\n\n\n<p>V roce 1905 a\u017e 1912 vnikla u Prahy v m\u011bstysu Bohnice nejmodern\u011bj\u0161\u00ed psychiatrick\u00e1 l\u00e9\u010debna v tehdej\u0161\u00edm Rakousko-Uhersku. Na jej\u00ed v\u00fdstavb\u011b se pod\u00edleli pacienti z Dob\u0159an a trestanci z pra\u017esk\u00e9 v\u011bznice. <\/p>\n\n\n\n<figure class=\"wp-block-image\"><img loading=\"lazy\" width=\"800\" height=\"600\" src=\"https:\/\/nadprirozeno.cz\/wp-content\/uploads\/2019\/08\/1010566u.jpg\" alt=\"\" class=\"wp-image-450\" srcset=\"https:\/\/nadprirozeno.cz\/wp-content\/uploads\/2019\/08\/1010566u.jpg 800w, https:\/\/nadprirozeno.cz\/wp-content\/uploads\/2019\/08\/1010566u-300x225.jpg 300w, https:\/\/nadprirozeno.cz\/wp-content\/uploads\/2019\/08\/1010566u-768x576.jpg 768w, https:\/\/nadprirozeno.cz\/wp-content\/uploads\/2019\/08\/1010566u-210x158.jpg 210w\" sizes=\"(max-width: 800px) 100vw, 800px\" \/><\/figure>\n\n\n\n<p>L\u00e9\u010debna byla stav\u011bna jako samostatn\u00e1 jednotka. M\u011bla vlastn\u00ed elektr\u00e1rnu, vod\u00e1rnu a dokonce si p\u011bstovala vlastn\u00ed potravu na sv\u00e9m statku o rozloze 200 hektar\u016f.<\/p>\n\n\n\n<p>Pro pot\u0159eby nemocnice byl nedaleko zalo\u017een v roce 1909 h\u0159bitov. Z po\u010d\u00e1tku to byl jen pozemek oplocen\u00fd d\u0159ev\u011bn\u00fdm plotem. Jeliko\u017e byla bohnick\u00e1 l\u00e9\u010debna do roku 1921 nejv\u011bt\u0161\u00ed v Evrop\u011b, tak bylo nutn\u00e9 n\u011bkam pochov\u00e1vat pacienty, o kter\u00e9 jejich rodiny ztratily z\u00e1jem, nebo d\u011bti, kter\u00e9 se narodily p\u0159\u00edmo v nemocnici t\u011bhotn\u00fdm pacientk\u00e1m a u\u017e z jak\u00e9hokoli d\u016fvodu nep\u0159e\u017eily. Do l\u00e9\u010debny se tak\u00e9 p\u0159iv\u00e1\u017eeli sirotci, kter\u00fdch v t\u00e9 dob\u011b nebylo m\u00e1lo.<\/p>\n\n\n\n<p>V prvn\u00edch letech p\u0159ib\u00fdvaj\u00ed na h\u0159bitov hroby relativn\u011b pomalu. V\u0161e se ov\u0161em m\u011bn\u00ed za\u010d\u00e1tkem 1. sv\u011btov\u00e9 v\u00e1lky. Nov\u00fd styl zbran\u00ed ( a\u0165 u\u017e chemick\u00fdch, nebo \u00fato\u010dn\u00fdch ) vedl k prudk\u00e9mu n\u00e1r\u016fstu du\u0161evn\u011b nemocn\u00fdch lid\u00ed traumatizovan\u00fdch v\u00e1lkou. <\/p>\n\n\n\n<p>Pr\u00e1v\u011b z doby 1. sv\u011btov\u00e9 v\u00e1lky, d\u00edky mno\u017estv\u00ed t\u011bl dov\u00e1\u017een\u00fdch na h\u0159bitov, poch\u00e1z\u00ed pov\u011bst o hromad\u00e1ch t\u011bl poh\u0159ben\u00fdch a\u017e ve 3 a\u017e 12-ti vrstv\u00e1ch nad sebou. Ov\u0161em jako ka\u017ed\u00e1 pov\u011bst i tato se nepotvrdila. Jeliko\u017e h\u0159bitov spravovala c\u00edrkev, tak co hrob, to jeden nebo\u017et\u00edk. <\/p>\n\n\n\n<figure class=\"wp-block-image\"><img loading=\"lazy\" width=\"1024\" height=\"576\" src=\"https:\/\/nadprirozeno.cz\/wp-content\/uploads\/2019\/08\/amadeus-1024x576.jpg\" alt=\"\" class=\"wp-image-462\" srcset=\"https:\/\/nadprirozeno.cz\/wp-content\/uploads\/2019\/08\/amadeus-1024x576.jpg 1024w, https:\/\/nadprirozeno.cz\/wp-content\/uploads\/2019\/08\/amadeus-300x169.jpg 300w, https:\/\/nadprirozeno.cz\/wp-content\/uploads\/2019\/08\/amadeus-768x432.jpg 768w, https:\/\/nadprirozeno.cz\/wp-content\/uploads\/2019\/08\/amadeus-210x118.jpg 210w, https:\/\/nadprirozeno.cz\/wp-content\/uploads\/2019\/08\/amadeus.jpg 1290w\" sizes=\"(max-width: 980px) 100vw, 980px\" \/><figcaption>Bohnick\u00fd h\u0159bitov jak byl zachycen ve filmu Amadeus<\/figcaption><\/figure>\n\n\n\n<p>N\u011bkte\u0159\u00ed lid\u00e9 si mysl\u00ed, \u017ee zde le\u017e\u00ed ital\u0161t\u00ed voj\u00e1ci, tato pov\u011bst se rovn\u011b\u017e nezakl\u00e1d\u00e1 na pravd\u011b. \u017d\u00e1dn\u00ed ital\u0161t\u00ed voj\u00e1ci zde nebyli. V roce 1916 do\u0161lo k evakuaci 60.000 Ital\u016f z oblasti Tridentu ( dne\u0161n\u00ed hranice Rakouska, It\u00e1lie a Slovinska ). Jeliko\u017e do\u0161lo i k evakuaci psychiatrick\u00fdch l\u00e9\u010deben, tak bylo nutn\u00e9 tyto pacienty n\u011bkam um\u00edstit. V bohnick\u00e9 l\u00e9\u010debn\u011b bylo um\u00edst\u011bno celkem 280 italsk\u00fdch pacient\u016f, z toho 48 se nedo\u017eilo konce v\u00e1lky a byli poh\u0159beni na zdej\u0161\u00edm h\u0159bitov\u011b. <\/p>\n\n\n\n<p>Z d\u016fvodu bezplatn\u00e9ho poh\u0159bu zde bylo poh\u0159beno i n\u011bkolik zam\u011bstnanc\u016f l\u00e9\u010debny. Jednalo se v\u011bt\u0161inou o \u0159\u00e1dov\u00e9 sestry a ni\u017e\u0161\u00ed zam\u011bstnance l\u00e9\u010debny. Za celou dobu zde nebyl, podle dochovan\u00e9 dokumentace, poh\u0159ben jedin\u00fd l\u00e9ka\u0159, ani prim\u00e1\u0159 zdej\u0161\u00ed l\u00e9\u010debny. <\/p>\n\n\n\n<p>Podle ur\u010dit\u00fdch pramen\u016f zde je poh\u0159ben Gavrilo Princip ( sirsk\u00fd atent\u00e1tn\u00edk v\u011bzn\u011bn\u00fd v Terez\u00edn\u011b ) a d\u00e1le tak\u00e9 vrah Ot\u00fdlie Vransk\u00e9 ( \u010deta\u0159 Pavl\u00ed\u010dek ), kter\u00fd se \u00fadajn\u011b p\u0159i jedn\u00e9 z terapi\u00ed v l\u00e9\u010debn\u011b k vra\u017ed\u011b p\u0159iznal. Probl\u00e9m je v tom, \u017ee tento p\u0159\u00edpad nebyl nikdy pro\u0161et\u0159en dokonce, proto\u017ee Pavl\u00ed\u010dek v l\u00e9\u010debn\u011b sp\u00e1chal sebevra\u017edu.<\/p>\n\n\n\n<p>B\u011bhem 2. sv\u011btov\u00e9 v\u00e1lky a po n\u00ed ov\u0161em h\u0159bitov za\u010d\u00edn\u00e1 upadat, proto\u017ee u\u017e nen\u00ed tolik pacient\u016f, kte\u0159\u00ed by b\u011bhem l\u00e9\u010dby um\u00edrali, ale i m\u00e1lo pacient\u016f, ke kter\u00fdm by se po smrti rodiny nehl\u00e1sily.<\/p>\n\n\n\n<figure class=\"wp-block-image\"><img loading=\"lazy\" width=\"960\" height=\"640\" src=\"https:\/\/nadprirozeno.cz\/wp-content\/uploads\/2019\/08\/1901626_704213592934533_1067163860_n.jpg\" alt=\"\" class=\"wp-image-463\" srcset=\"https:\/\/nadprirozeno.cz\/wp-content\/uploads\/2019\/08\/1901626_704213592934533_1067163860_n.jpg 960w, https:\/\/nadprirozeno.cz\/wp-content\/uploads\/2019\/08\/1901626_704213592934533_1067163860_n-300x200.jpg 300w, https:\/\/nadprirozeno.cz\/wp-content\/uploads\/2019\/08\/1901626_704213592934533_1067163860_n-768x512.jpg 768w, https:\/\/nadprirozeno.cz\/wp-content\/uploads\/2019\/08\/1901626_704213592934533_1067163860_n-210x140.jpg 210w\" sizes=\"(max-width: 960px) 100vw, 960px\" \/><figcaption>\u00danor 2014 &#8211; n\u00e1hrobky rozkraden\u00e9, a ze h\u0159bitova je skl\u00e1dka<\/figcaption><\/figure>\n\n\n\n<p>V 60. letech se zd\u00e1lo, \u017ee bude h\u0159bitov zapomenut. Ji\u017e se zde nepoh\u0159b\u00edv\u00e1 a i sv\u00ed\u010dky na hrobech se objevuj\u00ed \u010d\u00edm d\u00e1l m\u00e9n\u011b. To se ale m\u011bn\u00ed v roce 1972, kdy se za\u010d\u00edn\u00e1 nedaleko stav\u011bt bohnick\u00e9 s\u00eddli\u0161t\u011b. V tu dobu za\u010d\u00edn\u00e1 h\u0159bitov z\u00edsk\u00e1vat pov\u011bst podivn\u00e9ho m\u00edsta. Nejedn\u00e1 se ov\u0161em o \u0161patnou pov\u011bst z hlediska nadp\u0159irozen\u00fdch jev\u016f ale kv\u016fli m\u00edstn\u00edm teeneger\u016fm, kte\u0159\u00ed zde prov\u00e1d\u00ed i jak\u00e9si satanistick\u00e9 ritu\u00e1ly. A ve stejn\u00e9 dob\u011b se ze h\u0159bitova za\u010d\u00edn\u00e1 st\u00e1vat skl\u00e1dka odpadu. Ov\u0161em nejv\u011bt\u0161\u00ed r\u00e1nu dostal h\u0159bitov po roce 1989, kdy byl rozkraden a zdevastov\u00e1n. V\u0161e co \u0161lo zpen\u011b\u017eit skon\u010dilo ve sb\u011bru a nebo rozml\u00e1cen\u00e9 z\u016fstalo na m\u00edst\u011b a h\u0159bitov byl zapomenut.<\/p>\n\n\n\n<div class=\"wp-block-image\"><figure class=\"aligncenter\"><img loading=\"lazy\" width=\"580\" height=\"435\" src=\"https:\/\/nadprirozeno.cz\/wp-content\/uploads\/2019\/08\/1979667_708909475798278_913307362_n.jpg\" alt=\"\" class=\"wp-image-464\" srcset=\"https:\/\/nadprirozeno.cz\/wp-content\/uploads\/2019\/08\/1979667_708909475798278_913307362_n.jpg 580w, https:\/\/nadprirozeno.cz\/wp-content\/uploads\/2019\/08\/1979667_708909475798278_913307362_n-300x225.jpg 300w, https:\/\/nadprirozeno.cz\/wp-content\/uploads\/2019\/08\/1979667_708909475798278_913307362_n-210x158.jpg 210w\" sizes=\"(max-width: 580px) 100vw, 580px\" \/><figcaption>Ji\u0159\u00ed V\u00edtek &#8211; vdechl h\u0159bitovu op\u011bt \u017eivot<\/figcaption><\/figure><\/div>\n\n\n\n<p>Za dne\u0161n\u00ed podobu h\u0159bitov vd\u011b\u010d\u00ed jednomu \u010dlov\u011bku, kter\u00e9mu jednoho dne &#8222;p\u0159esko\u010dilo&#8220; a za\u010dal se o h\u0159bitov aktivn\u011b zaj\u00edmat. Z po\u010d\u00e1tku s\u00e1m, pozd\u011bji s dal\u0161\u00edmi dobrovoln\u00edky ze h\u0159bitova odvezli p\u0159es 40 tun odpadu a vlastn\u00edmi silami dali op\u011bt tomuto m\u00edstu tv\u00e1\u0159. T\u00edm bl\u00e1znem je Jirka V\u00edtek. Klobouk dolu p\u0159ed n\u00edm. <\/p>\n\n\n\n<h2>Vy\u0161et\u0159ov\u00e1n\u00ed paranorm\u00e1ln\u00edch jev\u016f na Bohnick\u00e9m h\u0159bitov\u011b<\/h2>\n\n\n\n<p>Na tomto vy\u0161et\u0159ov\u00e1n\u00ed jsme se dop\u0159edu domluvili s Ji\u0159\u00edm V\u00edtkem, kter\u00fd souhlasil s t\u00edm, \u017ee n\u00e1s po h\u0159bitov\u011b nejprve provede a d\u00e1 n\u00e1m komentovanou prohl\u00eddku, jeliko\u017e na\u0161i kolegov\u00e9 Irena a Pavel na tomto h\u0159bitov\u011b nikdy nebyli. Jirka n\u00e1s provedl kompletn\u011b cel\u00fdm h\u0159bitovem. Jeliko\u017e byla v\u011bt\u0161ina n\u00e1hrobk\u016f zni\u010dena a v\u0161e pokr\u00fdv\u00e1 v\u0161udyp\u0159\u00edtomn\u00fd b\u0159e\u010d\u0165an, p\u016fsob\u00ed ve dne h\u0159bitov velmi p\u0159\u00edjemn\u00fdm a uklid\u0148uj\u00edc\u00edm dojmem. <\/p>\n\n\n\n<p>Pouze jeden ze zadn\u00edch roh\u016f p\u016fsob\u00ed i v parn\u00fdch dnech dosti chladn\u011b a je zde patrn\u00e1 zvl\u00e1\u0161tn\u00ed chladn\u00e1 energie. Mysl\u00edme si \u017ee je to dan\u00e9 t\u00edm, \u017ee v tomto rohu byli poh\u0159b\u00edv\u00e1ni bezv\u011brci a sebevrazi. (Ne v\u017edy \u0161lo o sebevra\u017edu &#8211; t\u0159eba v p\u0159\u00edpadech n\u00e1siln\u00fdch pedofil\u016f). Proto tento roh nen\u00ed nikterak p\u0159\u00edjemn\u00fd. Mnoho lid\u00ed zde c\u00edt\u00ed pocit du\u0161en\u00ed, nebo z\u00e1vrat\u00ed. <\/p>\n\n\n\n<p>Jirkovo vypr\u00e1v\u011bn\u00ed je \u00fa\u017easn\u00e9 a v\u0159ele V\u00e1m, co jste ho neza\u017eili, doporu\u010duji zav\u00edtat na pravideln\u011b po\u0159\u00e1dan\u00e9 komentovan\u00e9 prohl\u00eddky.<\/p>\n\n\n\n<p>Jirka ode\u0161el a my se s jeho svolen\u00edm za\u010dali p\u0159ipravovat na za\u010d\u00e1tek na\u0161eho vy\u0161et\u0159ov\u00e1n\u00ed. K na\u0161emu zklam\u00e1n\u00ed se za\u010dali ke h\u0159bitovu sj\u00ed\u017ed\u011bt zv\u011bdavci a za\u010dali d\u011blat zna\u010dn\u00fd hluk. Na\u0161t\u011bst\u00ed se s nimi nechalo mluvit a nechali n\u00e1s v klidu vy\u0161et\u0159ovat. Sotva jsme si vzali techniku, zastavil u h\u0159bitova minibus s anglicky mluv\u00edc\u00edmi turisty a nezn\u00e1mou pr\u016fvodkyn\u00ed, kter\u00e1 za\u010dala turist\u016fm vypr\u00e1v\u011bt absolutn\u00ed nesmysly o tomto m\u00edstu a je\u0161t\u011b je za to za\u010dala kas\u00edrovat. Podle toho co jsme sly\u0161eli od anglicky mluv\u00edc\u00edho pr\u016fvodce, tak byla Maria Tuma masov\u00e1 vra\u017eedkyn\u011b a na tomto h\u0159bitov\u011b v noci lidi mu\u010d\u00ed.<\/p>\n\n\n\n<p>Maria Tuma byla hospodyn\u011b, kter\u00e1 ve sv\u00fdch 29 letech onemocn\u011bla nemoc\u00ed, kter\u00e1 se tehdy naz\u00fdvala \u00fabytek mozku. Nyn\u00ed se tomu \u0159\u00edk\u00e1 Alzheimer.<\/p>\n\n\n\n<p>Kdy\u017e opustili h\u0159bitov, tak kone\u010dn\u011b za\u010dala na\u0161e pr\u00e1ce. Vytypovali jsme si m\u00edsta, kde jsme n\u00e1sledn\u011b vyzkou\u0161eli komunikaci. N\u011bkolikr\u00e1t se n\u00e1m zd\u00e1lo jako by n\u00e1s n\u011bkdo pron\u00e1sledoval ale nikoho jsme nena\u0161li. Soust\u0159edili jsme se na oblast kolem kaple a zedn\u00e1\u0159sk\u00e9 mohyly.<\/p>\n\n\n\n<div class=\"wp-container-3 wp-block-columns has-2-columns\">\n<div class=\"wp-container-1 wp-block-column\">\n<figure class=\"wp-block-image\"><img loading=\"lazy\" width=\"400\" height=\"533\" src=\"https:\/\/nadprirozeno.cz\/wp-content\/uploads\/2019\/08\/1010588u.jpg\" alt=\"\" class=\"wp-image-467\" srcset=\"https:\/\/nadprirozeno.cz\/wp-content\/uploads\/2019\/08\/1010588u.jpg 400w, https:\/\/nadprirozeno.cz\/wp-content\/uploads\/2019\/08\/1010588u-225x300.jpg 225w, https:\/\/nadprirozeno.cz\/wp-content\/uploads\/2019\/08\/1010588u-158x210.jpg 158w\" sizes=\"(max-width: 400px) 100vw, 400px\" \/><figcaption>Zedn\u00e1\u0159sk\u00e1 mohyla<\/figcaption><\/figure>\n<\/div>\n\n\n\n<div class=\"wp-container-2 wp-block-column\">\n<figure class=\"wp-block-image\"><img loading=\"lazy\" width=\"400\" height=\"533\" src=\"https:\/\/nadprirozeno.cz\/wp-content\/uploads\/2019\/08\/1010574u.jpg\" alt=\"\" class=\"wp-image-468\" srcset=\"https:\/\/nadprirozeno.cz\/wp-content\/uploads\/2019\/08\/1010574u.jpg 400w, https:\/\/nadprirozeno.cz\/wp-content\/uploads\/2019\/08\/1010574u-225x300.jpg 225w, https:\/\/nadprirozeno.cz\/wp-content\/uploads\/2019\/08\/1010574u-158x210.jpg 158w\" sizes=\"(max-width: 400px) 100vw, 400px\" \/><figcaption>H\u0159bitovn\u00ed kaple s m\u00e1rnic\u00ed<\/figcaption><\/figure>\n<\/div>\n<\/div>\n\n\n\n<p>Kolem kaple byla aktivita minim\u00e1ln\u00ed a d\u00e1 se \u0159\u00edci, \u017ee jsme nic zvl\u00e1\u0161tn\u00edho nezachytili. Co se t\u00fdk\u00e1 pravideln\u00e9 zast\u00e1vky v\u011bt\u0161iny lovc\u016f senzac\u00ed a youtuber\u016f, u n\u00e1hrobku slu\u017eebn\u00e9 Marie Tumov\u00e9, jsme se rozhodli j\u00ed dop\u0159\u00e1t klid a zaslou\u017een\u00fd odpo\u010dinek a pokra\u010dovali k zedn\u00e1\u0159sk\u00e9 mohyle.<\/p>\n\n\n\n<p>B\u011bhem cesty k mohyle jsme nepozorovali nic zvl\u00e1\u0161tn\u00edho, ani neobvykl\u00e9ho. Rozhodli jsme se proto zkusit po\u0159\u00eddit p\u00e1r nahr\u00e1vek a pokusit se o komunikaci p\u0159\u00edmo u mohyly. Zde byla atmosf\u00e9ra o pozn\u00e1n\u00ed hor\u0161\u00ed. Mohlo to b\u00fdt t\u00edm, \u017ee kousek za mohylou se nach\u00e1z\u00ed oblast, kde se poh\u0159b\u00edvali bezv\u011brci a sebevrazi. Jakmile jsme za\u010dali kl\u00e1st ot\u00e1zky, zd\u00e1lo se n\u00e1m, jakoby se kolem n\u00e1s za\u010dal srocovat do kruhu dav &#8222;lid\u00ed&#8220;. V tomto okam\u017eiku bylo po\u0159\u00edzeno n\u00e1sleduj\u00edc\u00ed video.<\/p>\n\n\n\n<figure class=\"wp-block-embed-youtube wp-block-embed is-type-video is-provider-youtube wp-embed-aspect-16-9 wp-has-aspect-ratio\"><div class=\"wp-block-embed__wrapper\">\n<iframe loading=\"lazy\" width=\"980\" height=\"551\" src=\"https:\/\/www.youtube.com\/embed\/FPczFPeXoos?feature=oembed\" frameborder=\"0\" allow=\"accelerometer; autoplay; encrypted-media; gyroscope; picture-in-picture\" allowfullscreen><\/iframe>\n<\/div><figcaption>Sv\u011bteln\u00e1 anom\u00e1lie zachycen\u00e1 kamerou<\/figcaption><\/figure>\n\n\n\n<p>P\u0159i pozd\u011bj\u0161\u00ed anal\u00fdze zaznamenan\u00e9ho materi\u00e1lu jsme odhalili n\u00e1sleduj\u00edc\u00ed zvukov\u00e9 z\u00e1znamy EVP:<\/p>\n\n\n\n<figure class=\"wp-block-audio\"><audio controls src=\"https:\/\/nadprirozeno.cz\/wp-content\/uploads\/2019\/08\/Je-tu-zlo.mp3\"><\/audio><\/figure>\n\n\n\n<figure class=\"wp-block-audio\"><audio controls src=\"https:\/\/nadprirozeno.cz\/wp-content\/uploads\/2019\/08\/ukoncil-jste-zivot-dobrovolne-ne.mp3\"><\/audio><\/figure>\n\n\n\n<figure class=\"wp-block-audio\"><audio controls src=\"https:\/\/nadprirozeno.cz\/wp-content\/uploads\/2019\/08\/blesk-voj\u00e1k.mp3\"><\/audio><\/figure>\n\n\n\n<figure class=\"wp-block-audio\"><audio controls src=\"https:\/\/nadprirozeno.cz\/wp-content\/uploads\/2019\/08\/sly\u0161\u00edm-kroky1.mp3\"><\/audio><\/figure>\n\n\n\n<figure class=\"wp-block-audio\"><audio controls src=\"https:\/\/nadprirozeno.cz\/wp-content\/uploads\/2019\/08\/p\u0159i-focen\u00ed-mlha-sv\u011btlo.mp3\"><\/audio><\/figure>\n\n\n\n<p>Jakmile se Ir\u010da za\u010dala zaj\u00edmat o d\u011bti a o to pro\u010d s n\u00e1mi nehovo\u0159\u00ed, za\u010dala se objevovat mlha, kter\u00e1 se k n\u00e1m pomalu p\u0159ibli\u017eovala a p\u0159ipom\u00ednala bl\u00ed\u017e\u00edc\u00ed se dav lid\u00ed. Podstatn\u011b se m\u011bnila atmosf\u00e9ra a my poci\u0165ovali, \u017ee je na \u010dase m\u00edsto opustit. Cestou zp\u011bt, jsme poc\u00edtili, \u017ee od n\u00e1s kladn\u011bj\u0161\u00ed entity dr\u017e\u00ed ty negativn\u00ed v uctiv\u00e9 vzd\u00e1lenosti. Dr\u017eeli je mezi s sebou uprost\u0159ed a doprov\u00e1zeli n\u00e1s tak ke vstupn\u00ed br\u00e1n\u011b, dokud jsme nebyli na n\u00ed. P\u0159i zp\u011btn\u00e9 anal\u00fdze na\u0161\u00ed n\u00e1v\u0161t\u011bvy n\u00e1m naskakuje hus\u00ed k\u016f\u017ee, proto\u017ee n\u00e1m doch\u00e1z\u00ed, \u017ee a\u010d je h\u0159bitov na jednu stranu \u00fa\u017easn\u00fdm m\u00edstem pro relaxaci, na stran\u011b druh\u00e9 je z\u0159ejm\u00e9, \u017ee ne v\u0161e je zde v po\u0159\u00e1dku.<br><\/p>\n","protected":false},"excerpt":{"rendered":"<p>Bohnick\u00fd h\u0159bitov Pokud V\u00e1s nezaj\u00edm\u00e1 historie, ale jste pouze konzumenti senzac\u00ed, pokra\u010dujte ke konci \u010dl\u00e1nku. Pokud V\u00e1s zaj\u00edm\u00e1 i historie tohoto velmi zaj\u00edmav\u00e9ho m\u00edsta, p\u0159eji V\u00e1m p\u0159\u00edjemn\u00e9 \u010dten\u00ed. Historie h\u0159bitova V roce 1905 a\u017e 1912 vnikla u Prahy v m\u011bstysu Bohnice nejmodern\u011bj\u0161\u00ed psychiatrick\u00e1 l\u00e9\u010debna v tehdej\u0161\u00edm Rakousko-Uhersku. Na jej\u00ed v\u00fdstavb\u011b se pod\u00edleli pacienti z Dob\u0159an [&hellip;]<\/p>\n","protected":false},"author":1,"featured_media":0,"parent":0,"menu_order":0,"comment_status":"closed","ping_status":"closed","template":"","meta":{"_monsterinsights_skip_tracking":false,"_monsterinsights_sitenote_active":false,"_monsterinsights_sitenote_note":"","_monsterinsights_sitenote_category":0},"_links":{"self":[{"href":"https:\/\/nadprirozeno.cz\/index.php\/wp-json\/wp\/v2\/pages\/458"}],"collection":[{"href":"https:\/\/nadprirozeno.cz\/index.php\/wp-json\/wp\/v2\/pages"}],"about":[{"href":"https:\/\/nadprirozeno.cz\/index.php\/wp-json\/wp\/v2\/types\/page"}],"author":[{"embeddable":true,"href":"https:\/\/nadprirozeno.cz\/index.php\/wp-json\/wp\/v2\/users\/1"}],"replies":[{"embeddable":true,"href":"https:\/\/nadprirozeno.cz\/index.php\/wp-json\/wp\/v2\/comments?post=458"}],"version-history":[{"count":5,"href":"https:\/\/nadprirozeno.cz\/index.php\/wp-json\/wp\/v2\/pages\/458\/revisions"}],"predecessor-version":[{"id":472,"href":"https:\/\/nadprirozeno.cz\/index.php\/wp-json\/wp\/v2\/pages\/458\/revisions\/472"}],"wp:attachment":[{"href":"https:\/\/nadprirozeno.cz\/index.php\/wp-json\/wp\/v2\/media?parent=458"}],"curies":[{"name":"wp","href":"https:\/\/api.w.org\/{rel}","templated":true}]}}