{"id":519,"date":"2019-11-24T21:03:14","date_gmt":"2019-11-24T20:03:14","guid":{"rendered":"http:\/\/nadprirozeno.cz\/?page_id=519"},"modified":"2019-11-24T21:03:14","modified_gmt":"2019-11-24T20:03:14","slug":"mimosmyslove-vnimani","status":"publish","type":"page","link":"https:\/\/nadprirozeno.cz\/index.php\/mimosmyslove-vnimani\/","title":{"rendered":"Mimosmyslov\u00e9 vn\u00edm\u00e1n\u00ed"},"content":{"rendered":"\n<h1>Mimosmyslov\u00e9 sn\u00edm\u00e1n\u00ed<\/h1>\n\n\n\n<p>Co to vlastn\u011b je? jedna z teori\u00ed \u0159\u00edk\u00e1, \u017ee jsme v\u0161ichni propojeni a dok\u00e1\u017eeme se mezi sebou spojit. Podle psychotronik\u016f jde pravd\u011bpodobn\u011b o s\u00edlu fyzik\u00e1ln\u00ed povahy ( gravitace, elektromagnetismus), nebo o s\u00edlu duchovn\u00ed povahy (mentiony, deltrony, psitrony)<br>Mimosmyslov\u00e9 vn\u00edm\u00e1n\u00ed je schopnost p\u0159ij\u00edmat informace bez p\u011bti fyzick\u00fdch smysl\u016f. Naz\u00fdv\u00e1me ho \u0161est\u00fd smysl. D\u00e1 se ov\u011b\u0159it jedn\u00edm z pokus\u016f. Testovan\u00e1 osoba sed\u00ed tak, aby nevid\u011bla za plochu, kde jsou obr\u00e1zky nebo r\u016fzn\u00e9 p\u0159edm\u011bty a pokou\u0161\u00ed se zjistit o kter\u00fd p\u0159edm\u011bt jde.<\/p>\n\n\n\n<div class=\"wp-block-image\"><figure class=\"aligncenter\"><img loading=\"lazy\" width=\"270\" height=\"186\" src=\"https:\/\/nadprirozeno.cz\/wp-content\/uploads\/2019\/09\/images-1.jpg\" alt=\"\" class=\"wp-image-520\" srcset=\"https:\/\/nadprirozeno.cz\/wp-content\/uploads\/2019\/09\/images-1.jpg 270w, https:\/\/nadprirozeno.cz\/wp-content\/uploads\/2019\/09\/images-1-210x145.jpg 210w\" sizes=\"(max-width: 270px) 100vw, 270px\" \/><figcaption>zdroj Google<\/figcaption><\/figure><\/div>\n\n\n\n<p>Pokud to vezmeme z \u00fahlu historie a \u0161amanstv\u00ed, tak zrovna \u0161amani jsou obda\u0159eni schopnost\u00ed komunikace s rostlinami. Dok\u00e1\u017e\u00ed zjistit, kde jsou rostliny schopni l\u00e9\u010dit a to \u00fadajn\u011b p\u0159es mimosmyslov\u00e9 napojen\u00ed s rostlinou.<br>Star\u00e9 hinduistick\u00e9 texty mluv\u00ed o jasnovidectv\u00ed jako o form\u011b vznikaj\u00edc\u00ed zku\u0161enostmi. Tr\u00e9ningem mysli p\u0159i meditaci a osobn\u00ed discipl\u00ednou. Podobn\u00e9 my\u0161len\u00ed m\u00e1 i buddhismus. <\/p>\n\n\n\n<div class=\"wp-block-image\"><figure class=\"aligncenter\"><img loading=\"lazy\" width=\"610\" height=\"300\" src=\"https:\/\/nadprirozeno.cz\/wp-content\/uploads\/2019\/09\/buddhismus-unterschiede.jpg\" alt=\"\" class=\"wp-image-521\" srcset=\"https:\/\/nadprirozeno.cz\/wp-content\/uploads\/2019\/09\/buddhismus-unterschiede.jpg 610w, https:\/\/nadprirozeno.cz\/wp-content\/uploads\/2019\/09\/buddhismus-unterschiede-300x148.jpg 300w, https:\/\/nadprirozeno.cz\/wp-content\/uploads\/2019\/09\/buddhismus-unterschiede-210x103.jpg 210w\" sizes=\"(max-width: 610px) 100vw, 610px\" \/><figcaption>zdroj Google<\/figcaption><\/figure><\/div>\n\n\n\n<p> Mimosmyslov\u00e9 vn\u00edm\u00e1n\u00ed: je st\u00e1le p\u0159edm\u011btem intenzivn\u00edho v\u00fdzkumu, ale dosud jeho existence nebyla experiment\u00e1ln\u011b potvrzena a nen\u00ed ani nen\u00ed p\u0159ij\u00edm\u00e1na ve vy\u0161\u0161\u00edch kruz\u00edch.<br>N\u011bkter\u00e9 energie nen\u00ed mo\u017en\u00e9 vid\u011bt, ale lze je vyc\u00edtit, mimosmyslov\u011b vn\u00edmat a tak\u00e9 rozpoznat jejich kvalitu, pozitivn\u00ed i negativn\u00ed vibrace, mno\u017estv\u00ed. P\u0159en\u00e1\u0161et je na jin\u00e9 m\u00edsto, hromadit tak jejich pot\u0159ebnou energii, kde je t\u0159eba- to jen silou v\u016fle a lidsk\u00e9ho ducha v\u011bdom\u00ed.<br>V neviditeln\u00e9m sv\u011bt\u011b, ve kter\u00e9m pracuje na\u0161e podv\u011bdom\u00ed neexistuje minulost, p\u0159\u00edtomnost a ani budoucnost. \u017dijeme v neust\u00e1l\u00e9 p\u0159\u00edtomnosti a to je t\u0159eba si uv\u011bdomit.<br><br>Jde o mimosmyslov\u00e9 vn\u00edm\u00e1n\u00ed na jakoukoliv vzd\u00e1lenost s mo\u017enost\u00ed zp\u011btn\u00e9 vazby.<br>Telepatii m\u016f\u017eeme rozd\u011blit na dv\u011b \u010d\u00e1sti 1) Spont\u00e1nn\u00ed 2) Experiment\u00e1ln\u00ed<br>My\u0161lenka je energetick\u00e9ho p\u016fvodu a je tak siln\u00e1, jak silnou j\u00ed ud\u011bl\u00e1me.<br>P\u0159enos t\u00e9to energetick\u00e9 my\u0161lenky m\u016f\u017ee b\u00fdt i velmi nebezpe\u010dn\u00fd a je t\u0159eba se nau\u010dit chr\u00e1nit. Lehce m\u016f\u017eete p\u0159ijmout od vys\u00edlatele i negativn\u00ed energii, nebo nezku\u0161en\u00fd l\u00e9\u010ditel m\u016f\u017ee od &#8222;pacienta&#8220; p\u0159ijmout i jeho nemoc.<br>Ochranu pou\u017e\u00edvejte takovou, na jakou jste zvykl\u00ed. Nejv\u00edce se doporu\u010duje aktivovat si svou auru, proti jak\u00e9mukoliv p\u0159\u00edjmu negativn\u00ed energie.<br><br>Mezi dal\u0161\u00ed mimosmyslov\u00e9 vn\u00edm\u00e1n\u00ed pat\u0159\u00ed t\u0159eba: Transformace, Telekineze, Teleportace, Levitace, Bilokace, Dematerializace, Materializace, Telegnoza, Telestezie, Imaginace.<br><br><br><br><\/p>\n","protected":false},"excerpt":{"rendered":"<p>Mimosmyslov\u00e9 sn\u00edm\u00e1n\u00ed Co to vlastn\u011b je? jedna z teori\u00ed \u0159\u00edk\u00e1, \u017ee jsme v\u0161ichni propojeni a dok\u00e1\u017eeme se mezi sebou spojit. Podle psychotronik\u016f jde pravd\u011bpodobn\u011b o s\u00edlu fyzik\u00e1ln\u00ed povahy ( gravitace, elektromagnetismus), nebo o s\u00edlu duchovn\u00ed povahy (mentiony, deltrony, psitrony)Mimosmyslov\u00e9 vn\u00edm\u00e1n\u00ed je schopnost p\u0159ij\u00edmat informace bez p\u011bti fyzick\u00fdch smysl\u016f. Naz\u00fdv\u00e1me ho \u0161est\u00fd smysl. D\u00e1 se ov\u011b\u0159it [&hellip;]<\/p>\n","protected":false},"author":1,"featured_media":0,"parent":0,"menu_order":0,"comment_status":"closed","ping_status":"closed","template":"","meta":{"_monsterinsights_skip_tracking":false,"_monsterinsights_sitenote_active":false,"_monsterinsights_sitenote_note":"","_monsterinsights_sitenote_category":0},"_links":{"self":[{"href":"https:\/\/nadprirozeno.cz\/index.php\/wp-json\/wp\/v2\/pages\/519"}],"collection":[{"href":"https:\/\/nadprirozeno.cz\/index.php\/wp-json\/wp\/v2\/pages"}],"about":[{"href":"https:\/\/nadprirozeno.cz\/index.php\/wp-json\/wp\/v2\/types\/page"}],"author":[{"embeddable":true,"href":"https:\/\/nadprirozeno.cz\/index.php\/wp-json\/wp\/v2\/users\/1"}],"replies":[{"embeddable":true,"href":"https:\/\/nadprirozeno.cz\/index.php\/wp-json\/wp\/v2\/comments?post=519"}],"version-history":[{"count":1,"href":"https:\/\/nadprirozeno.cz\/index.php\/wp-json\/wp\/v2\/pages\/519\/revisions"}],"predecessor-version":[{"id":599,"href":"https:\/\/nadprirozeno.cz\/index.php\/wp-json\/wp\/v2\/pages\/519\/revisions\/599"}],"wp:attachment":[{"href":"https:\/\/nadprirozeno.cz\/index.php\/wp-json\/wp\/v2\/media?parent=519"}],"curies":[{"name":"wp","href":"https:\/\/api.w.org\/{rel}","templated":true}]}}