{"id":527,"date":"2019-09-19T18:39:50","date_gmt":"2019-09-19T16:39:50","guid":{"rendered":"http:\/\/nadprirozeno.cz\/?page_id=527"},"modified":"2019-09-19T18:39:50","modified_gmt":"2019-09-19T16:39:50","slug":"maria-gomez","status":"publish","type":"page","link":"https:\/\/nadprirozeno.cz\/index.php\/maria-gomez\/","title":{"rendered":"Maria Gomez"},"content":{"rendered":"\n<h1>Maria Gomez<\/h1>\n\n\n\n<p>U\u017e jste sly\u0161eli o t\u00e9to \u017een\u011b?<br>O Marii Gomez toho moc ke \u010dten\u00ed nenajdeme, ale o jej\u00edm z\u00e1\u017eitku se kter\u00fdm a\u017e do sv\u00e9 smrti \u017eila, najdeme z\u00e1znam\u016f spousty.<br>V roce 1971 se stala v\u011bc, kter\u00e1 dodnes nem\u00e1 vysv\u011btlen\u00ed. V jej\u00edm dom\u011b v B\u00e9lmezu se jednoho dne za\u010daly objevovat na zemi obli\u010deje nezn\u00e1m\u00fdch lid\u00ed.<br>Stalo se to v dob\u011b, kdy M\u00e1ria p\u0159ipravovala ve\u010de\u0159i. V\u0161imla si na zemi tmav\u00e9 skvrny, kter\u00e1 p\u0159ipom\u00ednala lidsk\u00fd obli\u010dej. Maria m\u011bla hore\u010dku a tak to p\u0159ipisovala halucinac\u00edm. P\u0159esto se sna\u017eila skvrnu vy\u010distit, ale marn\u011b. Nechala to tedy b\u00fdt, jen\u017ee obli\u010dej se za\u010dal st\u00e1le v\u00edce r\u00fdsovat.<\/p>\n\n\n\n<div class=\"wp-block-image\"><figure class=\"aligncenter\"><img loading=\"lazy\" width=\"290\" height=\"286\" src=\"https:\/\/nadprirozeno.cz\/wp-content\/uploads\/2019\/09\/mariagomez.jpg\" alt=\"\" class=\"wp-image-528\" srcset=\"https:\/\/nadprirozeno.cz\/wp-content\/uploads\/2019\/09\/mariagomez.jpg 290w, https:\/\/nadprirozeno.cz\/wp-content\/uploads\/2019\/09\/mariagomez-210x207.jpg 210w\" sizes=\"(max-width: 290px) 100vw, 290px\" \/><figcaption>Maria Gomez<\/figcaption><\/figure><\/div>\n\n\n\n<p>Aby toho nebylo m\u00e1lo, obli\u010dejem mu\u017ee, kter\u00fd se objevil jako prvn\u00ed se v\u0161e za\u010dalo rozj\u00ed\u017ed\u011bt a na podlaze p\u0159ib\u00fdvalo st\u00e1le v\u00edce obrazc\u016f lidsk\u00fdch obli\u010dej\u016f, s t\u011bly i bez t\u011bla.<br><br><\/p>\n\n\n\n<div class=\"wp-block-image\"><figure class=\"aligncenter\"><img loading=\"lazy\" width=\"480\" height=\"360\" src=\"https:\/\/nadprirozeno.cz\/wp-content\/uploads\/2019\/09\/39baa9acaac8be3017293f68ea12b680.jpg\" alt=\"\" class=\"wp-image-531\" srcset=\"https:\/\/nadprirozeno.cz\/wp-content\/uploads\/2019\/09\/39baa9acaac8be3017293f68ea12b680.jpg 480w, https:\/\/nadprirozeno.cz\/wp-content\/uploads\/2019\/09\/39baa9acaac8be3017293f68ea12b680-300x225.jpg 300w, https:\/\/nadprirozeno.cz\/wp-content\/uploads\/2019\/09\/39baa9acaac8be3017293f68ea12b680-210x158.jpg 210w\" sizes=\"(max-width: 480px) 100vw, 480px\" \/><figcaption>obrazy na zemi<br>Zdroj Google<\/figcaption><\/figure><\/div>\n\n\n\n<p>Od t\u00e9 doby je vesni\u010dka B\u00e9lmez de la Moraleda ve \u0160pan\u011blsku zn\u00e1ma po cel\u00e9m sv\u011bt\u011b. Dodnes j\u00ed nav\u0161t\u011bvuje mnoho badatel\u016f, kte\u0159\u00ed se ne\u00fasp\u011b\u0161n\u011b sna\u017e\u00ed tomuto jevu p\u0159ij\u00edt na kloub&#8230;..zat\u00edm marn\u011b. Sta\u010d\u00ed sem p\u0159ijet a j\u00edt po vyzna\u010den\u00e9 trase ( po \u010derven\u00fdch \u0161ipk\u00e1ch na cest\u011b) , kter\u00e1 V\u00e1s dovede k domu Marie.<br>Jej\u00ed syn Miquel, kter\u00fd \u017eije st\u00e1le v tomto dom\u011b, V\u00e1s p\u0159iv\u00edt\u00e1 a ochotn\u011b pov\u00ed p\u0159\u00edb\u011bh:<br><br>Po prvn\u00edm \u00fakazu na podlaze, se za m\u011bs\u00edc za\u010d\u00ednaj\u00ed p\u0159id\u00e1vat dal\u0161\u00ed a dal\u0161\u00ed. To u\u017e bylo na Marii moc. O v\u0161em s man\u017eelem  informovala starostu vesni\u010dky. Napadlo je, \u017ee m\u016f\u017ee b\u00fdt pod zem\u00ed poh\u0159ben \u010dlov\u011bk a t\u00edmto zp\u016fsobem vol\u00e1 o pomoc.<br>Vykopaly skoro t\u0159\u00ed metrovou j\u00e1mu p\u0159\u00edmo uprost\u0159ed m\u00edstnosti.<br><br><\/p>\n\n\n\n<div class=\"wp-block-image\"><figure class=\"aligncenter\"><img loading=\"lazy\" width=\"575\" height=\"384\" src=\"https:\/\/nadprirozeno.cz\/wp-content\/uploads\/2019\/09\/2726421.jpeg\" alt=\"\" class=\"wp-image-530\" srcset=\"https:\/\/nadprirozeno.cz\/wp-content\/uploads\/2019\/09\/2726421.jpeg 575w, https:\/\/nadprirozeno.cz\/wp-content\/uploads\/2019\/09\/2726421-300x200.jpeg 300w, https:\/\/nadprirozeno.cz\/wp-content\/uploads\/2019\/09\/2726421-210x140.jpeg 210w\" sizes=\"(max-width: 575px) 100vw, 575px\" \/><figcaption>zdroj Google<\/figcaption><\/figure><\/div>\n\n\n\n<p>V zemi se na\u0161ly lidsk\u00e9 kosti z p\u0159ibli\u017en\u011b z 12. stolet\u00ed. Maria za\u010dala hledat n\u011bjak\u00e9 zpr\u00e1vy, kter\u00e9 by uk\u00e1zaly v\u00edce informac\u00ed k pozemku. Zjistilo se, \u017ee d\u016fm stoj\u00ed na poh\u0159ebi\u0161ti z doby arabsk\u00e9 nadvl\u00e1dy. To u\u017e se za\u010daly do domu sj\u00ed\u017ed\u011bt v\u0161elijac\u00ed novin\u00e1\u0159i a parapsychologov\u00e9, aby tento jev vy\u0159e\u0161ili.<\/p>\n\n\n\n<div class=\"wp-block-image\"><figure class=\"aligncenter\"><img loading=\"lazy\" width=\"304\" height=\"166\" src=\"https:\/\/nadprirozeno.cz\/wp-content\/uploads\/2019\/09\/images-2.jpg\" alt=\"\" class=\"wp-image-532\" srcset=\"https:\/\/nadprirozeno.cz\/wp-content\/uploads\/2019\/09\/images-2.jpg 304w, https:\/\/nadprirozeno.cz\/wp-content\/uploads\/2019\/09\/images-2-300x164.jpg 300w, https:\/\/nadprirozeno.cz\/wp-content\/uploads\/2019\/09\/images-2-210x115.jpg 210w\" sizes=\"(max-width: 304px) 100vw, 304px\" \/><figcaption>zdroj Google<\/figcaption><\/figure><\/div>\n\n\n\n<p>Katolick\u00e9 c\u00edrkvi se to v\u016fbec nel\u00edbilo a tak nechala na t\u0159i m\u011bs\u00edce pokoj zape\u010detit a nikdo nesm\u011bl dovnit\u0159. O\u010dek\u00e1vali, \u017ee po jeho otev\u0159en\u00ed tam nic nebude. Opak byl ale pravdou a c\u00edrkev byla velice p\u0159ekvapen\u00e1, kdy\u017e po otev\u0159en\u00ed nejen\u017ee tv\u00e1\u0159e nezmizely, ale nav\u00edc tam byli nov\u00e9. N\u011bkter\u00e9 byli z\u0159eteln\u011bj\u0161\u00ed, n\u011bkter\u00e9 se dokonce posunuly o kousek d\u00e1l. Jeden z obli\u010dej\u016f byl t\u00e9m\u011b\u0159 toto\u017en\u00fd s gener\u00e1lem Francem&#8230;tehdej\u0161\u00edm dikt\u00e1torem. Jeho podobizna se objevila  u M\u00e1rii v dom\u011b, n\u011bkolik m\u011bs\u00edc\u016f p\u0159ed jeho smrt\u00ed.<br><br><br><\/p>\n\n\n\n<figure class=\"wp-block-image\"><img loading=\"lazy\" width=\"654\" height=\"368\" src=\"https:\/\/nadprirozeno.cz\/wp-content\/uploads\/2019\/09\/1460432612821.jpg\" alt=\"\" class=\"wp-image-529\" srcset=\"https:\/\/nadprirozeno.cz\/wp-content\/uploads\/2019\/09\/1460432612821.jpg 654w, https:\/\/nadprirozeno.cz\/wp-content\/uploads\/2019\/09\/1460432612821-300x169.jpg 300w, https:\/\/nadprirozeno.cz\/wp-content\/uploads\/2019\/09\/1460432612821-210x118.jpg 210w\" sizes=\"(max-width: 654px) 100vw, 654px\" \/><figcaption>zdroj Google<\/figcaption><\/figure>\n\n\n\n<p>Velkou z\u00e1hadou bylo i to, \u017ee obrazce reagovaly na samotnou Marii. Pokud byla unaven\u00e1, bez energie \u010di nemocn\u00e1, jejich intenzita zanikala. Maria Gomez p\u0159ed svou smrt\u00ed \u0159ekla, \u017ee by si moc p\u0159\u00e1la, aby a\u017e zem\u0159e, \u0161ly ty obrazy s n\u00ed, aby j\u00ed doprov\u00e1zely na onen sv\u011bt a t\u00edm se dok\u00e1zalo, \u017ee to nebyl podvod. Zem\u0159ela v 85 letech a co je nejzvl\u00e1\u0161tn\u011bj\u0161\u00ed, obli\u010deje se z m\u00edstnosti za\u010daly ztr\u00e1cet, ale pro zm\u011bnu se objevily ve vedlej\u0161\u00edm dom\u011b, kde se Maria narodila.<br>N\u011bkte\u0159\u00ed parapsychologov\u00e9 tvrd\u00ed, \u017ee byla medium, jin\u00fd zase, \u017ee ur\u010dit\u011b \u0161lo o n\u011bjak\u00fd podvod. T\u0159eba se jednou v\u0161e vysv\u011btl\u00ed, ale do t\u00e9 doby z\u016fstanou obrazce z\u00e1hadou&#8230;<\/p>\n","protected":false},"excerpt":{"rendered":"<p>Maria Gomez U\u017e jste sly\u0161eli o t\u00e9to \u017een\u011b?O Marii Gomez toho moc ke \u010dten\u00ed nenajdeme, ale o jej\u00edm z\u00e1\u017eitku se kter\u00fdm a\u017e do sv\u00e9 smrti \u017eila, najdeme z\u00e1znam\u016f spousty.V roce 1971 se stala v\u011bc, kter\u00e1 dodnes nem\u00e1 vysv\u011btlen\u00ed. V jej\u00edm dom\u011b v B\u00e9lmezu se jednoho dne za\u010daly objevovat na zemi obli\u010deje nezn\u00e1m\u00fdch lid\u00ed.Stalo se to [&hellip;]<\/p>\n","protected":false},"author":1,"featured_media":0,"parent":0,"menu_order":0,"comment_status":"closed","ping_status":"closed","template":"","meta":{"_monsterinsights_skip_tracking":false,"_monsterinsights_sitenote_active":false,"_monsterinsights_sitenote_note":"","_monsterinsights_sitenote_category":0},"_links":{"self":[{"href":"https:\/\/nadprirozeno.cz\/index.php\/wp-json\/wp\/v2\/pages\/527"}],"collection":[{"href":"https:\/\/nadprirozeno.cz\/index.php\/wp-json\/wp\/v2\/pages"}],"about":[{"href":"https:\/\/nadprirozeno.cz\/index.php\/wp-json\/wp\/v2\/types\/page"}],"author":[{"embeddable":true,"href":"https:\/\/nadprirozeno.cz\/index.php\/wp-json\/wp\/v2\/users\/1"}],"replies":[{"embeddable":true,"href":"https:\/\/nadprirozeno.cz\/index.php\/wp-json\/wp\/v2\/comments?post=527"}],"version-history":[{"count":1,"href":"https:\/\/nadprirozeno.cz\/index.php\/wp-json\/wp\/v2\/pages\/527\/revisions"}],"predecessor-version":[{"id":533,"href":"https:\/\/nadprirozeno.cz\/index.php\/wp-json\/wp\/v2\/pages\/527\/revisions\/533"}],"wp:attachment":[{"href":"https:\/\/nadprirozeno.cz\/index.php\/wp-json\/wp\/v2\/media?parent=527"}],"curies":[{"name":"wp","href":"https:\/\/api.w.org\/{rel}","templated":true}]}}