{"id":53,"date":"2019-05-19T20:09:44","date_gmt":"2019-05-19T18:09:44","guid":{"rendered":"http:\/\/nadprirozeno.cz\/?page_id=53"},"modified":"2019-05-23T09:41:40","modified_gmt":"2019-05-23T07:41:40","slug":"terezinky-lazaret","status":"publish","type":"page","link":"https:\/\/nadprirozeno.cz\/index.php\/terezinky-lazaret\/","title":{"rendered":"Terez\u00ednk\u00fd lazaret"},"content":{"rendered":"\n<h1>Terez\u00ednsk\u00e9 utrpen\u00ed<\/h1>\n\n\n\n<p>Terez\u00edn &#8230; jedno z m\u00edst v \u010cR, kter\u00e9 se d\u00e1 popsat mnoha slovy, ale nejv\u00fdsti\u017en\u011bj\u0161\u00ed bude, kdy\u017e nap\u00ed\u0161i: bolest, beznad\u011bj, utrpen\u00ed. Jakmile nav\u0161t\u00edv\u00edte toto m\u00edsto, zanech\u00e1 to ve V\u00e1s pocit smutku. Citliv\u011bj\u0161\u00ed povahy ani nemus\u00ed dan\u00e9 m\u00edsto proj\u00edt, sta\u010d\u00ed se zastavit  na pam\u00e1tn\u00edku p\u0159ed Malou pevnost\u00ed. P\u0159epadnou V\u00e1s emoce a je mo\u017en\u00e9, \u017ee prohl\u00eddku nedokon\u010d\u00edte.<\/p>\n\n\n\n<figure class=\"wp-block-image\"><img loading=\"lazy\" width=\"1024\" height=\"768\" src=\"https:\/\/nadprirozeno.cz\/wp-content\/uploads\/2019\/05\/SUNP0026-1024x768.jpg\" alt=\"\" class=\"wp-image-85\"\/><\/figure>\n\n\n\n<p>V lo\u0148sk\u00e9m roce, jsem m\u011bla tu mo\u017enost vyrazit s man\u017eelem a t\u00fdmem Urbex &#8211; paranormal HK do terez\u00ednsk\u00e9ho b\u00fdval\u00e9ho lazaretu a str\u00e1vit tam noc. <br>(pokud by jste to m\u011bli v pl\u00e1nu, doporu\u010duji nejd\u0159\u00edve informovat m\u00edstn\u00ed obecn\u00ed \u00fa\u0159ad).<br>Jeli jsme za \u00fa\u010delem zdokumentovat m\u00edsto a pokusit se nahr\u00e1t d\u016fkaz o existenci duch\u016f. Terez\u00ednsk\u00fd lazaret sv\u00e9ho \u010dasu musel p\u016fsobit majest\u00e1tn\u011b, p\u0159ekr\u00e1sn\u00e9 dlouh\u00e9 chodby s klenut\u00fdmi stropy s dostatkem sv\u011btla, velk\u00fdm mno\u017estv\u00edm pokoj\u016f a l\u00e9ka\u0159sk\u00fdch vy\u0161et\u0159oven, ale i tajemn\u011bj\u0161\u00edch a tmav\u0161\u00edch chodeb. Do dne\u0161n\u00ed doby z\u016fstalo v\u0161e ve velice dobr\u00e9m stavu, a\u017e na n\u011bkter\u00e9 \u010d\u00e1sti ve t\u0159et\u00edm pat\u0159e, kde se zub \u010dasu zakousl do podlahy. Bylo n\u00e1m \u0159e\u010deno, \u017ee v t\u011bchto prostor\u00e1ch nem\u016f\u017eeme zabloudit, ale opak byl pravdou. N\u00e1m se to ale povedlo. V prvn\u00ed pat\u0159e najednou kon\u010dila chodba, tak\u017ee se muselo j\u00edt zp\u011bt jedin\u00fdm a nejhor\u0161\u00edm m\u00edstem, abychom se dostali na na\u0161\u00ed z\u00e1kladnu. M\u016f\u017eu \u0159\u00edct, \u017ee tato zadn\u00ed \u010d\u00e1st byla aspo\u0148 pro m\u011b hodn\u011b nep\u0159\u00edjemn\u00e1 a moc se mi to proj\u00edt necht\u011blo. Cestou dolu za n\u00e1mi po schodech cosi cupitalo. Rozl\u00e9valo to kolem sebe nep\u0159\u00edjemnou atmosf\u00e9ru, kter\u00e1 se u\u017e nazp\u011bt  neopakovala. V tomto k\u0159\u00eddle byl tak\u00e9 v\u011bzn\u011bn Gavrilo Princip (politick\u00fd aktivista ,kter\u00fd byl v terez\u00ednsk\u00e9 pevnosti mu\u010den a n\u00e1sledn\u011b zem\u0159el v lazaretu na tuberkul\u00f3zu roku 1918), ale ur\u010dit\u011b nebyl zdrojem t\u00e9 negativn\u00ed energie na schodi\u0161ti. B\u011bhem na\u0161\u00ed obhl\u00eddky se p\u0159ihodilo p\u00e1r zvl\u00e1\u0161tn\u00edch v\u011bc\u00ed a ud\u011blali jsme i zaj\u00edmav\u00e9 nahr\u00e1vky EVP a p\u00e1r vide\u00ed. Entity celkem slu\u0161n\u011b odpov\u00eddali. Asi nejzaj\u00edmav\u011bj\u0161\u00ed z\u00e1\u017eitek se stal u\u017e v d\u0159\u00edve zmi\u0148ovan\u00e9m zadn\u00edm k\u0159\u00eddle. P\u0159i z\u00e1znamu EVP se chodbou za\u010daly oz\u00fdvat kroky podpatk\u016f, kter\u00e9 se podle nar\u016fstaj\u00edc\u00ed intenzity p\u0159ibli\u017eovali k n\u00e1m. Kdy\u017e jsme m\u011bli pocit, \u017ee u\u017e to mus\u00ed b\u00fdt u n\u00e1s, v\u0161e ustalo. V takov\u00e9 chv\u00edli \u010dlov\u011bk v\u016fbec netu\u0161\u00ed co se m\u016f\u017ee p\u0159ihodit a nem\u016f\u017ee nic p\u0159edv\u00eddat. Vznikla tu i fotografie, kde je kr\u00e1sn\u011b vid\u011bt tvo\u0159\u00edc\u00ed se c\u011brn\u00e1 mlhovina doprov\u00e1zen\u00e1 ji\u017e zm\u00edn\u011bn\u00fdm zvukem podpadk\u016f.<\/p>\n\n\n\n<figure class=\"wp-block-image\"><img loading=\"lazy\" width=\"768\" height=\"1024\" src=\"https:\/\/nadprirozeno.cz\/wp-content\/uploads\/2019\/05\/IMG_20181124_231940u2-768x1024.jpg\" alt=\"\" class=\"wp-image-86\" srcset=\"https:\/\/nadprirozeno.cz\/wp-content\/uploads\/2019\/05\/IMG_20181124_231940u2.jpg 768w, https:\/\/nadprirozeno.cz\/wp-content\/uploads\/2019\/05\/IMG_20181124_231940u2-225x300.jpg 225w, https:\/\/nadprirozeno.cz\/wp-content\/uploads\/2019\/05\/IMG_20181124_231940u2-158x210.jpg 158w\" sizes=\"(max-width: 768px) 100vw, 768px\" \/><\/figure>\n\n\n\n<p>Byl listopad, zima klepala na dve\u0159e a tak jsme si s t\u00fdmem &#8222;Urbex a paranormal HK&#8220; zap\u00e1lili na na\u0161em stanovi\u0161ti uvnit\u0159 budovy plynov\u00e1 kamna, rozlo\u017eili koberce pod spac\u00e1ky a st\u0159\u00eddali se v r\u016fzn\u011b slo\u017een\u00fdch t\u00fdmech na vy\u0161et\u0159ov\u00e1n\u00ed po budov\u011b.<br>Kolegov\u00e9 z Urbexu si pozd\u011bji v\u0161imli z\u00e1hadn\u00fdch prachov\u00fdch stop na jedn\u00e9 \u010d\u00e1sti koberce. Vych\u00e1zely ze zdi a m\u00ed\u0159ily doprost\u0159ed pokoje,kde nar\u00e1z kon\u010dily. Tvar boty nem\u011bl nikdo z n\u00e1s, vypadalo to jako bota do \u0161pi\u010dky a docela velk\u00e1. Nenapad\u00e1 n\u00e1s nic, jak by mohli ty stopy vzniknout, mo\u017en\u00e1 bychom se divili. <br><br>Dal\u0161\u00edm pokusem o komunikaci byla video nahr\u00e1vka s l\u00edz\u00e1tkem. Nab\u00edzelo se d\u011btem jako odm\u011bna, kdy\u017e se jim poda\u0159\u00ed s n\u00edm pohnout. Na videu si v\u0161imn\u011bte sv\u011bteln\u00e9ho \u00fakazu, kter\u00fd se vyskytoval po v\u00fdzv\u011b<\/p>\n\n\n\n<figure class=\"wp-block-embed-youtube wp-block-embed is-type-video is-provider-youtube wp-embed-aspect-16-9 wp-has-aspect-ratio\"><div class=\"wp-block-embed__wrapper\">\n<iframe loading=\"lazy\" width=\"980\" height=\"551\" src=\"https:\/\/www.youtube.com\/embed\/i-dPYZfbXNU?feature=oembed\" frameborder=\"0\" allow=\"accelerometer; autoplay; encrypted-media; gyroscope; picture-in-picture\" allowfullscreen><\/iframe>\n<\/div><figcaption>Pokus o \u00faplatek l\u00edz\u00e1tkem<\/figcaption><\/figure>\n\n\n\n<p>V cel\u00e9m prostoru se nach\u00e1zelo n\u011bkolik m\u00edst, kde energie nep\u016fsobili dob\u0159e a \u010dlov\u011bk po p\u0159\u00edchodu na ono m\u00edsto poc\u00edtil tlak na hrudi \u010di nechu\u0165 a neochotu v t\u011bchto m\u00edstech z\u016fst\u00e1vat. Od spr\u00e1vcov\u00e9 jsme se dozv\u011bd\u011bli, \u017ee do jedn\u00e9 m\u00edstnosti j\u00ed nechce j\u00edt ani pes, mohla se sna\u017eit sebev\u00edc, ale fenka prost\u011b odm\u00edtla vstoupit. Tak\u00e9 jsem tam \u0161li, a napoprv\u00e9 to poc\u00edtili v\u0161ichni. Jednalo se o rohov\u00fd pokoj s kom\u00ednem za zd\u00ed. To co se tam ale schov\u00e1valo na m\u00edst\u011b z\u016fst\u00e1valo, proto\u017ee m\u011blo n\u011bjakou vazbu k m\u00edstu, ale z\u00e1rove\u0148 se to dok\u00e1zalo pohybovat, proto\u017ee p\u0159i druh\u00e9 prohl\u00eddce pokoje u\u017e byla atmosf\u00e9ra naprosto norm\u00e1ln\u00ed.<\/p>\n\n\n\n<figure class=\"wp-block-embed-youtube wp-block-embed is-type-video is-provider-youtube wp-embed-aspect-16-9 wp-has-aspect-ratio\"><div class=\"wp-block-embed__wrapper\">\n<iframe loading=\"lazy\" width=\"980\" height=\"551\" src=\"https:\/\/www.youtube.com\/embed\/gyXErihgOMw?feature=oembed\" frameborder=\"0\" allow=\"accelerometer; autoplay; encrypted-media; gyroscope; picture-in-picture\" allowfullscreen><\/iframe>\n<\/div><figcaption>Komunikace p\u0159es OVILUS a n\u00e1sledn\u00e9 napaden\u00ed \u010dlena t\u00fdmu<\/figcaption><\/figure>\n\n\n\n<p>O Terez\u00edn\u011b by se dalo ps\u00e1t hodiny a hodiny a po\u0159\u00e1d by bylo co p\u0159ipsat, je to velice zaj\u00edmav\u00e9 m\u00edsto se smutnou a bolestivou histori\u00ed a pokud se \u010dlov\u011bk rozhodne se tam zajet pod\u00edvat, mus\u00ed po\u010d\u00edtat s t\u00edm, \u017ee m\u016f\u017ee odjet s negativn\u00edmi pocity. I p\u0159es to v\u0161echno doporu\u010duji m\u00edsto nav\u0161t\u00edvit a na\u0161im d\u011btem o tom co se d\u011blo pov\u011bd\u011bt.<br><br>Odkaz na stream.cz, kde naleznete video z na\u0161\u00ed akce od Jaroslava Mare\u0161e z po\u0159adu Tajemno <a href=\"https:\/\/www.televizeseznam.cz\/video\/tajemno\/cesti-lovci-duchu-se-zesnulymi-v-terezine-komunikuji-pomoci-techniky-63865623\">ZDE<\/a><\/p>\n","protected":false},"excerpt":{"rendered":"<p>Terez\u00ednsk\u00e9 utrpen\u00ed Terez\u00edn &#8230; jedno z m\u00edst v \u010cR, kter\u00e9 se d\u00e1 popsat mnoha slovy, ale nejv\u00fdsti\u017en\u011bj\u0161\u00ed bude, kdy\u017e nap\u00ed\u0161i: bolest, beznad\u011bj, utrpen\u00ed. Jakmile nav\u0161t\u00edv\u00edte toto m\u00edsto, zanech\u00e1 to ve V\u00e1s pocit smutku. Citliv\u011bj\u0161\u00ed povahy ani nemus\u00ed dan\u00e9 m\u00edsto proj\u00edt, sta\u010d\u00ed se zastavit na pam\u00e1tn\u00edku p\u0159ed Malou pevnost\u00ed. P\u0159epadnou V\u00e1s emoce a je mo\u017en\u00e9, \u017ee [&hellip;]<\/p>\n","protected":false},"author":1,"featured_media":0,"parent":0,"menu_order":0,"comment_status":"closed","ping_status":"closed","template":"","meta":{"_monsterinsights_skip_tracking":false,"_monsterinsights_sitenote_active":false,"_monsterinsights_sitenote_note":"","_monsterinsights_sitenote_category":0},"_links":{"self":[{"href":"https:\/\/nadprirozeno.cz\/index.php\/wp-json\/wp\/v2\/pages\/53"}],"collection":[{"href":"https:\/\/nadprirozeno.cz\/index.php\/wp-json\/wp\/v2\/pages"}],"about":[{"href":"https:\/\/nadprirozeno.cz\/index.php\/wp-json\/wp\/v2\/types\/page"}],"author":[{"embeddable":true,"href":"https:\/\/nadprirozeno.cz\/index.php\/wp-json\/wp\/v2\/users\/1"}],"replies":[{"embeddable":true,"href":"https:\/\/nadprirozeno.cz\/index.php\/wp-json\/wp\/v2\/comments?post=53"}],"version-history":[{"count":6,"href":"https:\/\/nadprirozeno.cz\/index.php\/wp-json\/wp\/v2\/pages\/53\/revisions"}],"predecessor-version":[{"id":210,"href":"https:\/\/nadprirozeno.cz\/index.php\/wp-json\/wp\/v2\/pages\/53\/revisions\/210"}],"wp:attachment":[{"href":"https:\/\/nadprirozeno.cz\/index.php\/wp-json\/wp\/v2\/media?parent=53"}],"curies":[{"name":"wp","href":"https:\/\/api.w.org\/{rel}","templated":true}]}}