{"id":538,"date":"2019-09-27T07:17:37","date_gmt":"2019-09-27T05:17:37","guid":{"rendered":"http:\/\/nadprirozeno.cz\/?page_id=538"},"modified":"2019-09-27T07:17:37","modified_gmt":"2019-09-27T05:17:37","slug":"poltergeist-z-rosenheimu","status":"publish","type":"page","link":"https:\/\/nadprirozeno.cz\/index.php\/poltergeist-z-rosenheimu\/","title":{"rendered":"Poltergeist z Rosenheimu"},"content":{"rendered":"\n<h1>Poltergeist z Rosenheimu<\/h1>\n\n\n\n<p>Tento p\u0159\u00edb\u011bh se odehr\u00e1l v N\u011bmeck\u00e9m Rosenheimu roku 1967. M\u00edstn\u00ed advok\u00e1tn\u00ed kancel\u00e1\u0159 s v\u00e1\u017een\u00fdm panem advok\u00e1tem se nejd\u0159\u00edve br\u00e1nila cokoliv si p\u0159ipustit, proto\u017ee by to mohlo po\u0161kodit velice dobrou pov\u011bst, ale postupem \u010dasu se u\u017e nic tutlat nedalo, nav\u00edc se lid\u00e9 za\u010dali b\u00e1t chodit do pr\u00e1ce, proto\u017ee nikdo nev\u011bd\u011bl co se vlastn\u011b d\u011bje.<br>V\u0161e za\u010dalo zcela ne\u010dekan\u011b. Telefony za\u010daly zvonit a kdy\u017e se zvedlo sluch\u00e1tko, nikdo na druh\u00e9m konci nebyl. Dalo by se \u0159\u00edct, \u017ee \u0161lo o n\u011bjakou klukovinu, ale d\u011blo se to st\u00e1le. A tak pan advok\u00e1t kontaktoval telefonn\u00ed spole\u010dnost, aby mu pomohla tento probl\u00e9m vy\u0159e\u0161it. \u00dast\u0159edna k n\u011bmu poslala n\u011bkolik mont\u00e9r\u016f, kte\u0159\u00ed \u00fadajn\u011b probl\u00e9m vy\u0159e\u0161ili. Vr\u00e1tili se tedy op\u011bt do kancel\u00e1\u0159e a i kdy\u017e hledali z\u00e1vadu, nic nena\u0161li. Advok\u00e1t po\u017e\u00e1dal o pomoc i telefonn\u00ed \u00fast\u0159ednu, kter\u00e1 k n\u011bmu poslala specialisty. V\u0161e bylo marn\u00e9 a z\u00e1vada se nena\u0161la.<br><br><\/p>\n\n\n\n<div class=\"wp-block-image\"><figure class=\"aligncenter\"><img loading=\"lazy\" width=\"426\" height=\"450\" src=\"https:\/\/nadprirozeno.cz\/wp-content\/uploads\/2019\/09\/RosenheimPoltergeist2.jpg\" alt=\"\" class=\"wp-image-542\" srcset=\"https:\/\/nadprirozeno.cz\/wp-content\/uploads\/2019\/09\/RosenheimPoltergeist2.jpg 426w, https:\/\/nadprirozeno.cz\/wp-content\/uploads\/2019\/09\/RosenheimPoltergeist2-284x300.jpg 284w, https:\/\/nadprirozeno.cz\/wp-content\/uploads\/2019\/09\/RosenheimPoltergeist2-199x210.jpg 199w\" sizes=\"(max-width: 426px) 100vw, 426px\" \/><figcaption>Sigmund Adam<br>advok\u00e1t<br>zdroj Google<\/figcaption><\/figure><\/div>\n\n\n\n<p>Zjistilo se, \u017ee jsou \u010d\u00edsla vyt\u00e1\u010dena z telefon\u016f zam\u011bstnanc\u016f, tedy z pevn\u00fdch linek z kancel\u00e1\u0159\u00ed advok\u00e1tn\u00ed spole\u010dnosti. Zam\u011bstnanci se ale zap\u0159\u00edsahali, \u017ee nevolali. V\u0161e se zhor\u0161ovalo. po\u0161tovn\u00ed \u00fa\u0159ad nechal nainstalovat m\u011b\u0159i\u010d, kter\u00fd uk\u00e1zal neuv\u011b\u0159itelnou rychlost p\u0159i vyt\u00e1\u010den\u00ed n\u011bkter\u00fdch \u010d\u00edsel. T\u0159eba v jeden den se zaznamenalo , \u017ee \u010d\u00edslo 0119 bylo vol\u00e1no b\u011bhem \u010dtvrt hodiny \u0161esta\u010dty\u0159icetkr\u00e1t. K telefon\u016fm, ale po dobu test\u016f nesm\u011bl \u017e\u00e1dn\u00fd zam\u011bstnanec&#8230;..co se tedy d\u011blo?<\/p>\n\n\n\n<div class=\"wp-block-image\"><figure class=\"aligncenter\"><img loading=\"lazy\" width=\"600\" height=\"497\" src=\"https:\/\/nadprirozeno.cz\/wp-content\/uploads\/2019\/09\/rose-tile-600x497.jpg\" alt=\"\" class=\"wp-image-543\" srcset=\"https:\/\/nadprirozeno.cz\/wp-content\/uploads\/2019\/09\/rose-tile-600x497.jpg 600w, https:\/\/nadprirozeno.cz\/wp-content\/uploads\/2019\/09\/rose-tile-600x497-300x249.jpg 300w, https:\/\/nadprirozeno.cz\/wp-content\/uploads\/2019\/09\/rose-tile-600x497-210x174.jpg 210w\" sizes=\"(max-width: 600px) 100vw, 600px\" \/><figcaption>Zdroj Google<\/figcaption><\/figure><\/div>\n\n\n\n<p>Probl\u00e9m nez\u016fstal jen u telefon\u016f, \u010dasem vybuchovaly i \u017e\u00e1rovky nebo jen blikaly, nebo z\u00e1\u0159ivky z ni\u010deho nic vypadly a rozbily se, u kop\u00edrek vyt\u00e9kala v\u00fdvojka,  <br> kancel\u00e1\u0159sk\u00e9 pot\u0159eby se n\u011bkdy z\u010distajasna vrhnou proti zdi. To se d\u011blo t\u0159eba i se z\u00e1suvkami u stolk\u016f&#8230;.prost\u011b se vysunuly a spadly na zem. Obrazy, diplomy na st\u011bn\u011b, jednodu\u0161e popadaly nar\u00e1z na zem, nebo pr\u00fd jen tak rotovaly ve vzduchu.<br>Technici ani fyzici tak\u00e9 nep\u0159i\u0161li na d\u016fvod toho v\u0161eho. Jako posledn\u00ed byl do kancel\u00e1\u0159e p\u0159izv\u00e1n  dr. Hans Bender&#8230;kter\u00fd byl jedn\u00edm z nejuzn\u00e1van\u011bj\u0161\u00edch parapsycholog\u016f z oboru psychiky.<br><br><\/p>\n\n\n\n<div class=\"wp-block-image\"><figure class=\"aligncenter\"><img loading=\"lazy\" width=\"272\" height=\"200\" src=\"https:\/\/nadprirozeno.cz\/wp-content\/uploads\/2019\/09\/2011-05-07.Hans-Bender.jpg\" alt=\"\" class=\"wp-image-544\" srcset=\"https:\/\/nadprirozeno.cz\/wp-content\/uploads\/2019\/09\/2011-05-07.Hans-Bender.jpg 272w, https:\/\/nadprirozeno.cz\/wp-content\/uploads\/2019\/09\/2011-05-07.Hans-Bender-210x154.jpg 210w\" sizes=\"(max-width: 272px) 100vw, 272px\" \/><figcaption>Hans Bender<br>zdroj Google<\/figcaption><\/figure><\/div>\n\n\n\n<p>Bender si p\u0159izval p\u00e1r p\u0159\u00e1tel z oboru a na probl\u00e9m p\u0159i\u0161li t\u00e9m\u011b\u0159 okam\u017eit\u011b. V kancel\u00e1\u0159i \u0159\u00e1dil poltergeist. D\u00e1le si v\u0161imli, \u017ee v\u0161e za\u010dne vrcholit v\u017edycky, kdy\u017e do kancel\u00e1\u0159e p\u0159ijde \u00fa\u0159ednice z advok\u00e1tn\u00ed kancel\u00e1\u0159e- jednadvacetilet\u00e1  Annemarie Schneiderov\u00e1.<br><br><\/p>\n\n\n\n<div class=\"wp-block-image\"><figure class=\"aligncenter\"><img loading=\"lazy\" width=\"513\" height=\"675\" src=\"https:\/\/nadprirozeno.cz\/wp-content\/uploads\/2019\/09\/fenomenos-paranormales-rosenheim.jpg\" alt=\"\" class=\"wp-image-541\" srcset=\"https:\/\/nadprirozeno.cz\/wp-content\/uploads\/2019\/09\/fenomenos-paranormales-rosenheim.jpg 513w, https:\/\/nadprirozeno.cz\/wp-content\/uploads\/2019\/09\/fenomenos-paranormales-rosenheim-228x300.jpg 228w, https:\/\/nadprirozeno.cz\/wp-content\/uploads\/2019\/09\/fenomenos-paranormales-rosenheim-160x210.jpg 160w\" sizes=\"(max-width: 513px) 100vw, 513px\" \/><figcaption> <br>Annemarie Schneiderov\u00e1 <br>zdroj Google<\/figcaption><\/figure><\/div>\n\n\n\n<p>Ta v t\u00e9 dob\u011b sama vychov\u00e1vala malou dcerku a m\u011bla za s sebou ne\u00fasp\u011b\u0161n\u00fd osobn\u00ed \u017eivot. Sta\u010dilo, aby vstoupila do kancel\u00e1\u0159e a za\u010daly se houpat lustry, zhas\u00ednat \u017e\u00e1rovky aj. Pokud sem nep\u0159ijel Bender, tak si toho kupodivu nikdo z jin\u00fdch lid\u00ed nepov\u0161iml.<br>\u00da\u010dty za telefony, opravovan\u00e9 nebo koupen\u00e9 nov\u00e9 spot\u0159ebi\u010de, to v\u0161e st\u00e1lo Sigmunda Adama majitele advok\u00e1tn\u00ed kancel\u00e1\u0159e nemal\u00e9 pen\u00edze. Rozhodne se mladou Annemarii vyhodit z pr\u00e1ce. Od t\u00e9 doby se v\u0161e vr\u00e1tilo do star\u00fdch kolej\u00ed. Jak dopadla ale Annemarie se nev\u00ed, ani zda-li se v\u0161e uklidnilo i u n\u00ed.<br><br><\/p>\n\n\n\n<p><a href=\"https:\/\/www.youtube.com\/watch?v=p1LjrnsH144\">https:\/\/www.youtube.com\/watch?v=p1LjrnsH144<\/a><\/p>\n","protected":false},"excerpt":{"rendered":"<p>Poltergeist z Rosenheimu Tento p\u0159\u00edb\u011bh se odehr\u00e1l v N\u011bmeck\u00e9m Rosenheimu roku 1967. M\u00edstn\u00ed advok\u00e1tn\u00ed kancel\u00e1\u0159 s v\u00e1\u017een\u00fdm panem advok\u00e1tem se nejd\u0159\u00edve br\u00e1nila cokoliv si p\u0159ipustit, proto\u017ee by to mohlo po\u0161kodit velice dobrou pov\u011bst, ale postupem \u010dasu se u\u017e nic tutlat nedalo, nav\u00edc se lid\u00e9 za\u010dali b\u00e1t chodit do pr\u00e1ce, proto\u017ee nikdo nev\u011bd\u011bl co se vlastn\u011b [&hellip;]<\/p>\n","protected":false},"author":1,"featured_media":0,"parent":0,"menu_order":0,"comment_status":"closed","ping_status":"closed","template":"","meta":{"_monsterinsights_skip_tracking":false,"_monsterinsights_sitenote_active":false,"_monsterinsights_sitenote_note":"","_monsterinsights_sitenote_category":0},"_links":{"self":[{"href":"https:\/\/nadprirozeno.cz\/index.php\/wp-json\/wp\/v2\/pages\/538"}],"collection":[{"href":"https:\/\/nadprirozeno.cz\/index.php\/wp-json\/wp\/v2\/pages"}],"about":[{"href":"https:\/\/nadprirozeno.cz\/index.php\/wp-json\/wp\/v2\/types\/page"}],"author":[{"embeddable":true,"href":"https:\/\/nadprirozeno.cz\/index.php\/wp-json\/wp\/v2\/users\/1"}],"replies":[{"embeddable":true,"href":"https:\/\/nadprirozeno.cz\/index.php\/wp-json\/wp\/v2\/comments?post=538"}],"version-history":[{"count":1,"href":"https:\/\/nadprirozeno.cz\/index.php\/wp-json\/wp\/v2\/pages\/538\/revisions"}],"predecessor-version":[{"id":548,"href":"https:\/\/nadprirozeno.cz\/index.php\/wp-json\/wp\/v2\/pages\/538\/revisions\/548"}],"wp:attachment":[{"href":"https:\/\/nadprirozeno.cz\/index.php\/wp-json\/wp\/v2\/media?parent=538"}],"curies":[{"name":"wp","href":"https:\/\/api.w.org\/{rel}","templated":true}]}}