{"id":57,"date":"2019-05-19T13:07:56","date_gmt":"2019-05-19T11:07:56","guid":{"rendered":"http:\/\/nadprirozeno.cz\/?page_id=57"},"modified":"2019-05-19T21:39:30","modified_gmt":"2019-05-19T19:39:30","slug":"duchove-hradu-svojanov","status":"publish","type":"page","link":"https:\/\/nadprirozeno.cz\/index.php\/duchove-hradu-svojanov\/","title":{"rendered":"Duchov\u00e9 hradu Svojanov"},"content":{"rendered":"\n<h1>Duchov\u00e9 hradu Svojanov<\/h1>\n\n\n\n<figure class=\"wp-block-image\"><img loading=\"lazy\" width=\"1024\" height=\"427\" src=\"https:\/\/nadprirozeno.cz\/wp-content\/uploads\/2019\/05\/svojanov-1-1024x427.jpeg\" alt=\"\" class=\"wp-image-61\" srcset=\"https:\/\/nadprirozeno.cz\/wp-content\/uploads\/2019\/05\/svojanov-1-1024x427.jpeg 1024w, https:\/\/nadprirozeno.cz\/wp-content\/uploads\/2019\/05\/svojanov-1-300x125.jpeg 300w, https:\/\/nadprirozeno.cz\/wp-content\/uploads\/2019\/05\/svojanov-1-768x320.jpeg 768w, https:\/\/nadprirozeno.cz\/wp-content\/uploads\/2019\/05\/svojanov-1-210x88.jpeg 210w, https:\/\/nadprirozeno.cz\/wp-content\/uploads\/2019\/05\/svojanov-1.jpeg 1200w\" sizes=\"(max-width: 980px) 100vw, 980px\" \/><figcaption>Zdroj: hradsvojanov.cz<\/figcaption><\/figure>\n\n\n\n<p>M\u011bli jsme tu \u010dest nav\u0161t\u00edvit hrad Svojanov spolu se skupinou EPRV777, kde jsme m\u011bli mo\u017enost vy\u0161et\u0159ovat paranorm\u00e1ln\u00ed jevy, o kter\u00e9 na hrad\u011b opravdu nen\u00ed nouze. V tamn\u00edch zdech bylo za\u017eiva zazd\u011bno mnoho mu\u017e\u016f a \u017een. D\u0159\u00edve toti\u017e existovala pov\u011bra \u017ee pokud za\u017eiva zazd\u00edte statn\u00e9ho mu\u017ee do hradn\u00edho opevn\u011bn\u00ed, jeho \u017eivotn\u00ed s\u00edla bude t\u00edmto p\u0159ed\u00e1na hradu a hrad se stane nedobytn\u00fdm.<br><br>Nebyli zde zazd\u011bni pouze mu\u017ei d\u016fkazem toho je pov\u011bst o zazd\u011bn\u00e9 \u017een\u011b, kter\u00e1 se pozd\u011bji uk\u00e1zala jako hr\u016fzn\u011b pravdiv\u00e1.<br><br><strong>Citace z pov\u011bst\u00ed hradu Svojanov:<\/strong><br><br><strong>Pov\u011bst o zazd\u011bn\u00e9 pan\u00ed Kate\u0159in\u011b<br><\/strong>&#8222;Hertv\u00edk \u017dehu\u0161ick\u00fd z Nestajova se stal majitelem Svojanova a p\u0159ilehl\u00e9ho panstv\u00ed roku 1557. Okol\u00ed se mohlo hlavn\u011b sezn\u00e1mit s jeho krutost\u00ed. Jeho \u017eenu Kate\u0159inu Rabenhauptovou z Lichtenburka zase znali jako velice zbo\u017enou a nap\u0159\u00edklad darovala kostelu v Bystr\u00e9m kalich ze zlata. Ne\u017e si vzala Hertv\u00edka sch\u00e1zela se s kov\u00e1\u0159em z hradu a v tajn\u00fdch sch\u016fzk\u00e1ch pokra\u010dovala i po svatb\u011b. M\u00edstem sch\u016fzky milenc\u016f se stalo p\u0159edev\u0161\u00edm rozcest\u00ed bl\u00edzko hradu ve sm\u011bru na Rohoznou. Za n\u011bjak\u00fd \u010das do\u0161lo k prozrazen\u00ed a Hertv\u00edk zajal oba milence. Kov\u00e1\u0159 skon\u010dil hodn\u011b ne\u0161\u0165astn\u011b \u2013 nejprve mu byly useknuty ob\u011b ruce a n\u00e1sledn\u011b byl probodnut. Tento \u010din p\u0159ipom\u00ednal po dlouhou dobu k\u0159\u00ed\u017e ze d\u0159eva. Ani man\u017eelka Kate\u0159ina nebyla u\u0161et\u0159ena odplaty za nev\u011bru a nechal ji za\u017eiva zazd\u00edt do hradeb hradu. V roce 1805 se skute\u010dn\u011b na\u0161la kostra \u017eeny na m\u00edst\u011b zazd\u011bn\u00ed. Tehdy se prorazila nov\u00e1 br\u00e1na na horn\u00ed n\u00e1dvo\u0159\u00ed. Hertv\u00edk se znovu o\u017eenil a vzal si Bohunku Z\u00e1rubovou z Hust\u00ed\u0159an. Zem\u0159el kr\u00e1tce po jejich s\u0148atku v roce 1578. Na m\u00edst\u011b jeho skonu se osadil p\u00edskovcov\u00fd k\u00e1men a da\u0159ilo se tam divotvorn\u00e9 kloko\u010din\u011b. Pov\u00edd\u00e1 se, \u017ee kdy\u017e hradu nebo jeho majitel\u016fm hrozilo smrteln\u00e9 nebezpe\u010d\u00ed, opotila se a padaly z n\u00ed kapky.&#8220;<br><br><strong>O Karlu Z\u00e1rubovi a pan\u00ed Kate\u0159in\u011b<\/strong><br>Legenda hovo\u0159\u00ed o dob\u011b 1645, kdy byl hrad dob\u00fdv\u00e1n \u0161v\u00e9dsk\u00fdm vojskem. B\u011bhem obrany vnit\u0159n\u00edch hradeb zem\u0159el p\u00e1n Bohuslav Z\u00e1ruba z Hust\u00ed\u0159an. Jeho mlad\u00e1 vdova Kate\u0159ina se synem Hertv\u00edkem se velice rmoutili a\u017e se hradu ujal Bohuslav\u016fv bratr Karel. Ten se \u010dasem za\u010dal dvo\u0159it Kate\u0159in\u011b a m\u011bl s n\u00ed pom\u011br. Mezit\u00edm se v\u0161ak sezn\u00e1mil s bohatou pannou z jednoho ryt\u00ed\u0159sk\u00e9ho rodu a Kate\u0159ina mu za\u010dala p\u0159ek\u00e1\u017eet. V t\u00e9 dob\u011b s n\u00edm \u010dekala d\u00edt\u011b, on ji bez milosti zav\u0159el a zamknul v nejhlub\u0161\u00edm hradn\u00edm sklepen\u00ed a od t\u011bchto \u010das\u016f se ze sklepa oz\u00fdval divn\u00fd n\u00e1\u0159ek a r\u00e1ny. Karel se rozhodl po \u010dase otev\u0159\u00edt sklep a tam na\u0161el c\u00e1ry z roztrhan\u00fdch \u0161at\u016f, kde na zemi le\u017eela mrtv\u00e1 Kate\u0159ina. M\u011bla rozcuchan\u00e9 vlasy a \u0161\u00edlen\u00fd v\u00fdraz ve tv\u00e1\u0159i. Karel se rozhodl k zazd\u011bn\u00ed mrtvoly. Nakonec s\u00e1m ze\u0161\u00edlel, proto\u017ee se mu Kate\u0159ina zjevovala ka\u017edou noc. Bylo nutn\u00e9 ho dokonce svazovat a hl\u00eddat. B\u011bhem denn\u00edho sv\u011btla byl tup\u011b lhostejn\u00fd, b\u011bhem noci dosahovala jeho bl\u00e1znivost vrcholu. Jeho bratr V\u00e1clav Z\u00e1ruba nechal mrtvolu pan\u00ed vyndat ze zd\u00ed a \u0159\u00e1dn\u011b ji poh\u0159b\u00edt. Ale ani to nezabr\u00e1nilo, aby se hradem nepotulovala podivn\u00e1 b\u00edl\u00e1 postava. D\u011bje se tak ob\u010das b\u011bhem noci na hradn\u00edm n\u00e1dvo\u0159\u00ed a tak\u00e9 u vchodu do sklepen\u00ed a\u017e do dne\u0161n\u00edch dn\u016f.<br><br>K t\u00e9to pov\u011bsti se vztahuje n\u00e1sleduj\u00edc\u00ed video se zachycenou komunikac\u00ed v hradn\u00ed \u010dern\u00e9 kuchyni, kter\u00e1 se nach\u00e1z\u00ed p\u0159\u00edmo nad hradn\u00edm \u017eal\u00e1\u0159em, kde byla zazd\u011bna, nebo zam\u010dena Kate\u0159ina spolu s nenarozen\u00fdm potomkem.<br><br>Na na\u0161em n\u00e1sleduj\u00edc\u00edm videu v\u011bnovan\u00e9m skupin\u011b EPRV777 jsme spolu s Jaroslavem Dr\u00e1bkem a Jaroslavem Mare\u0161em (po\u0159ad Tajemno na stream.cz) sv\u011bdky \u00fa\u017easn\u00e9 komunikace.<\/p>\n\n\n\n<figure class=\"wp-block-embed-youtube wp-block-embed is-type-video is-provider-youtube wp-embed-aspect-4-3 wp-has-aspect-ratio\"><div class=\"wp-block-embed__wrapper\">\n<iframe loading=\"lazy\" width=\"980\" height=\"735\" src=\"https:\/\/www.youtube.com\/embed\/ATAWPYw9UVA?feature=oembed\" frameborder=\"0\" allow=\"accelerometer; autoplay; encrypted-media; gyroscope; picture-in-picture\" allowfullscreen><\/iframe>\n<\/div><\/figure>\n\n\n\n<p>-Z\u00e1v\u011brem bychom V\u00e1m cht\u011bli doporu\u010dit n\u00e1v\u0161t\u011bvu tohoto p\u0159ekr\u00e1sn\u00e9ho m\u00edsta s velmi pestrou a \u010d\u00e1ste\u010dn\u011b temnou minulost\u00ed.<br><br>Zde p\u0159ikl\u00e1d\u00e1me je\u0161t\u011b jedno video od Jaroslava Mare\u0161e:<\/p>\n\n\n\n<figure class=\"wp-block-embed-youtube wp-block-embed is-type-video is-provider-youtube wp-embed-aspect-16-9 wp-has-aspect-ratio\"><div class=\"wp-block-embed__wrapper\">\n<iframe loading=\"lazy\" width=\"980\" height=\"551\" src=\"https:\/\/www.youtube.com\/embed\/Cy1ojgjMNVw?feature=oembed\" frameborder=\"0\" allow=\"accelerometer; autoplay; encrypted-media; gyroscope; picture-in-picture\" allowfullscreen><\/iframe>\n<\/div><\/figure>\n\n\n\n<figure class=\"wp-block-embed-youtube wp-block-embed is-type-video is-provider-youtube wp-embed-aspect-16-9 wp-has-aspect-ratio\"><div class=\"wp-block-embed__wrapper\">\n<iframe loading=\"lazy\" width=\"980\" height=\"551\" src=\"https:\/\/www.youtube.com\/embed\/qi1S6ZkjTOE?feature=oembed\" frameborder=\"0\" allow=\"accelerometer; autoplay; encrypted-media; gyroscope; picture-in-picture\" allowfullscreen><\/iframe>\n<\/div><\/figure>\n\n\n\n<p>Na z\u00e1v\u011br pro V\u00e1s m\u00e1me je\u0161t\u011b jednu zaj\u00edmavost z tohoto hradu a to je obraz \u017eeny, kter\u00e1 m\u011bla otev\u0159en\u00e9 o\u010di do roku 2009, kdy je zav\u0159ela.<\/p>\n\n\n\n<ul class=\"wp-container-2 wp-block-gallery-1 wp-block-gallery columns-2 is-cropped\"><li class=\"blocks-gallery-item\"><figure><img loading=\"lazy\" width=\"768\" height=\"431\" src=\"https:\/\/nadprirozeno.cz\/wp-content\/uploads\/2019\/05\/starenka-otevrene.jpg\" alt=\"\" data-id=\"98\" data-link=\"https:\/\/nadprirozeno.cz\/index.php\/duchove-hradu-svojanov\/starenka-otevrene\/\" class=\"wp-image-98\" srcset=\"https:\/\/nadprirozeno.cz\/wp-content\/uploads\/2019\/05\/starenka-otevrene.jpg 768w, https:\/\/nadprirozeno.cz\/wp-content\/uploads\/2019\/05\/starenka-otevrene-300x168.jpg 300w, https:\/\/nadprirozeno.cz\/wp-content\/uploads\/2019\/05\/starenka-otevrene-210x118.jpg 210w\" sizes=\"(max-width: 768px) 100vw, 768px\" \/><\/figure><\/li><li class=\"blocks-gallery-item\"><figure><img loading=\"lazy\" width=\"1024\" height=\"682\" src=\"https:\/\/nadprirozeno.cz\/wp-content\/uploads\/2019\/05\/starenka-zavrene-1024x682.jpg\" alt=\"\" data-id=\"99\" data-link=\"https:\/\/nadprirozeno.cz\/index.php\/duchove-hradu-svojanov\/starenka-zavrene\/\" class=\"wp-image-99\" srcset=\"https:\/\/nadprirozeno.cz\/wp-content\/uploads\/2019\/05\/starenka-zavrene-1024x682.jpg 1024w, https:\/\/nadprirozeno.cz\/wp-content\/uploads\/2019\/05\/starenka-zavrene-300x200.jpg 300w, https:\/\/nadprirozeno.cz\/wp-content\/uploads\/2019\/05\/starenka-zavrene-768x511.jpg 768w, https:\/\/nadprirozeno.cz\/wp-content\/uploads\/2019\/05\/starenka-zavrene-210x140.jpg 210w, https:\/\/nadprirozeno.cz\/wp-content\/uploads\/2019\/05\/starenka-zavrene.jpg 1200w\" sizes=\"(max-width: 980px) 100vw, 980px\" \/><\/figure><\/li><\/ul>\n","protected":false},"excerpt":{"rendered":"<p>Duchov\u00e9 hradu Svojanov M\u011bli jsme tu \u010dest nav\u0161t\u00edvit hrad Svojanov spolu se skupinou EPRV777, kde jsme m\u011bli mo\u017enost vy\u0161et\u0159ovat paranorm\u00e1ln\u00ed jevy, o kter\u00e9 na hrad\u011b opravdu nen\u00ed nouze. V tamn\u00edch zdech bylo za\u017eiva zazd\u011bno mnoho mu\u017e\u016f a \u017een. D\u0159\u00edve toti\u017e existovala pov\u011bra \u017ee pokud za\u017eiva zazd\u00edte statn\u00e9ho mu\u017ee do hradn\u00edho opevn\u011bn\u00ed, jeho \u017eivotn\u00ed s\u00edla bude [&hellip;]<\/p>\n","protected":false},"author":1,"featured_media":0,"parent":0,"menu_order":0,"comment_status":"closed","ping_status":"closed","template":"","meta":{"_monsterinsights_skip_tracking":false,"_monsterinsights_sitenote_active":false,"_monsterinsights_sitenote_note":"","_monsterinsights_sitenote_category":0},"_links":{"self":[{"href":"https:\/\/nadprirozeno.cz\/index.php\/wp-json\/wp\/v2\/pages\/57"}],"collection":[{"href":"https:\/\/nadprirozeno.cz\/index.php\/wp-json\/wp\/v2\/pages"}],"about":[{"href":"https:\/\/nadprirozeno.cz\/index.php\/wp-json\/wp\/v2\/types\/page"}],"author":[{"embeddable":true,"href":"https:\/\/nadprirozeno.cz\/index.php\/wp-json\/wp\/v2\/users\/1"}],"replies":[{"embeddable":true,"href":"https:\/\/nadprirozeno.cz\/index.php\/wp-json\/wp\/v2\/comments?post=57"}],"version-history":[{"count":10,"href":"https:\/\/nadprirozeno.cz\/index.php\/wp-json\/wp\/v2\/pages\/57\/revisions"}],"predecessor-version":[{"id":102,"href":"https:\/\/nadprirozeno.cz\/index.php\/wp-json\/wp\/v2\/pages\/57\/revisions\/102"}],"wp:attachment":[{"href":"https:\/\/nadprirozeno.cz\/index.php\/wp-json\/wp\/v2\/media?parent=57"}],"curies":[{"name":"wp","href":"https:\/\/api.w.org\/{rel}","templated":true}]}}