{"id":572,"date":"2019-11-16T16:17:14","date_gmt":"2019-11-16T15:17:14","guid":{"rendered":"http:\/\/nadprirozeno.cz\/?page_id=572"},"modified":"2019-11-16T16:17:14","modified_gmt":"2019-11-16T15:17:14","slug":"stigmata","status":"publish","type":"page","link":"https:\/\/nadprirozeno.cz\/index.php\/stigmata\/","title":{"rendered":"Stigmata"},"content":{"rendered":"\n<h1>Stigmata<\/h1>\n\n\n\n<p>Stigma&#8230;.co to vlastn\u011b je? opravdu to jsou projevy n\u00e1klonnosti k Je\u017e\u00ed\u0161ovi? Pro\u010d se tedy mohou projevit i u \u010dlov\u011bka nev\u011b\u0159\u00edc\u00edho? Nebo si je \u010dlov\u011bk dok\u00e1\u017ee zp\u016fsobit silou v\u016fle a podv\u011bdom\u00ed?<br><br>Stigmata, jsou krv\u00e1cej\u00edc\u00ed r\u00e1ny na t\u011ble v m\u00edstech, kde byl uk\u0159i\u017eov\u00e1n Je\u017e\u00ed\u0161 Kristus.<br>Tento jev je br\u00e1n a posuzov\u00e1n jako ,,z\u00e1zra\u010dn\u00fd jev&#8220;. P\u011bt ran Kristov\u00fdch- jedn\u00e1 se o d\u00edry v dlan\u00edch a na noh\u00e1ch po h\u0159ebech p\u0159i uk\u0159i\u017eov\u00e1n\u00ed Je\u017e\u00ed\u0161e a na boku od tzv. svat\u00e9ho kop\u00ed. N\u011bkdy se objevuj\u00ed i na hlav\u011b od trnov\u00e9 koruny, kterou m\u011bl Je\u017e\u00ed\u0161 b\u011bhem pa\u0161ij\u00ed.<br><br><\/p>\n\n\n\n<div class=\"wp-block-image\"><figure class=\"aligncenter\"><img loading=\"lazy\" width=\"866\" height=\"1024\" src=\"https:\/\/nadprirozeno.cz\/wp-content\/uploads\/2019\/11\/GRS06348-866x1024.jpg\" alt=\"\" class=\"wp-image-573\" srcset=\"https:\/\/nadprirozeno.cz\/wp-content\/uploads\/2019\/11\/GRS06348-866x1024.jpg 866w, https:\/\/nadprirozeno.cz\/wp-content\/uploads\/2019\/11\/GRS06348-254x300.jpg 254w, https:\/\/nadprirozeno.cz\/wp-content\/uploads\/2019\/11\/GRS06348-768x908.jpg 768w, https:\/\/nadprirozeno.cz\/wp-content\/uploads\/2019\/11\/GRS06348-178x210.jpg 178w, https:\/\/nadprirozeno.cz\/wp-content\/uploads\/2019\/11\/GRS06348-1536x1816.jpg 1536w, https:\/\/nadprirozeno.cz\/wp-content\/uploads\/2019\/11\/GRS06348-1960x2318.jpg 1960w\" sizes=\"(max-width: 866px) 100vw, 866px\" \/><figcaption>Franti\u0161ek z Assisi<br>zdroj Google<\/figcaption><\/figure><\/div>\n\n\n\n<p>Mezi nejzn\u00e1m\u011bj\u0161\u00ed nositele stigmat pat\u0159\u00ed svat\u00fd Franti\u0161ek z Assisi. U n\u011bj se ,,krv\u00e1cej\u00edc\u00ed r\u00e1ny za\u010daly objevovat 17.9.1224 a to na ho\u0159e La Verna. Za dva roky potom zem\u0159el a to ve v\u011bku 42 let. Stigmata se tedy u n\u011bj projevila a\u017e na sklonku \u017eivota. Jeho hrob je dote\u010f nejuzn\u00e1van\u011bj\u0161\u00edm a  nejnav\u0161t\u011bvovan\u011bj\u0161\u00edm poutn\u00edm m\u00edstem.<br>Ve st\u0159edov\u011bku se stigmata projevovaly v\u00edce jak v dne\u0161n\u00ed dob\u011b. Mezi zn\u00e1m\u011bj\u0161\u00ed lidi pat\u0159\u00ed t\u0159eba Kate\u0159ina z Ricci, Gertruda z Oosten, Lukardis z Oberweimaru.<br><br>Z dne\u0161n\u00ed doby zn\u00e1me kup\u0159\u00edkladu p\u00e1ter Pia, u kter\u00e9ho se stigmata objevila u\u017e v mlad\u00e9m v\u011bku a po duchovn\u00edm z\u00e1\u017eitku.<br><\/p>\n\n\n\n<div class=\"wp-block-image\"><figure class=\"aligncenter\"><img loading=\"lazy\" width=\"320\" height=\"400\" src=\"https:\/\/nadprirozeno.cz\/wp-content\/uploads\/2019\/11\/saint_padre_pio.jpg\" alt=\"\" class=\"wp-image-574\" srcset=\"https:\/\/nadprirozeno.cz\/wp-content\/uploads\/2019\/11\/saint_padre_pio.jpg 320w, https:\/\/nadprirozeno.cz\/wp-content\/uploads\/2019\/11\/saint_padre_pio-240x300.jpg 240w, https:\/\/nadprirozeno.cz\/wp-content\/uploads\/2019\/11\/saint_padre_pio-168x210.jpg 168w\" sizes=\"(max-width: 320px) 100vw, 320px\" \/><figcaption>p\u00e1ter Pia<br>zdroj Google<\/figcaption><\/figure><\/div>\n\n\n\n<p>Dal\u0161\u00edm \u010dlov\u011bkem, kter\u00fd m\u00e1 stigmata je bezpochyby Catalina Rivas \u017eij\u00edc\u00ed v Bol\u00edvii. Stigmata m\u00e1 jen jednou do roka a to na velk\u00fd p\u00e1tek<\/p>\n\n\n\n<figure class=\"wp-block-embed-youtube wp-block-embed is-type-video is-provider-youtube wp-embed-aspect-16-9 wp-has-aspect-ratio\"><div class=\"wp-block-embed__wrapper\">\n<iframe loading=\"lazy\" width=\"980\" height=\"551\" src=\"https:\/\/www.youtube.com\/embed\/OO-YF3v3OmU?feature=oembed\" frameborder=\"0\" allow=\"accelerometer; autoplay; encrypted-media; gyroscope; picture-in-picture\" allowfullscreen><\/iframe>\n<\/div><\/figure>\n\n\n\n<p>Skeptici projev\u016fm stigmat nev\u011b\u0159\u00ed a mezi n\u011b se p\u0159ikl\u00e1n\u011bj\u00ed tak\u00e9 l\u00e9ka\u0159i. Lidsk\u00e9 t\u011blo um\u00ed hodn\u011b v\u011bc\u00ed. Podv\u011bdom\u011b si m\u016f\u017eeme stigmata p\u0159ivodit i my. Z\u00e1le\u017e\u00ed na s\u00edle podv\u011bdom\u00ed. To ale neznamen\u00e1, \u017ee by stigmata opravdu nemohla b\u00fdt obrazem Kristov\u00fdch ran a jeho utrpen\u00ed. Ka\u017ed\u00fd si ud\u011bl\u00e1 ur\u010dit\u011b obr\u00e1zek sv\u016fj.<\/p>\n\n\n\n<p>O stigmatech byl nato\u010den i <a href=\"https:\/\/felixtv.cz\/watch\/stigmata.html\">n\u00e1sleduj\u00edc\u00ed film<\/a>.<\/p>\n","protected":false},"excerpt":{"rendered":"<p>Stigmata Stigma&#8230;.co to vlastn\u011b je? opravdu to jsou projevy n\u00e1klonnosti k Je\u017e\u00ed\u0161ovi? Pro\u010d se tedy mohou projevit i u \u010dlov\u011bka nev\u011b\u0159\u00edc\u00edho? Nebo si je \u010dlov\u011bk dok\u00e1\u017ee zp\u016fsobit silou v\u016fle a podv\u011bdom\u00ed? Stigmata, jsou krv\u00e1cej\u00edc\u00ed r\u00e1ny na t\u011ble v m\u00edstech, kde byl uk\u0159i\u017eov\u00e1n Je\u017e\u00ed\u0161 Kristus.Tento jev je br\u00e1n a posuzov\u00e1n jako ,,z\u00e1zra\u010dn\u00fd jev&#8220;. P\u011bt ran Kristov\u00fdch- [&hellip;]<\/p>\n","protected":false},"author":1,"featured_media":0,"parent":0,"menu_order":0,"comment_status":"closed","ping_status":"closed","template":"","meta":{"_monsterinsights_skip_tracking":false,"_monsterinsights_sitenote_active":false,"_monsterinsights_sitenote_note":"","_monsterinsights_sitenote_category":0},"_links":{"self":[{"href":"https:\/\/nadprirozeno.cz\/index.php\/wp-json\/wp\/v2\/pages\/572"}],"collection":[{"href":"https:\/\/nadprirozeno.cz\/index.php\/wp-json\/wp\/v2\/pages"}],"about":[{"href":"https:\/\/nadprirozeno.cz\/index.php\/wp-json\/wp\/v2\/types\/page"}],"author":[{"embeddable":true,"href":"https:\/\/nadprirozeno.cz\/index.php\/wp-json\/wp\/v2\/users\/1"}],"replies":[{"embeddable":true,"href":"https:\/\/nadprirozeno.cz\/index.php\/wp-json\/wp\/v2\/comments?post=572"}],"version-history":[{"count":1,"href":"https:\/\/nadprirozeno.cz\/index.php\/wp-json\/wp\/v2\/pages\/572\/revisions"}],"predecessor-version":[{"id":575,"href":"https:\/\/nadprirozeno.cz\/index.php\/wp-json\/wp\/v2\/pages\/572\/revisions\/575"}],"wp:attachment":[{"href":"https:\/\/nadprirozeno.cz\/index.php\/wp-json\/wp\/v2\/media?parent=572"}],"curies":[{"name":"wp","href":"https:\/\/api.w.org\/{rel}","templated":true}]}}