{"id":580,"date":"2019-11-23T17:03:56","date_gmt":"2019-11-23T16:03:56","guid":{"rendered":"http:\/\/nadprirozeno.cz\/?page_id=580"},"modified":"2019-11-24T13:23:40","modified_gmt":"2019-11-24T12:23:40","slug":"proklete-predmety","status":"publish","type":"page","link":"https:\/\/nadprirozeno.cz\/index.php\/proklete-predmety\/","title":{"rendered":"Proklet\u00e9 p\u0159edm\u011bty"},"content":{"rendered":"\n<h1>Proklet\u00e9 p\u0159edm\u011bty<\/h1>\n\n\n\n<p>Po cel\u00e1 stalet\u00ed se objevuj\u00ed na cel\u00e9 na\u0161\u00ed planet\u011b r\u016fzn\u00e9 p\u0159edm\u011bty, kter\u00e9 jsou proklet\u00e9.<br>Sta\u010d\u00ed je m\u00edt doma, nebo se n\u011bkter\u00fdch jen dotknout a o mal\u00e9r m\u00e1te postar\u00e1no.<br>Kdy\u017e se lidem dlouhodob\u011b neda\u0159\u00ed, ihned si za\u010dnou myslet, \u017ee jsou n\u011bk\u00fdm proklet\u00fd, ale ono m\u016f\u017ee j\u00edt i o karmu, nebo nedo\u0159e\u0161en\u00e9 v\u011bci z minul\u00fdch \u017eivot\u016f.<br>Jedno pravidlo, jak poznat, \u017ee jste proklety je: v\u00edte o n\u00ed&#8230;a dokonce v\u00edte i kdo kletbu proti V\u00e1m vyslal.<br>Kletbu k sob\u011b toti\u017e mus\u00edte pustit, aby jste byli proklet\u00ed, tak\u017ee v\u00edte o \u010dlov\u011bku, kter\u00fd ji vy\u0159kne. <br>Kletba byla p\u0159ijata v \u010dase, kdy byla \u0159e\u010dena, tak\u017ee vyvolan\u00e9 emoce jsou vstupn\u00ed branou pro kletbu. Pokud poc\u00edt\u00edte strach a p\u0159em\u00fd\u0161l\u00edte o tom, tak kletbu vy\u017eivujete a ona vzr\u016fst\u00e1 na intenzit\u011b.<br>Dal\u0161\u00ed je &#8222;rodov\u00e1 kletba&#8220; o kter\u00e9 se op\u011bt v\u00ed. Ta je nav\u00edc hodn\u011b pos\u00edlena p\u0159edky, kter\u00fd o n\u00ed v\u00ed a zbavit se takto siln\u00e9 kletby je opravdu t\u011b\u017ek\u00e9 a nen\u00ed odstran\u011bna ihned.<br><br>St\u00e1v\u00e1 se kletba \u010dasem \u017eij\u00edc\u00ed bytost\u00ed? D\u00e1 se \u0159\u00edci, \u017ee ano. U\u017e d\u0159\u00edve jsme si psali, \u017ee s\u00edla my\u0161lenky je opravdu mocn\u00e1 a pokud je neust\u00e1le posilov\u00e1na, tak se m\u016f\u017ee zhmotnit a tud\u00ed\u017e vyplnit. \u010casem se z n\u00ed stane samostatn\u011b mysl\u00edc\u00ed astr\u00e1ln\u00ed bytost. Je schopna samostatn\u00e9 a nez\u00e1visl\u00e9 existence? Ne tato astr\u00e1ln\u00ed bytost pot\u0159ebuje k &#8222;\u017eivotu Va\u0161\u00ed energii, na kter\u00e9 je z\u00e1visl\u00e1. Kletba, kter\u00e1 je dlouhodob\u011b pos\u00edlena natolik, \u017ee se z n\u00ed stala \u017eij\u00edc\u00ed astr\u00e1ln\u00ed bytost, m\u00e1 siln\u00fd pud sebez\u00e1chovy. Uv\u011bdomuje si, \u017ee pokud nebude m\u00edt t\u00e9to energie p\u0159\u00edsun , tak zmiz\u00ed. Proto bude d\u011blat v\u0161e, aby my\u0161lenky na n\u00ed z\u016fst\u00e1valy \u017eiv\u00e9.<br>Podobn\u011b je tomu i s proklet\u00fdmi p\u0159edm\u011bty \u010di m\u00edsty.<br><\/p>\n\n\n\n<p><strong>Mezi nejzn\u00e1m\u011bj\u0161\u00ed p\u0159edm\u011bty pat\u0159\u00ed:<\/strong><br><br>Panenka Annabelle:<br>V roce 1970 j\u00ed dostane studentka zdravotnick\u00e9 koly Donna od sv\u00e9 maminky. Hadrovou panenku, kter\u00e1 nevypad\u00e1 v\u016fbec hr\u016fzostra\u0161n\u011b si vezme s sebou na kolej, kde pokoj sd\u00edl\u00ed s kamar\u00e1dkou Angie. Panenka za\u010dne m\u011bnit m\u00edsta, jakoby se sama p\u0159esouvala, d\u00edvky i s p\u0159\u00edtelem maj\u00ed no\u010dn\u00ed m\u016fry, kdy se je ve snu Annabelle sna\u017e\u00ed u\u0161krtit. Jednoho dne j\u00ed najdou s rukama do \u010dervena zbarven\u00fdmi, jakoby je m\u011bla od krve. P\u0159ivolan\u00fd senzibil jim \u0159ekne, \u017ee panenku ob\u00fdv\u00e1 duch zavra\u017ed\u011bn\u00e9 hol\u010di\u010dky Annabelle Higgins, kter\u00e1 zem\u0159ela na p\u016fd\u011b , na kter\u00e9 dnes stoj\u00ed \u0161kola. \u0158ekne studentk\u00e1m, \u017ee panenka nen\u00ed zl\u00e1, jen tou\u017e\u00ed po spole\u010dnosti. Tak\u017ee se studentky rozhodnou, \u017ee si j\u00ed nechaj\u00ed. V tu chvilku se ale Annabell za\u010dne chovat opravdu stra\u0161ideln\u011b. D\u011bv\u010data ji vlastn\u011b nev\u011bdomky povolily se tak chovat, t\u00edm, \u017ee se rozhodly si j\u00ed ponechat. P\u0159ib\u00fdv\u00e1 \u00fatok\u016f a stra\u0161en\u00ed na studentky. Ty se rozhodnou na pomoc p\u0159ivolat experty man\u017eele Warrenovi. Ti poznaj\u00ed, \u017ee Annabelle pou\u017e\u00edv\u00e1 k odl\u00e1k\u00e1n\u00ed pozornosti zl\u00fd duch, kter\u00fd hled\u00e1 lidsk\u00e9ho hostitele. Panenku si berou a p\u0159ev\u00e1\u017eej\u00ed k sob\u011b dom\u016f, kde maj\u00ed vytvo\u0159en\u00e9 tzv. muzeum pro takov\u00e9to p\u0159edm\u011bty. P\u0159i p\u0159eprav\u011b se m\u00e1lem n\u011bkolikr\u00e1t vybouraj\u00ed.<\/p>\n\n\n\n<figure class=\"wp-block-image\"><img loading=\"lazy\" width=\"600\" height=\"530\" src=\"https:\/\/nadprirozeno.cz\/wp-content\/uploads\/2019\/11\/rlabl.jpg\" alt=\"\" class=\"wp-image-588\" srcset=\"https:\/\/nadprirozeno.cz\/wp-content\/uploads\/2019\/11\/rlabl.jpg 600w, https:\/\/nadprirozeno.cz\/wp-content\/uploads\/2019\/11\/rlabl-300x265.jpg 300w, https:\/\/nadprirozeno.cz\/wp-content\/uploads\/2019\/11\/rlabl-210x186.jpg 210w\" sizes=\"(max-width: 600px) 100vw, 600px\" \/><figcaption>zdroj Google<br><\/figcaption><\/figure>\n\n\n\n<p>Proklet\u00ed modr\u00e9ho diamantu Nad\u011bje:<br>Tento \u0161perk \u010dasem zabije ka\u017ed\u00e9ho, kdo ho nos\u00ed, nebo mu pat\u0159\u00ed. Jsou o n\u011bm zn\u00e1m\u00e9 dv\u011b legendy, kter\u00e1 je prav\u00e1 se ji\u017e nev\u00ed. Ani zda byl \u0161perk poctiv\u011b koupen, nebo ukraden. <br>Jedna z legend prav\u00ed , \u017ee Tavernier k\u00e1men odkoupil hned jak se vyt\u011b\u017eil v dolu Kollur v indick\u00e9m kr\u00e1lovstv\u00ed Golkonda. Pozd\u011bji ho prodal samotn\u00e9mu Ludv\u00edkovi XIV. Ludv\u00edk zem\u0159e na nemoc zvanou gangr\u00e9na. Ani jeho potomci to nemaj\u00ed jednoduch\u00e9 a m\u00e1lokter\u00fd se do\u017eije dosp\u011blosti. Diamant \u010dasem zabije mnoho lid\u00ed, kte\u0159\u00ed si ho mohou dovolit koupit a vlastn\u00ed ho. Kletbu m\u016f\u017ee \u00fadajn\u011b p\u0159eru\u0161it nezi\u0161tn\u00e9 darov\u00e1n\u00ed. Drahokam byl v roce 1958 p\u0159ed\u00e1m  americk\u00e9mu Smithsonovu institutu a je prozat\u00edm klid.<\/p>\n\n\n\n<div class=\"wp-block-image\"><figure class=\"aligncenter\"><img loading=\"lazy\" width=\"470\" height=\"296\" src=\"https:\/\/nadprirozeno.cz\/wp-content\/uploads\/2019\/11\/764598-img-import-v0.jpg\" alt=\"\" class=\"wp-image-589\" srcset=\"https:\/\/nadprirozeno.cz\/wp-content\/uploads\/2019\/11\/764598-img-import-v0.jpg 470w, https:\/\/nadprirozeno.cz\/wp-content\/uploads\/2019\/11\/764598-img-import-v0-300x189.jpg 300w, https:\/\/nadprirozeno.cz\/wp-content\/uploads\/2019\/11\/764598-img-import-v0-210x132.jpg 210w\" sizes=\"(max-width: 470px) 100vw, 470px\" \/><figcaption>zdroj Google<br><\/figcaption><\/figure><\/div>\n\n\n\n<p>D\u00e1le zde m\u00e1me dva zn\u00e1m\u00e9 obrazy&#8220;pla\u010d\u00edc\u00edho chlapce a obraz malovan\u00fd krv\u00ed&#8220;:<br>Pla\u010d\u00edc\u00ed chlapec: jeho majitel\u00e9 doma prod\u011blali divn\u00e9 \u00farazy t\u011bla, sly\u0161eli \u010dasto plakat d\u00edt\u011b, v\u0161e nakonec skon\u010dilo vyho\u0159en\u00edm domu a to u v\u011bt\u0161iny majitel\u016f. Obrazu se nic nestalo, v\u017edy byl n\u011b\u010d\u00edm chr\u00e1n\u011bn. Zjistilo se, \u017ee malba je pokryt\u00e1 neho\u0159lavou vrstvou.<br>V dne\u0161n\u00ed dob\u011b se obraz prod\u00e1v\u00e1 v kopi\u00edch. Nev\u00edm, kdo by takov\u00fd obraz doma cht\u011bl, nep\u016fsob\u00ed v\u016fbec optimisticky.<br>Obraz malovan\u00fd krv\u00ed:Babi\u010dka Seana Robinsona m\u011bla tuto olejovou malbu 25 let na p\u016fd\u011b. Za ten \u010das se u n\u00ed doma hojn\u011b projevovaly paranorm\u00e1ln\u00ed jevy. Vid\u011bla \u010dern\u00e9 postavy, sl\u00fdch\u00e1vala pl\u00e1\u010d i r\u016fzn\u00e9 zvuky. Mal\u00ed\u0159 do oleje \u00fadajn\u011b p\u0159idal svou krev. Pozd\u011bji sp\u00e1chal sebevra\u017edu. O tom, \u017ee je obraz proklet\u00fd se p\u0159esv\u011bd\u010dil pozd\u011bji i Sean, kter\u00fd obraz po sv\u00e9 babi\u010dce zd\u011bdit. Nedal si ho do bytu, ale nechal ho zabalen\u00fd ve sklep\u011b.<br>Od t\u00e9 doby, co se stala malba sou\u010d\u00e1st\u00ed jejich domova, se u nich tak\u00e9 za\u010daly d\u00edt paranorm\u00e1ln\u00ed jevy. Naprosto stejn\u00e9 jako d\u0159\u00edve u jeho babi\u010dky.<\/p>\n\n\n\n<div class=\"wp-block-image\"><figure class=\"aligncenter\"><img loading=\"lazy\" width=\"300\" height=\"168\" src=\"https:\/\/nadprirozeno.cz\/wp-content\/uploads\/2019\/11\/sta\u017een\u00fd-soubor-2.jpg\" alt=\"\" class=\"wp-image-590\" srcset=\"https:\/\/nadprirozeno.cz\/wp-content\/uploads\/2019\/11\/sta\u017een\u00fd-soubor-2.jpg 300w, https:\/\/nadprirozeno.cz\/wp-content\/uploads\/2019\/11\/sta\u017een\u00fd-soubor-2-210x118.jpg 210w\" sizes=\"(max-width: 300px) 100vw, 300px\" \/><figcaption>zdroj Google<\/figcaption><\/figure><\/div>\n\n\n\n<p>\u017didle Thomase Busbyho:<br>V m\u00edstn\u00edm muzeu anglick\u00e9ho m\u011bste\u010dka Thrisk naleznete prokletou \u017eidli Tomase Busbylo. Je p\u0159id\u011blan\u00e1 ke zdi u stropu, aby si na n\u00ed u\u017e nikdy nikdo nemohl sednout.<br>Jak to v\u0161echno vzniklo? Daniel Awety cht\u011bl b\u00fdt bohat\u00fd a \u00fasp\u011b\u0161n\u00fd. Jako mlad\u00fd mu\u017e, za\u010dal tedy tisknout pen\u00edze. Nejd\u0159\u00edve po tro\u0161k\u00e1ch, ale pozd\u011bji ve velk\u00e9m.<br>Pozd\u011bji se o\u017eenil a m\u011bl dceru Al\u017eb\u011btu. Ta si v dosp\u011blosti vzala za man\u017eela Busbyho, m\u00edstn\u00edho opilce a v\u00fdtr\u017en\u00edka, kter\u00fd nem\u011bl daleko k r\u00e1n\u011b. Awety si myslel, \u017ee pokud ho vezme k sob\u011b, odhal\u00ed mu sv\u00e9 tajemstv\u00ed \u00fasp\u011bchu, mohl by se mlad\u00edk srovnat a \u017e\u00edt kone\u010dn\u011b s jeho dcerou v klidu a m\u00edru.<br>Bohu\u017eel se jedn\u00e9 noci  roku 1702 oba mu\u017ei dostali do sporu. D\u016fvod h\u00e1dky nebyl zn\u00e1m, ale jedno je jasn\u00e9&#8230;..Busby t\u00e9 noci sv\u00e9ho tch\u00e1na ubil kladivem.<br>Podle pov\u011bsti \u00fadajn\u011b Busby t\u011bsn\u011b p\u0159ed popravou pronesl tato slova. &#8222;ten kdo se v hospod\u011b posad\u00ed na mou \u017eidli, tak zem\u0159e!&#8220;. Ze za\u010d\u00e1tku tomu nikdo nev\u011b\u0159il, ale \u010dasem se za\u010dali lid\u00e9 opravdu b\u00e1t, proto\u017ee se kletba za\u010dala vypl\u0148ovat.<br>Posledn\u00ed ob\u011bt\u00ed \u017eidle byl proj\u00ed\u017ed\u011bj\u00edc\u00ed motorista v roce 1978. Kr\u00e1tce po odjezdu sjel do p\u0159\u00edkopu a na m\u00edst\u011b byl mrtev. Od t\u00e9 doby je \u017eidle v muzeu a p\u0159ipevn\u011bn\u00e1 hodn\u011b vysoko, aby si u\u017e nemohla vz\u00edt dal\u0161\u00ed lidsk\u00fd \u017eivot.<\/p>\n\n\n\n<div class=\"wp-block-image\"><figure class=\"aligncenter\"><img loading=\"lazy\" width=\"600\" height=\"400\" src=\"https:\/\/nadprirozeno.cz\/wp-content\/uploads\/2019\/11\/6920938-600x400.jpg\" alt=\"\" class=\"wp-image-591\" srcset=\"https:\/\/nadprirozeno.cz\/wp-content\/uploads\/2019\/11\/6920938-600x400.jpg 600w, https:\/\/nadprirozeno.cz\/wp-content\/uploads\/2019\/11\/6920938-600x400-300x200.jpg 300w, https:\/\/nadprirozeno.cz\/wp-content\/uploads\/2019\/11\/6920938-600x400-210x140.jpg 210w\" sizes=\"(max-width: 600px) 100vw, 600px\" \/><figcaption>zdroj Google<\/figcaption><\/figure><\/div>\n\n\n\n<p>Proklet\u00e1 v\u00e1za Basano:<br>O p\u016fvodu t\u00e9to v\u00e1zy se moc nev\u00ed, ale m\u011bla p\u0159in\u00e9st \u0161t\u011bst\u00ed mlad\u00e9 nev\u011bst\u011b, kter\u00e1 ji dostala jako svatebn\u00edm darem. Nev\u011bsta ale um\u00edr\u00e1 je\u0161t\u011b o svatebn\u00ed noci sv\u00edraj\u00edc v rukou tuto st\u0159\u00edbrnou v\u00e1zu. Jej\u00ed man\u017eel ji sly\u0161el pron\u00e9st nesmysln\u00e9 slova&#8230;..jako, \u017ee se vr\u00e1t\u00ed aby se pomstila.<br>N\u011bkolik \u010dlen\u016f z jej\u00ed rodiny se stali majitel\u00e9 v\u00e1zy i kdy\u017e byli varov\u00e1ni. V\u0161ichni zem\u0159eli v okam\u017eiku, kdy jim v\u00e1za pat\u0159ila. V\u00e1za se pot\u00e9 dala do krabice a spousty let si na n\u00ed nikdo nevzpomn\u011bl. Roku 1887 se op\u011bt vyno\u0159ila na povrch. Rodina, kter\u00e1 ji na\u0161la, otev\u0159ela krabici. V n\u00ed byl slo\u017een kus pap\u00edrku se vzkazem&#8220; dejte si pozor, tato v\u00e1za nos\u00ed smrt&#8220;. N\u00e1lezci se jen zasm\u011bj\u00ed a ut\u00edkaj\u00ed s v\u00e1zou na burzu, kde j\u00ed hodlaj\u00ed zpen\u011b\u017eit. V\u00e1zu kupuje m\u00edstn\u00ed l\u00e9k\u00e1rn\u00edk, kter\u00fd za necel\u00e9 t\u0159i m\u011bs\u00edce um\u00edr\u00e1 ve v\u011bku 37 let, p\u0159esto\u017ee byl naprosto zdrav\u00ed. V\u00e1za byla prod\u00e1na je\u0161t\u011b n\u011bkolikr\u00e1t a v\u0161ichni jej\u00ed majitel\u00e9 um\u00edraj\u00ed. \u0158\u00edk\u00e1 se, \u017ee v\u00e1za byla ulo\u017eena do olov\u011bn\u00e9 bedny a zakop\u00e1na na jednom h\u0159bitov\u011b. Pr\u00fd u\u017e se nikdy nenajde&#8230;kdo v\u00ed?!<\/p>\n\n\n\n<div class=\"wp-block-image\"><figure class=\"aligncenter\"><img loading=\"lazy\" width=\"600\" height=\"300\" src=\"https:\/\/nadprirozeno.cz\/wp-content\/uploads\/2019\/11\/v\u00e1za.jpg\" alt=\"\" class=\"wp-image-592\" srcset=\"https:\/\/nadprirozeno.cz\/wp-content\/uploads\/2019\/11\/v\u00e1za.jpg 600w, https:\/\/nadprirozeno.cz\/wp-content\/uploads\/2019\/11\/v\u00e1za-300x150.jpg 300w, https:\/\/nadprirozeno.cz\/wp-content\/uploads\/2019\/11\/v\u00e1za-210x105.jpg 210w\" sizes=\"(max-width: 600px) 100vw, 600px\" \/><figcaption>zdroj Google<\/figcaption><\/figure><\/div>\n\n\n\n<figure class=\"wp-block-embed-youtube wp-block-embed is-type-video is-provider-youtube wp-embed-aspect-16-9 wp-has-aspect-ratio\"><div class=\"wp-block-embed__wrapper\">\n<iframe loading=\"lazy\" width=\"980\" height=\"551\" src=\"https:\/\/www.youtube.com\/embed\/5e8CpbkS4O8?feature=oembed\" frameborder=\"0\" allow=\"accelerometer; autoplay; encrypted-media; gyroscope; picture-in-picture\" allowfullscreen><\/iframe>\n<\/div><\/figure>\n\n\n\n<p>Zak Bagans otev\u0159el muzeum v Las Vegas, kde tyto proklet\u00e9 p\u0159edm\u011bty shroma\u017e\u010fuje.<\/p>\n","protected":false},"excerpt":{"rendered":"<p>Proklet\u00e9 p\u0159edm\u011bty Po cel\u00e1 stalet\u00ed se objevuj\u00ed na cel\u00e9 na\u0161\u00ed planet\u011b r\u016fzn\u00e9 p\u0159edm\u011bty, kter\u00e9 jsou proklet\u00e9.Sta\u010d\u00ed je m\u00edt doma, nebo se n\u011bkter\u00fdch jen dotknout a o mal\u00e9r m\u00e1te postar\u00e1no.Kdy\u017e se lidem dlouhodob\u011b neda\u0159\u00ed, ihned si za\u010dnou myslet, \u017ee jsou n\u011bk\u00fdm proklet\u00fd, ale ono m\u016f\u017ee j\u00edt i o karmu, nebo nedo\u0159e\u0161en\u00e9 v\u011bci z minul\u00fdch \u017eivot\u016f.Jedno pravidlo, [&hellip;]<\/p>\n","protected":false},"author":1,"featured_media":0,"parent":0,"menu_order":0,"comment_status":"closed","ping_status":"closed","template":"","meta":{"_monsterinsights_skip_tracking":false,"_monsterinsights_sitenote_active":false,"_monsterinsights_sitenote_note":"","_monsterinsights_sitenote_category":0},"_links":{"self":[{"href":"https:\/\/nadprirozeno.cz\/index.php\/wp-json\/wp\/v2\/pages\/580"}],"collection":[{"href":"https:\/\/nadprirozeno.cz\/index.php\/wp-json\/wp\/v2\/pages"}],"about":[{"href":"https:\/\/nadprirozeno.cz\/index.php\/wp-json\/wp\/v2\/types\/page"}],"author":[{"embeddable":true,"href":"https:\/\/nadprirozeno.cz\/index.php\/wp-json\/wp\/v2\/users\/1"}],"replies":[{"embeddable":true,"href":"https:\/\/nadprirozeno.cz\/index.php\/wp-json\/wp\/v2\/comments?post=580"}],"version-history":[{"count":4,"href":"https:\/\/nadprirozeno.cz\/index.php\/wp-json\/wp\/v2\/pages\/580\/revisions"}],"predecessor-version":[{"id":594,"href":"https:\/\/nadprirozeno.cz\/index.php\/wp-json\/wp\/v2\/pages\/580\/revisions\/594"}],"wp:attachment":[{"href":"https:\/\/nadprirozeno.cz\/index.php\/wp-json\/wp\/v2\/media?parent=580"}],"curies":[{"name":"wp","href":"https:\/\/api.w.org\/{rel}","templated":true}]}}