{"id":612,"date":"2019-12-05T18:30:12","date_gmt":"2019-12-05T17:30:12","guid":{"rendered":"http:\/\/nadprirozeno.cz\/?page_id=612"},"modified":"2019-12-05T18:30:12","modified_gmt":"2019-12-05T17:30:12","slug":"pripad-u-pani-petry","status":"publish","type":"page","link":"https:\/\/nadprirozeno.cz\/index.php\/pripad-u-pani-petry\/","title":{"rendered":"P\u0159\u00edpad u pan\u00ed Petry"},"content":{"rendered":"\n<h1>P\u0159\u00edpad u pan\u00ed Petry<\/h1>\n\n\n\n<p>Je\u0161t\u011b ne\u017e pop\u00ed\u0161eme tento p\u0159\u00edpad, tak mus\u00edm \u0159\u00edct, \u017ee tato rodina n\u00e1s p\u0159ijala t\u00e9m\u011b\u0159 jako vlastn\u00ed \ud83d\ude42 .<br>Ob\u010das se nesetk\u00e1v\u00e1me s tak kladn\u00fdm p\u0159\u00edstupem a \u00factou cel\u00e9 rodiny, jako pr\u00e1v\u011b u nich. St\u00e1v\u00e1 se, \u017ee ne zrovna v\u0161ichni \u010dlenov\u00e9 rodiny, kter\u00fdm jdeme pomoci v\u011b\u0159\u00ed na paranorm\u00e1ln\u00ed jevy. Samoz\u0159ejm\u011b, \u017ee je to norm\u00e1ln\u00ed a nikoho nep\u0159esv\u011bd\u010dujeme v opak, jen to nen\u00ed zrovna p\u0159\u00edjemn\u00e9 a m\u016f\u017ee to ovlivnit na\u0161e v\u00fdsledky a d\u00e9lku o\u010disty.<br><br>Pan\u00ed Petra, man\u017eel Martin a syn Roman:<br><br>Petra n\u00e1s kontaktovala po p\u0159e\u010dten\u00ed \u010dl\u00e1nku na P\u0159\u00edbram.cz. U\u017e del\u0161\u00ed dobu se rodina pot\u00fdkala s probl\u00e9my, kter\u00e9 se vyskytovaly hlavn\u011b kolem pan\u00ed Petry.<br>Petra u\u017e od mali\u010dka vid\u011bla st\u00edny, c\u00edtila p\u0159\u00edtomnost entit, jen nev\u011bd\u011bla pro\u010d tomu tak je.<br>Dostala se do stavu, kdy nebyla schopn\u00e1 usnout. Sly\u0161ela kroky po cel\u00e9m dom\u011b, neust\u00e1le jim praskaly \u017e\u00e1rovky a v\u0161ichni \u010dlenov\u00e9 zaznamenaly v\u00fdskyt n\u00e1hl\u00e9ho ochlazen\u00ed a mrazen\u00ed na t\u011ble. Nikdo nev\u011bd\u011bl co d\u011blat, u\u017e d\u0159\u00edve jim n\u011bjak\u00e1 \u017eena na d\u00e1lku pomohla odv\u00e9st du\u0161e, ale te\u010f po dvou letech se to za\u010dalo opakovat.<br>Nav\u00edc u nich vznikaly i h\u00e1dky, Petra se sv\u011b\u0159ila i man\u017eelovi, \u017ee je v dom\u011b hodn\u011b negace. I kdy\u017e se sna\u017eili v\u0161e \u0159e\u0161it v klidu, poka\u017ed\u00e9 to skon\u010dilo v\u00fdbuchem jednoho z nich. Petra \u0159\u00edkala, \u017ee v dom\u011b jsou du\u0161e, \u017ee j\u00ed berou energii a utla\u010duj\u00ed ji. Pokud to \u010dlov\u011bk nepozn\u00e1 na vlastn\u00ed k\u016f\u017ei, tak se tomu t\u011b\u017eko uv\u011b\u0159\u00ed&#8230;.nen\u00ed tedy divu, \u017ee byl man\u017eel ze za\u010d\u00e1tku skeptick\u00fd. \u010casem, ale i on za\u010dal v\u00eddat \u010dern\u00e9 st\u00edny.<br><br>Co se t\u00fdk\u00e1 historie domu:<br>Domek se nach\u00e1z\u00ed nedaleko P\u0159\u00edbrami, \u017eila tam man\u017eelova rodina, d\u016fm dostal od nich. P\u016fvodn\u011b byli spojen\u00e9 t\u0159i domy v jeden. Je docela mo\u017en\u00e9 podle energie vystupuj\u00edc\u00ed z pod domu, \u017ee tam mohlo b\u00fdt poh\u0159ebi\u0161t\u011b, kter\u00e9 se p\u0159esunulo, nebo n\u011bkdo za v\u00e1lky zakop\u00e1n.<br>Ve vedlej\u0161\u00edm dom\u011b je na p\u016fd\u011b urna po b\u00fdval\u00e9m majiteli. A na sv\u00e9 p\u016fd\u011b Martin na\u0161el starou \u0161avli, kterou tam n\u011bkdo zanechal.<br><br>Domluvil se den na\u0161\u00ed n\u00e1v\u0161t\u011bvy a my jsme vyrazili. Jak u\u017e jsme psali, p\u0159iv\u00edtali n\u00e1s naprosto \u00fa\u017easn\u011b. Domek, je velice kr\u00e1sn\u011b vybaven a je z n\u011bj c\u00edtit harmonie a klid &#8230; a\u017e na ty nev\u00edtan\u00e9 hosty.<br>Probrali jsme v\u0161e pot\u0159ebn\u00e9 a s man\u017eeli pro\u0161li ka\u017edou m\u00edstnost, abychom se sezn\u00e1mili s prost\u0159ed\u00edm a nac\u00edtili se.<br>Nejv\u011bt\u0161\u00ed aktivita byla v m\u00edstnosti vedle kuchyn\u011b a ve sklep\u011b. V\u011bt\u0161inou prvn\u00ed n\u00e1v\u0161t\u011bvu jen hled\u00e1me &#8222;jehlu v kupce sena&#8220;, d\u011bl\u00e1me nahr\u00e1vky, aby jsme v\u011bd\u011bli s \u010d\u00edm m\u00e1me tu \u010dest.<br>Tentokr\u00e1t jsme ud\u011blali v\u00fdjimku a odvedli to, co odej\u00edt cht\u011blo. Dal\u0161\u00ed n\u00e1v\u0161t\u011bva, ale byla p\u0159edem domluven\u00e1. Pan\u00ed Petra se dozv\u011bd\u011bla to, co u\u017e podv\u011bdom\u011b d\u00e1vno v\u011bd\u011bla. M\u00e1 dar vid\u011bt a naslouchat a \u017ee s n\u00ed tento dar z\u016fstane. Tak\u017ee dal\u0161\u00edm krokem bylo, vysv\u011btlit jak sebe a svou rodinu chr\u00e1nit, alespo\u0148 v z\u00e1kladn\u00edch mez\u00edch. Nau\u010dit se ochrann\u00e9 \u0161t\u00edty atd.<br><br>Petra si st\u011b\u017eovala na nespavost a proto za\u010dala u\u017e\u00edvat pr\u00e1\u0161ky na span\u00ed a v\u0161e se t\u00edmto je\u0161t\u011b zhor\u0161ilo. Po na\u0161\u00ed prvn\u00ed n\u00e1v\u0161t\u011bv\u011b jsme, kde jsme odvedli v\u0161e, co cht\u011blo dobrovoln\u011b odej\u00edt u\u017e m\u016f\u017ee Petra sp\u00e1t, i kdy\u017e to zcela nevymizelo. Hned prvn\u00ed ve\u010der se domem ozvala siln\u00e1 r\u00e1na, kter\u00e1 se nevysv\u011btlila a nikoho nevyd\u011bsila. Entity te\u010f za\u010daly &#8222;kopat&#8220; kolem sebe. Zam\u011b\u0159ili svou pozornost na zbyl\u00e9 \u010dleny rodiny. Man\u017eela Martina a syna Romana.<br>Roman po dobu t\u00fddne, kdy\u017e p\u0159i\u0161el ze \u0161koly byl tak vy\u010derpan\u00fd, \u017ee si lehl a spal do ve\u010dera. Ve\u010der se najedl, n\u011bco nau\u010dil a zase ulehl do postele. Entity mu braly energii, aby se mohly za\u010d\u00edt projevovat.<br>V koupeln\u011b se na zrcadle za\u010dal objevovat n\u00e1znak k\u0159\u00ed\u017ee, kter\u00fd vznikl z p\u00e1ry po ka\u017ed\u00e9m  sprchov\u00e1n\u00ed. Nepomohlo ani vy\u010di\u0161t\u011bn\u00ed zrcadla. V\u0161echny je to vyd\u011bsilo, ale nejv\u00edc n\u00e1s pot\u011b\u0161ila bojovnost pan\u00ed Petry, kter\u00e1 \u00fapln\u011b obr\u00e1tila sv\u016fj postoj a chce bojovat za d\u016fm, do kter\u00e9ho dala l\u00e1sku a velkou \u010d\u00e1st sebe.<br><br>Druh\u00e1 n\u00e1v\u0161t\u011bva: <br>Po t\u00fddnu jsme p\u0159ijeli na druhou n\u00e1v\u0161t\u011bvu. Op\u011bt n\u00e1s p\u0159iv\u00edtali mil\u00e9 obli\u010deje a bylo vid\u011bt, \u017ee v\u0161ichni od posledn\u011b byli mnohem v lep\u0161\u00ed n\u00e1lad\u011b. Po v\u00fdborn\u00e9m \u010daji, jsme za\u010dali od sklepa. Pou\u017eili jsme vyku\u0159ovac\u00ed sm\u011bsi, kter\u00e9 m\u011bly entity oslabit, aby nekladly tolik odpor p\u0159i odv\u00e1d\u011bn\u00ed. Ne v\u0161e toti\u017e cht\u011blo odej\u00edt. Brali jsme m\u00edstnost po m\u00edstnosti a n\u011bkter\u00e9 dvakr\u00e1t. Pavel odv\u00e1d\u011bl a j\u00e1 jsem ho udr\u017eovala p\u0159ed \u00fatoky ve sv\u011btle. Na jedn\u00e9 stran\u011b od sousedova domu, odkud p\u0159ich\u00e1zela chladn\u00e1 a negativn\u00ed energie, jsem vytvo\u0159ila ochrann\u00fd \u0161t\u00edt, aby nepronikala do domu. <br><br>Po\u0159\u00e1dn\u011b jsme se zapotili. Tato \u010dinnost vy\u017eaduje perfektn\u00ed soust\u0159ed\u011bn\u00ed a p\u0159i sebemen\u0161\u00edm zakol\u00eds\u00e1n\u00ed mysli se m\u016f\u017ee za\u010d\u00edt znova a znova&#8230;..<br><br>Na doporu\u010den\u00ed si rodina koupila na Svat\u00e9 ho\u0159e Benedikt\u00fdnsk\u00fd k\u0159\u00ed\u017eek s vsazenou pe\u010det\u00ed svat\u00e9ho Benedikta, kter\u00fd je tou nejv\u011bt\u0161\u00ed ochranou, kter\u00e1 m\u016f\u017ee b\u00fdt voln\u011b dostupn\u00e1 a nos\u00ed jej.<br><\/p>\n\n\n\n<figure class=\"wp-block-image\"><img loading=\"lazy\" width=\"800\" height=\"530\" src=\"https:\/\/nadprirozeno.cz\/wp-content\/uploads\/2019\/12\/413.jpg\" alt=\"\" class=\"wp-image-614\" srcset=\"https:\/\/nadprirozeno.cz\/wp-content\/uploads\/2019\/12\/413.jpg 800w, https:\/\/nadprirozeno.cz\/wp-content\/uploads\/2019\/12\/413-300x199.jpg 300w, https:\/\/nadprirozeno.cz\/wp-content\/uploads\/2019\/12\/413-768x509.jpg 768w, https:\/\/nadprirozeno.cz\/wp-content\/uploads\/2019\/12\/413-210x139.jpg 210w\" sizes=\"(max-width: 800px) 100vw, 800px\" \/><figcaption>zdroj Google<br><br><\/figcaption><\/figure>\n\n\n\n<p>Mysl\u00edme si, \u017ee u\u017e to tato rodina zvl\u00e1dne sama, pokud ne, tak ji op\u011bt r\u00e1di uvid\u00edme&#8230;..a\u0165 u\u017e p\u0159i odv\u00e1d\u011bn\u00ed du\u0161\u00ed, nebo i n\u011bkde na kaf\u00ed\u010dku \ud83d\ude42<br><br>Lenka a Pavel<\/p>\n","protected":false},"excerpt":{"rendered":"<p>P\u0159\u00edpad u pan\u00ed Petry Je\u0161t\u011b ne\u017e pop\u00ed\u0161eme tento p\u0159\u00edpad, tak mus\u00edm \u0159\u00edct, \u017ee tato rodina n\u00e1s p\u0159ijala t\u00e9m\u011b\u0159 jako vlastn\u00ed \ud83d\ude42 .Ob\u010das se nesetk\u00e1v\u00e1me s tak kladn\u00fdm p\u0159\u00edstupem a \u00factou cel\u00e9 rodiny, jako pr\u00e1v\u011b u nich. St\u00e1v\u00e1 se, \u017ee ne zrovna v\u0161ichni \u010dlenov\u00e9 rodiny, kter\u00fdm jdeme pomoci v\u011b\u0159\u00ed na paranorm\u00e1ln\u00ed jevy. Samoz\u0159ejm\u011b, \u017ee je to [&hellip;]<\/p>\n","protected":false},"author":1,"featured_media":0,"parent":0,"menu_order":0,"comment_status":"closed","ping_status":"closed","template":"","meta":{"_monsterinsights_skip_tracking":false,"_monsterinsights_sitenote_active":false,"_monsterinsights_sitenote_note":"","_monsterinsights_sitenote_category":0},"_links":{"self":[{"href":"https:\/\/nadprirozeno.cz\/index.php\/wp-json\/wp\/v2\/pages\/612"}],"collection":[{"href":"https:\/\/nadprirozeno.cz\/index.php\/wp-json\/wp\/v2\/pages"}],"about":[{"href":"https:\/\/nadprirozeno.cz\/index.php\/wp-json\/wp\/v2\/types\/page"}],"author":[{"embeddable":true,"href":"https:\/\/nadprirozeno.cz\/index.php\/wp-json\/wp\/v2\/users\/1"}],"replies":[{"embeddable":true,"href":"https:\/\/nadprirozeno.cz\/index.php\/wp-json\/wp\/v2\/comments?post=612"}],"version-history":[{"count":3,"href":"https:\/\/nadprirozeno.cz\/index.php\/wp-json\/wp\/v2\/pages\/612\/revisions"}],"predecessor-version":[{"id":616,"href":"https:\/\/nadprirozeno.cz\/index.php\/wp-json\/wp\/v2\/pages\/612\/revisions\/616"}],"wp:attachment":[{"href":"https:\/\/nadprirozeno.cz\/index.php\/wp-json\/wp\/v2\/media?parent=612"}],"curies":[{"name":"wp","href":"https:\/\/api.w.org\/{rel}","templated":true}]}}