{"id":625,"date":"2019-12-31T13:01:28","date_gmt":"2019-12-31T12:01:28","guid":{"rendered":"http:\/\/nadprirozeno.cz\/?page_id=625"},"modified":"2019-12-31T13:01:28","modified_gmt":"2019-12-31T12:01:28","slug":"evp-demonicke-entity","status":"publish","type":"page","link":"https:\/\/nadprirozeno.cz\/index.php\/evp-demonicke-entity\/","title":{"rendered":"EVP d\u00e9monick\u00e9 entity"},"content":{"rendered":"\n<h1>EVP d\u00e9monick\u00e9 entity<\/h1>\n\n\n\n<p>Za v\u0161e se plat\u00ed. Zn\u00ed to v dne\u0161n\u00ed dob\u011b jako kli\u0161\u00e9, ale bohu\u017eel je to tak. Dokonce i za dobrotu se plat\u00ed. Pokud se zab\u00fdv\u00e1te pomoc\u00ed druh\u00fdm od temn\u00fdch entit, stanete se d\u0159\u00edve \u010di pozd\u011bji tak\u00e9 ter\u010dem jejich \u00fatok\u016f. Mus\u00edte se nau\u010dit jak s d\u00e9mony bojovat i na vlastn\u00ed p\u016fd\u011b p\u0159\u00edmo u V\u00e1s doma. <\/p>\n\n\n\n<p>V n\u00e1sleduj\u00edc\u00edm videu (zvukov\u00e9m z\u00e1znamu) m\u00e1te ochutn\u00e1vku toho, s \u010d\u00edm ob\u010das bojujeme u n\u00e1s doma. <strong>Video nen\u00ed ur\u010deno slab\u0161\u00edm povah\u00e1m a m\u016f\u017ee ve v\u00e1s vyvolat neklid, nebo dokonce panick\u00e9 stavy.<\/strong><\/p>\n\n\n\n<figure class=\"wp-block-embed-youtube wp-block-embed is-type-video is-provider-youtube wp-embed-aspect-16-9 wp-has-aspect-ratio\"><div class=\"wp-block-embed__wrapper\">\n<iframe loading=\"lazy\" width=\"980\" height=\"551\" src=\"https:\/\/www.youtube.com\/embed\/vN64aejFBTU?feature=oembed\" frameborder=\"0\" allow=\"accelerometer; autoplay; encrypted-media; gyroscope; picture-in-picture\" allowfullscreen><\/iframe>\n<\/div><\/figure>\n\n\n\n<p>Kdybychom ov\u0161em nepo\u010d\u00edtali s d\u00e9monick\u00fdmi \u00fatoky p\u0159\u00edmo na n\u00e1s, nemohli bychom tuto slu\u017ebu vykon\u00e1vat. Zkr\u00e1tka jsme si zvolili svou cestu a po n\u00ed kr\u00e1\u010d\u00edme se v\u0161\u00edm co p\u0159in\u00e1\u0161\u00ed.<\/p>\n","protected":false},"excerpt":{"rendered":"<p>EVP d\u00e9monick\u00e9 entity Za v\u0161e se plat\u00ed. Zn\u00ed to v dne\u0161n\u00ed dob\u011b jako kli\u0161\u00e9, ale bohu\u017eel je to tak. Dokonce i za dobrotu se plat\u00ed. Pokud se zab\u00fdv\u00e1te pomoc\u00ed druh\u00fdm od temn\u00fdch entit, stanete se d\u0159\u00edve \u010di pozd\u011bji tak\u00e9 ter\u010dem jejich \u00fatok\u016f. Mus\u00edte se nau\u010dit jak s d\u00e9mony bojovat i na vlastn\u00ed p\u016fd\u011b p\u0159\u00edmo u [&hellip;]<\/p>\n","protected":false},"author":1,"featured_media":0,"parent":0,"menu_order":0,"comment_status":"closed","ping_status":"closed","template":"","meta":{"_monsterinsights_skip_tracking":false,"_monsterinsights_sitenote_active":false,"_monsterinsights_sitenote_note":"","_monsterinsights_sitenote_category":0},"_links":{"self":[{"href":"https:\/\/nadprirozeno.cz\/index.php\/wp-json\/wp\/v2\/pages\/625"}],"collection":[{"href":"https:\/\/nadprirozeno.cz\/index.php\/wp-json\/wp\/v2\/pages"}],"about":[{"href":"https:\/\/nadprirozeno.cz\/index.php\/wp-json\/wp\/v2\/types\/page"}],"author":[{"embeddable":true,"href":"https:\/\/nadprirozeno.cz\/index.php\/wp-json\/wp\/v2\/users\/1"}],"replies":[{"embeddable":true,"href":"https:\/\/nadprirozeno.cz\/index.php\/wp-json\/wp\/v2\/comments?post=625"}],"version-history":[{"count":1,"href":"https:\/\/nadprirozeno.cz\/index.php\/wp-json\/wp\/v2\/pages\/625\/revisions"}],"predecessor-version":[{"id":626,"href":"https:\/\/nadprirozeno.cz\/index.php\/wp-json\/wp\/v2\/pages\/625\/revisions\/626"}],"wp:attachment":[{"href":"https:\/\/nadprirozeno.cz\/index.php\/wp-json\/wp\/v2\/media?parent=625"}],"curies":[{"name":"wp","href":"https:\/\/api.w.org\/{rel}","templated":true}]}}