{"id":644,"date":"2020-01-05T17:19:37","date_gmt":"2020-01-05T16:19:37","guid":{"rendered":"http:\/\/nadprirozeno.cz\/?page_id=644"},"modified":"2020-01-05T17:19:37","modified_gmt":"2020-01-05T16:19:37","slug":"astralni-cestovani","status":"publish","type":"page","link":"https:\/\/nadprirozeno.cz\/index.php\/astralni-cestovani\/","title":{"rendered":"Astr\u00e1ln\u00ed cestov\u00e1n\u00ed"},"content":{"rendered":"\n<h1>Astr\u00e1ln\u00ed cestov\u00e1n\u00ed<\/h1>\n\n\n\n<p>Astr\u00e1ln\u00ed cestov\u00e1n\u00ed je stav t\u011bla a mysli, kter\u00fd dovoluje na\u0161emu v\u011bdom\u00ed opustit na\u0161\u00ed fyzickou schr\u00e1nku a vycestovat mimo na\u0161\u00ed realitu.<\/p>\n\n\n\n<div class=\"wp-block-image\"><figure class=\"aligncenter\"><img loading=\"lazy\" width=\"1024\" height=\"576\" src=\"https:\/\/nadprirozeno.cz\/wp-content\/uploads\/2020\/01\/rt9pi4cbnij5aisnraqn-1024x576.jpg\" alt=\"\" class=\"wp-image-648\" srcset=\"https:\/\/nadprirozeno.cz\/wp-content\/uploads\/2020\/01\/rt9pi4cbnij5aisnraqn.jpg 1024w, https:\/\/nadprirozeno.cz\/wp-content\/uploads\/2020\/01\/rt9pi4cbnij5aisnraqn-300x169.jpg 300w, https:\/\/nadprirozeno.cz\/wp-content\/uploads\/2020\/01\/rt9pi4cbnij5aisnraqn-768x432.jpg 768w, https:\/\/nadprirozeno.cz\/wp-content\/uploads\/2020\/01\/rt9pi4cbnij5aisnraqn-210x118.jpg 210w\" sizes=\"(max-width: 980px) 100vw, 980px\" \/><\/figure><\/div>\n\n\n\n<p>U\u017e d\u00e1vn\u00ed \u0161amani, kouzeln\u00edci a v\u011bdmy vyu\u017e\u00edvali t\u00e9to schopnosti ke komunikaci s velk\u00fdmi duchy, jin\u00fdmi realitami a sv\u011btem mrtv\u00fdch. Ov\u0161em jako ka\u017ed\u00e9 zahr\u00e1v\u00e1n\u00ed si s jin\u00fdmi realitami a sv\u011btem mrtv\u00fdch m\u00e1 i tato praktika sv\u00e1 \u00faskal\u00ed, omezen\u00ed a pravidla.<\/p>\n\n\n\n<p>Pokud se pokou\u0161\u00edte o astr\u00e1ln\u00ed cestov\u00e1n\u00ed, tak je d\u016fle\u017eit\u00e9 b\u00fdt v astr\u00e1ln\u011b klidn\u00e9m a \u010dist\u00e9m prost\u0159ed\u00ed. Toto je velmi d\u016fle\u017eit\u00e9, proto\u017ee i kdy\u017e se va\u0161emu t\u011blu nem\u016f\u017ee nic st\u00e1t, tak va\u0161e du\u0161e a psychika m\u016f\u017ee utrp\u011bt zna\u010dn\u00fd \u0161ok a po\u0161kozen\u00ed.<\/p>\n\n\n\n<p>Mnoho lid\u00ed \u0159\u00edk\u00e1, \u017ee astr\u00e1ln\u00ed cestov\u00e1n\u00ed je naprosto bezpe\u010dn\u00e9 a nic se v\u00e1m nem\u016f\u017ee p\u0159i tomto stavu p\u0159ihodit. Toto je ov\u0161em velk\u00fd omyl pramen\u00edc\u00ed pouze z toho, \u017ee p\u0159i sv\u00fdch astr\u00e1ln\u00edch v\u00fdprav\u00e1ch se je\u0161t\u011b nesetkali s temn\u00fdmi bytostmi, kter\u00e9 mohou zp\u016fsobit zna\u010dn\u00e9 komplikace v podob\u011b p\u0159ivt\u011blen\u00fdch du\u0161\u00ed a na\u0161ept\u00e1va\u010d\u016f, kte\u0159\u00ed se budou cht\u00edt zmocnit va\u0161eho fyzick\u00e9ho t\u011bla a nakonec i va\u0161\u00ed du\u0161e.<\/p>\n\n\n\n<div class=\"wp-block-image\"><figure class=\"aligncenter\"><img loading=\"lazy\" width=\"480\" height=\"360\" src=\"https:\/\/nadprirozeno.cz\/wp-content\/uploads\/2020\/01\/hqdefault.jpg\" alt=\"\" class=\"wp-image-649\" srcset=\"https:\/\/nadprirozeno.cz\/wp-content\/uploads\/2020\/01\/hqdefault.jpg 480w, https:\/\/nadprirozeno.cz\/wp-content\/uploads\/2020\/01\/hqdefault-300x225.jpg 300w, https:\/\/nadprirozeno.cz\/wp-content\/uploads\/2020\/01\/hqdefault-210x158.jpg 210w\" sizes=\"(max-width: 480px) 100vw, 480px\" \/><\/figure><\/div>\n\n\n\n<p>Pokud jste si jist\u00ed, \u017ee jste v klidn\u00e9m a pohodov\u00e9m prost\u0159ed\u00ed a i p\u0159es ve\u0161ker\u00e1 rizika se rozhodnete vyzkou\u0161et sv\u016fj astr\u00e1ln\u00ed v\u00fdlet, tak na internetu naleznete spoustu &#8222;zaru\u010den\u00fdch&#8220; n\u00e1vod\u016f jak tohoto stavu dos\u00e1hnout.<\/p>\n\n\n\n<p>Pravdou je ov\u0161em to, \u017ee \u017e\u00e1dn\u00fd zaru\u010den\u00fd a spolehliv\u00fd n\u00e1vod neexistuje. Zaru\u010den\u00fd je pouze stav, do jak\u00e9ho se mus\u00edte dostat. Pokud chcete vystoupit ze sv\u00e9ho t\u011bla, je nutn\u00e9 aby va\u0161e t\u011blo v klidu spalo, ale p\u0159itom va\u0161e mysl z\u016fstala v bd\u011bl\u00e9m stavu. Mus\u00edte se oprostit od sv\u00e9ho fyzick\u00e9ho t\u011bla tak, \u017ee nevn\u00edm\u00e1te \u017e\u00e1dn\u00e9 fyzick\u00e9 projevy sv\u00e9ho t\u011bla a nevn\u00edm\u00e1te ani sv\u016fj vlastn\u00ed dech. Jin\u00fdmi slovy t\u011blo spokojen\u011b sp\u00ed a vy m\u016f\u017eete vklidu opustit sv\u00e9 fyzick\u00e9 t\u011blo. <\/p>\n\n\n\n<p>Ov\u0161em abyste si nemysleli \u017ee u\u017e te\u010f m\u00e1te vyhr\u00e1no, nen\u00ed to tak jednoduch\u00e9. Pokud se pokus\u00edte opustit sv\u00e9 t\u011blo, je to skoro jako byste byli zabaleni ve f\u00f3lii, kterou mus\u00edte protrhnout a vyklubat se na sv\u011bt.<\/p>\n\n\n\n<p>Pokud se V\u00e1m toto povede, dal\u0161\u00ed v\u011bc na kterou si budete muset zvyknout, je ta, \u017ee jako energetick\u00e9 t\u011blo nem\u00e1te \u017e\u00e1dn\u00e9 o\u010di, u\u0161i, nos a ani hmat. Zkr\u00e1tka m\u00e1te pouze v\u00e1\u0161 vnit\u0159n\u00ed zrak, kter\u00fdm vn\u00edm\u00e1te v\u0161e co je okolo v\u00e1s. Vn\u00edm\u00e1te najednou to, co je pod, nad, vp\u0159edu, vzadu, vlevo i vpravo. Aby toho nebylo m\u00e1lo, tak krom\u011b v\u0161ech sv\u011btov\u00fdch stran vn\u00edm\u00e1te i r\u016fzn\u00e9 \u010dasov\u00e9 otisky v\u011bc\u00ed minul\u00fdch. M\u016f\u017eete &#8222;vid\u011bt&#8220; nap\u0159\u00edklad dve\u0159e, kter\u00e9 nikam nevedou, nebo t\u0159eba strom, kter\u00fd roste uprost\u0159ed m\u00edstnosti a pror\u016fst\u00e1 stropem (jako se to nap\u0159\u00edklad stalo mn\u011b). Pozd\u011bji jsem zjistil, \u017ee tyto dve\u0159e zde st\u00e1ly v minulosti a \u017ee pozd\u011bji byly zazd\u011bny. Zkr\u00e1tka nevn\u00edm\u00e1te \u010das tak, jak jste zvykl\u00ed.<\/p>\n\n\n\n<div class=\"wp-block-image\"><figure class=\"aligncenter\"><img loading=\"lazy\" width=\"512\" height=\"384\" src=\"https:\/\/nadprirozeno.cz\/wp-content\/uploads\/2020\/01\/bfd07ca8d289f8feb2f6c48eda9d5c289f7eb18d_00.jpg\" alt=\"\" class=\"wp-image-650\" srcset=\"https:\/\/nadprirozeno.cz\/wp-content\/uploads\/2020\/01\/bfd07ca8d289f8feb2f6c48eda9d5c289f7eb18d_00.jpg 512w, https:\/\/nadprirozeno.cz\/wp-content\/uploads\/2020\/01\/bfd07ca8d289f8feb2f6c48eda9d5c289f7eb18d_00-300x225.jpg 300w, https:\/\/nadprirozeno.cz\/wp-content\/uploads\/2020\/01\/bfd07ca8d289f8feb2f6c48eda9d5c289f7eb18d_00-210x158.jpg 210w\" sizes=\"(max-width: 512px) 100vw, 512px\" \/><\/figure><\/div>\n\n\n\n<p>V astr\u00e1ln\u00edm sv\u011bt\u011b m\u016f\u017eete potkat krom\u011b toho negativn\u00edho i spoustu pozitivn\u00edch bytost\u00ed a komunikovat s dal\u0161\u00edmi lidmi, kte\u0159\u00ed astr\u00e1ln\u011b cestuj\u00ed. M\u016f\u017eete nav\u0161t\u00edvit m\u00edsta, kter\u00e1 jsou kilometry daleko. Nikdy v\u0161ak nem\u00e1te jistotu, \u017ee vid\u00edte tato m\u00edsta v sou\u010dasnosti, ale m\u016f\u017ee se v\u00e1m prol\u00ednat s minulost\u00ed a jej\u00edmi astr\u00e1ln\u00edmi otisky. Nikdy v\u0161ak v astr\u00e1ln\u00ed rovin\u011b neuvid\u00edte budoucnost. Nelze tud\u00ed\u017e takto p\u0159edv\u00eddat co se stane. Budoucnost v\u00e1m i nad\u00e1le z\u016fstane zast\u0159ena z\u00e1vojem tajemstv\u00ed. V astr\u00e1ln\u00ed rovin\u011b se m\u016f\u017eete setkat i se sv\u00fdm &#8222;and\u011blem str\u00e1\u017en\u00fdm&#8220; a promlouvat s n\u00edm o dosavadn\u00edm \u017eivot\u011b.<\/p>\n\n\n\n<p>Mo\u017en\u00e1 v tomto budete lep\u0161\u00ed ne\u017e j\u00e1, ale m\u011b se povedlo vystoupit ze sv\u00e9ho t\u011bla p\u0159ibli\u017en\u011b po 3-let\u00e9m tr\u00e9ninku. Nebo nap\u0159\u00edklad p\u0159i m\u00e9 dal\u0161\u00ed cest\u011b, kdy\u017e u\u017e jsem vystupoval ze sv\u00e9ho t\u011bla, na m\u011b n\u011bkdo z astr\u00e1ln\u00ed roviny zak\u0159i\u010del hlubok\u00fdm a p\u0159\u00edsn\u00fdm hlasem &#8222;co to d\u011bl\u00e1\u0161!&#8220;. V tomto okam\u017eiku byla m\u00e1 astr\u00e1ln\u00ed cesta u konce. Po procitnut\u00ed jsem vid\u011bl jak hrne\u010dek postaven\u00fd tak 2 metry ode mne se s\u00e1m rozjel po stoje a rozbil se o zem.<\/p>\n\n\n\n<p>Z\u00e1v\u011brem bych r\u00e1d dodal, \u017ee astr\u00e1ln\u00ed cestov\u00e1n\u00ed nepat\u0159\u00ed zrovna mezi bezpe\u010dn\u00e9 praktiky a nen\u00ed radno si s n\u00edm zahr\u00e1vat. Pokud ale p\u0159esto chcete vyzkou\u0161et svou astr\u00e1ln\u00ed cestu, tak se pros\u00edm pora\u010fte s n\u011bk\u00fdm, kdo m\u00e1 s t\u00edmto zku\u0161enosti.<\/p>\n\n\n\n<div class=\"wp-block-image\"><figure class=\"aligncenter\"><img loading=\"lazy\" width=\"970\" height=\"692\" src=\"https:\/\/nadprirozeno.cz\/wp-content\/uploads\/2020\/01\/shhaeht.jpg\" alt=\"\" class=\"wp-image-651\" srcset=\"https:\/\/nadprirozeno.cz\/wp-content\/uploads\/2020\/01\/shhaeht.jpg 970w, https:\/\/nadprirozeno.cz\/wp-content\/uploads\/2020\/01\/shhaeht-300x214.jpg 300w, https:\/\/nadprirozeno.cz\/wp-content\/uploads\/2020\/01\/shhaeht-768x548.jpg 768w, https:\/\/nadprirozeno.cz\/wp-content\/uploads\/2020\/01\/shhaeht-210x150.jpg 210w\" sizes=\"(max-width: 970px) 100vw, 970px\" \/><\/figure><\/div>\n","protected":false},"excerpt":{"rendered":"<p>Astr\u00e1ln\u00ed cestov\u00e1n\u00ed Astr\u00e1ln\u00ed cestov\u00e1n\u00ed je stav t\u011bla a mysli, kter\u00fd dovoluje na\u0161emu v\u011bdom\u00ed opustit na\u0161\u00ed fyzickou schr\u00e1nku a vycestovat mimo na\u0161\u00ed realitu. U\u017e d\u00e1vn\u00ed \u0161amani, kouzeln\u00edci a v\u011bdmy vyu\u017e\u00edvali t\u00e9to schopnosti ke komunikaci s velk\u00fdmi duchy, jin\u00fdmi realitami a sv\u011btem mrtv\u00fdch. Ov\u0161em jako ka\u017ed\u00e9 zahr\u00e1v\u00e1n\u00ed si s jin\u00fdmi realitami a sv\u011btem mrtv\u00fdch m\u00e1 i tato [&hellip;]<\/p>\n","protected":false},"author":1,"featured_media":0,"parent":0,"menu_order":0,"comment_status":"closed","ping_status":"closed","template":"","meta":{"_monsterinsights_skip_tracking":false,"_monsterinsights_sitenote_active":false,"_monsterinsights_sitenote_note":"","_monsterinsights_sitenote_category":0},"_links":{"self":[{"href":"https:\/\/nadprirozeno.cz\/index.php\/wp-json\/wp\/v2\/pages\/644"}],"collection":[{"href":"https:\/\/nadprirozeno.cz\/index.php\/wp-json\/wp\/v2\/pages"}],"about":[{"href":"https:\/\/nadprirozeno.cz\/index.php\/wp-json\/wp\/v2\/types\/page"}],"author":[{"embeddable":true,"href":"https:\/\/nadprirozeno.cz\/index.php\/wp-json\/wp\/v2\/users\/1"}],"replies":[{"embeddable":true,"href":"https:\/\/nadprirozeno.cz\/index.php\/wp-json\/wp\/v2\/comments?post=644"}],"version-history":[{"count":5,"href":"https:\/\/nadprirozeno.cz\/index.php\/wp-json\/wp\/v2\/pages\/644\/revisions"}],"predecessor-version":[{"id":812,"href":"https:\/\/nadprirozeno.cz\/index.php\/wp-json\/wp\/v2\/pages\/644\/revisions\/812"}],"wp:attachment":[{"href":"https:\/\/nadprirozeno.cz\/index.php\/wp-json\/wp\/v2\/media?parent=644"}],"curies":[{"name":"wp","href":"https:\/\/api.w.org\/{rel}","templated":true}]}}