{"id":658,"date":"2020-01-17T15:56:05","date_gmt":"2020-01-17T14:56:05","guid":{"rendered":"http:\/\/nadprirozeno.cz\/?page_id=658"},"modified":"2020-01-17T16:00:29","modified_gmt":"2020-01-17T15:00:29","slug":"treti-oko","status":"publish","type":"page","link":"https:\/\/nadprirozeno.cz\/index.php\/treti-oko\/","title":{"rendered":"T\u0159et\u00ed oko"},"content":{"rendered":"\n<h1>T\u0159et\u00ed oko<\/h1>\n\n\n\n<p>T\u0159et\u00ed oko, \u0161est\u00fd smysl, nebo \u0161est\u00e1 \u010dakra je jedna a ta sam\u00e1 v\u011bc.<\/p>\n\n\n\n<div class=\"wp-block-image\"><figure class=\"aligncenter\"><img loading=\"lazy\" width=\"241\" height=\"209\" src=\"https:\/\/nadprirozeno.cz\/wp-content\/uploads\/2020\/01\/images.jpg\" alt=\"\" class=\"wp-image-659\" srcset=\"https:\/\/nadprirozeno.cz\/wp-content\/uploads\/2020\/01\/images.jpg 241w, https:\/\/nadprirozeno.cz\/wp-content\/uploads\/2020\/01\/images-210x182.jpg 210w\" sizes=\"(max-width: 241px) 100vw, 241px\" \/><figcaption>zdroj Google<\/figcaption><\/figure><\/div>\n\n\n\n<p>Zm\u00ednku o t\u0159et\u00edm oku datujeme v duchovn\u00ed historii od dob, kdy Horus, egyptsk\u00fd b\u016fh Slunce p\u0159i\u0161el o oko a nam\u00edsto n\u011bj si dok\u00e1zal vyvinout \u201et\u0159et\u00ed oko&#8220; na \u010dele centimetr nad obo\u010d\u00edm v \u00farovni ko\u0159ene nosu. To mu umo\u017enilo vid\u011bt i to, co je ukryto pod povrchem, vid\u011bt ucelen\u00fd obraz a z\u00edskat schopnosti, ve form\u011b p\u0159edv\u00edd\u00e1n\u00ed.<br><br>Pokud v sob\u011b probud\u00edte t\u0159et\u00ed oko, z\u00edsk\u00e1te mimosmyslov\u00e9 vn\u00edm\u00e1n\u00ed a ji\u017e zapomenut\u00e9 spiritu\u00e1ln\u00ed schopnosti, za\u010dneme jasn\u011b vn\u00edmat i jinak nehmatateln\u00e9 a neviditeln\u00e9 sv\u011bty. <br> Stalo se v\u00e1m n\u011bkdy, \u017ee jste m\u011bli pocit p\u0159\u00edtomnosti n\u011b\u010deho v koutku pohledu? Oto\u010d\u00edte se, ale nic tam nen\u00ed? Logicky jste zam\u011b\u0159eni na st\u0159ed pohledu, ale ob\u010das va\u0161e vnit\u0159n\u00ed oko zachyt\u00ed n\u011bco v rohu, kde se m\u016f\u017ee nach\u00e1zet t\u0159eba bytost, kter\u00e1 chce na sebe upozornit nebo m\u00e1 jin\u00e9 \u00famysly. Podobn\u00e9 stavy m\u016f\u017eete zaznamenat pr\u00e1v\u011b ve chv\u00edl\u00edch, kdy jste bud&#8216; tr\u00e9novan\u00ed a nen\u00ed pro v\u00e1s probl\u00e9m otev\u0159\u00edt oko, obda\u0159en\u00ed, nebo jste jen velmi unaven\u00ed. ( i tu ale m\u016f\u017ee j\u00edt t\u0159eba o o\u010dn\u00ed vadu).<br><br><br>Doporu\u010duje se t\u0159et\u00ed oko aktivovat pozvolna. Nikdy se nesna\u017ete ho aktivovat n\u00e1siln\u011b, m\u016f\u017eete si t\u00edm hodn\u011b ubl\u00ed\u017eit to znamen\u00e1:<br>Pokud budete k aktivaci \u0161est\u00e9 \u010dakry p\u0159istupovat bez netrp\u011blivosti a s pokorou, neubl\u00ed\u017e\u00edte si. V opa\u010dn\u00e9m p\u0159\u00edpad\u011b m\u016f\u017ee b\u00fdt pro v\u00e1s n\u00e1hl\u00e9 uveden\u00ed \u201esp\u00edc\u00ed\u201c \u017eivotn\u00ed energie do pohybu, a aktivace neoby\u010dejn\u00fdch schopnost\u00ed, obt\u00ed\u017en\u011b zvl\u00e1dnuteln\u00e1. Energie nebudou v souladu a t\u00edm si m\u016f\u017eete vyvolat i jin\u00e9 obt\u00ed\u017ee, t\u0159eba zdravotn\u00ed.<br>Intuice: Skl\u00e1d\u00e1 se z mnoha vnit\u0159n\u00edch \u010didel po cel\u00e9m t\u011ble. <br>Tyto \u010didla n\u00e1m d\u00e1vaj\u00ed celkov\u00e9 informace z viditeln\u00e9ho i neviditeln\u00e9ho sv\u011bta, kter\u00e9 se pak n\u00e1hle objev\u00ed v na\u0161\u00ed mysli. Intuice k n\u00e1m mluv\u00ed i prost\u0159ednictv\u00edm pocit\u016f v t\u011ble a t\u00edm n\u00e1m d\u00e1v\u00e1  mo\u017enost jednat na z\u00e1klad\u011b sv\u00e9ho c\u00edt\u011bn\u00ed. Dok\u00e1\u017eeme p\u0159edem vytu\u0161it n\u00e1sleduj\u00edc\u00ed situaci, nebo uk\u00e1\u017ee, jak se nejl\u00e9pe v t\u00e9 situaci zachovat, zda s \u0159e\u0161en\u00edm vy\u010dkat, nebo ihned \u0159e\u0161it. <br>Pokud intuici nevn\u00edm\u00e1me, tak jsme neklidn\u00ed, ve stresu a st\u00e1le n\u00e1m ke spokojenosti n\u011bco chyb\u00ed. Intuice n\u00e1s vede zp\u00e1tky k sob\u011b, ke spojen\u00ed s du\u0161\u00ed, voln\u00e9mu tvo\u0159en\u00ed a vyj\u00e1d\u0159en\u00ed se sv\u00fdm vlastn\u00edm zp\u016fsobem.  Ukazuje n\u00e1m a vede n\u00e1s abychom fotografovali, psali knihu, l\u00e9\u010dili, malovali prost\u011b se seberealizovali a postupovali vp\u0159ed.<br>Aktivace: tady op\u011bt plat\u00ed..na ka\u017ed\u00e9ho zab\u00edr\u00e1 n\u011bco jin\u00e9ho a opravdu se nesm\u00ed s aktivac\u00ed sp\u011bchat. Dokonce se V\u00e1m to nemus\u00ed ani v tomto \u017eivot\u011b poda\u0159it. Mnoha du\u0161\u00edm trv\u00e1 otev\u0159en\u00ed t\u00e9to \u010dakry i n\u011bkolik reinkarnac\u00ed. T\u0159et\u00ed oko je branou na\u0161\u00ed du\u0161e.<br>K aktivaci napom\u00e1haj\u00ed i n\u011bkter\u00e9 kameny: K\u0159i\u0161\u0165\u00e1l, vltav\u00edn, sodalit, ametyst, azurit, chryzokol.<br>\u00dasp\u011bchu m\u016f\u017eeme dos\u00e1hnout meditac\u00ed, vizualizac\u00ed ( p\u0159edstavovat si v meditaci, jak se pomalu otev\u00edr\u00e1, uc\u00edt\u00edte jemnou rotaci v m\u00edst\u011b \u0161est\u00e9 \u010dakry), je t\u0159eba to opakovat ka\u017ed\u00fd den. V sed\u011b, nebo  v le\u017ee. Hlavn\u00ed je na tuto \u010dinnost m\u00edt klid a b\u00fdti zcela uvoln\u011bn\u00ed. N\u011bkdo doporu\u010duje pohled do sv\u00ed\u010dky, nebo do zrcadla (s t\u00edmto nesouhlas\u00edme, pro v\u011bt\u0161\u00ed p\u0159\u00edsun informac\u00ed si na tomto webu vyhledejte \u010dl\u00e1nek o <a href=\"https:\/\/nadprirozeno.cz\/index.php\/zrcadlo\/\">zrcadlech<\/a>). Mohou pomoci i medita\u010dn\u00ed zvuky, kter\u00fdmi je internet p\u0159esycen-vyberte si sami, co V\u00e1m bude vyhovovat.<br><br>Ka\u017ed\u00fd \u010dlov\u011bk m\u00e1 n\u011bjak\u00fdm zp\u016fsobem t\u0159et\u00ed oko pootev\u0159en\u00e9, ale jen do t\u00e9 m\u00edry, kterou je ka\u017ed\u00fd jedinec schopen ust\u00e1t. Ne\u017e se rozhodnete pro aktivaci, tak si uv\u011bdomte, \u017ee ne v\u0161e je v\u00fdhodou. Slab\u0161\u00ed povaha se t\u011b\u017eko vyrovn\u00e1 s n\u00e1sleduj\u00edc\u00edmi vizemi, mo\u017enost\u00ed vid\u011bt i jin\u00e9 bytosti atd. Jednou ka\u017ed\u00e1 du\u0161e dosp\u011bje do stavu, kdy to bude schopna un\u00e9st, a\u0165 u\u017e je to v tomto \u010di  v dal\u0161\u00edm \u017eivot\u011b.<br><br><\/p>\n\n\n\n<figure class=\"wp-block-embed-youtube wp-block-embed is-type-video is-provider-youtube wp-embed-aspect-4-3 wp-has-aspect-ratio\"><div class=\"wp-block-embed__wrapper\">\n<iframe loading=\"lazy\" width=\"980\" height=\"735\" src=\"https:\/\/www.youtube.com\/embed\/laiAj6Js0NA?feature=oembed\" frameborder=\"0\" allow=\"accelerometer; autoplay; encrypted-media; gyroscope; picture-in-picture\" allowfullscreen><\/iframe>\n<\/div><\/figure>\n","protected":false},"excerpt":{"rendered":"<p>T\u0159et\u00ed oko T\u0159et\u00ed oko, \u0161est\u00fd smysl, nebo \u0161est\u00e1 \u010dakra je jedna a ta sam\u00e1 v\u011bc. Zm\u00ednku o t\u0159et\u00edm oku datujeme v duchovn\u00ed historii od dob, kdy Horus, egyptsk\u00fd b\u016fh Slunce p\u0159i\u0161el o oko a nam\u00edsto n\u011bj si dok\u00e1zal vyvinout \u201et\u0159et\u00ed oko&#8220; na \u010dele centimetr nad obo\u010d\u00edm v \u00farovni ko\u0159ene nosu. To mu umo\u017enilo vid\u011bt i [&hellip;]<\/p>\n","protected":false},"author":1,"featured_media":0,"parent":0,"menu_order":0,"comment_status":"closed","ping_status":"closed","template":"","meta":{"_monsterinsights_skip_tracking":false,"_monsterinsights_sitenote_active":false,"_monsterinsights_sitenote_note":"","_monsterinsights_sitenote_category":0},"_links":{"self":[{"href":"https:\/\/nadprirozeno.cz\/index.php\/wp-json\/wp\/v2\/pages\/658"}],"collection":[{"href":"https:\/\/nadprirozeno.cz\/index.php\/wp-json\/wp\/v2\/pages"}],"about":[{"href":"https:\/\/nadprirozeno.cz\/index.php\/wp-json\/wp\/v2\/types\/page"}],"author":[{"embeddable":true,"href":"https:\/\/nadprirozeno.cz\/index.php\/wp-json\/wp\/v2\/users\/1"}],"replies":[{"embeddable":true,"href":"https:\/\/nadprirozeno.cz\/index.php\/wp-json\/wp\/v2\/comments?post=658"}],"version-history":[{"count":3,"href":"https:\/\/nadprirozeno.cz\/index.php\/wp-json\/wp\/v2\/pages\/658\/revisions"}],"predecessor-version":[{"id":666,"href":"https:\/\/nadprirozeno.cz\/index.php\/wp-json\/wp\/v2\/pages\/658\/revisions\/666"}],"wp:attachment":[{"href":"https:\/\/nadprirozeno.cz\/index.php\/wp-json\/wp\/v2\/media?parent=658"}],"curies":[{"name":"wp","href":"https:\/\/api.w.org\/{rel}","templated":true}]}}