{"id":668,"date":"2020-03-08T17:47:07","date_gmt":"2020-03-08T16:47:07","guid":{"rendered":"http:\/\/nadprirozeno.cz\/?page_id=668"},"modified":"2020-04-20T22:49:11","modified_gmt":"2020-04-20T20:49:11","slug":"ram-inn","status":"publish","type":"page","link":"https:\/\/nadprirozeno.cz\/index.php\/ram-inn\/","title":{"rendered":"Ram Inn"},"content":{"rendered":"\n<h1>Ram Inn<\/h1>\n\n\n\n<figure class=\"wp-block-image\"><img loading=\"lazy\" width=\"617\" height=\"400\" src=\"https:\/\/nadprirozeno.cz\/wp-content\/uploads\/2020\/03\/143Ancient_Ram_Inn.jpg\" alt=\"\" class=\"wp-image-669\" srcset=\"https:\/\/nadprirozeno.cz\/wp-content\/uploads\/2020\/03\/143Ancient_Ram_Inn.jpg 617w, https:\/\/nadprirozeno.cz\/wp-content\/uploads\/2020\/03\/143Ancient_Ram_Inn-300x194.jpg 300w, https:\/\/nadprirozeno.cz\/wp-content\/uploads\/2020\/03\/143Ancient_Ram_Inn-210x136.jpg 210w\" sizes=\"(max-width: 617px) 100vw, 617px\" \/><figcaption>Ram Inn<\/figcaption><\/figure>\n\n\n\n<p>Sly\u0161eli jste n\u011bkdy o starov\u011bk\u00e9m dom\u011b jm\u00e9nem Ram Inn? pokud ano, tak ur\u010dit\u011b v\u00edte, \u017ee je pova\u017eov\u00e1n vy\u0161et\u0159ovateli paranorm\u00e1ln\u00edch jev\u016f za v\u016fbec nejstra\u0161ideln\u011bj\u0161\u00ed d\u016fm v Anglii.<br>Ram Inn najdeme v okrese Stroud v anglick\u00e9m Gloucestershire. Hostinec je od roku 1145 ve vlastnictv\u00ed mnoha lid\u00ed a p\u0159ev\u00e1\u017en\u00e1 v\u011bt\u0161ina ho opustila kr\u00e1tce po jeho koupi. Posledn\u00edm majitelem byl John Humphries.<br>P\u016fvodn\u011b byl postaven za \u00fa\u010delem ubytov\u00e1n\u00ed otrok\u016f, d\u011bln\u00edk\u016f a zedn\u00e1\u0159\u016f, kte\u0159\u00ed pracovali na v\u00fdstavb\u011b kostela panny Marie. Jakmile byl kostel dostaven, tak se d\u016fm stal domovem m\u00edstn\u00edho kn\u011bze.<br>Hostinec se stav\u011bl na pohansk\u00e9 p\u016fd\u011b, a je v jedn\u00e9 energetick\u00e9 linii se Stonehenge. To n\u011bkte\u0159\u00ed badatel\u00e9 pova\u017euj\u00ed za hlavn\u00ed d\u016fvod nadm\u011brn\u00e9ho v\u00fdskytu paranorm\u00e1ln\u00edch jev\u016f. Dal\u0161\u00ed \u010d\u00e1st lid\u00ed si mysl\u00ed, \u017ee je tento v\u00fdskyt entit hlavn\u011b z d\u016fvodu kombinace v\u00fdstavby na pohansk\u00e9m m\u00edst\u011b a d\u011btsk\u00e9ho h\u0159bitova, kter\u00fd se nach\u00e1z\u00ed p\u0159\u00edmo pod domem. Toto tvrdil i s\u00e1m Humphries. Ten nechal ve sv\u00e9m dom\u011b odhalit hrob s d\u011btsk\u00fdmi ostatky. <\/p>\n\n\n\n<div class=\"wp-block-image\"><figure class=\"aligncenter\"><img loading=\"lazy\" width=\"600\" height=\"450\" src=\"https:\/\/nadprirozeno.cz\/wp-content\/uploads\/2020\/03\/688873_orig.jpg\" alt=\"\" class=\"wp-image-670\" srcset=\"https:\/\/nadprirozeno.cz\/wp-content\/uploads\/2020\/03\/688873_orig.jpg 600w, https:\/\/nadprirozeno.cz\/wp-content\/uploads\/2020\/03\/688873_orig-300x225.jpg 300w, https:\/\/nadprirozeno.cz\/wp-content\/uploads\/2020\/03\/688873_orig-210x158.jpg 210w\" sizes=\"(max-width: 600px) 100vw, 600px\" \/><figcaption>zdroj Google<\/figcaption><\/figure><\/div>\n\n\n\n<p>John koupil Ram Inn koncem 60. let. Doslova ho zachr\u00e1nil p\u0159ed zbour\u00e1n\u00edm.<br>Paranorm\u00e1ln\u00ed aktvita na sebe nenechala dlouho \u010dekat a hned prvn\u00ed noc m\u011bl John nep\u0159\u00edjemn\u00fd z\u00e1\u017eitek, kter\u00fd ho jen utvrdil v m\u00edstn\u00edch pov\u011br\u00e1ch o stra\u0161en\u00ed.<br>\u0158\u00edkal, \u017ee ho d\u00e9monick\u00e9 s\u00edly popadly za pa\u017ei a vyt\u00e1hly z postele. Byla to takov\u00e1 s\u00edla, \u017ee p\u0159elet\u011bl p\u0159es cel\u00fd pokoj. Po tomto z\u00e1\u017eitku za\u010dal na vlastn\u00ed p\u011bst hledat v dom\u011b zn\u00e1mky d\u0159\u00edv\u011bj\u0161\u00edho uct\u00edv\u00e1n\u00ed \u010f\u00e1bla a ob\u011btov\u00e1n\u00ed.<br>D\u011bsiv\u00e9 z\u00e1\u017eitky ho od t\u00e9 doby prov\u00e1zely noc co noc a d\u00e1vali mu tak najevo sv\u016fj nesouhlas s jeho zdr\u017eov\u00e1n\u00edm se tu. John se ale nevzd\u00e1val. Pro ostatn\u00ed lidi byl podiv\u00edn, kter\u00fd to v hlav\u011b nem\u011bl v po\u0159\u00e1dku a rad\u0161i se mu vyh\u00fdbali.<br>Nakonec od n\u011bj ode\u0161la i jeho \u017eena s dcerou, on v\u0161ak na m\u00edst\u011b z\u016fstal. Zem\u0159el roku 2017.<br>Za 50 let \u017eit\u00ed v hostinci na\u0161el d\u016fkazy o \u010dast\u00e9m v\u00fdskytu Inccubus a Sucubus (d\u00e9moni \u017eiv\u00edc\u00ed se  sexu\u00e1ln\u00ed energi\u00ed) na tomto m\u00edst\u011b. Pramen\u00ed to pravd\u011bpodobn\u011b z ob\u011btov\u00e1n\u00ed \u010f\u00e1blovi na tomto m\u00edst\u011b.<\/p>\n\n\n\n<div class=\"wp-block-image\"><figure class=\"aligncenter\"><img loading=\"lazy\" width=\"660\" height=\"440\" src=\"https:\/\/nadprirozeno.cz\/wp-content\/uploads\/2020\/03\/2017-08-17.jpg\" alt=\"\" class=\"wp-image-671\" srcset=\"https:\/\/nadprirozeno.cz\/wp-content\/uploads\/2020\/03\/2017-08-17.jpg 660w, https:\/\/nadprirozeno.cz\/wp-content\/uploads\/2020\/03\/2017-08-17-300x200.jpg 300w, https:\/\/nadprirozeno.cz\/wp-content\/uploads\/2020\/03\/2017-08-17-210x140.jpg 210w\" sizes=\"(max-width: 660px) 100vw, 660px\" \/><figcaption>zdroj Google<\/figcaption><\/figure><\/div>\n\n\n\n<div class=\"wp-block-image\"><figure class=\"aligncenter\"><img loading=\"lazy\" width=\"400\" height=\"300\" src=\"https:\/\/nadprirozeno.cz\/wp-content\/uploads\/2020\/03\/b74a726d9f960f19a4700f065375e3ae.jpg\" alt=\"\" class=\"wp-image-672\" srcset=\"https:\/\/nadprirozeno.cz\/wp-content\/uploads\/2020\/03\/b74a726d9f960f19a4700f065375e3ae.jpg 400w, https:\/\/nadprirozeno.cz\/wp-content\/uploads\/2020\/03\/b74a726d9f960f19a4700f065375e3ae-300x225.jpg 300w, https:\/\/nadprirozeno.cz\/wp-content\/uploads\/2020\/03\/b74a726d9f960f19a4700f065375e3ae-210x158.jpg 210w\" sizes=\"(max-width: 400px) 100vw, 400px\" \/><figcaption>zdroj Google<\/figcaption><\/figure><\/div>\n\n\n\n<p>D\u00e1le tu p\u0159etrv\u00e1v\u00e1 du\u0161e zl\u00e9 \u010darod\u011bjnice, kter\u00e1 se p\u0159ed up\u00e1len\u00edm v 15.stolet\u00ed schov\u00e1vala v tomto hostinci. Dote\u010f \u0161kod\u00ed lidem, kte\u0159\u00ed se rozhodnou tam p\u0159espat nebo vy\u0161et\u0159ovat. <br>V podkrov\u00ed se ob\u011bsila dcera hostinsk\u00e9ho. V historii se tu prov\u00e1d\u011bli i ritu\u00e1ly exorcismu a tak\u00e9 tu je h\u0159bitov d\u011bt\u00ed. Spat\u0159eni tu jsou proch\u00e1zej\u00edc\u00ed z\u00e1stupy mnich\u016f. Kde jinde by se mohla tak lehce uchov\u00e1vat temn\u00e1 energie ne\u017e pr\u00e1v\u011b tu?<br><br><\/p>\n\n\n\n<div class=\"wp-block-image\"><figure class=\"aligncenter\"><img loading=\"lazy\" width=\"634\" height=\"829\" src=\"https:\/\/nadprirozeno.cz\/wp-content\/uploads\/2020\/03\/article-2478232-19087BE000000578-443_634x829.jpg\" alt=\"\" class=\"wp-image-673\" srcset=\"https:\/\/nadprirozeno.cz\/wp-content\/uploads\/2020\/03\/article-2478232-19087BE000000578-443_634x829.jpg 634w, https:\/\/nadprirozeno.cz\/wp-content\/uploads\/2020\/03\/article-2478232-19087BE000000578-443_634x829-229x300.jpg 229w, https:\/\/nadprirozeno.cz\/wp-content\/uploads\/2020\/03\/article-2478232-19087BE000000578-443_634x829-161x210.jpg 161w\" sizes=\"(max-width: 634px) 100vw, 634px\" \/><figcaption>zdroj Google<\/figcaption><\/figure><\/div>\n\n\n\n<div class=\"wp-block-image\"><figure class=\"aligncenter\"><img loading=\"lazy\" width=\"634\" height=\"416\" src=\"https:\/\/nadprirozeno.cz\/wp-content\/uploads\/2020\/03\/8966999_orig.jpg\" alt=\"\" class=\"wp-image-674\" srcset=\"https:\/\/nadprirozeno.cz\/wp-content\/uploads\/2020\/03\/8966999_orig.jpg 634w, https:\/\/nadprirozeno.cz\/wp-content\/uploads\/2020\/03\/8966999_orig-300x197.jpg 300w, https:\/\/nadprirozeno.cz\/wp-content\/uploads\/2020\/03\/8966999_orig-210x138.jpg 210w\" sizes=\"(max-width: 634px) 100vw, 634px\" \/><figcaption>zdroj Google<\/figcaption><\/figure><\/div>\n\n\n\n<p>Nyn\u00ed se o hostinec star\u00e1 Johnova dcera Caroline, kter\u00e1 pozvala archeology, aby prozkoumali spodn\u00ed \u010d\u00e1st domu.<br>Pro nad\u0161ence paranorm\u00e1ln\u00edch jev\u016f je tu st\u00e1le otev\u0159eno.<\/p>\n\n\n\n<p>Pokud to situace dovol\u00ed, tak m\u00e1me v pl\u00e1nu v leto\u0161n\u00edm roce (2020) prov\u00e9st vy\u0161et\u0159ov\u00e1n\u00ed na tomto \u00fa\u017easn\u00e9m m\u00edst\u011b. Douf\u00e1me, \u017ee se n\u00e1m to po\u0161t\u011bst\u00ed.<br><\/p>\n\n\n\n<p>Pokud m\u00e1te z\u00e1jem, m\u016f\u017eete se pod\u00edvat na tento d\u00edl <a href=\"https:\/\/www.dailymotion.com\/video\/x2hac4h\">Ghost Adventures z tohoto m\u00edsta<\/a><br><br><\/p>\n","protected":false},"excerpt":{"rendered":"<p>Ram Inn Sly\u0161eli jste n\u011bkdy o starov\u011bk\u00e9m dom\u011b jm\u00e9nem Ram Inn? pokud ano, tak ur\u010dit\u011b v\u00edte, \u017ee je pova\u017eov\u00e1n vy\u0161et\u0159ovateli paranorm\u00e1ln\u00edch jev\u016f za v\u016fbec nejstra\u0161ideln\u011bj\u0161\u00ed d\u016fm v Anglii.Ram Inn najdeme v okrese Stroud v anglick\u00e9m Gloucestershire. Hostinec je od roku 1145 ve vlastnictv\u00ed mnoha lid\u00ed a p\u0159ev\u00e1\u017en\u00e1 v\u011bt\u0161ina ho opustila kr\u00e1tce po jeho koupi. Posledn\u00edm [&hellip;]<\/p>\n","protected":false},"author":1,"featured_media":0,"parent":0,"menu_order":0,"comment_status":"closed","ping_status":"closed","template":"","meta":{"_monsterinsights_skip_tracking":false,"_monsterinsights_sitenote_active":false,"_monsterinsights_sitenote_note":"","_monsterinsights_sitenote_category":0},"_links":{"self":[{"href":"https:\/\/nadprirozeno.cz\/index.php\/wp-json\/wp\/v2\/pages\/668"}],"collection":[{"href":"https:\/\/nadprirozeno.cz\/index.php\/wp-json\/wp\/v2\/pages"}],"about":[{"href":"https:\/\/nadprirozeno.cz\/index.php\/wp-json\/wp\/v2\/types\/page"}],"author":[{"embeddable":true,"href":"https:\/\/nadprirozeno.cz\/index.php\/wp-json\/wp\/v2\/users\/1"}],"replies":[{"embeddable":true,"href":"https:\/\/nadprirozeno.cz\/index.php\/wp-json\/wp\/v2\/comments?post=668"}],"version-history":[{"count":2,"href":"https:\/\/nadprirozeno.cz\/index.php\/wp-json\/wp\/v2\/pages\/668\/revisions"}],"predecessor-version":[{"id":688,"href":"https:\/\/nadprirozeno.cz\/index.php\/wp-json\/wp\/v2\/pages\/668\/revisions\/688"}],"wp:attachment":[{"href":"https:\/\/nadprirozeno.cz\/index.php\/wp-json\/wp\/v2\/media?parent=668"}],"curies":[{"name":"wp","href":"https:\/\/api.w.org\/{rel}","templated":true}]}}