{"id":68,"date":"2019-05-19T17:59:42","date_gmt":"2019-05-19T15:59:42","guid":{"rendered":"http:\/\/nadprirozeno.cz\/?page_id=68"},"modified":"2019-05-20T15:50:15","modified_gmt":"2019-05-20T13:50:15","slug":"ed-and-lorraine-warrenovi","status":"publish","type":"page","link":"https:\/\/nadprirozeno.cz\/index.php\/ed-and-lorraine-warrenovi\/","title":{"rendered":"Ed a Lorraine Warrenovi"},"content":{"rendered":"\n<h1>Ed a Lorraine Warrenovi nejzn\u00e1m\u011bj\u0161\u00ed vy\u0161et\u0159ovatel\u00e9 paranorm\u00e1ln\u00edch jev\u016f<\/h1>\n\n\n\n<figure class=\"wp-block-image\"><img src=\"https:\/\/nadprirozeno.cz\/wp-content\/uploads\/2019\/05\/warrnes.jpg\" alt=\"\" class=\"wp-image-70\"\/><figcaption>Ed a Lorraine Warrenovi<\/figcaption><\/figure>\n\n\n\n<p>Bezesporu nejuzn\u00e1van\u011bj\u0161\u00edmi vy\u0161et\u0159ovateli byl man\u017eelsk\u00fd p\u00e1r <strong>Edward Warren Miney<\/strong> (narozen 7. \u0159\u00edjna 1926, zem\u0159el 23. srpna 2006) a <strong>Lorraine Rita Warren<\/strong> (narozena 31. ledna 1927, zem\u0159ela 18. dubna 2019). Tento man\u017eelsk\u00fd p\u00e1r pomohl bezpo\u010dtu rodin\u00e1m kter\u00e9 byly su\u017eov\u00e1ny d\u00e9monick\u00fdmi silami a poltergeisty. Edward byl v\u00e1le\u010dn\u00fd veter\u00e1n druh\u00e9 sv\u011btov\u00e9 v\u00e1lky ve Spojen\u00fdch st\u00e1tech americk\u00fdch a b\u00fdval\u00fd policejn\u00ed d\u016fstojn\u00edk, kter\u00fd se stal d\u00e9monologem, autorem knih a p\u0159edn\u00e1\u0161ej\u00edc\u00edm o paranorm\u00e1ln\u00edch jevech.  Lorraine byla jasnoz\u0159iv\u00e1 a pros\u0159ednictv\u00edm lehk\u00e9ho transu dok\u00e1zala komunikovat s du\u0161emi zem\u0159el\u00fdch a vid\u011bt co vedlo k jejich smrti. D\u00edky tomuto daru \u00fazce spolupracovala se sv\u00fdm mu\u017eem na vy\u0161et\u0159ov\u00e1n\u00ed paranorm\u00e1ln\u00edch jev\u016f.<br><br>Mezi jejich nejzn\u00e1m\u011bj\u0161\u00ed p\u0159\u00edpady pat\u0159\u00ed bezesporu:<br><br><strong>1) Annabelle<\/strong><br>P\u0159\u00edb\u011bh panenky Annabelle byl mnohokr\u00e1t zfilmov\u00e1n, av\u0161ak ne v\u0161e co ve filmu zazn\u011blo a co se ve filmu odehr\u00e1lo byla realita. Nap\u0159\u00edklad ve filmov\u00e9m pod\u00e1n\u00ed byla Annabelle loutka s d\u0159ev\u011bnou hlavou a zl\u00fdm v\u00fdrazem v obli\u010deji. Ve skute\u010dnosti panenka vypadala \u00fapln\u011b jinak, jak m\u016f\u017eete vid\u011bt na n\u00e1sleduj\u00edc\u00ed fotografii.<\/p>\n\n\n\n<div class=\"wp-block-image\"><figure class=\"aligncenter\"><img loading=\"lazy\" width=\"300\" height=\"437\" src=\"https:\/\/nadprirozeno.cz\/wp-content\/uploads\/2019\/05\/annabelle.jpg\" alt=\"\" class=\"wp-image-71\" srcset=\"https:\/\/nadprirozeno.cz\/wp-content\/uploads\/2019\/05\/annabelle.jpg 300w, https:\/\/nadprirozeno.cz\/wp-content\/uploads\/2019\/05\/annabelle-206x300.jpg 206w, https:\/\/nadprirozeno.cz\/wp-content\/uploads\/2019\/05\/annabelle-144x210.jpg 144w\" sizes=\"(max-width: 300px) 100vw, 300px\" \/><figcaption>Skute\u010dn\u00e1 panenka Annabelle<\/figcaption><\/figure><\/div>\n\n\n\n<p>Pokud se zam\u011b\u0159\u00edte na d\u011bj filmov\u00e9ho zpracov\u00e1n\u00ed p\u0159\u00edb\u011bhu, tak \u010d\u00e1st, kde Annabelle m\u011bn\u00ed pozici a m\u00edsto, kde se nach\u00e1z\u00ed, tak ta se skute\u010dn\u011b op\u00edr\u00e1 o realitu, dokonce i kresby na pap\u00edrech a st\u011bn\u00e1ch jsou podle skute\u010dn\u00fdch d\u016fkaz\u016f. Ov\u0161em kdo a kdy panenku vyrobil je obest\u0159eno tajemstv\u00edm a nikdy se to nejsp\u00ed\u0161e nedozv\u00edme. <br><br><strong>2) Rodina Perronov\u00fdch<\/strong><br>P\u0159\u00edpad rodiny Perronov\u00fdch byl zfilmov\u00e1n pod n\u00e1zvem &#8222;V zajet\u00ed d\u00e9mon\u016f \/ The Conjuring&#8220; na kter\u00e9m spolupracovala p\u0159\u00edmo Lorraine. D\u011bj popisovan\u00fd ve filmu odpov\u00edd\u00e1 skute\u010dnosti. Av\u0161ak konec filmu u\u017e tak p\u0159esn\u00fd nen\u00ed. P\u0159\u00edpad rodiny Perronov\u00fdch je ve skute\u010dnosti jedin\u00fd nevy\u0159e\u0161en\u00fd p\u0159\u00edpad t\u011bchto vy\u0161et\u0159ovatel\u016f. Ve skute\u010dnosti byla aktivita v dom\u011b tak siln\u00e1, \u017ee nebylo v jejich sil\u00e1ch rodin\u011b pomoci a p\u0159\u00edpad kon\u010d\u00ed tragicky.<\/p>\n\n\n\n<figure class=\"wp-block-image\"><img loading=\"lazy\" width=\"757\" height=\"287\" src=\"https:\/\/nadprirozeno.cz\/wp-content\/uploads\/2019\/05\/perron-family.jpg\" alt=\"\" class=\"wp-image-74\" srcset=\"https:\/\/nadprirozeno.cz\/wp-content\/uploads\/2019\/05\/perron-family.jpg 757w, https:\/\/nadprirozeno.cz\/wp-content\/uploads\/2019\/05\/perron-family-300x114.jpg 300w, https:\/\/nadprirozeno.cz\/wp-content\/uploads\/2019\/05\/perron-family-210x80.jpg 210w\" sizes=\"(max-width: 757px) 100vw, 757px\" \/><figcaption>Skute\u010dn\u00e1 rodina Perronov\u00fdch<\/figcaption><\/figure>\n\n\n\n<p><strong>3) p\u0159\u00edpad Amityville<br><\/strong>Je pravd\u011bpodobn\u011b nejzn\u00e1m\u011bj\u0161\u00ed p\u0159\u00edpad kter\u00fd man\u017eel\u00e9 Warrenovi vy\u0161et\u0159ovali. Jednalo se o rodinn\u00fd d\u016fm posednut\u00fd &#8222;\u010f\u00e1belsk\u00fdmi&#8220; entitami. D\u00e9monick\u00e9 p\u016fsoben\u00ed bylo tak intenzivn\u00ed, \u017ee se rodina George a Kathy Lutzov\u00fdch musela z domu odst\u011bhovat. I kdy\u017e n\u011bkolik \u00fadajn\u00fdch o\u010dit\u00fdch sv\u011bdk\u016f l\u00ed\u010d\u00ed p\u0159\u00edpad jako podvod, Warrenovi zast\u00e1vaj\u00ed n\u00e1zor, \u017ee p\u016fsoben\u00ed d\u00e9monick\u00fdch sil bylo opravdov\u00e9. Nejv\u011brn\u011bj\u0161\u00edm filmov\u00fdm ztv\u00e1rn\u011bn\u00edm je pr\u00fd film &#8222;ve 3:15 zem\u0159e\u0161&#8220;<\/p>\n\n\n\n<div class=\"wp-block-image\"><figure class=\"aligncenter\"><img loading=\"lazy\" width=\"485\" height=\"321\" src=\"https:\/\/nadprirozeno.cz\/wp-content\/uploads\/2019\/05\/rodina-lutzovych.jpg\" alt=\"\" class=\"wp-image-77\" srcset=\"https:\/\/nadprirozeno.cz\/wp-content\/uploads\/2019\/05\/rodina-lutzovych.jpg 485w, https:\/\/nadprirozeno.cz\/wp-content\/uploads\/2019\/05\/rodina-lutzovych-300x199.jpg 300w, https:\/\/nadprirozeno.cz\/wp-content\/uploads\/2019\/05\/rodina-lutzovych-210x139.jpg 210w\" sizes=\"(max-width: 485px) 100vw, 485px\" \/><figcaption>Skute\u010dn\u00e1 rodina Lutzov\u00fdch<\/figcaption><\/figure><\/div>\n\n\n\n<p><strong>4) Enfieldsk\u00fd Poltergeist<br><\/strong>Tento p\u0159\u00edpad byl p\u0159edlohou pro film &#8222;V zajet\u00ed d\u00e9mon\u016f 2 \/ The Conjuring 2&#8220;, kde se jednalo o su\u017eov\u00e1n\u00ed rodiny rodiny na Lond\u00fdnsk\u00e9m p\u0159edm\u011bst\u00ed projevy d\u00e9monick\u00e9 entity (Poltergeista). V dom\u011b se p\u0159em\u00eds\u0165ovali v\u011bci, samovoln\u011b vznikal nepo\u0159\u00e1dek, n\u00e1dob\u00ed samo vyl\u00e9t\u00e1valo z kuchy\u0148sk\u00e9 linky. V\u011bt\u0161ina vy\u0161et\u0159ovatel\u016f toto brala jako podvod a d\u00edky zu\u0159iv\u00e9 n\u00e1lad\u011b d\u011bt\u00ed toto \u0159\u00e1d\u011bn\u00ed p\u0159ipisovali pr\u00e1v\u011b jim. Warrenovi v\u0161ak s t\u00edmto nesouhlasili a rozhodli se rodin\u011b pomoci. D\u016fkladn\u011b zdokumentovali cel\u00fd p\u0159\u00edpad a zajistili posedl\u00e9 d\u00edvce v\u010dasnou pomoc. Odp\u016frci ov\u0161em tvrd\u00ed, \u017ee Warrenovi byli s p\u0159\u00edpadu mnohem m\u00e9n\u011b anga\u017eov\u00e1ni, ne\u017e Warrenovi \u0159\u00edkaj\u00ed.<\/p>\n\n\n\n<div class=\"wp-block-image\"><figure class=\"aligncenter\"><img loading=\"lazy\" width=\"672\" height=\"454\" src=\"https:\/\/nadprirozeno.cz\/wp-content\/uploads\/2019\/05\/enfield.jpg\" alt=\"\" class=\"wp-image-79\" srcset=\"https:\/\/nadprirozeno.cz\/wp-content\/uploads\/2019\/05\/enfield.jpg 672w, https:\/\/nadprirozeno.cz\/wp-content\/uploads\/2019\/05\/enfield-300x203.jpg 300w, https:\/\/nadprirozeno.cz\/wp-content\/uploads\/2019\/05\/enfield-210x142.jpg 210w\" sizes=\"(max-width: 672px) 100vw, 672px\" \/><figcaption>skute\u010dn\u00e1 enfieldsk\u00e1 rodina<\/figcaption><\/figure><\/div>\n\n\n\n<p><\/p>\n","protected":false},"excerpt":{"rendered":"<p>Ed a Lorraine Warrenovi nejzn\u00e1m\u011bj\u0161\u00ed vy\u0161et\u0159ovatel\u00e9 paranorm\u00e1ln\u00edch jev\u016f Bezesporu nejuzn\u00e1van\u011bj\u0161\u00edmi vy\u0161et\u0159ovateli byl man\u017eelsk\u00fd p\u00e1r Edward Warren Miney (narozen 7. \u0159\u00edjna 1926, zem\u0159el 23. srpna 2006) a Lorraine Rita Warren (narozena 31. ledna 1927, zem\u0159ela 18. dubna 2019). Tento man\u017eelsk\u00fd p\u00e1r pomohl bezpo\u010dtu rodin\u00e1m kter\u00e9 byly su\u017eov\u00e1ny d\u00e9monick\u00fdmi silami a poltergeisty. Edward byl v\u00e1le\u010dn\u00fd veter\u00e1n druh\u00e9 [&hellip;]<\/p>\n","protected":false},"author":1,"featured_media":0,"parent":0,"menu_order":0,"comment_status":"closed","ping_status":"closed","template":"","meta":{"_monsterinsights_skip_tracking":false,"_monsterinsights_sitenote_active":false,"_monsterinsights_sitenote_note":"","_monsterinsights_sitenote_category":0},"_links":{"self":[{"href":"https:\/\/nadprirozeno.cz\/index.php\/wp-json\/wp\/v2\/pages\/68"}],"collection":[{"href":"https:\/\/nadprirozeno.cz\/index.php\/wp-json\/wp\/v2\/pages"}],"about":[{"href":"https:\/\/nadprirozeno.cz\/index.php\/wp-json\/wp\/v2\/types\/page"}],"author":[{"embeddable":true,"href":"https:\/\/nadprirozeno.cz\/index.php\/wp-json\/wp\/v2\/users\/1"}],"replies":[{"embeddable":true,"href":"https:\/\/nadprirozeno.cz\/index.php\/wp-json\/wp\/v2\/comments?post=68"}],"version-history":[{"count":8,"href":"https:\/\/nadprirozeno.cz\/index.php\/wp-json\/wp\/v2\/pages\/68\/revisions"}],"predecessor-version":[{"id":138,"href":"https:\/\/nadprirozeno.cz\/index.php\/wp-json\/wp\/v2\/pages\/68\/revisions\/138"}],"wp:attachment":[{"href":"https:\/\/nadprirozeno.cz\/index.php\/wp-json\/wp\/v2\/media?parent=68"}],"curies":[{"name":"wp","href":"https:\/\/api.w.org\/{rel}","templated":true}]}}