{"id":694,"date":"2020-05-03T20:08:55","date_gmt":"2020-05-03T18:08:55","guid":{"rendered":"http:\/\/nadprirozeno.cz\/?page_id=694"},"modified":"2020-05-03T20:08:55","modified_gmt":"2020-05-03T18:08:55","slug":"ostrov-tajemnych-panenek","status":"publish","type":"page","link":"https:\/\/nadprirozeno.cz\/index.php\/ostrov-tajemnych-panenek\/","title":{"rendered":"Ostrov tajemn\u00fdch panenek"},"content":{"rendered":"\n<h1>Ostrov tajemn\u00fdch panenek<\/h1>\n\n\n\n<figure class=\"wp-block-image\"><img loading=\"lazy\" width=\"1024\" height=\"682\" src=\"https:\/\/nadprirozeno.cz\/wp-content\/uploads\/2020\/05\/1024px-Xochimilco_Dolls_Island-1024x682.jpg\" alt=\"\" class=\"wp-image-695\" srcset=\"https:\/\/nadprirozeno.cz\/wp-content\/uploads\/2020\/05\/1024px-Xochimilco_Dolls_Island.jpg 1024w, https:\/\/nadprirozeno.cz\/wp-content\/uploads\/2020\/05\/1024px-Xochimilco_Dolls_Island-300x200.jpg 300w, https:\/\/nadprirozeno.cz\/wp-content\/uploads\/2020\/05\/1024px-Xochimilco_Dolls_Island-768x512.jpg 768w, https:\/\/nadprirozeno.cz\/wp-content\/uploads\/2020\/05\/1024px-Xochimilco_Dolls_Island-210x140.jpg 210w\" sizes=\"(max-width: 980px) 100vw, 980px\" \/><figcaption>zdroj Google<br><\/figcaption><\/figure>\n\n\n\n<p>U\u017e roky pat\u0159\u00ed toto m\u00edsto v mexick\u00e9 oblasti Xochimilco mezi obl\u00edben\u00e9 u mnoho badatel\u016f a paranorm\u00e1ln\u00edch vy\u0161et\u0159ovatel\u016f.<br>Lokalita je zn\u00e1m\u00e1 sv\u00fdm syst\u00e9mem kan\u00e1l\u016f a um\u011ble vytvo\u0159en\u00fdch ostr\u016fvk\u016f. Jedn\u00edm z nich je i tzv. Ostrov panenek.<br>Velk\u00e9 procento lid\u00ed, kte\u0159\u00ed ostrov nav\u0161t\u00edvili, \u0159\u00edk\u00e1, \u017ee je p\u0159epln\u011bno paranorn\u00e1ln\u00edmi \u00fakazy a sami by na n\u011bm nenocovali.<br><br>Jak to tedy v\u0161echno vzniklo?<br>V druh\u00e9 polovin\u011b 20. stolet\u00ed za\u010dne spr\u00e1vce ostrova Julian Santana Barrera jako posedl\u00ed v\u011b\u0161et na stromy panenky r\u016fzn\u00fdch velikost\u00ed, typ\u016f a st\u00e1\u0159\u00ed. Hlavn\u00edm d\u016fvodem bylo ne\u0161t\u011bst\u00ed, kter\u00e9 postihlo jednu mexickou rodinu. N\u011bjak\u00fdm zp\u016fsobem, kter\u00fd nebyl nikdy rozlu\u0161t\u011bn, se jejich mal\u00e1 dcerka ztratila a objevila se mrtv\u00e1 p\u00e1r kilometr\u016f od domova. Sama by se k ostrovu tak rychle nedostala a pokud by se vzala na v\u011bdom\u00ed verze policie, \u017ee j\u00ed n\u011bkdo unesl a p\u0159iplul s n\u00ed k ostrovu, kde j\u00ed posl\u00e9ze zabil, se zase nezd\u00e1 m\u00edstn\u00edm obyvatel\u016fm, kte\u0159\u00ed by si pr\u00fd v\u0161imli, \u017ee n\u011bkdo kolem nich pluje. Ten den, ale nikoho nezahl\u00e9dl ani jeden z nich.<br>D\u00edvenka m\u011bla u sebe svou panenku. Spr\u00e1vce, ve snaze vyj\u00e1d\u0159it zesnul\u00e9 d\u00edvce respekt a \u00factu, pov\u011bs\u00ed jej\u00ed panenku na strom.<br>Duch d\u00edvky ho ale za\u010dne \u017e\u00e1dat o dal\u0161\u00ed a dal\u0161\u00ed hra\u010dku. A tak Barrera sh\u00e1n\u00ed, hled\u00e1 i v odpadc\u00edch a kan\u00e1lech dal\u0161\u00ed hra\u010dky pro mrtvou d\u00edvku, kter\u00e1 nem\u00e1 st\u00e1le dost. Pron\u00e1sleduje ho ve snech a ned\u00e1 mu pokoje. Zanedlouho je ostrov poset\u00fd tis\u00edci panenek.<\/p>\n\n\n\n<div class=\"wp-block-image\"><figure class=\"aligncenter\"><img loading=\"lazy\" width=\"1024\" height=\"684\" src=\"https:\/\/nadprirozeno.cz\/wp-content\/uploads\/2020\/05\/mexiko-ostrov-panenek-des-1024x684.jpeg\" alt=\"\" class=\"wp-image-696\" srcset=\"https:\/\/nadprirozeno.cz\/wp-content\/uploads\/2020\/05\/mexiko-ostrov-panenek-des-1024x684.jpeg 1024w, https:\/\/nadprirozeno.cz\/wp-content\/uploads\/2020\/05\/mexiko-ostrov-panenek-des-300x200.jpeg 300w, https:\/\/nadprirozeno.cz\/wp-content\/uploads\/2020\/05\/mexiko-ostrov-panenek-des-768x513.jpeg 768w, https:\/\/nadprirozeno.cz\/wp-content\/uploads\/2020\/05\/mexiko-ostrov-panenek-des-210x140.jpeg 210w, https:\/\/nadprirozeno.cz\/wp-content\/uploads\/2020\/05\/mexiko-ostrov-panenek-des.jpeg 1200w\" sizes=\"(max-width: 980px) 100vw, 980px\" \/><figcaption>zdroj Google<br><\/figcaption><\/figure><\/div>\n\n\n\n<p>Hladov\u00e1 du\u0161e d\u00edvky st\u00e1le ned\u00e1vala  Julianovi sp\u00e1t. Jeho tr\u00e1pen\u00ed n\u00e1hle skon\u010dilo smrt\u00ed.<br>V roce 2001 nalezne jeho synovec Barrerovo t\u011blo na stejn\u00e9m m\u00edst\u011b, kde kdysi on s\u00e1m nalezl t\u011blo mal\u00e9 d\u00edvky. \u0160lo o n\u00e1hodu? nebo si du\u0161e vy\u017e\u00e1dala dal\u0161\u00ed panenku na hran\u00ed? Dal\u0161\u00ed mo\u017enost\u00ed je, \u017ee se za\u010daly mst\u00edt panenky, kter\u00e9 v sob\u011b maj\u00ed hodn\u011b zl\u00e9ho. Alespo\u0148 tak, to tvrd\u00ed paranorm\u00e1n\u00ed vy\u0161et\u0159ovatele, kte\u0159\u00ed na m\u00edst\u011b str\u00e1vili mnoho dn\u00ed a za\u017eili si s m\u00edstn\u00edmi panenkami d\u011bsiv\u00e9 chvilky.<br>N\u00e1v\u0161t\u011bvn\u00edci ostrova nez\u00e1visle na sob\u011b popisuj\u00ed atmosf\u00e9ru tohoto m\u00edsta jako d\u00e9monickou, zlou. Panenky pr\u00fd za jejich z\u00e1dy \u0161eptem vyslovuj\u00ed jejich jm\u00e9na v noci jsou n\u011bjakou silou \u00fadajn\u011b o\u017eiven\u00e9 a dok\u00e1\u017eou i pohnout n\u011bkterou \u010d\u00e1st\u00ed t\u011bla. P\u0159i odjezdu, je v\u0161em n\u00e1v\u0161t\u011bvn\u00edk\u016fm doporu\u010dov\u00e1no d\u00e1t panenk\u00e1m n\u011bjak\u00fd dar. Na panenk\u00e1ch se podepisuje zub \u010dasu a v\u011bt\u0161ina z nich se pomalu, ale jist\u011b rozpad\u00e1. Kam se potom p\u0159em\u00edst\u00ed du\u0161e, kter\u00e1 je uvnit\u0159 panenky? A a\u017e tam jednoho dne nebude \u017e\u00e1dn\u00e1 a ostrov najde nov\u00e9ho majitele,&#8230;..bude schopn\u00fd tam v klidu a m\u00edru \u017e\u00edt? nebo ho negativn\u00ed energie pohlt\u00ed? T\u0159eba se o tom jednou do\u010dteme.<br><br>Pod\u00edvejte se na vy\u0161et\u0159ov\u00e1n\u00ed na Ostrov\u011b panenek od Dobyvatel\u016f ztracen\u00e9 pravdy.<br><br><\/p>\n\n\n\n<figure class=\"wp-block-embed-dailymotion wp-block-embed is-type-video is-provider-dailymotion wp-embed-aspect-16-9 wp-has-aspect-ratio\"><div class=\"wp-block-embed__wrapper\">\n<iframe loading=\"lazy\" frameborder=\"0\" width=\"980\" height=\"551\" src=\"https:\/\/www.dailymotion.com\/embed\/video\/x2g4s8r\" allowfullscreen allow=\"autoplay\"><\/iframe>\n<\/div><\/figure>\n","protected":false},"excerpt":{"rendered":"<p>Ostrov tajemn\u00fdch panenek U\u017e roky pat\u0159\u00ed toto m\u00edsto v mexick\u00e9 oblasti Xochimilco mezi obl\u00edben\u00e9 u mnoho badatel\u016f a paranorm\u00e1ln\u00edch vy\u0161et\u0159ovatel\u016f.Lokalita je zn\u00e1m\u00e1 sv\u00fdm syst\u00e9mem kan\u00e1l\u016f a um\u011ble vytvo\u0159en\u00fdch ostr\u016fvk\u016f. Jedn\u00edm z nich je i tzv. Ostrov panenek.Velk\u00e9 procento lid\u00ed, kte\u0159\u00ed ostrov nav\u0161t\u00edvili, \u0159\u00edk\u00e1, \u017ee je p\u0159epln\u011bno paranorn\u00e1ln\u00edmi \u00fakazy a sami by na n\u011bm nenocovali. Jak [&hellip;]<\/p>\n","protected":false},"author":1,"featured_media":0,"parent":0,"menu_order":0,"comment_status":"closed","ping_status":"closed","template":"","meta":{"_monsterinsights_skip_tracking":false,"_monsterinsights_sitenote_active":false,"_monsterinsights_sitenote_note":"","_monsterinsights_sitenote_category":0},"_links":{"self":[{"href":"https:\/\/nadprirozeno.cz\/index.php\/wp-json\/wp\/v2\/pages\/694"}],"collection":[{"href":"https:\/\/nadprirozeno.cz\/index.php\/wp-json\/wp\/v2\/pages"}],"about":[{"href":"https:\/\/nadprirozeno.cz\/index.php\/wp-json\/wp\/v2\/types\/page"}],"author":[{"embeddable":true,"href":"https:\/\/nadprirozeno.cz\/index.php\/wp-json\/wp\/v2\/users\/1"}],"replies":[{"embeddable":true,"href":"https:\/\/nadprirozeno.cz\/index.php\/wp-json\/wp\/v2\/comments?post=694"}],"version-history":[{"count":2,"href":"https:\/\/nadprirozeno.cz\/index.php\/wp-json\/wp\/v2\/pages\/694\/revisions"}],"predecessor-version":[{"id":698,"href":"https:\/\/nadprirozeno.cz\/index.php\/wp-json\/wp\/v2\/pages\/694\/revisions\/698"}],"wp:attachment":[{"href":"https:\/\/nadprirozeno.cz\/index.php\/wp-json\/wp\/v2\/media?parent=694"}],"curies":[{"name":"wp","href":"https:\/\/api.w.org\/{rel}","templated":true}]}}