{"id":704,"date":"2020-08-15T20:37:33","date_gmt":"2020-08-15T18:37:33","guid":{"rendered":"http:\/\/nadprirozeno.cz\/?page_id=704"},"modified":"2020-08-15T20:37:33","modified_gmt":"2020-08-15T18:37:33","slug":"nan-madol","status":"publish","type":"page","link":"https:\/\/nadprirozeno.cz\/index.php\/nan-madol\/","title":{"rendered":"Nan Madol"},"content":{"rendered":"\n<h1>Nan Madol<\/h1>\n\n\n\n<p>V srdci Mikron\u00e9sie, uprost\u0159ed kor\u00e1lov\u00fdch \u00fates\u016f, se nal\u00e9z\u00e1 tajupln\u00fd ostrov Nan Madol. Je to t\u00e9m\u011b\u0159 40 let, kdy na  toto m\u00edsto poprv\u00e9 vstoupila jin\u00e1 lidsk\u00e1 noha, ne\u017e m\u00edstn\u00edho domorodce. V souvislosti s t\u00edmto m\u00edstem koluje po sv\u011bt\u011b mnoho z\u00e1had. Jednou z nich je kletba, kter\u00e1 postihne ka\u017ed\u00e9ho, kdo otev\u0159e platinovou rakev nach\u00e1zej\u00edc\u00ed se na ostrov\u011b (je jich tam v\u00edce).D\u00e1le se mluv\u00ed o \u010dast\u00e9 n\u00e1v\u0161t\u011bv\u011b mimozem\u0161\u0165an\u016f a jejich podmo\u0159sk\u00e9 z\u00e1kladn\u011b. Nebo o obrech, kte\u0159\u00ed Nan Madol \u00fadajn\u011b postavili. Ka\u017ed\u00e1 z t\u011bchto z\u00e1had, se n\u011bjak\u00fdm zp\u016fsobem zakl\u00e1d\u00e1 na pravd\u011b. V hrobech byli nalezeny kostry opravdu vysok\u00fdch lid\u00ed (obr\u016f).<br><br><br><\/p>\n\n\n\n<div class=\"wp-block-image\"><figure class=\"aligncenter is-resized\"><img loading=\"lazy\" src=\"https:\/\/nadprirozeno.cz\/wp-content\/uploads\/2020\/06\/sta\u017een\u00fd-soubor.jpg\" alt=\"\" class=\"wp-image-706\" width=\"346\" height=\"259\" srcset=\"https:\/\/nadprirozeno.cz\/wp-content\/uploads\/2020\/06\/sta\u017een\u00fd-soubor.jpg 259w, https:\/\/nadprirozeno.cz\/wp-content\/uploads\/2020\/06\/sta\u017een\u00fd-soubor-210x157.jpg 210w\" sizes=\"(max-width: 346px) 100vw, 346px\" \/><figcaption>zdroj Google<\/figcaption><\/figure><\/div>\n\n\n\n<p>Nan Madol tvo\u0159\u00ed archeologickou lokalitu, kde najdeme kamenn\u00e9 stavby na kor\u00e1lov\u00fdch \u00fatesech obehnan\u00e9 kamenou zd\u00ed po cel\u00e9m obd\u00e9ln\u00edkov\u00e9m obvodu. V t\u00e9to 1.5 km dlouh\u00e9 a 0.5 km \u0161irok\u00e9 lokalit\u011b, nalezneme 92 um\u011ble vytvo\u0159en\u00fdch ostr\u016fvk\u016f, kter\u00e9 jsou od sebe odd\u011blen\u00e9 mo\u0159sk\u00fdmi kan\u00e1ly.<br><br>Z\u00e1kladn\u00edm stavebn\u00edm prvkem je k\u00e1men z \u010dedi\u010dov\u00e9 vyv\u0159eliny ve tvaru \u0161estihranu. Na jedn\u00e9 \u010dtvrtin\u011b tohoto pozemku je poh\u0159ebi\u0161t\u011b s m\u00edstem pro balzamova\u010de a obydl\u00edm pro kn\u011bze (samoz\u0159ejm\u011b, v\u0161e je pod mo\u0159skou hladinou).<br><br>A\u010dkoliv se zd\u00e1, \u017ee d\u0159\u00edv\u011bj\u0161\u00ed stavitel\u00e9 byli mist\u0159i sv\u00e9ho oboru, opak je pravdou. \u010cedi\u010dov\u00e9 kameny, jsou na sebe jakoby nah\u00e1zen\u00e9 ledabile a bud\u00ed tak pocit, \u017ee ka\u017edou chvilkou spadnou. Hradby nejsou ni\u010d\u00edm zdoben\u00e9, jak to d\u0159\u00edve b\u00fdvalo zvykem. Dokonce zde nenajdete ani sochy.<\/p>\n\n\n\n<figure class=\"wp-block-image\"><img loading=\"lazy\" width=\"1024\" height=\"571\" src=\"https:\/\/nadprirozeno.cz\/wp-content\/uploads\/2020\/08\/madol-kamen-1024x571-1024x571.jpg\" alt=\"\" class=\"wp-image-714\" srcset=\"https:\/\/nadprirozeno.cz\/wp-content\/uploads\/2020\/08\/madol-kamen-1024x571.jpg 1024w, https:\/\/nadprirozeno.cz\/wp-content\/uploads\/2020\/08\/madol-kamen-1024x571-300x167.jpg 300w, https:\/\/nadprirozeno.cz\/wp-content\/uploads\/2020\/08\/madol-kamen-1024x571-768x428.jpg 768w, https:\/\/nadprirozeno.cz\/wp-content\/uploads\/2020\/08\/madol-kamen-1024x571-210x117.jpg 210w\" sizes=\"(max-width: 980px) 100vw, 980px\" \/><figcaption>zdroj Google<br><br><\/figcaption><\/figure>\n\n\n\n<p><br>Otazkou je, kdo a jak vlastn\u011b Nan Madol postavil? pokud vezmeme v \u00favahu hmotnost n\u011bkter\u00fdch balvan\u016f ( 5 a\u017e 50 tun), tak by \u010dlov\u011bk opravdu uva\u017eoval o v\u00fdstav\u011b Nan Madolu obry. Zdi jsou 3m \u0161irok\u00e9 a m\u00edsty a\u017e 10m vysok\u00e9 a celkov\u00e1 v\u00e1ha se odhaduje na 250 milion\u016f tun kamen\u00ed. To je opravdu nep\u0159edstaviteln\u00e9&#8230;.Kdy\u017e si uv\u011bdom\u00edme, \u017ee byli dopraveny z opa\u010dn\u00e9 strany ostrova&#8230;..tak jak\u00fdm zp\u016fsobem? Postavili Nan Madol mimozem\u0161\u0165an\u00e9? <br>V roce 1995 se nat\u00e1\u010del dokument\u00e1rn\u00ed film o Nan Madolu, kde se lid\u00e9 sna\u017eili o p\u0159esun balvan\u016f po vod\u011b, s mo\u017enostmi d\u0159\u00edv\u011bj\u0161\u00edch lid\u00ed, ale nedok\u00e1zali p\u0159ev\u00e9zt v\u00edc jak jednu tunu.<br>Jedna z\u00e1hada st\u0159\u00edd\u00e1 druhou. Pokud zapomeneme na to jak&#8230;..je tu ot\u00e1zka pro\u010d.<br>Nan Madol nen\u00ed pevnina&#8230;ka\u017ed\u00e1 jedna \u010d\u00e1st je tvo\u0159ena um\u011ble vytvo\u0159en\u00fdm kusem velk\u00e9ho \u010dedi\u010dov\u00e9ho obd\u00e9ln\u00edku. Z jak\u00e9ho d\u016fvodu se tu stavilo? v\u017edy\u0165 bylo tolik jin\u00fdch mo\u017enost\u00ed. Tady se n\u011bkte\u0159\u00ed lid\u00e9 dovn\u00edmaj\u00ed, \u017ee d\u016fvodem bylo m\u00edsto tich\u00e9 a vzd\u00e1len\u00e9, odkud by n\u00e1s mimozem\u0161\u0165an\u00e9 mohli pozorovat, nebo m\u00edsto , kde si ud\u011blaj\u00ed svou z\u00e1kladnu.<br>Rozlu\u0161t\u00ed n\u011bkdo z\u00e1hadu tohoto ostrova n\u011bkdy? Pravd\u011bpodobn\u011b ne, proto\u017ee neexistuj\u00ed \u017e\u00e1dn\u00e9 spisy z t\u00e9 doby. Ani m\u00edstn\u00ed domorodci u kter\u00fdch se informace o tomto m\u00edst\u011b d\u011bd\u00ed z generace na generaci nic nepov\u00ed. Boj\u00ed se proklet\u00ed. Ten, kdo o Nan Madolu n\u011bco prozrad\u00ed, tak zem\u0159e. Nejsou u\u0161et\u0159eni ani badatel\u00e9 a v\u00fdzkumn\u00edci. M\u00edstn\u00ed kr\u00e1l jim zak\u00e1zal ru\u0161it sp\u00e1nek zdej\u0161\u00edch panovn\u00edk\u016f, kte\u0159\u00ed opl\u00edvali nadp\u0159irozen\u00fdmi schopnostmi. Nedovol\u00ed jim zde ani kopat.<br>Za\u010d\u00e1tkem 20 stolet\u00ed se Victor Berg vzep\u0159el jejich z\u00e1kazu a za\u010dal otev\u00edrat v zak\u00e1zan\u00e9m m\u00edst\u011b hroby d\u0159\u00edv\u011bj\u0161\u00edch vl\u00e1dc\u016f. To co v nich na\u0161el ho vyd\u011bsilo. Le\u017eely v nich kostry obr\u016f&#8230;3 metry dlouh\u00e9. V tu chvilku se obloha zat\u00e1hla a zapo\u010dala siln\u00e1 bou\u0159ka doprov\u00e1zena \u010dast\u00fdmi blesky. Berg druh\u00e9ho dne ( 30.4.1907) po noci pln\u00e9 halucinac\u00ed zem\u0159el.<br><\/p>\n\n\n\n<p>Kdo  Nan Madol v d\u00e1vn\u00fdch dob\u00e1ch postavil a pak zase  z\u00e1hadn\u011b zmizel?  M\u00edstn\u00ed domorodci na Pohnpei v\u011b\u0159\u00ed, \u017ee to  byli obyvatel\u00e9 prastar\u00e9ho kontinentu MU, kter\u00fd se p\u0159i velk\u00e9 katastrof\u011b  p\u0159ed 12 000 lety potopil do Tich\u00e9ho oce\u00e1nu. podle historie se tu  objevuj\u00ed t\u0159i rasy obr\u016f. Druh podobn\u00fd lidem, kter\u00fd pr\u00fd um\u011bl l\u00e9tat, potom ob\u0159\u00ed opi\u010d\u00ed rasa, kter\u00e1 vyl\u00e9zala z  mo\u0159e a nakonec druh  jak\u00fdchsi mega-otrok\u016f pohybuj\u00edc\u00edch se pod mo\u0159skou hladinou. Dnes se legenda zredukovala na v\u0161ude  uv\u00e1d\u011bnou pov\u011bst o dvou bratrech Olosipa a Olosopa ovl\u00e1daj\u00edc\u00edch magii a nadp\u0159irozen\u00e9 schopnosti.<br>Kdyby Japonici neodvezli ob\u0159\u00ed kostry (1928 v dob\u011b , kdy byl ostrov v jejich spr\u00e1v\u011b), dalo by se podle nich ur\u010dit rasu. Odvezli tak\u00e9 platinov\u00e9 rakve, kter\u00e9 jejich pot\u00e1p\u011b\u010di vytahovali z potopen\u00e9ho domu mrtv\u00fdch( v t\u011bchto m\u00edstech je \u00fadajn\u011b zrcadlov\u00e1 \u010dast m\u011bsta).<br>V\u0161echno se zni\u010dilo atomovou bombou na Hiro\u0161imu. Zem\u0159ela tak \u010d\u00e1st historie, bez kter\u00e9 se mo\u017en\u00e1 u\u017e nikdy nedozv\u00edme pravdu. Jedin\u011b&#8230;&#8230;, \u017ee by se na Nan Madolu st\u00e1le je\u0161t\u011b ukr\u00fdvala v hlubin\u00e1ch mo\u0159e dal\u0161\u00ed platinov\u00e1 rakev&#8230;..<br><br><br><\/p>\n\n\n\n<figure class=\"wp-block-embed-youtube wp-block-embed is-type-video is-provider-youtube wp-embed-aspect-16-9 wp-has-aspect-ratio\"><div class=\"wp-block-embed__wrapper\">\n<iframe loading=\"lazy\" title=\"Nan Madol, Amazing New LiDAR &amp; Graham Hancock\" width=\"980\" height=\"551\" src=\"https:\/\/www.youtube.com\/embed\/OVcxt909ur4?feature=oembed\" frameborder=\"0\" allow=\"accelerometer; autoplay; encrypted-media; gyroscope; picture-in-picture\" allowfullscreen><\/iframe>\n<\/div><\/figure>\n\n\n\n<p><br><br><br><\/p>\n\n\n\n<p><\/p>\n","protected":false},"excerpt":{"rendered":"<p>Nan Madol V srdci Mikron\u00e9sie, uprost\u0159ed kor\u00e1lov\u00fdch \u00fates\u016f, se nal\u00e9z\u00e1 tajupln\u00fd ostrov Nan Madol. Je to t\u00e9m\u011b\u0159 40 let, kdy na toto m\u00edsto poprv\u00e9 vstoupila jin\u00e1 lidsk\u00e1 noha, ne\u017e m\u00edstn\u00edho domorodce. V souvislosti s t\u00edmto m\u00edstem koluje po sv\u011bt\u011b mnoho z\u00e1had. Jednou z nich je kletba, kter\u00e1 postihne ka\u017ed\u00e9ho, kdo otev\u0159e platinovou rakev nach\u00e1zej\u00edc\u00ed se [&hellip;]<\/p>\n","protected":false},"author":1,"featured_media":0,"parent":0,"menu_order":0,"comment_status":"closed","ping_status":"closed","template":"","meta":{"_monsterinsights_skip_tracking":false,"_monsterinsights_sitenote_active":false,"_monsterinsights_sitenote_note":"","_monsterinsights_sitenote_category":0},"_links":{"self":[{"href":"https:\/\/nadprirozeno.cz\/index.php\/wp-json\/wp\/v2\/pages\/704"}],"collection":[{"href":"https:\/\/nadprirozeno.cz\/index.php\/wp-json\/wp\/v2\/pages"}],"about":[{"href":"https:\/\/nadprirozeno.cz\/index.php\/wp-json\/wp\/v2\/types\/page"}],"author":[{"embeddable":true,"href":"https:\/\/nadprirozeno.cz\/index.php\/wp-json\/wp\/v2\/users\/1"}],"replies":[{"embeddable":true,"href":"https:\/\/nadprirozeno.cz\/index.php\/wp-json\/wp\/v2\/comments?post=704"}],"version-history":[{"count":2,"href":"https:\/\/nadprirozeno.cz\/index.php\/wp-json\/wp\/v2\/pages\/704\/revisions"}],"predecessor-version":[{"id":715,"href":"https:\/\/nadprirozeno.cz\/index.php\/wp-json\/wp\/v2\/pages\/704\/revisions\/715"}],"wp:attachment":[{"href":"https:\/\/nadprirozeno.cz\/index.php\/wp-json\/wp\/v2\/media?parent=704"}],"curies":[{"name":"wp","href":"https:\/\/api.w.org\/{rel}","templated":true}]}}