{"id":719,"date":"2020-08-20T17:10:59","date_gmt":"2020-08-20T15:10:59","guid":{"rendered":"http:\/\/nadprirozeno.cz\/?page_id=719"},"modified":"2020-08-20T17:10:59","modified_gmt":"2020-08-20T15:10:59","slug":"nebezpecni-demoni","status":"publish","type":"page","link":"https:\/\/nadprirozeno.cz\/index.php\/nebezpecni-demoni\/","title":{"rendered":"Nebezpe\u010dn\u00ed d\u00e9moni"},"content":{"rendered":"\n<h1>Nebezpe\u010dn\u00ed d\u00e9moni<br><\/h1>\n\n\n\n<figure class=\"wp-block-image\"><img loading=\"lazy\" width=\"1024\" height=\"365\" src=\"https:\/\/nadprirozeno.cz\/wp-content\/uploads\/2020\/08\/sedem-kniezat-pekla-najmocnejsi-demoni-z-pekelnej-hierarchie-reprezentujuci-smrtelne-hriechy-a-bozie-zatratenief634f9bf96f62b22439e-1024x365.jpg\" alt=\"\" class=\"wp-image-720\" srcset=\"https:\/\/nadprirozeno.cz\/wp-content\/uploads\/2020\/08\/sedem-kniezat-pekla-najmocnejsi-demoni-z-pekelnej-hierarchie-reprezentujuci-smrtelne-hriechy-a-bozie-zatratenief634f9bf96f62b22439e-1024x365.jpg 1024w, https:\/\/nadprirozeno.cz\/wp-content\/uploads\/2020\/08\/sedem-kniezat-pekla-najmocnejsi-demoni-z-pekelnej-hierarchie-reprezentujuci-smrtelne-hriechy-a-bozie-zatratenief634f9bf96f62b22439e-300x107.jpg 300w, https:\/\/nadprirozeno.cz\/wp-content\/uploads\/2020\/08\/sedem-kniezat-pekla-najmocnejsi-demoni-z-pekelnej-hierarchie-reprezentujuci-smrtelne-hriechy-a-bozie-zatratenief634f9bf96f62b22439e-768x274.jpg 768w, https:\/\/nadprirozeno.cz\/wp-content\/uploads\/2020\/08\/sedem-kniezat-pekla-najmocnejsi-demoni-z-pekelnej-hierarchie-reprezentujuci-smrtelne-hriechy-a-bozie-zatratenief634f9bf96f62b22439e-210x75.jpg 210w, https:\/\/nadprirozeno.cz\/wp-content\/uploads\/2020\/08\/sedem-kniezat-pekla-najmocnejsi-demoni-z-pekelnej-hierarchie-reprezentujuci-smrtelne-hriechy-a-bozie-zatratenief634f9bf96f62b22439e.jpg 1440w\" sizes=\"(max-width: 980px) 100vw, 980px\" \/><figcaption>zdroj Google<\/figcaption><\/figure>\n\n\n\n<p>Kter\u00fd z d\u00e9mon\u016f je nejmocn\u011bj\u0161\u00ed? t\u011b\u017eko \u0159\u00edct, ka\u017ed\u00fd m\u00e1 sv\u00e9 pole p\u016fsoben\u00ed a jejich p\u0159\u00edtomnost v na\u0161\u00ed bl\u00edzkosti nen\u00ed v\u016fbec dobr\u00e1, n\u00e1sledky mohou b\u00fdt smrteln\u00e9. <br>Kdy\u017e si uv\u011bdom\u00edme, jak n\u00e1s m\u016f\u017ee potr\u00e1pit zl\u00e1 lidsk\u00e1 du\u0161e, co teprve d\u00e9mon?<br>V\u011bt\u0161inou si nikdo z n\u00e1s ze za\u010d\u00e1tku neuv\u011bdom\u00ed jeho p\u0159\u00edtomnost&#8230;..m\u016f\u017ee trvat i roky, ne\u017e se projev\u00ed tak, \u017ee si \u0159ekneme&#8211;tady n\u011bco nehraje.<br>\u010c\u00edm d\u00e9le na V\u00e1s bude p\u016fsobit, t\u00edm h\u016f\u0159e.<br>Poj\u010fme si zde p\u0159edstavit ty \u00fadajn\u011b nejhor\u0161\u00ed d\u00e9moni a modleme se&#8230;.aby jsme nikdy nem\u011bli mo\u017enost jejich p\u0159\u00edtomnost poc\u00edtit.<br><br><br><br><br><\/p>\n\n\n\n<h1>Belzebub<br><\/h1>\n\n\n\n<div class=\"wp-block-image\"><figure class=\"aligncenter\"><img loading=\"lazy\" width=\"233\" height=\"216\" src=\"https:\/\/nadprirozeno.cz\/wp-content\/uploads\/2020\/08\/index.jpg\" alt=\"\" class=\"wp-image-721\" srcset=\"https:\/\/nadprirozeno.cz\/wp-content\/uploads\/2020\/08\/index.jpg 233w, https:\/\/nadprirozeno.cz\/wp-content\/uploads\/2020\/08\/index-210x195.jpg 210w\" sizes=\"(max-width: 233px) 100vw, 233px\" \/><figcaption>Zdroj Google<\/figcaption><\/figure><\/div>\n\n\n\n<p>Je pova\u017eov\u00e1m za jednoho z nev\u00fd\u0161e postaven\u00fdch d\u00e9mon\u016f. V d\u0159\u00edv\u011bj\u0161\u00ed dob\u011b (n\u011bkde i dodnes) se v\u011b\u0159\u00ed, \u017ee jeho p\u0159\u00edtomnost dokazuje velk\u00e9 nevysv\u011btliteln\u00e9 mno\u017est\u00ed much, kter\u00e9 lidi su\u017euj\u00ed a vyskytuj\u00ed se i po jejich vyhuben\u00ed znova.<br>Proto se mu tak\u00e9 p\u0159ezd\u00edv\u00e1- P\u00e1n much.<br>Belzebub nut\u00ed lidi k sebevra\u017ed\u011b a podn\u011bcuje je ke spor\u016fm a n\u00e1sledn\u011b v\u00e1lk\u00e1m. Tak\u00e9 r\u00e1d vstupuje do lid\u00ed, kte\u0159\u00ed jsou v\u00fdznamn\u00ed a m\u016f\u017ee tak zni\u010dit v\u00edce \u017eivot\u016f. Vyhled\u00e1v\u00e1 dik\u00e1tory nebo budouc\u00ed tyrany. (jako \u010dasto ud\u00e1van\u00fd p\u0159\u00edklad m\u016f\u017eeme d\u00e1t Adolfa Hitlera).<br><br><br><\/p>\n\n\n\n<h1>Moloch<\/h1>\n\n\n\n<figure class=\"wp-block-image\"><img loading=\"lazy\" width=\"1024\" height=\"683\" src=\"https:\/\/nadprirozeno.cz\/wp-content\/uploads\/2020\/08\/moloch-1024x683.jpg\" alt=\"\" class=\"wp-image-722\" srcset=\"https:\/\/nadprirozeno.cz\/wp-content\/uploads\/2020\/08\/moloch-1024x683.jpg 1024w, https:\/\/nadprirozeno.cz\/wp-content\/uploads\/2020\/08\/moloch-300x200.jpg 300w, https:\/\/nadprirozeno.cz\/wp-content\/uploads\/2020\/08\/moloch-768x512.jpg 768w, https:\/\/nadprirozeno.cz\/wp-content\/uploads\/2020\/08\/moloch-210x140.jpg 210w, https:\/\/nadprirozeno.cz\/wp-content\/uploads\/2020\/08\/moloch.jpg 1500w\" sizes=\"(max-width: 980px) 100vw, 980px\" \/><figcaption>zdroj Google<\/figcaption><\/figure>\n\n\n\n<p>Moloch vy\u017eaduje d\u011btsk\u00e9 ob\u011bti a byl velmi \u010dasto uct\u00edv\u00e1n v mnoha starov\u011bk\u00fdch kultur\u00e1ch Bl\u00edzk\u00e9ho v\u00fdchodu. P\u0159\u00edznivci Molocha upalovali mal\u00e9 d\u011bti na hranici. Pr\u00fd t\u00edm Molochovi p\u0159in\u00e1\u0161eli slastn\u00e9 pocity a jeho do\u010dasnou n\u00e1klonost p\u0159i provozov\u00e1n\u00ed \u010dern\u00e9 magie.<br>Dokonce i v nedalek\u00e9m m\u011bst\u011b pobl\u00fd  Jeruzal\u00e9ma najdeme m\u00edsto, kde se d\u0159\u00edve upalovaly d\u011bti pro tohoto d\u00e9mona. Bylo to v \u00fadol\u00ed Gehenna. Dodnes jam n\u011bkte\u0159\u00ed lid\u00e9 c\u00edt\u00ed negativn\u00ed energii.<br><\/p>\n\n\n\n<h1>Succubus<br><\/h1>\n\n\n\n<div class=\"wp-block-image\"><figure class=\"aligncenter is-resized\"><img loading=\"lazy\" src=\"https:\/\/nadprirozeno.cz\/wp-content\/uploads\/2020\/08\/eb45a4264e597dfb1229ecd76e9d6ba7-886x1024.jpg\" alt=\"\" class=\"wp-image-723\" width=\"290\" height=\"335\" srcset=\"https:\/\/nadprirozeno.cz\/wp-content\/uploads\/2020\/08\/eb45a4264e597dfb1229ecd76e9d6ba7-886x1024.jpg 886w, https:\/\/nadprirozeno.cz\/wp-content\/uploads\/2020\/08\/eb45a4264e597dfb1229ecd76e9d6ba7-259x300.jpg 259w, https:\/\/nadprirozeno.cz\/wp-content\/uploads\/2020\/08\/eb45a4264e597dfb1229ecd76e9d6ba7-768x888.jpg 768w, https:\/\/nadprirozeno.cz\/wp-content\/uploads\/2020\/08\/eb45a4264e597dfb1229ecd76e9d6ba7-182x210.jpg 182w, https:\/\/nadprirozeno.cz\/wp-content\/uploads\/2020\/08\/eb45a4264e597dfb1229ecd76e9d6ba7.jpg 934w\" sizes=\"(max-width: 290px) 100vw, 290px\" \/><figcaption>zdroj Google<\/figcaption><\/figure><\/div>\n\n\n\n<p>Jedn\u00e1 se o d\u00e9mona, panuj\u00edc\u00edho v noci. Zn\u00e1sil\u0148uje a t\u00fdr\u00e1 mu\u017ee a nut\u00ed je s sexu. P\u0159istupuje k nim ve sp\u00e1nku. Jakmile si ob\u011bt vytypuj\u00ed, potom j\u00ed nav\u0161t\u011bvuj\u00ed ka\u017edou noc. Mu\u017ei, kte\u0159\u00ed \u00fadajn\u011b toto pro\u017eili, jednozna\u010dn\u011b prohla\u0161uj\u00ed, \u017ee to nen\u00ed nic p\u0159\u00edjemn\u00e9ho.<br>Zd\u00e1 se, \u017ee Succuba tou\u017e\u00ed hlavn\u011b po mu\u017e\u00edch \u010destn\u00fdch a v\u011brn\u00fdch, sna\u017e\u00ed se je zlomit.<br>Jsou zaznamen\u00e1ny p\u0159\u00edpady, kdy Succuba nav\u0161t\u011bvovala v d\u00e1vn\u00fdch dob\u00e1ch p\u0159ev\u00e1\u017en\u011b mnichy, cht\u011bla aby za\u010dali h\u0159e\u0161it. V dne\u0161n\u00ed dob\u011b se na to lid\u00e9 d\u00edvaj\u00ed sp\u00ed\u0161e v\u011bdecky a tzv. n\u00e1v\u0161t\u011bva Succub &#8230; je jen d\u00edlem sp\u00e1nkov\u00e9 paral\u00fdzy&#8230;jak\u00e1 je tedy pravda?<br><\/p>\n\n\n\n<h2><br><\/h2>\n\n\n\n<h1>Incubus<br><\/h1>\n\n\n\n<div class=\"wp-block-image\"><figure class=\"aligncenter\"><img loading=\"lazy\" width=\"250\" height=\"189\" src=\"https:\/\/nadprirozeno.cz\/wp-content\/uploads\/2020\/08\/250px-Gelderfang.jpg\" alt=\"\" class=\"wp-image-724\" srcset=\"https:\/\/nadprirozeno.cz\/wp-content\/uploads\/2020\/08\/250px-Gelderfang.jpg 250w, https:\/\/nadprirozeno.cz\/wp-content\/uploads\/2020\/08\/250px-Gelderfang-210x159.jpg 210w\" sizes=\"(max-width: 250px) 100vw, 250px\" \/><figcaption>zdroj Google<\/figcaption><\/figure><\/div>\n\n\n\n<p>M\u00e1me tu dal\u0161\u00edho no\u010dn\u00edho d\u00e9mo a t\u00edm je Incubus. Narozd\u00edl od Succuby&#8230;Incubus napad\u00e1 d\u00edvky. Pokud se mu nepoda\u0159\u00ed m\u00edt se \u017eenou sex, tak se sna\u017e\u00ed alespo\u0148 v nich vyvolat nestoudn\u00e9 my\u0161lenky. Ve Francii 17. stolet\u00ed se mu \u00fadajn\u011b poda\u0159ilo p\u00e1r \u017een vy\u010derpat tak, \u017ee zem\u0159ely. Jednou takovou \u017eenou je i Johana od And\u011bl\u016f, u kter\u00e9 se na podzim roku 1632 za\u010daly projevovat p\u0159\u00edznaky \u010dast\u00fdch n\u00e1v\u0161t\u011bv Incuba. Jakmile se tento p\u0159\u00edpad za\u010dal vy\u0161et\u0159ovat, byl obvin\u011bn a n\u00e1sledn\u011b up\u00e1len mu\u017e-kn\u011bz. Zakl\u00e1d\u00e1-li se tato informace na pravd\u011b, u\u017e nezjist\u00edme.<br><br><\/p>\n\n\n\n<h1>Belial<\/h1>\n\n\n\n<div class=\"wp-block-image\"><figure class=\"aligncenter is-resized\"><img loading=\"lazy\" src=\"https:\/\/nadprirozeno.cz\/wp-content\/uploads\/2020\/08\/71hSJXIvfAL._SS500_.jpg\" alt=\"\" class=\"wp-image-725\" width=\"447\" height=\"447\" srcset=\"https:\/\/nadprirozeno.cz\/wp-content\/uploads\/2020\/08\/71hSJXIvfAL._SS500_.jpg 500w, https:\/\/nadprirozeno.cz\/wp-content\/uploads\/2020\/08\/71hSJXIvfAL._SS500_-150x150.jpg 150w, https:\/\/nadprirozeno.cz\/wp-content\/uploads\/2020\/08\/71hSJXIvfAL._SS500_-300x300.jpg 300w, https:\/\/nadprirozeno.cz\/wp-content\/uploads\/2020\/08\/71hSJXIvfAL._SS500_-210x210.jpg 210w\" sizes=\"(max-width: 447px) 100vw, 447px\" \/><figcaption>zdroj Google<\/figcaption><\/figure><\/div>\n\n\n\n<p>Belial je jedn\u00edm ze \u010dty\u0159 korunn\u00edch kn\u00ed\u017eat v pekle. Pob\u00fdv\u00e1 v bl\u00edzkosti satana. Ve sv\u011bt\u011b p\u016fsob\u00ed zmatkem a chaosem. Sna\u017e\u00ed se lidi zm\u00e1st a nutit je k neposlu\u0161nosti, ob\u017eerstv\u00ed a cht\u00ed\u010di. \u010casto vystupuje jako p\u0159ekr\u00e1sn\u00fd and\u011bl a tak\u00e9 um\u00ed velice sladce mluvit, tak\u017ee je lehk\u00e9 mu nalet\u011bt. Byl prvn\u00edm, kter\u00fd se vzbou\u0159il bohu.<br>S Belialem se \u010dasto st\u0159et\u00e1val Franti\u0161ek z Assisi.<br><br><\/p>\n\n\n\n<h1>Valac<\/h1>\n\n\n\n<div class=\"wp-block-image\"><figure class=\"aligncenter is-resized\"><img loading=\"lazy\" src=\"https:\/\/nadprirozeno.cz\/wp-content\/uploads\/2020\/08\/c2b7256f8a35e33649aacacb18b4ea43.jpg\" alt=\"\" class=\"wp-image-726\" width=\"431\" height=\"549\" srcset=\"https:\/\/nadprirozeno.cz\/wp-content\/uploads\/2020\/08\/c2b7256f8a35e33649aacacb18b4ea43.jpg 800w, https:\/\/nadprirozeno.cz\/wp-content\/uploads\/2020\/08\/c2b7256f8a35e33649aacacb18b4ea43-235x300.jpg 235w, https:\/\/nadprirozeno.cz\/wp-content\/uploads\/2020\/08\/c2b7256f8a35e33649aacacb18b4ea43-768x980.jpg 768w, https:\/\/nadprirozeno.cz\/wp-content\/uploads\/2020\/08\/c2b7256f8a35e33649aacacb18b4ea43-165x210.jpg 165w\" sizes=\"(max-width: 431px) 100vw, 431px\" \/><figcaption>zdroj Google<\/figcaption><\/figure><\/div>\n\n\n\n<p>Vyvol\u00e1v\u00e1ni Valaca se provozuje i v dne\u0161n\u00ed dob\u011b, p\u0159ev\u00e1\u017en\u011b m\u00e1gov\u00e9. Cht\u011bj\u00ed si zajistit pravdiv\u00e9 odpov\u011bdi, a\u0165 u\u017e pro sebe nebo pro sv\u00e9 klienty. Pokud osoba, kter\u00e1 vyvol\u00e1 Valaca je pro n\u011bj n\u011bjak\u00fdm zp\u016fsobem vyhovuj\u00edc\u00ed, tak j\u00ed m\u016f\u017ee na kr\u00e1tkou dobu p\u0159edat i svou s\u00edlu. Nic nen\u00ed ale zadarmo, d\u00e9moni s n\u00e1mi nemaj\u00ed dobr\u00e9 z\u00e1m\u011bry. Jakmile se ale Valac rozhodne, \u017ee osoba, kter\u00e1 ho vyvolala mu nen\u00ed dost dobr\u00e1, dok\u00e1\u017ee j\u00ed velmi pomalu zni\u010dit \u017eivot. O Valacovi vznikl i film&#8230;V zajet\u00ed d\u00e9mon\u016f. Tam Ed a Lorraine Warrenovi ve filmu p\u0159\u00edpad vy\u0159e\u0161ili&#8230;opak je ale pravdou. Ve filmu se podoba Valaca v\u016fbec neztoto\u017e\u0148ovala s realitou.<\/p>\n\n\n\n<h1>Belfegor<\/h1>\n\n\n\n<div class=\"wp-block-image\"><figure class=\"aligncenter is-resized\"><img loading=\"lazy\" src=\"https:\/\/nadprirozeno.cz\/wp-content\/uploads\/2020\/08\/81fgWlhS-cL._AC_SX522_.jpg\" alt=\"\" class=\"wp-image-727\" width=\"354\" height=\"393\" srcset=\"https:\/\/nadprirozeno.cz\/wp-content\/uploads\/2020\/08\/81fgWlhS-cL._AC_SX522_.jpg 522w, https:\/\/nadprirozeno.cz\/wp-content\/uploads\/2020\/08\/81fgWlhS-cL._AC_SX522_-270x300.jpg 270w, https:\/\/nadprirozeno.cz\/wp-content\/uploads\/2020\/08\/81fgWlhS-cL._AC_SX522_-189x210.jpg 189w\" sizes=\"(max-width: 354px) 100vw, 354px\" \/><figcaption>zdroj Google<\/figcaption><\/figure><\/div>\n\n\n\n<p>Jde o Mo\u00e1bsk\u00e9ho boha prostop\u00e1\u0161nosti a sexu\u00e1ln\u00edch orgi\u00ed, kter\u00fd byl svr\u017een sv\u00fdmi posluhova\u010di p\u0159\u00edmo do pekla. Sv\u00e9 ob\u011bti l\u00e1k\u00e1 na lenost, nic ned\u011bl\u00e1n\u00ed a \u00fanavu. Dok\u00e1\u017ee lehce vytvo\u0159it iluzi rychl\u00e9ho zbohatnut\u00ed za minim\u00e1ln\u00ed \u00fasil\u00ed. Mezi lidmi rychle rozv\u00ed\u0159\u00ed pocit z\u00e1visti, neshod a hn\u011bvu p\u0159ev\u00e1\u017en\u011b p\u0159i \u0159e\u0161en\u00ed d\u011bdictv\u00ed. Zjevuje se v podob\u011b kr\u00e1sn\u00e9 \u017eeny nebo jako velk\u00fd vousat\u00fd d\u00e9mon se zak\u0159iven\u00fdmi roky a ostr\u00fdmi dr\u00e1py. V pov\u011bstech se \u0159\u00edk\u00e1, \u017ee byl na zem posl\u00e1m samotn\u00fdm Luciferem, aby zjistil, jak jsou na tom lid\u00e9 v oblasti- \u0161t\u011bst\u00ed v man\u017eelstv\u00ed. Luciferovi \u0159ekl, \u017ee lidsk\u00e9 pokole\u00ed nen\u00ed stvo\u0159eno k \u017eit\u00ed v harmonii.<\/p>\n\n\n\n<h1>Mamon<\/h1>\n\n\n\n<div class=\"wp-block-image\"><figure class=\"aligncenter is-resized\"><img loading=\"lazy\" src=\"https:\/\/nadprirozeno.cz\/wp-content\/uploads\/2020\/08\/Mammon-George-Frederick-Watts-1884-1885-Tate-London-616x1024.jpg\" alt=\"\" class=\"wp-image-728\" width=\"317\" height=\"527\" srcset=\"https:\/\/nadprirozeno.cz\/wp-content\/uploads\/2020\/08\/Mammon-George-Frederick-Watts-1884-1885-Tate-London-616x1024.jpg 616w, https:\/\/nadprirozeno.cz\/wp-content\/uploads\/2020\/08\/Mammon-George-Frederick-Watts-1884-1885-Tate-London-180x300.jpg 180w, https:\/\/nadprirozeno.cz\/wp-content\/uploads\/2020\/08\/Mammon-George-Frederick-Watts-1884-1885-Tate-London-768x1277.jpg 768w, https:\/\/nadprirozeno.cz\/wp-content\/uploads\/2020\/08\/Mammon-George-Frederick-Watts-1884-1885-Tate-London-126x210.jpg 126w, https:\/\/nadprirozeno.cz\/wp-content\/uploads\/2020\/08\/Mammon-George-Frederick-Watts-1884-1885-Tate-London.jpg 962w\" sizes=\"(max-width: 317px) 100vw, 317px\" \/><figcaption>zdroj Google<\/figcaption><\/figure><\/div>\n\n\n\n<h2><br><\/h2>\n\n\n\n<p>Mamon je d\u00e9mon materialismu a neukojiteln\u00e9 touhy po bohatstv\u00ed. Vl\u00e1dne 50-ti legi\u00edm d\u00e9mon\u016f, kter\u00e9 pos\u00edl\u00e1 mezi lidi, p\u0159ev\u00e1\u017en\u011b bohat\u00e9, aby zvy\u0161oval jejich touhu po v\u00edce bohatstv\u00ed a t\u00edm zp\u016fsobyl z\u00e1vist chud\u00fdch. Chud\u00e9 potom nav\u00e1d\u00ed ke kr\u00e1de\u017e\u00edm, neolojalit\u011b nebo z\u00e1ke\u0159n\u00e9 zrad\u011b. V Bibli je ps\u00e1no, \u017ee nem\u00e1me schroma\u017e\u010fovat bohatstv\u00ed zde na zemi, kde je s n\u00edm manupulov\u00e1no. M\u00e1me si ho schroma\u017e\u010fovat v nebi, kde nen\u00ed z\u00e1vist a nekrade se.<\/p>\n\n\n\n<h1>Lucifer<br><\/h1>\n\n\n\n<div class=\"wp-block-image\"><figure class=\"aligncenter\"><img loading=\"lazy\" width=\"210\" height=\"240\" src=\"https:\/\/nadprirozeno.cz\/wp-content\/uploads\/2020\/08\/index-1.jpg\" alt=\"\" class=\"wp-image-729\" srcset=\"https:\/\/nadprirozeno.cz\/wp-content\/uploads\/2020\/08\/index-1.jpg 210w, https:\/\/nadprirozeno.cz\/wp-content\/uploads\/2020\/08\/index-1-184x210.jpg 184w\" sizes=\"(max-width: 210px) 100vw, 210px\" \/><figcaption>zdroj Google<\/figcaption><\/figure><\/div>\n\n\n\n<p>Kdy\u017e byl Lucifer je\u0161t\u011b and\u011blem, byl kr\u00e1sn\u00fd, py\u0161n\u00fd, majest\u00e1tn\u00fd a vzne\u0161en\u00fd. Naz\u00fdval se tak\u00e9 Sv\u011btlono\u0161em. Pozd\u011bji se v\u0161ak za\u010dal proti bo\u017e\u00edm \u010din\u016fm obracet z\u00e1dy a bou\u0159it. Myslel si, \u017ee je tak mocn\u00fd, \u017ee vykon\u00e1vat takov\u00e9 \u010dinnosti je pod jeho \u00farove\u0148. To v\u0161ak Boha rozlob\u00ed a vyzve poddan\u00e9 and\u011bly, aby Lucifera svrhli i s jeho stoupenci do vrouc\u00edch pekel a odebere jim  k\u0159\u00eddla.<br>Byl prvn\u00edm, kter\u00fd se postavil bohu a stane se z n\u011bj kn\u00ed\u017ee p\u00fdchy, kter\u00fd m\u00e1 pod s sebou nekone\u010dn\u00e9 legie d\u00e9mon\u016f.<br><\/p>\n\n\n\n<h1>Zozo<\/h1>\n\n\n\n<div class=\"wp-block-image\"><figure class=\"aligncenter\"><img loading=\"lazy\" width=\"288\" height=\"450\" src=\"https:\/\/nadprirozeno.cz\/wp-content\/uploads\/2020\/08\/114260092-288-k660974.jpg\" alt=\"\" class=\"wp-image-731\" srcset=\"https:\/\/nadprirozeno.cz\/wp-content\/uploads\/2020\/08\/114260092-288-k660974.jpg 288w, https:\/\/nadprirozeno.cz\/wp-content\/uploads\/2020\/08\/114260092-288-k660974-192x300.jpg 192w, https:\/\/nadprirozeno.cz\/wp-content\/uploads\/2020\/08\/114260092-288-k660974-134x210.jpg 134w\" sizes=\"(max-width: 288px) 100vw, 288px\" \/><figcaption>Zdroj Google<\/figcaption><\/figure><\/div>\n\n\n\n<p>Tento d\u00e9mon je opravdu zl\u00fd. Za posledn\u00ed roky se zjevil stovk\u00e1m lid\u00ed, kte\u0159\u00ed si hr\u00e1li s tabulkou Ouija. Nejd\u0159\u00edve vystupuje nen\u00e1padn\u011b, bav\u00ed ho hr\u00e1t si na zem\u0159el\u00e9ho p\u0159\u00edbuzn\u00e9ho a lidi m\u00e1st. Dokonce dovede d\u00e1vat i p\u0159esn\u00e9 odpov\u011bdi, jako i datumy narozen\u00ed atd. Nej\u010dast\u011bji se zjevuje se lidem se sebevra\u017eedn\u00fdmi sklony. Jakmile m\u00e1 Zozo provozovatele Ouija tabulky na sv\u00e9 stran\u011b, p\u0159ejde na prav\u00fd opak a za\u010dne lidi stra\u0161it a ubli\u017eovat jim. Kdy\u017e si uv\u011bdom\u00edte o koho jde, \u017ee to nen\u00ed V\u00e1\u0161 zem\u0159el\u00ed p\u0159\u00edbuzn\u00fd&#8230;m\u016f\u017ee b\u00fdt u\u017e pozd\u011b. \u010casto jeho n\u00e1sledky c\u00edt\u00edte i po p\u0159eru\u0161en\u00ed kontaktu.<\/p>\n","protected":false},"excerpt":{"rendered":"<p>Nebezpe\u010dn\u00ed d\u00e9moni Kter\u00fd z d\u00e9mon\u016f je nejmocn\u011bj\u0161\u00ed? t\u011b\u017eko \u0159\u00edct, ka\u017ed\u00fd m\u00e1 sv\u00e9 pole p\u016fsoben\u00ed a jejich p\u0159\u00edtomnost v na\u0161\u00ed bl\u00edzkosti nen\u00ed v\u016fbec dobr\u00e1, n\u00e1sledky mohou b\u00fdt smrteln\u00e9. Kdy\u017e si uv\u011bdom\u00edme, jak n\u00e1s m\u016f\u017ee potr\u00e1pit zl\u00e1 lidsk\u00e1 du\u0161e, co teprve d\u00e9mon?V\u011bt\u0161inou si nikdo z n\u00e1s ze za\u010d\u00e1tku neuv\u011bdom\u00ed jeho p\u0159\u00edtomnost&#8230;..m\u016f\u017ee trvat i roky, ne\u017e se projev\u00ed [&hellip;]<\/p>\n","protected":false},"author":1,"featured_media":0,"parent":0,"menu_order":0,"comment_status":"closed","ping_status":"closed","template":"","meta":{"_monsterinsights_skip_tracking":false,"_monsterinsights_sitenote_active":false,"_monsterinsights_sitenote_note":"","_monsterinsights_sitenote_category":0},"_links":{"self":[{"href":"https:\/\/nadprirozeno.cz\/index.php\/wp-json\/wp\/v2\/pages\/719"}],"collection":[{"href":"https:\/\/nadprirozeno.cz\/index.php\/wp-json\/wp\/v2\/pages"}],"about":[{"href":"https:\/\/nadprirozeno.cz\/index.php\/wp-json\/wp\/v2\/types\/page"}],"author":[{"embeddable":true,"href":"https:\/\/nadprirozeno.cz\/index.php\/wp-json\/wp\/v2\/users\/1"}],"replies":[{"embeddable":true,"href":"https:\/\/nadprirozeno.cz\/index.php\/wp-json\/wp\/v2\/comments?post=719"}],"version-history":[{"count":2,"href":"https:\/\/nadprirozeno.cz\/index.php\/wp-json\/wp\/v2\/pages\/719\/revisions"}],"predecessor-version":[{"id":732,"href":"https:\/\/nadprirozeno.cz\/index.php\/wp-json\/wp\/v2\/pages\/719\/revisions\/732"}],"wp:attachment":[{"href":"https:\/\/nadprirozeno.cz\/index.php\/wp-json\/wp\/v2\/media?parent=719"}],"curies":[{"name":"wp","href":"https:\/\/api.w.org\/{rel}","templated":true}]}}