{"id":745,"date":"2020-10-15T20:16:12","date_gmt":"2020-10-15T18:16:12","guid":{"rendered":"http:\/\/nadprirozeno.cz\/?page_id=745"},"modified":"2020-10-15T20:16:12","modified_gmt":"2020-10-15T18:16:12","slug":"deja-vu","status":"publish","type":"page","link":"https:\/\/nadprirozeno.cz\/index.php\/deja-vu\/","title":{"rendered":"Deja vu"},"content":{"rendered":"\n<h1>Deja vu<\/h1>\n\n\n\n<div class=\"wp-block-image\"><figure class=\"aligncenter is-resized\"><img loading=\"lazy\" src=\"https:\/\/nadprirozeno.cz\/wp-content\/uploads\/2020\/10\/de-ja-vu-1-1024x1024.png\" alt=\"\" class=\"wp-image-751\" width=\"426\" height=\"426\" srcset=\"https:\/\/nadprirozeno.cz\/wp-content\/uploads\/2020\/10\/de-ja-vu-1-1024x1024.png 1024w, https:\/\/nadprirozeno.cz\/wp-content\/uploads\/2020\/10\/de-ja-vu-1-150x150.png 150w, https:\/\/nadprirozeno.cz\/wp-content\/uploads\/2020\/10\/de-ja-vu-1-300x300.png 300w, https:\/\/nadprirozeno.cz\/wp-content\/uploads\/2020\/10\/de-ja-vu-1-768x768.png 768w, https:\/\/nadprirozeno.cz\/wp-content\/uploads\/2020\/10\/de-ja-vu-1-210x210.png 210w, https:\/\/nadprirozeno.cz\/wp-content\/uploads\/2020\/10\/de-ja-vu-1.png 1200w\" sizes=\"(max-width: 426px) 100vw, 426px\" \/><figcaption>Zdroj Google<\/figcaption><\/figure><\/div>\n\n\n\n<h2>Setkali jste se n\u011bkdy s Deja vu?<\/h2>\n\n\n\n<p>Mnoz\u00ed z n\u00e1s se ji\u017e setkali s jevem, kter\u00fd nedok\u00e1zali pochopit, nebo si ho vysv\u011btlit. Za\u017eili jednu situaci dvakr\u00e1t po sob\u011b, nebo v\u011bd\u011bli kde jsou jak\u00e9 obchody na m\u00edstech, kde nikdy nebyli.<\/p>\n\n\n\n<p>D\u00e9j\u00e0 vu. Zat\u00edmco ho l\u00e9ka\u0159i zevrubn\u011b zkoumaj\u00ed, esoterici o n\u011bm u\u017e p\u0159em\u00fd\u0161lej\u00ed dlouho a z\u016fstali u n\u011bkolika z\u00e1kladn\u00edch, i kdy\u017e pon\u011bkud odli\u0161n\u00fdch teori\u00ed. Jak\u00e9 jsou? Poj\u010fte si je spole\u010dn\u011b s n\u00e1mi proj\u00edt\u2026<\/p>\n\n\n\n<p>Pro\u017eitek d\u00e9j\u00e0 vu (z francouz\u0161tiny \u201eji\u017e vid\u011bno\u201c) je obvykle doprov\u00e1zen pocitem \u010dehosi d\u016fv\u011brn\u011b zn\u00e1m\u00e9ho, ale tak\u00e9 zvl\u00e1\u0161tn\u00edho a\u017e tajemn\u00e9ho. Kdy\u017e ho za\u017eijete, jste si v\u011bdomi, \u017ee tento pocit u\u017e \u201ezn\u00e1te\u201c, ale nedok\u00e1\u017eete to racion\u00e1ln\u011b vysv\u011btlit. A nejste v tom sami. Pr\u016fzkumy uv\u00e1d\u011bj\u00ed, \u017ee asi 80% populace pocit d\u00e9j\u00e0 vu alespo\u0148 jednou v \u017eivot\u011b za\u017eilo.<\/p>\n\n\n\n<div class=\"wp-block-image\"><figure class=\"aligncenter\"><img loading=\"lazy\" width=\"308\" height=\"185\" src=\"https:\/\/nadprirozeno.cz\/wp-content\/uploads\/2020\/10\/3550FCFC00000578-0-image-m-10_1471469875060.jpg\" alt=\"\" class=\"wp-image-752\" srcset=\"https:\/\/nadprirozeno.cz\/wp-content\/uploads\/2020\/10\/3550FCFC00000578-0-image-m-10_1471469875060.jpg 308w, https:\/\/nadprirozeno.cz\/wp-content\/uploads\/2020\/10\/3550FCFC00000578-0-image-m-10_1471469875060-300x180.jpg 300w, https:\/\/nadprirozeno.cz\/wp-content\/uploads\/2020\/10\/3550FCFC00000578-0-image-m-10_1471469875060-210x126.jpg 210w\" sizes=\"(max-width: 308px) 100vw, 308px\" \/><figcaption>Zdroj Google<\/figcaption><\/figure><\/div>\n\n\n\n<p>Jak tento jev vysv\u011btluj\u00ed n\u011bkte\u0159\u00ed psychologov\u00e9? Pr\u00fd jde o druh iluze, zp\u016fsoben\u00e9 jist\u00fdm zpo\u017ed\u011bn\u00edm informace, ne\u017e doputuje z jedn\u00e9 poloviny mozku do druh\u00e9. Nap\u0159\u00edklad cestujete a najednou \u201etu\u201c ulici, kterou vid\u00edte poprv\u00e9, zn\u00e1te, a v\u00edte, \u017ee si o p\u00e1r metr\u016f d\u00e1l koup\u00edte pe\u010divo. Tato nov\u00e1 informace, poprv\u00e9 vid\u011bn\u00e1 ulice, se v jedn\u00e9 polovin\u011b mozku na chvilku jakoby zasekne (ale vy st\u00e1le vid\u00edte) z d\u016fvodu v\u00fdpadku pozornosti a zapomenut\u00edm toho, co jste nesoust\u0159ed\u011bn\u011b pozorovali. Pot\u00e9 pust\u00ed danou informaci do druh\u00e9 poloviny mozku s nepatrn\u00fdm zpo\u017ed\u011bn\u00edm. A proto se v\u00e1m obraz ulice zd\u00e1 zn\u00e1m\u00fd.<\/p>\n\n\n\n<p>N\u011bkte\u0159\u00ed ezoterici v\u011b\u0159\u00ed, \u017ee m\u016f\u017eete existovat nez\u00e1visle na sv\u00e9m t\u011ble. \u017de ka\u017ed\u00e1 \u017eiv\u00e1 osoba m\u00e1 du\u0161i (astr\u00e1ln\u00ed t\u011blo), kter\u00e9 se m\u016f\u017ee voln\u011b pohybovat, zat\u00edmco t\u011blo sp\u00ed. D\u00e9j\u00e0 vu nen\u00ed pro n\u011b nic jin\u00e9ho ne\u017e z\u00e1\u017eitek mimo lidsk\u00e9 t\u011blo, kdy du\u0161e cestuje. To m\u00edsto jste prost\u011b vid\u011bli. Lid\u00e9 pr\u00fd b\u011bhem sp\u00e1nku nav\u0161t\u011bvuj\u00ed nepoznan\u00e1 m\u00edsta. Podv\u011bdom\u00ed si v\u0161echno zaznamen\u00e1v\u00e1, a kdy\u017e n\u011bco podobn\u00e9ho najde na sv\u00e9m \u201eserveru mozku\u201d dvakr\u00e1t, d\u00e1 to najevo pocitem d\u00e9j\u00e0 vu.<\/p>\n\n\n\n<p>Jin\u00ed metafyzikov\u00e9 uv\u00e1d\u011bj\u00ed, \u017ee t\u011bsn\u011b p\u0159ed t\u00edm, ne\u017e se narod\u00edte, vid\u00edte v\u0161echny mo\u017en\u00e9 sc\u00e9n\u00e1\u0159e \u017eivota, p\u0159i\u010dem\u017e pocity d\u00e9j\u00e0 vu jsou chv\u00edle, kdy si na n\u011b rozpomenete. Nemus\u00ed b\u00fdt v\u016fbec d\u016fle\u017eit\u00e9, jen jste je u\u017e prost\u011b jednou vid\u011bli v astr\u00e1ln\u00ed projekci. T\u00edm by se vysv\u011btlovalo i to, \u017ee se u d\u00e9j\u00e0 vu st\u00e1v\u00e1, \u017ee v krati\u010dk\u00e9m okam\u017eiku dop\u0159edu v\u00edte, co druh\u00fd ud\u011bl\u00e1 (jako by jste situaci ji\u017e za\u017eili, zn\u00e1te se s doty\u010dn\u00fdm\u2026).<\/p>\n\n\n\n<p><\/p>\n\n\n\n<p><\/p>\n","protected":false},"excerpt":{"rendered":"<p>Deja vu Setkali jste se n\u011bkdy s Deja vu? Mnoz\u00ed z n\u00e1s se ji\u017e setkali s jevem, kter\u00fd nedok\u00e1zali pochopit, nebo si ho vysv\u011btlit. Za\u017eili jednu situaci dvakr\u00e1t po sob\u011b, nebo v\u011bd\u011bli kde jsou jak\u00e9 obchody na m\u00edstech, kde nikdy nebyli. D\u00e9j\u00e0 vu. Zat\u00edmco ho l\u00e9ka\u0159i zevrubn\u011b zkoumaj\u00ed, esoterici o n\u011bm u\u017e p\u0159em\u00fd\u0161lej\u00ed dlouho a [&hellip;]<\/p>\n","protected":false},"author":1,"featured_media":0,"parent":0,"menu_order":0,"comment_status":"closed","ping_status":"closed","template":"","meta":{"_monsterinsights_skip_tracking":false,"_monsterinsights_sitenote_active":false,"_monsterinsights_sitenote_note":"","_monsterinsights_sitenote_category":0},"_links":{"self":[{"href":"https:\/\/nadprirozeno.cz\/index.php\/wp-json\/wp\/v2\/pages\/745"}],"collection":[{"href":"https:\/\/nadprirozeno.cz\/index.php\/wp-json\/wp\/v2\/pages"}],"about":[{"href":"https:\/\/nadprirozeno.cz\/index.php\/wp-json\/wp\/v2\/types\/page"}],"author":[{"embeddable":true,"href":"https:\/\/nadprirozeno.cz\/index.php\/wp-json\/wp\/v2\/users\/1"}],"replies":[{"embeddable":true,"href":"https:\/\/nadprirozeno.cz\/index.php\/wp-json\/wp\/v2\/comments?post=745"}],"version-history":[{"count":4,"href":"https:\/\/nadprirozeno.cz\/index.php\/wp-json\/wp\/v2\/pages\/745\/revisions"}],"predecessor-version":[{"id":753,"href":"https:\/\/nadprirozeno.cz\/index.php\/wp-json\/wp\/v2\/pages\/745\/revisions\/753"}],"wp:attachment":[{"href":"https:\/\/nadprirozeno.cz\/index.php\/wp-json\/wp\/v2\/media?parent=745"}],"curies":[{"name":"wp","href":"https:\/\/api.w.org\/{rel}","templated":true}]}}