{"id":764,"date":"2021-07-25T19:44:35","date_gmt":"2021-07-25T17:44:35","guid":{"rendered":"http:\/\/nadprirozeno.cz\/?page_id=764"},"modified":"2021-07-25T19:44:35","modified_gmt":"2021-07-25T17:44:35","slug":"zamoreny-dum-evp","status":"publish","type":"page","link":"https:\/\/nadprirozeno.cz\/index.php\/zamoreny-dum-evp\/","title":{"rendered":"Zamo\u0159en\u00fd d\u016fm"},"content":{"rendered":"\n<h1>Zamo\u0159en\u00fd d\u016fm<\/h1>\n\n\n\n<p>V tomto objektu m\u00e1me velmi mnoho zaznamenan\u00e9 nevysv\u011btliteln\u00e9 aktivity.<br><br>Kousek nahr\u00e1vky seance EVP:<\/p>\n\n\n\n<figure class=\"wp-block-audio\"><audio controls src=\"https:\/\/nadprirozeno.cz\/wp-content\/uploads\/2021\/07\/naweb.mp3\"><\/audio><figcaption>EVP seance<\/figcaption><\/figure>\n","protected":false},"excerpt":{"rendered":"<p>Zamo\u0159en\u00fd d\u016fm V tomto objektu m\u00e1me velmi mnoho zaznamenan\u00e9 nevysv\u011btliteln\u00e9 aktivity. Kousek nahr\u00e1vky seance EVP:<\/p>\n","protected":false},"author":1,"featured_media":0,"parent":0,"menu_order":0,"comment_status":"closed","ping_status":"closed","template":"","meta":{"_monsterinsights_skip_tracking":false,"_monsterinsights_sitenote_active":false,"_monsterinsights_sitenote_note":"","_monsterinsights_sitenote_category":0},"_links":{"self":[{"href":"https:\/\/nadprirozeno.cz\/index.php\/wp-json\/wp\/v2\/pages\/764"}],"collection":[{"href":"https:\/\/nadprirozeno.cz\/index.php\/wp-json\/wp\/v2\/pages"}],"about":[{"href":"https:\/\/nadprirozeno.cz\/index.php\/wp-json\/wp\/v2\/types\/page"}],"author":[{"embeddable":true,"href":"https:\/\/nadprirozeno.cz\/index.php\/wp-json\/wp\/v2\/users\/1"}],"replies":[{"embeddable":true,"href":"https:\/\/nadprirozeno.cz\/index.php\/wp-json\/wp\/v2\/comments?post=764"}],"version-history":[{"count":1,"href":"https:\/\/nadprirozeno.cz\/index.php\/wp-json\/wp\/v2\/pages\/764\/revisions"}],"predecessor-version":[{"id":766,"href":"https:\/\/nadprirozeno.cz\/index.php\/wp-json\/wp\/v2\/pages\/764\/revisions\/766"}],"wp:attachment":[{"href":"https:\/\/nadprirozeno.cz\/index.php\/wp-json\/wp\/v2\/media?parent=764"}],"curies":[{"name":"wp","href":"https:\/\/api.w.org\/{rel}","templated":true}]}}