{"id":796,"date":"2022-08-14T17:07:55","date_gmt":"2022-08-14T15:07:55","guid":{"rendered":"http:\/\/nadprirozeno.cz\/?page_id=796"},"modified":"2022-08-16T08:44:11","modified_gmt":"2022-08-16T06:44:11","slug":"pripad-pani-martiny","status":"publish","type":"page","link":"https:\/\/nadprirozeno.cz\/index.php\/pripad-pani-martiny\/","title":{"rendered":"P\u0159\u00edpad pan\u00ed Martiny"},"content":{"rendered":"\n<h1>P\u0159\u00edpad pan\u00ed Martiny<\/h1>\n\n\n\n<p>S Martinou se zn\u00e1me u\u017e del\u0161\u00ed dobu, psali jsme si, volali. \u0158e\u0161ili jsme jej\u00ed p\u0159\u00edpad na d\u00e1lku, proto\u017ee od n\u00e1s bydl\u00ed p\u0159es 250 km. Na\u0161e n\u00e1v\u0161t\u011bva byla ale pot\u0159eba a tak nastal den, kdy jsme s na\u0161\u00edm nov\u00fdm kolegou Luk\u00e1\u0161em Kuchtou nasedli do auta a vyjeli jsme na dva dny k Martin\u011b a jej\u00ed rodin\u011b.(Za Luk\u00e1\u0161e jsme opravdu r\u00e1di, proto\u017ee v\u016fbec nev\u00e1hal odjet na p\u00e1r dn\u00ed a pomoci lidem, kter\u00e9 v\u016fbec nezn\u00e1).<\/p>\n\n\n\n<p>Martina bydl\u00ed kousek od polsk\u00fdch  hranic, jej\u00ed dar by se dal nazvat jako proklet\u00ed, proto\u017ee Martina pozn\u00e1, kdo brzy zem\u0159e, nebo m\u00e1 prorock\u00e9 sny, kter\u00e9 se vypln\u00ed. Martina v tom dom\u011b \u017eila u\u017e d\u0159\u00edve, potom se p\u0159est\u011bhovala, ale osud cht\u011bl, aby ho pozd\u011bji koupila. D\u016fm je obrovsk\u00fd- jedn\u00e1 se o kancel\u00e1\u0159e pobl\u00ed\u017e jedn\u00e9 firmy a tak si dovedete p\u0159edstavit, kolik je st\u00e1lo usil\u00ed a \u010dasu, ne\u017e dali aspo\u0148 \u010d\u00e1st dohromady. V p\u0159\u00edzem\u00ed bydl\u00ed dcera s p\u0159\u00edtelem a vnu\u010dkou, je tam dal\u0161\u00ed pr\u00e1zdn\u00fd byt a na druh\u00e9 stran\u011b prvn\u00edho patra jsou dal\u0161\u00ed m\u00edstnosti, kter\u00e9 se nevyu\u017e\u00edvaj\u00ed. Ve druh\u00e9m pat\u0159e bydl\u00ed Martina s man\u017eelem a jej\u00ed syn s p\u0159\u00edtelkyn\u00ed a druh\u00e1 strana domu se bude p\u0159ed\u011bl\u00e1vat pro syna. V t\u00e9 m\u00edstnosti jsme spali my s Luk\u00e1\u0161em a tam to bylo tak\u00e9 nejaktivn\u011bj\u0161\u00ed. Od Martiny v\u00edme, \u017ee se tam zjevuje nahrben\u00e1 postava v k\u00e1pi, kter\u00e1 se ukazuje i n\u00e1v\u0161t\u011bv\u011b, kter\u00e1 o ni\u010dem nev\u00ed. Poka\u017ed\u00e9&#8230;za \u00fa\u010delem vyvolat s lidech strach, ze kter\u00e9ho potom s\u00edl\u00ed, a uk\u00e1zuje se naprosto ne\u010dekan\u011b. Martin\u011b jsme poradili, aby to za\u010dali ignorovat, ale du\u0161e je velice inteligentn\u00ed a tak si na\u0161la n\u00e1hradu v mal\u00e9 2.5 let\u00e9 vnu\u010dce Vanesce.<br>Hol\u010di\u010dka je vesel\u00e9 a velmi hrav\u00e9 d\u00edt\u011b. Za\u010dala se ale b\u00e1t a i v noci budit. Bub\u00e1k j\u00ed stra\u0161il ka\u017edou noc. Museli jsme u\u017e zas\u00e1hnout.<br>V\u011bd\u011bli jsme, \u017ee to nebude v\u016fbec jednoduch\u00e9. V tomto kraji v d\u0159\u00edv\u011bj\u0161\u00edch dob\u00e1ch se v\u00e1l\u010dilo a mnoho lid\u00ed um\u00edralo. Soused\u00e9 i lid\u00e9 z okol\u00ed maj\u00ed podobn\u00e9 z\u00e1\u017eitky a n\u011bkte\u0159\u00ed u\u017e sv\u00e9 domy museli nechat vysv\u011btit far\u00e1\u0159em. Tato p\u016fda je nas\u00e1kl\u00e1 krv\u00ed.<br><br> <br><br><br><\/p>\n\n\n\n<h2>P\u0159\u00edjezd<\/h2>\n\n\n\n<p>Martina a i jej\u00ed rodina n\u00e1s mile p\u0159ekvapila. Jsou to naprosto \u00fa\u017easn\u00ed a hodn\u00ed lid\u00e9, kte\u0159\u00ed by se pro druh\u00e9 rozdali a ve v\u011bt\u0161in\u011b p\u0159\u00edpad\u016f toho druz\u00ed vyu\u017e\u00edvaj\u00ed. Martina, a\u010dkoliv je velmi nemocn\u00e1 je siln\u00fdm stromem, kter\u00fd dr\u017e\u00ed rodinu pohromad\u011b, na nic si nehraje a je p\u0159\u00edm\u00e1. Jej\u00ed man\u017eel Vojta je tak\u00e9 hodn\u00fd a pracovit\u00fd chlap. V\u0161ichni n\u00e1s tam p\u0159ijali jako rodinu a za to jsme jim vd\u011b\u010dn\u00fd.<br>Kdy\u017e n\u00e1s \u0161la Martina ubytovat do patra, tak u\u017e na schodech jsem c\u00edtila hutnou nep\u0159\u00e1telskou energii, kterou jsem snad nikdy, nikde nec\u00edtila. Nebyli jsme tam v\u00edt\u00e1ni. D\u016fm se pono\u0159il do ticha, ale takov\u00e9ho hmatateln\u00e9ho. Entity se od n\u00e1s za\u010daly dr\u017eet d\u00e1l, aspo\u0148 pro tuto chv\u00edli.<br>Den prob\u00edhal zcela norm\u00e1ln\u011b, pov\u00eddali jsme si, pozn\u00e1vali se i s Martiny rodinou. A proto\u017ee jsme jenom lidi, tak se stalo to, \u017ee jsme k ve\u010deru hledali vybaven\u00ed na vy\u0161et\u0159ov\u00e1n\u00ed a zjistilo se, \u017ee jsme nechali doma v\u011bt\u0161inu vybaven\u00ed, jako termokameru, kamery aj. N\u011bco m\u00e1lo jsme ale m\u011bli, tak to muselo sta\u010dit. Prvn\u00ed noc jsme cht\u011bli v\u011bnovat anal\u00fdze domu a zji\u0161t\u011bn\u00ed, s \u010d\u00edm vlastn\u011b m\u00e1me tu \u010dest. Pavel z\u016fstal v m\u00edstnosti s\u00e1m, aby mohl v klidu analyzovat prostory domu. Zjistil, \u017ee entit je tam n\u011bkolik (p\u0159esn\u011b ur\u010dil dva mu\u017ee a \u017eenu). Na n\u00e1sledn\u00e9 nahr\u00e1vce EVP byly sly\u0161et opravdu t\u0159i entity. Dva mu\u017ei, jeden ve vedouc\u00ed pozici a jedna \u017eena- pom\u011brn\u011b tich\u00e1 a klidn\u00e1. \u017dena a mu\u017e byli pod nadvl\u00e1dou hlavn\u00ed entity, kterou museli poslouchat. Mysl\u00edme si, \u017ee u entit funguje hierarchie.<br>Entity se n\u00e1m odm\u00edtly p\u0159edstavit, bavily se mezi sebou. Potom n\u00e1m ale hlas, kter\u00fd u\u017e jsme jednou d\u0159\u00edve sly\u0161eli oznamil, \u017ee nevyhrajeme. V t\u00e9 dob\u011b jsme nev\u011bd\u011bli co se stane druh\u00fd den a tak jsme tomu nev\u011bnovali pozornost, proto\u017ee entity z\u00e1m\u011brn\u011b stra\u0161\u00ed a vyhro\u017euj\u00ed, aby n\u00e1s svedli z cesty ( ob\u010das se neboj\u00ed vz\u00fdvat i d\u00e9mony p\u0159\u00edmo jejich jm\u00e9nem, aby n\u00e1s zastra\u0161ily). Ud\u011blali jsme si pl\u00e1n na druh\u00fd den a \u0161lo se sp\u00e1t. Noc byla pro m\u011b a pro Pavla klidn\u00e1 i kdy\u017e se spalo v m\u00edst\u011b \u010dinu. Nejd\u0159\u00edve jsme si ni\u010deho nev\u0161imli, ale p\u0159i dom\u00e1c\u00ed d\u016fkladn\u00e9 anal\u00fdze se na nahr\u00e1vce objevil \u010dern\u00fd st\u00edn. Ta noc byla nejhor\u0161\u00ed pro kameramana Luk\u00e1\u0161e.Lehce po p\u016flnoci ho vzbudil chlad po cel\u00e9m t\u011ble a c\u00edtil, \u017ee n\u011bco na sob\u011b m\u00e1. Vystra\u0161ilo ho to,ale ani n\u00e1s nevzudil a ust\u00e1l to. Za okam\u017eik to p\u0159estalo a do r\u00e1na byl relativn\u011b klid. <br><br><br><br><\/p>\n\n\n\n<h2>Druh\u00fd den<\/h2>\n\n\n\n<p>Od r\u00e1na panovala v dom\u011b zl\u00e1 atmosf\u00e9ra. Entity se odm\u00edtali vzd\u00e1t a tak za\u010dali neblaze p\u016fsobit na \u010dleny dom\u00e1cnosti a jejich rodinu, kter\u00e1 se u nich sch\u00e1zela. V\u0161ude byla c\u00edtit velk\u00e1 nevra\u017eivost a za\u010dali se h\u00e1dat. Upozornili jsme je na to, aby se tomu p\u0159estali podd\u00e1vat, proto\u017ee to nebylo z jejich hlavy, ale \u017ee je cht\u011bj\u00ed roze\u0161tvat entity. <br>I kdy\u017e se v\u0161ichni uklidnili, tak jeden \u010dlen dom\u00e1cnosti- p\u0159\u00edtel dcery( otec mal\u00e9 napadan\u00e9 Melisky) z prvn\u00edho patra odm\u00edtl vpustit k sob\u011b dom\u016f kohokoliv z n\u00e1s a i z jeho rodiny. (je nejslab\u0161\u00edm \u010dl\u00e1nkem, kter\u00fd o na\u0161\u00ed p\u0159\u00edtomnost nest\u00e1l, proto\u017ee na entity nev\u011b\u0159\u00ed a s\u00e1m tam nikdy nic neza\u017eil, pro entity byl lehk\u00fdm c\u00edlem a ty toho vyu\u017eili.) Podle na\u0161ich poznatk\u016f je to zl\u00fd \u010dlov\u011bk, kter\u00fd bude d\u011blat probl\u00e9my i nad\u00e1le.<br>Je\u0161t\u011b r\u00e1no jsme Martinu na tento probl\u00e9m upozor\u0148ovali&#8230;.\u017ee se budou entity br\u00e1nit t\u00edmto zp\u016fsobem. Nejen, \u017ee d\u011blal probl\u00e9m \u010dlen rodiny, ale i ostatn\u00ed za\u010dali b\u00fdt dost podr\u00e1\u017ed\u011bn\u00fd a h\u00e1dav\u00fd. Jakmile si uv\u011bdomili, \u017ee je to tlak z druh\u00e9 strany, tak to dok\u00e1zali ovl\u00e1dnout.<br>Bl\u00ed\u017eil se ve\u010der&#8230;.Martin\u011b jsme \u0159eki, \u017ee hlavn\u00ed ritu\u00e1l mus\u00ed za na\u0161\u00ed p\u0159\u00edtomnosti ud\u011blat sama, proto\u017ee je nejsiln\u011bj\u0161\u00ed a je hlavou tohoto domu.<br>Ritu\u00e1l jsme sepsali pro podobn\u00e9 p\u0159\u00edpady u\u017e d\u0159\u00edve a sem se n\u00e1dhern\u011b hod\u00ed.<br>Pavel a luk\u00e1\u0161 pro\u0161li cel\u00fd d\u016fm(krom\u011b m\u00edsta kam jsme nesm\u011bli) se speci\u00e1ln\u011b nam\u00edchanou vyku\u0159ovac\u00ed sm\u011bs\u00ed, j\u00e1 jsem \u0161la s pan\u00ed Martinou na nejaktivn\u011bj\u0161\u00ed m\u00edsto, kde se entity hodn\u011b projevuj\u00ed. <br>Atmosf\u00e9ra nebyla p\u0159\u00e1telsk\u00e1, ale i tak bylo t\u0159eba dokon\u010dit to, co se za\u010dalo. Pavel s Luk\u00e1\u0161em dr\u017eeli str\u00e1\u017e, kdyby se n\u00e1m to zvrtlo.<br>Martina se posadila na k\u0159eslo a po chvilce za\u010dala p\u0159ed\u010d\u00edtat ritu\u00e1l. Bylo zapot\u0159eb\u00ed do toho d\u00e1t kus sebe a ne jen tak n\u011bco p\u0159ed\u010d\u00edtat&#8230;..jednodu\u0161e bylo t\u0159eba to tak c\u00edtit a vn\u00edmat. J\u00e1 jsem z\u016fstala v prostoru s n\u00ed a p\u0159edem nam\u00edchanou sm\u011bs\u00ed jsem o\u010di\u0161\u0165ovala prostor. P\u0159izvala jsem archand\u011bla Michaela k n\u00e1m, aby mi pomohl.<br>Martina p\u0159e\u010detla ritu\u00e1l dvakr\u00e1t. Po dokon\u010den\u00ed \u010dten\u00ed n\u00e1m p\u0159ipadalo, jako by z n\u00e1s spadla t\u00edha sv\u011bta. Zabralo to. Entity byly z tohoto m\u00edsta pry\u010d&#8230;ale ne z tohoto domu. Jak u\u017e jsem psala d\u0159\u00edve, na jedno m\u00edsto n\u00e1m nebylo povoleno vstoupit a tak se v\u0161echny negativn\u00ed energie z tohoto domu p\u0159esunuly tam.<br>Aby m\u011bla Martina s rodinou relativn\u011b klid, nechali jsme j\u00ed na\u0161\u00ed vyku\u0159ovac\u00ed sm\u011bs a byla pou\u010dena, \u017ee mus\u00ed vyku\u0159ovat i nad\u00e1le kdy\u017e u\u017e tam nebudeme.<br>V\u00edme, \u017ee to pro n\u011b nebude jednoduch\u00e9, ale vyku\u0159ov\u00e1n\u00ed pomohlo i rodinu stmelit, proto\u017ee na n\u011b nebyl n\u00e1tlak od entit a tak si mohou pom\u00e1hat.<br>Rodinu jsme opou\u0161t\u011bli s dobr\u00fdm pocitem, jen n\u00e1s mrz\u00ed, \u017ee to ne\u0161lo vy\u0159e\u0161it kompletn\u011b. V\u011b\u0159\u00edme, \u017ee se s Martinou a Vojtou op\u011bt uvid\u00edme a t\u011b\u0161\u00edme se na to, chovali se k n\u00e1m jako bychom byli rodina. <br><br><\/p>\n\n\n\n<h2>EVP pr\u00e1zdn\u00e9ho bytu<\/h2>\n\n\n\n<p>Toto EVP bylo zachyceno v pr\u00e1zdn\u00e9m byt\u011b prvn\u00ed den po p\u0159\u00edjezdu. Je velmi znepokojuj\u00edc\u00ed.<\/p>\n\n\n\n<figure class=\"wp-block-audio\"><audio controls src=\"https:\/\/nadprirozeno.cz\/wp-content\/uploads\/2022\/08\/EVP_prazdneho_bytu.mp3\"><\/audio><figcaption>EVP pr\u00e1zdn\u00e9ho bytu<\/figcaption><\/figure>\n","protected":false},"excerpt":{"rendered":"<p>P\u0159\u00edpad pan\u00ed Martiny S Martinou se zn\u00e1me u\u017e del\u0161\u00ed dobu, psali jsme si, volali. \u0158e\u0161ili jsme jej\u00ed p\u0159\u00edpad na d\u00e1lku, proto\u017ee od n\u00e1s bydl\u00ed p\u0159es 250 km. Na\u0161e n\u00e1v\u0161t\u011bva byla ale pot\u0159eba a tak nastal den, kdy jsme s na\u0161\u00edm nov\u00fdm kolegou Luk\u00e1\u0161em Kuchtou nasedli do auta a vyjeli jsme na dva dny k Martin\u011b [&hellip;]<\/p>\n","protected":false},"author":1,"featured_media":0,"parent":0,"menu_order":0,"comment_status":"closed","ping_status":"closed","template":"","meta":{"_monsterinsights_skip_tracking":false,"_monsterinsights_sitenote_active":false,"_monsterinsights_sitenote_note":"","_monsterinsights_sitenote_category":0},"_links":{"self":[{"href":"https:\/\/nadprirozeno.cz\/index.php\/wp-json\/wp\/v2\/pages\/796"}],"collection":[{"href":"https:\/\/nadprirozeno.cz\/index.php\/wp-json\/wp\/v2\/pages"}],"about":[{"href":"https:\/\/nadprirozeno.cz\/index.php\/wp-json\/wp\/v2\/types\/page"}],"author":[{"embeddable":true,"href":"https:\/\/nadprirozeno.cz\/index.php\/wp-json\/wp\/v2\/users\/1"}],"replies":[{"embeddable":true,"href":"https:\/\/nadprirozeno.cz\/index.php\/wp-json\/wp\/v2\/comments?post=796"}],"version-history":[{"count":4,"href":"https:\/\/nadprirozeno.cz\/index.php\/wp-json\/wp\/v2\/pages\/796\/revisions"}],"predecessor-version":[{"id":804,"href":"https:\/\/nadprirozeno.cz\/index.php\/wp-json\/wp\/v2\/pages\/796\/revisions\/804"}],"wp:attachment":[{"href":"https:\/\/nadprirozeno.cz\/index.php\/wp-json\/wp\/v2\/media?parent=796"}],"curies":[{"name":"wp","href":"https:\/\/api.w.org\/{rel}","templated":true}]}}